{"id":1002,"date":"2014-03-27T12:36:26","date_gmt":"2014-03-27T10:36:26","guid":{"rendered":"http:\/\/www.glm.de\/?post_type=product&#038;p=1002"},"modified":"2019-11-25T14:17:27","modified_gmt":"2019-11-25T12:17:27","slug":"lena-mentschel-in-my-little-garden","status":"publish","type":"product","link":"https:\/\/www.glm.de\/en\/product\/lena-mentschel-in-my-little-garden\/","title":{"rendered":"Lena Mentschel &#8211; In my little garden"},"content":{"rendered":"<p><strong>Lena Mentschel<\/strong> Gesang<br \/>\n<strong>Chris Neuschmid<\/strong> Gitarre<br \/>\n<strong>Michael Lagger<\/strong> Klavier<br \/>\n<strong>Philipp Kopmajer<\/strong> Drums<br \/>\n<strong>Valentin Czihak<\/strong> Kontrabass<\/p>\n<!--[if lt IE 9]><script>document.createElement('audio');<\/script><![endif]-->\n\t<div class=\"wp-playlist wp-audio-playlist wp-playlist-light\">\n\t\t\t<div class=\"wp-playlist-current-item\"><\/div>\n\t\t<audio controls=\"controls\" preload=\"none\" width=\"958\"\n\t\t\t><\/audio>\n\t<div class=\"wp-playlist-next\"><\/div>\n\t<div class=\"wp-playlist-prev\"><\/div>\n\t<noscript>\n\t<ol>\n\t\t<li><a href='https:\/\/www.glm.de\/en\/wp-content\/uploads\/2014\/10\/01-In-My-Little-Garden.mp3'>In My Little Garden<\/a><\/li><li><a href='https:\/\/www.glm.de\/en\/wp-content\/uploads\/2014\/10\/02-Back-Down.mp3'>Back Down<\/a><\/li><li><a href='https:\/\/www.glm.de\/en\/wp-content\/uploads\/2014\/10\/03-28.mp3'>28<\/a><\/li><li><a href='https:\/\/www.glm.de\/en\/wp-content\/uploads\/2014\/10\/04-Glow-In-The-Dark.mp3'>Glow In The Dark<\/a><\/li><li><a href='https:\/\/www.glm.de\/en\/wp-content\/uploads\/2014\/10\/05-Tattoo-5.mp3'>Tattoo #5<\/a><\/li><li><a href='https:\/\/www.glm.de\/en\/wp-content\/uploads\/2014\/10\/06-Were-So-Bold.mp3'>We're So Bold<\/a><\/li><li><a href='https:\/\/www.glm.de\/en\/wp-content\/uploads\/2014\/10\/07-It-Takes-Time.mp3'>It Takes Time<\/a><\/li><li><a href='https:\/\/www.glm.de\/en\/wp-content\/uploads\/2014\/10\/08-Some-Things.mp3'>Some Things<\/a><\/li><li><a href='https:\/\/www.glm.de\/en\/wp-content\/uploads\/2014\/10\/09-F_-Sanity.mp3'>F_ Sanity<\/a><\/li><li><a href='https:\/\/www.glm.de\/en\/wp-content\/uploads\/2014\/10\/10-Closing-Time.mp3'>Closing Time<\/a><\/li><li><a href='https:\/\/www.glm.de\/en\/wp-content\/uploads\/2014\/10\/11-Home-___With-You.mp3'>Home (___With You)<\/a><\/li>\t<\/ol>\n\t<\/noscript>\n\t<script type=\"application\/json\" class=\"wp-playlist-script\">{\"type\":\"audio\",\"tracklist\":true,\"tracknumbers\":true,\"images\":true,\"artists\":true,\"tracks\":[{\"src\":\"https:\\\/\\\/www.glm.de\\\/en\\\/wp-content\\\/uploads\\\/2014\\\/10\\\/01-In-My-Little-Garden.mp3\",\"type\":\"audio\\\/mpeg\",\"title\":\"In My Little Garden\",\"caption\":\"\",\"description\":\"\\\"01 In My Little Garden\\\".\",\"meta\":{\"length_formatted\":\"1:30\"},\"image\":{\"src\":\"https:\\\/\\\/www.glm.de\\\/en\\\/wp-content\\\/uploads\\\/2014\\\/10\\\/EC560.jpg\",\"width\":500,\"height\":500},\"thumb\":{\"src\":\"https:\\\/\\\/www.glm.de\\\/en\\\/wp-content\\\/uploads\\\/2014\\\/10\\\/EC560-150x150.jpg\",\"width\":150,\"height\":150}},{\"src\":\"https:\\\/\\\/www.glm.de\\\/en\\\/wp-content\\\/uploads\\\/2014\\\/10\\\/02-Back-Down.mp3\",\"type\":\"audio\\\/mpeg\",\"title\":\"Back Down\",\"caption\":\"\",\"description\":\"\\\"02 Back Down\\\".\",\"meta\":{\"length_formatted\":\"1:30\"},\"image\":{\"src\":\"https:\\\/\\\/www.glm.de\\\/en\\\/wp-content\\\/uploads\\\/2014\\\/10\\\/EC560.jpg\",\"width\":500,\"height\":500},\"thumb\":{\"src\":\"https:\\\/\\\/www.glm.de\\\/en\\\/wp-content\\\/uploads\\\/2014\\\/10\\\/EC560-150x150.jpg\",\"width\":150,\"height\":150}},{\"src\":\"https:\\\/\\\/www.glm.de\\\/en\\\/wp-content\\\/uploads\\\/2014\\\/10\\\/03-28.mp3\",\"type\":\"audio\\\/mpeg\",\"title\":\"28\",\"caption\":\"\",\"description\":\"\\\"03 28\\\".\",\"meta\":{\"length_formatted\":\"1:30\"},\"image\":{\"src\":\"https:\\\/\\\/www.glm.de\\\/en\\\/wp-content\\\/uploads\\\/2014\\\/10\\\/EC560.jpg\",\"width\":500,\"height\":500},\"thumb\":{\"src\":\"https:\\\/\\\/www.glm.de\\\/en\\\/wp-content\\\/uploads\\\/2014\\\/10\\\/EC560-150x150.jpg\",\"width\":150,\"height\":150}},{\"src\":\"https:\\\/\\\/www.glm.de\\\/en\\\/wp-content\\\/uploads\\\/2014\\\/10\\\/04-Glow-In-The-Dark.mp3\",\"type\":\"audio\\\/mpeg\",\"title\":\"Glow In The Dark\",\"caption\":\"\",\"description\":\"\\\"04 Glow In The Dark\\\".\",\"meta\":{\"length_formatted\":\"1:30\"},\"image\":{\"src\":\"https:\\\/\\\/www.glm.de\\\/en\\\/wp-content\\\/uploads\\\/2014\\\/10\\\/EC560.jpg\",\"width\":500,\"height\":500},\"thumb\":{\"src\":\"https:\\\/\\\/www.glm.de\\\/en\\\/wp-content\\\/uploads\\\/2014\\\/10\\\/EC560-150x150.jpg\",\"width\":150,\"height\":150}},{\"src\":\"https:\\\/\\\/www.glm.de\\\/en\\\/wp-content\\\/uploads\\\/2014\\\/10\\\/05-Tattoo-5.mp3\",\"type\":\"audio\\\/mpeg\",\"title\":\"Tattoo #5\",\"caption\":\"\",\"description\":\"\\\"05 Tattoo #5\\\".\",\"meta\":{\"length_formatted\":\"1:30\"},\"image\":{\"src\":\"https:\\\/\\\/www.glm.de\\\/en\\\/wp-content\\\/uploads\\\/2014\\\/10\\\/EC560.jpg\",\"width\":500,\"height\":500},\"thumb\":{\"src\":\"https:\\\/\\\/www.glm.de\\\/en\\\/wp-content\\\/uploads\\\/2014\\\/10\\\/EC560-150x150.jpg\",\"width\":150,\"height\":150}},{\"src\":\"https:\\\/\\\/www.glm.de\\\/en\\\/wp-content\\\/uploads\\\/2014\\\/10\\\/06-Were-So-Bold.mp3\",\"type\":\"audio\\\/mpeg\",\"title\":\"We're So Bold\",\"caption\":\"\",\"description\":\"\\\"06 We're So Bold\\\".\",\"meta\":{\"length_formatted\":\"1:30\"},\"image\":{\"src\":\"https:\\\/\\\/www.glm.de\\\/en\\\/wp-content\\\/uploads\\\/2014\\\/10\\\/EC560.jpg\",\"width\":500,\"height\":500},\"thumb\":{\"src\":\"https:\\\/\\\/www.glm.de\\\/en\\\/wp-content\\\/uploads\\\/2014\\\/10\\\/EC560-150x150.jpg\",\"width\":150,\"height\":150}},{\"src\":\"https:\\\/\\\/www.glm.de\\\/en\\\/wp-content\\\/uploads\\\/2014\\\/10\\\/07-It-Takes-Time.mp3\",\"type\":\"audio\\\/mpeg\",\"title\":\"It Takes Time\",\"caption\":\"\",\"description\":\"\\\"07 It Takes Time\\\".\",\"meta\":{\"length_formatted\":\"1:30\"},\"image\":{\"src\":\"https:\\\/\\\/www.glm.de\\\/en\\\/wp-content\\\/uploads\\\/2014\\\/10\\\/EC560.jpg\",\"width\":500,\"height\":500},\"thumb\":{\"src\":\"https:\\\/\\\/www.glm.de\\\/en\\\/wp-content\\\/uploads\\\/2014\\\/10\\\/EC560-150x150.jpg\",\"width\":150,\"height\":150}},{\"src\":\"https:\\\/\\\/www.glm.de\\\/en\\\/wp-content\\\/uploads\\\/2014\\\/10\\\/08-Some-Things.mp3\",\"type\":\"audio\\\/mpeg\",\"title\":\"Some Things\",\"caption\":\"\",\"description\":\"\\\"08 Some Things\\\".\",\"meta\":{\"length_formatted\":\"1:30\"},\"image\":{\"src\":\"https:\\\/\\\/www.glm.de\\\/en\\\/wp-content\\\/uploads\\\/2014\\\/10\\\/EC560.jpg\",\"width\":500,\"height\":500},\"thumb\":{\"src\":\"https:\\\/\\\/www.glm.de\\\/en\\\/wp-content\\\/uploads\\\/2014\\\/10\\\/EC560-150x150.jpg\",\"width\":150,\"height\":150}},{\"src\":\"https:\\\/\\\/www.glm.de\\\/en\\\/wp-content\\\/uploads\\\/2014\\\/10\\\/09-F_-Sanity.mp3\",\"type\":\"audio\\\/mpeg\",\"title\":\"F_ Sanity\",\"caption\":\"\",\"description\":\"\\\"09 F_ Sanity\\\".\",\"meta\":{\"length_formatted\":\"1:30\"},\"image\":{\"src\":\"https:\\\/\\\/www.glm.de\\\/en\\\/wp-content\\\/uploads\\\/2014\\\/10\\\/EC560.jpg\",\"width\":500,\"height\":500},\"thumb\":{\"src\":\"https:\\\/\\\/www.glm.de\\\/en\\\/wp-content\\\/uploads\\\/2014\\\/10\\\/EC560-150x150.jpg\",\"width\":150,\"height\":150}},{\"src\":\"https:\\\/\\\/www.glm.de\\\/en\\\/wp-content\\\/uploads\\\/2014\\\/10\\\/10-Closing-Time.mp3\",\"type\":\"audio\\\/mpeg\",\"title\":\"Closing Time\",\"caption\":\"\",\"description\":\"\\\"10 Closing Time\\\".\",\"meta\":{\"length_formatted\":\"1:30\"},\"image\":{\"src\":\"https:\\\/\\\/www.glm.de\\\/en\\\/wp-content\\\/uploads\\\/2014\\\/10\\\/EC560.jpg\",\"width\":500,\"height\":500},\"thumb\":{\"src\":\"https:\\\/\\\/www.glm.de\\\/en\\\/wp-content\\\/uploads\\\/2014\\\/10\\\/EC560-150x150.jpg\",\"width\":150,\"height\":150}},{\"src\":\"https:\\\/\\\/www.glm.de\\\/en\\\/wp-content\\\/uploads\\\/2014\\\/10\\\/11-Home-___With-You.mp3\",\"type\":\"audio\\\/mpeg\",\"title\":\"Home (___With You)\",\"caption\":\"\",\"description\":\"\\\"11 Home (___With You)\\\".\",\"meta\":{\"length_formatted\":\"1:30\"},\"image\":{\"src\":\"https:\\\/\\\/www.glm.de\\\/en\\\/wp-content\\\/uploads\\\/2014\\\/10\\\/EC560.jpg\",\"width\":500,\"height\":500},\"thumb\":{\"src\":\"https:\\\/\\\/www.glm.de\\\/en\\\/wp-content\\\/uploads\\\/2014\\\/10\\\/EC560-150x150.jpg\",\"width\":150,\"height\":150}}]}<\/script>\n<\/div>\n\t\n<p>01. <strong>In My Little Garden<\/strong> <em>(Lena Mentschel)<\/em> 3:47<br \/>\n02. <strong>Back Down<\/strong> <em>(Lena Mentschel)<\/em> 4:03<br \/>\n03. <strong>28<\/strong> <em>(Lena Mentschel)<\/em> 3:54<br \/>\n04. <strong>Glow In The Dark<\/strong> <em>(Lena Mentschel)<\/em> 3:43<br \/>\n05. <strong>Tattoo #5<\/strong> <em>(Lena Mentschel)<\/em> 4:30<br \/>\n06. <strong>We&#8217;re So Bold<\/strong> <em>(Lena Mentschel)<\/em> 3:34<br \/>\n07. <strong>It Takes Time<\/strong> <em>(Lena Mentschel)<\/em> 4:09<br \/>\n08. <strong>Some Things<\/strong> <em>(Lena Mentschel)<\/em> 3:14<br \/>\n09. <strong>F. Sanity<\/strong> <em>(Lena Mentschel)<\/em> 4:13<br \/>\n10. <strong>Closing Time<\/strong> <em>(Lena Mentschel)<\/em> 3:46<br \/>\n11. <strong>Home (&#8230;With You)<\/strong> <em>(Lena Mentschel)<\/em> 1:59<\/p>\n<p>Mit <em>\u201eIn my little garden\u201c<\/em> ver\u00f6ffentlicht die S\u00e4ngerin und Komponistin <em>Lena Mentschel<\/em> ihr bereits drittes und zugleich pers\u00f6nlichstes Studioalbum. In elf autobiographischen Eigenkompositionen gew\u00e4hrt sie den Zuh\u00f6rern Einblick in den kleinen, vertr\u00e4umten Seelen-Garten einer jungen Frau zwischen Rock\u2018n\u2018Roll, Zitronenbuttercremetorte, totaler Anarchie und Eigentumswohnung.<\/p>\n<p>Hinter den dicken W\u00e4nden des sorgf\u00e4ltig errichteten Labyrinths, das jenen Garten umgibt, finden sich humorvoll erz\u00e4hlte Kurzgeschichten &#8211; Sie handeln nat\u00fcrlich unter anderem von der Liebe &#8211; mit all ihren bescheuerten Facetten. Aber sie kreisen auch um Themen einer Generation, die beinah verloren scheint im Chaos des \u201eanything you want can be yours at any time\u201c Jahrhunderts &#8211; da wo Selbstverwirklichung so derart gro\u00df geschrieben wird, dass man versucht ist, selbst den eigenen Namen zu vergessen &#8211; die Liebe wird zum Mysterium, zu einem M\u00e4rchen aus l\u00e4ngst vergangenen Zeiten. Man bewegt sich von Liebestaumel zu Liebestaumel, macht Abstecher in die v\u00f6llige Depression, baut Irrg\u00e4rten um die eigene Mitte und findet schlussendlich selbst nicht mehr den Weg hinein. Und es tummeln sich die ersten Falten um die unruhig nach diesem omin\u00f6sen \u201eGl\u00fcck\u201c suchenden Augen &#8211; trotzdem ist man kein bisschen schlauer als vorher. Doch dann, ganz unverhofft, die Erkenntnis: es ist alles nur ein Versuch! Und worum es wirklich geht, wei\u00df ja eh niemand. Also zupft man sich die Augenbrauen, postet irgendwelche buddhistischen Weisheiten und probiert es weiter.<\/p>\n<p>Musikalisch bewegt sich die in Bayern geborene Songwriterin leichtf\u00fc\u00dfig zwischen Jazz und Pop. Ihre fantastischen Mitmusiker Michael Lagger (Klavier), Philipp Kopmajer (Drums), Valentin Czihak (Kontrabass) und Chris Neuschmid (Gitarre) weben einen anschmiegsamen Sound-Teppich, der ein bisschen an dunkle Schokolade, schweren Rotwein und sp\u00e4tsommerliche Melancholie erinnert, sich dann aber wieder in luftige, beschwingte und jugendlich naive Rhythmen verwandelt und den Zuh\u00f6rer in eine Welt entf\u00fchrt, in der gekonnt verschiedene Stilistiken zu eing\u00e4ngigen Songs verschmelzen. Dabei singt sich die Komponistin und Produzentin des Albums mit viel Charme, Witz, gro\u00dfer Musikalit\u00e4t und einer geh\u00f6rigen Portion Selbstironie in die Herzen des Publikums.<\/p>\n","protected":false},"excerpt":{"rendered":"<p><a class=\"button smart_link_button\" href=\"https:\/\/smarturl.it\/lenamentschel\" target=\"_blank\" rel=\"noopener\">Choose your store!<\/a><\/p>\n","protected":false},"featured_media":1003,"comment_status":"open","ping_status":"closed","template":"","meta":[],"product_brand":[],"product_cat":[607,684],"product_tag":[608,685],"class_list":{"0":"post-1002","1":"product","2":"type-product","3":"status-publish","4":"has-post-thumbnail","6":"product_cat-edition-collage","7":"product_cat-lena-mentschel","8":"product_tag-edition-collage","9":"product_tag-lena-mentschel","11":"first","12":"instock","13":"taxable","14":"shipping-taxable","15":"product-type-external"},"_links":{"self":[{"href":"https:\/\/www.glm.de\/en\/wp-json\/wp\/v2\/product\/1002"}],"collection":[{"href":"https:\/\/www.glm.de\/en\/wp-json\/wp\/v2\/product"}],"about":[{"href":"https:\/\/www.glm.de\/en\/wp-json\/wp\/v2\/types\/product"}],"replies":[{"embeddable":true,"href":"https:\/\/www.glm.de\/en\/wp-json\/wp\/v2\/comments?post=1002"}],"wp:featuredmedia":[{"embeddable":true,"href":"https:\/\/www.glm.de\/en\/wp-json\/wp\/v2\/media\/1003"}],"wp:attachment":[{"href":"https:\/\/www.glm.de\/en\/wp-json\/wp\/v2\/media?parent=1002"}],"wp:term":[{"taxonomy":"product_brand","embeddable":true,"href":"https:\/\/www.glm.de\/en\/wp-json\/wp\/v2\/product_brand?post=1002"},{"taxonomy":"product_cat","embeddable":true,"href":"https:\/\/www.glm.de\/en\/wp-json\/wp\/v2\/product_cat?post=1002"},{"taxonomy":"product_tag","embeddable":true,"href":"https:\/\/www.glm.de\/en\/wp-json\/wp\/v2\/product_tag?post=1002"}],"curies":[{"name":"wp","href":"https:\/\/api.w.org\/{rel}","templated":true}]}}