{"id":1147,"date":"2014-05-22T13:46:55","date_gmt":"2014-05-22T11:46:55","guid":{"rendered":"http:\/\/www.glm.de\/?post_type=product&#038;p=1147"},"modified":"2023-02-24T08:18:05","modified_gmt":"2023-02-24T06:18:05","slug":"lania-deja-vu","status":"publish","type":"product","link":"https:\/\/www.glm.de\/en\/product\/lania-deja-vu\/","title":{"rendered":"Lania &#8211; D\u00e9j\u00e0 vu"},"content":{"rendered":"<!--[if lt IE 9]><script>document.createElement('audio');<\/script><![endif]-->\n\t<div class=\"wp-playlist wp-audio-playlist wp-playlist-light\">\n\t\t\t<div class=\"wp-playlist-current-item\"><\/div>\n\t\t<audio controls=\"controls\" preload=\"none\" width=\"958\"\n\t\t\t><\/audio>\n\t<div class=\"wp-playlist-next\"><\/div>\n\t<div class=\"wp-playlist-prev\"><\/div>\n\t<noscript>\n\t<ol>\n\t\t<li><a href='https:\/\/www.glm.de\/en\/wp-content\/uploads\/2014\/08\/01-Lania-Stories.mp3'>01 Lania - Stories<\/a><\/li><li><a href='https:\/\/www.glm.de\/en\/wp-content\/uploads\/2014\/08\/02-Lania-Time.mp3'>02 Lania - Time<\/a><\/li>\t<\/ol>\n\t<\/noscript>\n\t<script type=\"application\/json\" class=\"wp-playlist-script\">{\"type\":\"audio\",\"tracklist\":true,\"tracknumbers\":true,\"images\":true,\"artists\":false,\"tracks\":[{\"src\":\"https:\\\/\\\/www.glm.de\\\/en\\\/wp-content\\\/uploads\\\/2014\\\/08\\\/01-Lania-Stories.mp3\",\"type\":\"audio\\\/mpeg\",\"title\":\"01 Lania - Stories\",\"caption\":\"Lania - Stories\",\"description\":\"\",\"meta\":{\"artist\":\"Lania\",\"album\":\"D\\u00e9j\\u00e0 Vu\",\"length_formatted\":\"1:30\"},\"image\":{\"src\":\"https:\\\/\\\/www.glm.de\\\/en\\\/wp-content\\\/uploads\\\/2014\\\/05\\\/FM192-Cover-.jpg\",\"width\":558,\"height\":500},\"thumb\":{\"src\":\"https:\\\/\\\/www.glm.de\\\/en\\\/wp-content\\\/uploads\\\/2014\\\/05\\\/FM192-Cover--150x150.jpg\",\"width\":150,\"height\":150}},{\"src\":\"https:\\\/\\\/www.glm.de\\\/en\\\/wp-content\\\/uploads\\\/2014\\\/08\\\/02-Lania-Time.mp3\",\"type\":\"audio\\\/mpeg\",\"title\":\"02 Lania - Time\",\"caption\":\"Lania - Time\",\"description\":\"\",\"meta\":{\"artist\":\"Lania\",\"album\":\"D\\u00e9j\\u00e0 Vu\",\"length_formatted\":\"1:30\"},\"image\":{\"src\":\"https:\\\/\\\/www.glm.de\\\/en\\\/wp-content\\\/uploads\\\/2014\\\/05\\\/FM192-Cover-.jpg\",\"width\":558,\"height\":500},\"thumb\":{\"src\":\"https:\\\/\\\/www.glm.de\\\/en\\\/wp-content\\\/uploads\\\/2014\\\/05\\\/FM192-Cover--150x150.jpg\",\"width\":150,\"height\":150}}]}<\/script>\n<\/div>\n\t\n<p><strong>Stefanie Fettner<\/strong> Gesang<br \/>\n<strong>Bernd Haas<\/strong> Gitarre<br \/>\n<strong>Alexander Goidinger<\/strong> Klavier<br \/>\n<strong>Florian Baumgartner<\/strong> Drums<br \/>\n<strong>Walter Singer<\/strong> Kontrabass<\/p>\n<p>01. <strong>Stories<\/strong> <em>(Bernd Haas)<\/em> 3:40<br \/>\n02. <strong>Time<\/strong> <em>(Stefanie Fettner)<\/em> 4:47<br \/>\n03. <strong>Didn\u00b4t you know<\/strong> <em>(Stefanie Fettner)<\/em> 7:28<br \/>\n04. <strong>What if<\/strong> <em>(Stefanie Fettner)<\/em> 4:18<br \/>\n05. <strong>Chocolate<\/strong> <em>(Stefanie Fettner)<\/em> 3:30<br \/>\n06. <strong>Silence<\/strong> <em>(Stefanie Fettner)<\/em> 3:57<br \/>\n07. <strong>Take care<\/strong> <em>(Stefanie Fettner)<\/em> 6:38<br \/>\n08. <strong>Who knows<\/strong> <em>(Stefanie Fettner)<\/em> 3:37<br \/>\n09. <strong>Broken hearts<\/strong> <em>(Stefanie Fettner, Bernd Haas)<\/em> 4:04<br \/>\n10. <strong>Low battery<\/strong> <em>(Stefanie Fettner)<\/em> 3:25<br \/>\n11. <strong>Don\u00b4t give up<\/strong> <em>(Stefanie Fettner, Bernd Haas)<\/em> 4:39<br \/>\n12. <strong>Every time and everywhere<\/strong> <em>(Stefanie Fettner)<\/em> 6:57<br \/>\n13. <strong>My home is where you are<\/strong> <em>(Bernd Haas)<\/em> 4:39<\/p>\n<p><strong>LANIA<\/strong> \u2013 sie sind entschlossen und haben ein Ziel vor Augen.<\/p>\n<p>Vom kaum h\u00f6rbaren, zerbrechlichen Ton bis hin zur energiegeladenen Klangwolke&#8230;\u00a0\u00a0 Unter diesem Motto verwirklicht S\u00e4ngerin <strong>Stefanie Fettner<\/strong> Eigenkompositionen gemeinsam mit Bernd Haas (guitar), Alexander Goidinger (piano), Walter Singer (double bass) und Florian Baumgartner (drums). Jeder Song erh\u00e4lt genau das, was er braucht, was zu einem unverkennbaren, vielseitigen und doch homogenen Klangbild f\u00fchrt. Es wird sich nicht an der sicheren Oberfl\u00e4che aufgehalten, die grenz\u00fcberschreitende Tiefe wird angesteuert. <strong>LANIA<\/strong> spielt jazzige, gef\u00fchlvolle und ehrliche Musik, die aus dem Leben gegriffen ist und Lebenssituationen beschreibt, in denen sich jeder wiederentdecken kann. Deshalb tr\u00e4gt das Deb\u00fctalbum auch den Namen <strong>\u201eD\u00e9j\u00e0 Vu\u201c<\/strong>. Lauschen Sie gespannt und erleben auch Sie ihr <strong>\u201eD\u00e9j\u00e0 Vu\u201c<\/strong>.<\/p>\n<p><strong>Stefanie Fettner<\/strong> entdeckte die Liebe zur Musik sehr fr\u00fch und nach jahrelangem Gesangsuntericht und Teilnahme an diversen Workshops, studierte sie am Vienna Konservatorium Jazzgesang und Komposition. Ihr Leben ist mit Musik gef\u00fcllt. Zahlreiche Engagements in diversen Formationen, Studioarbeit und Workshopleitungen z\u00e4hlen zu ihrem musikalischem Leben. Als Gr\u00fcnderin von LANIA liegt ihr ganzes Herz darin. Die ersten Songideen beginnen meistens bei ihr und werden dann im Kollektiv weiterentwickelt und bearbeitet. F\u00fcr sie war die Besetzung von Vornherein nicht nur musikalisch, sondern auch menschlich klar. Und genau das h\u00f6rt und sp\u00fcrt man, wenn alle gemeinsam auf der B\u00fchne stehen. F\u00fcr die Stimme der Band ist LANIA nicht \u201enur\u201c eine Band, es ist auch ein Gef\u00fchl.<\/p>\n<p><strong>Bernd Haas<\/strong> studierte am Tiroler Landeskonservatorium Jazzgitarre und am Mozarteum Innsbruck klassische Gitarre. Im Zuge seiner kompositorischen T\u00e4tigkeit entstanden nicht nur Werke f\u00fcr sein Soloprogramm oder andere eigene Projekte, sondern auch f\u00fcr Film und Werbung. Laufende Engagements am Tiroler Landestheater, in diversen Formationen, seine Lehrt\u00e4tigkeit, sowie Studioarbeit z\u00e4hlen ebenfalls zu seinem musikalischem Alltag. Im Grunde genommen war Bernd das erste Bandmitglied von LANIA und somit entstanden viele Songs erstmals im Duoformat. Mit seiner Art und Weise Musik zu machen, ganz behutsam und mit einer ausgesprochenen Ruhe und Tiefe, verleiht er jedem Song von Anfang an das gewisse Etwas.<\/p>\n<p><strong>Alexander Goidinger<\/strong> besch\u00e4ftige sich schon seit fr\u00fcher Kindheit mit Musik und nach jahrelanger klassischer Klavierausbildung wurde seine Liebe zum Jazz immer gr\u00f6\u00dfer und er studierte Jazzklavier am Tiroler Landeskonservatorium. Nebenbei bildete er sich bei zahlreichen Workshops weiter. Er ist freischaffender Musiker und Komponist und auch immer wieder als Dozent u.a. f\u00fcr die Bregenzer Festspiele t\u00e4tig. Sein Spiel ist facettenreich, stilecht und absolut unverkennbar. Es ist nie zuviel und nie zu wenig. Gemeinsam mit Bernd schafft er ein wundersch\u00f6nes Zusammenspiel von Gitarre und Klavier.<\/p>\n<p><strong>Walter Singer<\/strong> begann seine Kontrabassausbildung am Tiroler Landeskonservatorium und am Musikgymnasium Innsbruck. Anschlie\u00dfend machte er die instrumentalp\u00e4dagogische Ausbildung am TLK, die er mit Auszeichnung abschloss. Dem folgte eine Weiterbildung an der Hochschule in K\u00f6ln und an der Anton Bruckner Privatuniversit\u00e4t im Bereich Jazz. Er ist ebenfalls freischaffender Musiker, Komponist, Lehrer und Dozent und wirkte u.a. beim Tiroler Symphonie Orchester und bei der deutschen Kammerphilharmonie mit. Walter verleiht den Songs einen beeindruckend warmen, stimmigen und groovigen Bass. Er lebt immer im Moment der Musik; seine Lockerheit und sein Humor sind au\u00dfergew\u00f6hnlich bereichernd.<\/p>\n<p><strong>Florian Baumgartner<\/strong> absolvierte den Jazzlehrgang am Tiroler Landeskonservatorium und machte anschlie\u00dfend seinen Bachelor of Arts f\u00fcr Jazz und improvisierter Musik an der Anton Bruckner Privatuniversit\u00e4t. Er besuchte nebenbei zahlreiche Workshops und bereits seit vielen Jahren hat er einen Lehrauftrag an der St\u00e4dtischen Musikschule in Hall i. Tirol. Er ist in diversen Formationen und unterschiedlichen Stilrichtungen live und im Studio t\u00e4tig und einer der wohl erfrischensten Menschen, die man kennen kann. In diesem Zusammenhang gelingt es ihm auch, seine pers\u00f6nlichen Eigenschaften in der Musik wiederzugeben und jeder Song w\u00e4chst mit seinem Ideenreichtum und seiner Klangfarbenvielfalt.<\/p>\n","protected":false},"excerpt":{"rendered":"<p><a class=\"button smart_link_button\" href=\"https:\/\/smarturl.it\/laniadejavu\" target=\"_blank\" rel=\"noopener\">Choose your store!<\/a><\/p>\n","protected":false},"featured_media":1148,"comment_status":"open","ping_status":"closed","template":"","meta":[],"product_brand":[],"product_cat":[604,687],"product_tag":[688,689],"class_list":{"0":"post-1147","1":"product","2":"type-product","3":"status-publish","4":"has-post-thumbnail","6":"product_cat-fine-music","7":"product_cat-lania","8":"product_tag-lania","9":"product_tag-stefanie-fettner","11":"first","12":"instock","13":"taxable","14":"shipping-taxable","15":"product-type-external"},"_links":{"self":[{"href":"https:\/\/www.glm.de\/en\/wp-json\/wp\/v2\/product\/1147"}],"collection":[{"href":"https:\/\/www.glm.de\/en\/wp-json\/wp\/v2\/product"}],"about":[{"href":"https:\/\/www.glm.de\/en\/wp-json\/wp\/v2\/types\/product"}],"replies":[{"embeddable":true,"href":"https:\/\/www.glm.de\/en\/wp-json\/wp\/v2\/comments?post=1147"}],"wp:featuredmedia":[{"embeddable":true,"href":"https:\/\/www.glm.de\/en\/wp-json\/wp\/v2\/media\/1148"}],"wp:attachment":[{"href":"https:\/\/www.glm.de\/en\/wp-json\/wp\/v2\/media?parent=1147"}],"wp:term":[{"taxonomy":"product_brand","embeddable":true,"href":"https:\/\/www.glm.de\/en\/wp-json\/wp\/v2\/product_brand?post=1147"},{"taxonomy":"product_cat","embeddable":true,"href":"https:\/\/www.glm.de\/en\/wp-json\/wp\/v2\/product_cat?post=1147"},{"taxonomy":"product_tag","embeddable":true,"href":"https:\/\/www.glm.de\/en\/wp-json\/wp\/v2\/product_tag?post=1147"}],"curies":[{"name":"wp","href":"https:\/\/api.w.org\/{rel}","templated":true}]}}