{"id":1149,"date":"2014-05-22T14:30:15","date_gmt":"2014-05-22T12:30:15","guid":{"rendered":"http:\/\/www.glm.de\/?post_type=product&#038;p=1149"},"modified":"2022-10-06T16:37:48","modified_gmt":"2022-10-06T14:37:48","slug":"hannah-koepf-lonely-dancer","status":"publish","type":"product","link":"https:\/\/www.glm.de\/en\/product\/hannah-koepf-lonely-dancer\/","title":{"rendered":"Hannah K\u00f6pf &#8211; Lonely dancer"},"content":{"rendered":"<p><strong>Hannah K\u00f6pf<\/strong> Gesang<br \/>\n<strong>Eva Buchmann<\/strong> Backing Vocals<br \/>\n<strong>Lisa M\u00fcller<\/strong> Backing Vocals<br \/>\n<strong>Ingo Stahl<\/strong> Backing Vocals<br \/>\n<strong>Radek Schwarz<\/strong> Viola<br \/>\n<strong>Anne-Christine Heinrich<\/strong> Fl\u00f6te<br \/>\n<strong>Denis G\u00e4bel<\/strong> Tenor Saxophon<br \/>\n<strong>Holger Werner<\/strong> Klarinette<br \/>\n<strong>Jan Schneider<\/strong> Fl\u00fcgelhorn, Trompete<br \/>\n<strong>Klaus Heidenreich<\/strong> Posaune<br \/>\n<strong>Sebastian Sternal<\/strong> Klavier<br \/>\n<strong>Tobias Hoffmann<\/strong> Gitarre<br \/>\n<strong>Philipp Br\u00e4mswig<\/strong> Gitarre<br \/>\n<strong>Jakob K\u00fchnemann<\/strong> Kontrabass<br \/>\n<strong>Tim Dudek<\/strong> Drums, Rhodes, Mandoline, Electric Bass, Nylon Guitar, Piano, Dobro,<br \/>\nGlockenspiel, Wurlitzer<\/p>\n<p>Streichinstrumente bei Titel 10<br \/>\n<strong>Paul Bremen, Lisa Kastenholz, Zuzana Leharov\u00e1,Theresa Lier, Juliane Menke, Lisa Schumann<\/strong> Violine<br \/>\n<strong>Till Mengler, Rudi Winkler<\/strong> Viola<br \/>\n<strong>David Sch\u00fctte, Elisabeth Fugemann<\/strong> Cello<\/p>\n<!--[if lt IE 9]><script>document.createElement('audio');<\/script><![endif]-->\n\t<div class=\"wp-playlist wp-audio-playlist wp-playlist-light\">\n\t\t\t<div class=\"wp-playlist-current-item\"><\/div>\n\t\t<audio controls=\"controls\" preload=\"none\" width=\"958\"\n\t\t\t><\/audio>\n\t<div class=\"wp-playlist-next\"><\/div>\n\t<div class=\"wp-playlist-prev\"><\/div>\n\t<noscript>\n\t<ol>\n\t\t<li><a href='https:\/\/www.glm.de\/en\/wp-content\/uploads\/2014\/11\/01_Hannah-K\u00f6pf_Sing-Another-Song.mp3'>01_Sing Another Song<\/a><\/li><li><a href='https:\/\/www.glm.de\/en\/wp-content\/uploads\/2014\/11\/02_Hannah-K\u00f6pf_Lonely-Dancer.mp3'>02_Lonely Dancer<\/a><\/li><li><a href='https:\/\/www.glm.de\/en\/wp-content\/uploads\/2014\/11\/03_Hannah-K\u00f6pf_Dream-Come-True.mp3'>03_Dream Come True<\/a><\/li><li><a href='https:\/\/www.glm.de\/en\/wp-content\/uploads\/2014\/11\/04_Hannah-K\u00f6pf_I-Feel-Fine.mp3'>04_I Feel Fine<\/a><\/li><li><a href='https:\/\/www.glm.de\/en\/wp-content\/uploads\/2014\/11\/05_Hannah-K\u00f6pf_Where-Will-You-Go.mp3'>05_Where Will You Go<\/a><\/li><li><a href='https:\/\/www.glm.de\/en\/wp-content\/uploads\/2014\/11\/06_Hannah-K\u00f6pf_The-Lonesome-Hill.mp3'>06_The Lonesome Hill<\/a><\/li><li><a href='https:\/\/www.glm.de\/en\/wp-content\/uploads\/2014\/11\/07_Hannah-K\u00f6pf_Bridges.mp3'>07_Bridges<\/a><\/li><li><a href='https:\/\/www.glm.de\/en\/wp-content\/uploads\/2014\/11\/08_Hannah-K\u00f6pf_Some-Would-Say.mp3'>08_Some Would Say<\/a><\/li><li><a href='https:\/\/www.glm.de\/en\/wp-content\/uploads\/2014\/11\/09_Hannah-K\u00f6pf_Stay-Here-For-A-While.mp3'>09_Stay Here For A While<\/a><\/li><li><a href='https:\/\/www.glm.de\/en\/wp-content\/uploads\/2014\/11\/10_Hannah-K\u00f6pf_Hooked.mp3'>10_Hooked<\/a><\/li>\t<\/ol>\n\t<\/noscript>\n\t<script type=\"application\/json\" class=\"wp-playlist-script\">{\"type\":\"audio\",\"tracklist\":true,\"tracknumbers\":true,\"images\":true,\"artists\":true,\"tracks\":[{\"src\":\"https:\\\/\\\/www.glm.de\\\/en\\\/wp-content\\\/uploads\\\/2014\\\/11\\\/01_Hannah-K\\u00f6pf_Sing-Another-Song.mp3\",\"type\":\"audio\\\/mpeg\",\"title\":\"01_Sing Another Song\",\"caption\":\"\",\"description\":\"\\\"01_Sing Another Song\\\" aus Lonely Dancer von Hannah K\\u00f6pf. Ver\\u00f6ffentlicht: 2014. Titel 1.\",\"meta\":{\"artist\":\"Hannah K\\u00f6pf\",\"album\":\"Lonely Dancer\",\"year\":\"2014\",\"length_formatted\":\"1:30\"},\"image\":{\"src\":\"https:\\\/\\\/www.glm.de\\\/en\\\/wp-content\\\/uploads\\\/2014\\\/05\\\/FM189-Cover.jpg\",\"width\":557,\"height\":500},\"thumb\":{\"src\":\"https:\\\/\\\/www.glm.de\\\/en\\\/wp-content\\\/uploads\\\/2014\\\/05\\\/FM189-Cover-150x150.jpg\",\"width\":150,\"height\":150}},{\"src\":\"https:\\\/\\\/www.glm.de\\\/en\\\/wp-content\\\/uploads\\\/2014\\\/11\\\/02_Hannah-K\\u00f6pf_Lonely-Dancer.mp3\",\"type\":\"audio\\\/mpeg\",\"title\":\"02_Lonely Dancer\",\"caption\":\"\",\"description\":\"\\\"02_Lonely Dancer\\\" aus Lonely Dancer von Hannah K\\u00f6pf. Ver\\u00f6ffentlicht: 2014. Titel 2.\",\"meta\":{\"artist\":\"Hannah K\\u00f6pf\",\"album\":\"Lonely Dancer\",\"year\":\"2014\",\"length_formatted\":\"1:30\"},\"image\":{\"src\":\"https:\\\/\\\/www.glm.de\\\/en\\\/wp-content\\\/uploads\\\/2014\\\/05\\\/FM189-Cover.jpg\",\"width\":557,\"height\":500},\"thumb\":{\"src\":\"https:\\\/\\\/www.glm.de\\\/en\\\/wp-content\\\/uploads\\\/2014\\\/05\\\/FM189-Cover-150x150.jpg\",\"width\":150,\"height\":150}},{\"src\":\"https:\\\/\\\/www.glm.de\\\/en\\\/wp-content\\\/uploads\\\/2014\\\/11\\\/03_Hannah-K\\u00f6pf_Dream-Come-True.mp3\",\"type\":\"audio\\\/mpeg\",\"title\":\"03_Dream Come True\",\"caption\":\"\",\"description\":\"\\\"03_Dream Come True\\\" aus Lonely Dancer von Hannah K\\u00f6pf. Ver\\u00f6ffentlicht: 2014. Titel 3.\",\"meta\":{\"artist\":\"Hannah K\\u00f6pf\",\"album\":\"Lonely Dancer\",\"year\":\"2014\",\"length_formatted\":\"1:30\"},\"image\":{\"src\":\"https:\\\/\\\/www.glm.de\\\/en\\\/wp-content\\\/uploads\\\/2014\\\/05\\\/FM189-Cover.jpg\",\"width\":557,\"height\":500},\"thumb\":{\"src\":\"https:\\\/\\\/www.glm.de\\\/en\\\/wp-content\\\/uploads\\\/2014\\\/05\\\/FM189-Cover-150x150.jpg\",\"width\":150,\"height\":150}},{\"src\":\"https:\\\/\\\/www.glm.de\\\/en\\\/wp-content\\\/uploads\\\/2014\\\/11\\\/04_Hannah-K\\u00f6pf_I-Feel-Fine.mp3\",\"type\":\"audio\\\/mpeg\",\"title\":\"04_I Feel Fine\",\"caption\":\"\",\"description\":\"\\\"04_I Feel Fine\\\" aus Lonely Dancer von Hannah K\\u00f6pf. Ver\\u00f6ffentlicht: 2014. Titel 4.\",\"meta\":{\"artist\":\"Hannah K\\u00f6pf\",\"album\":\"Lonely Dancer\",\"year\":\"2014\",\"length_formatted\":\"1:30\"},\"image\":{\"src\":\"https:\\\/\\\/www.glm.de\\\/en\\\/wp-content\\\/uploads\\\/2014\\\/05\\\/FM189-Cover.jpg\",\"width\":557,\"height\":500},\"thumb\":{\"src\":\"https:\\\/\\\/www.glm.de\\\/en\\\/wp-content\\\/uploads\\\/2014\\\/05\\\/FM189-Cover-150x150.jpg\",\"width\":150,\"height\":150}},{\"src\":\"https:\\\/\\\/www.glm.de\\\/en\\\/wp-content\\\/uploads\\\/2014\\\/11\\\/05_Hannah-K\\u00f6pf_Where-Will-You-Go.mp3\",\"type\":\"audio\\\/mpeg\",\"title\":\"05_Where Will You Go\",\"caption\":\"\",\"description\":\"\\\"05_Where Will You Go\\\" aus Lonely Dancer von Hannah K\\u00f6pf. Ver\\u00f6ffentlicht: 2014. Titel 5.\",\"meta\":{\"artist\":\"Hannah K\\u00f6pf\",\"album\":\"Lonely Dancer\",\"year\":\"2014\",\"length_formatted\":\"1:30\"},\"image\":{\"src\":\"https:\\\/\\\/www.glm.de\\\/en\\\/wp-content\\\/uploads\\\/2014\\\/05\\\/FM189-Cover.jpg\",\"width\":557,\"height\":500},\"thumb\":{\"src\":\"https:\\\/\\\/www.glm.de\\\/en\\\/wp-content\\\/uploads\\\/2014\\\/05\\\/FM189-Cover-150x150.jpg\",\"width\":150,\"height\":150}},{\"src\":\"https:\\\/\\\/www.glm.de\\\/en\\\/wp-content\\\/uploads\\\/2014\\\/11\\\/06_Hannah-K\\u00f6pf_The-Lonesome-Hill.mp3\",\"type\":\"audio\\\/mpeg\",\"title\":\"06_The Lonesome Hill\",\"caption\":\"\",\"description\":\"\\\"06_The Lonesome Hill\\\" aus Lonely Dancer von Hannah K\\u00f6pf. Ver\\u00f6ffentlicht: 2014. Titel 6.\",\"meta\":{\"artist\":\"Hannah K\\u00f6pf\",\"album\":\"Lonely Dancer\",\"year\":\"2014\",\"length_formatted\":\"1:30\"},\"image\":{\"src\":\"https:\\\/\\\/www.glm.de\\\/en\\\/wp-content\\\/uploads\\\/2014\\\/05\\\/FM189-Cover.jpg\",\"width\":557,\"height\":500},\"thumb\":{\"src\":\"https:\\\/\\\/www.glm.de\\\/en\\\/wp-content\\\/uploads\\\/2014\\\/05\\\/FM189-Cover-150x150.jpg\",\"width\":150,\"height\":150}},{\"src\":\"https:\\\/\\\/www.glm.de\\\/en\\\/wp-content\\\/uploads\\\/2014\\\/11\\\/07_Hannah-K\\u00f6pf_Bridges.mp3\",\"type\":\"audio\\\/mpeg\",\"title\":\"07_Bridges\",\"caption\":\"\",\"description\":\"\\\"07_Bridges\\\" aus Lonely Dancer von Hannah K\\u00f6pf. Ver\\u00f6ffentlicht: 2014. Titel 7.\",\"meta\":{\"artist\":\"Hannah K\\u00f6pf\",\"album\":\"Lonely Dancer\",\"year\":\"2014\",\"length_formatted\":\"1:30\"},\"image\":{\"src\":\"https:\\\/\\\/www.glm.de\\\/en\\\/wp-content\\\/uploads\\\/2014\\\/05\\\/FM189-Cover.jpg\",\"width\":557,\"height\":500},\"thumb\":{\"src\":\"https:\\\/\\\/www.glm.de\\\/en\\\/wp-content\\\/uploads\\\/2014\\\/05\\\/FM189-Cover-150x150.jpg\",\"width\":150,\"height\":150}},{\"src\":\"https:\\\/\\\/www.glm.de\\\/en\\\/wp-content\\\/uploads\\\/2014\\\/11\\\/08_Hannah-K\\u00f6pf_Some-Would-Say.mp3\",\"type\":\"audio\\\/mpeg\",\"title\":\"08_Some Would Say\",\"caption\":\"\",\"description\":\"\\\"08_Some Would Say\\\" aus Lonely Dancer von Hannah K\\u00f6pf. Ver\\u00f6ffentlicht: 2014. Titel 8.\",\"meta\":{\"artist\":\"Hannah K\\u00f6pf\",\"album\":\"Lonely Dancer\",\"year\":\"2014\",\"length_formatted\":\"1:30\"},\"image\":{\"src\":\"https:\\\/\\\/www.glm.de\\\/en\\\/wp-content\\\/uploads\\\/2014\\\/05\\\/FM189-Cover.jpg\",\"width\":557,\"height\":500},\"thumb\":{\"src\":\"https:\\\/\\\/www.glm.de\\\/en\\\/wp-content\\\/uploads\\\/2014\\\/05\\\/FM189-Cover-150x150.jpg\",\"width\":150,\"height\":150}},{\"src\":\"https:\\\/\\\/www.glm.de\\\/en\\\/wp-content\\\/uploads\\\/2014\\\/11\\\/09_Hannah-K\\u00f6pf_Stay-Here-For-A-While.mp3\",\"type\":\"audio\\\/mpeg\",\"title\":\"09_Stay Here For A While\",\"caption\":\"\",\"description\":\"\\\"09_Stay Here For A While\\\" aus Lonely Dancer von Hannah K\\u00f6pf. Ver\\u00f6ffentlicht: 2014. Titel 9.\",\"meta\":{\"artist\":\"Hannah K\\u00f6pf\",\"album\":\"Lonely Dancer\",\"year\":\"2014\",\"length_formatted\":\"1:30\"},\"image\":{\"src\":\"https:\\\/\\\/www.glm.de\\\/en\\\/wp-content\\\/uploads\\\/2014\\\/05\\\/FM189-Cover.jpg\",\"width\":557,\"height\":500},\"thumb\":{\"src\":\"https:\\\/\\\/www.glm.de\\\/en\\\/wp-content\\\/uploads\\\/2014\\\/05\\\/FM189-Cover-150x150.jpg\",\"width\":150,\"height\":150}},{\"src\":\"https:\\\/\\\/www.glm.de\\\/en\\\/wp-content\\\/uploads\\\/2014\\\/11\\\/10_Hannah-K\\u00f6pf_Hooked.mp3\",\"type\":\"audio\\\/mpeg\",\"title\":\"10_Hooked\",\"caption\":\"\",\"description\":\"\\\"10_Hooked\\\" aus Lonely Dancer von Hannah K\\u00f6pf. Ver\\u00f6ffentlicht: 2014. Titel 10.\",\"meta\":{\"artist\":\"Hannah K\\u00f6pf\",\"album\":\"Lonely Dancer\",\"year\":\"2014\",\"length_formatted\":\"1:30\"},\"image\":{\"src\":\"https:\\\/\\\/www.glm.de\\\/en\\\/wp-content\\\/uploads\\\/2014\\\/05\\\/FM189-Cover.jpg\",\"width\":557,\"height\":500},\"thumb\":{\"src\":\"https:\\\/\\\/www.glm.de\\\/en\\\/wp-content\\\/uploads\\\/2014\\\/05\\\/FM189-Cover-150x150.jpg\",\"width\":150,\"height\":150}}]}<\/script>\n<\/div>\n\t\n<p>01. <strong>Sing another song<\/strong> <em>(Tim Dudek)<\/em> 4:43<br \/>\n02. <strong>Lonely dancer<\/strong> <em>(Hannah K\u00f6pf, Tim Dudek)<\/em> 3:19<br \/>\n03. <strong>Dream come true<\/strong> <em>(Tim Dudek)<\/em> 4:29<br \/>\n04. <strong>I feel fine<\/strong> <em>(Hannah K\u00f6pf, Tim Dudek)<\/em> 4:24<br \/>\n05. <strong>Where will you go?<\/strong> <em>(Hannah K\u00f6pf, Tim Dudek)<\/em> 5:33<br \/>\n06. <strong>The lonesome hill<\/strong> <em>(Hannah K\u00f6pf, Tim Dudek)<\/em> 4:55<br \/>\n07. <strong>Bridges<\/strong> <em>(Hannah K\u00f6pf, Tim Dudek)<\/em> 3:31<br \/>\n08. <strong>Some would say<\/strong> <em>(Tim Dudek)<\/em> 3:39<br \/>\n09. <strong>Stay here for a while<\/strong> <em>(Tim Dudek)<\/em> 3:52<br \/>\n10. <strong>Hooked<\/strong> <em>(Tim Dudek)<\/em> 4:42<\/p>\n<p>Auch bei ihrem dritten Album wartet <strong>Hannah K\u00f6pf<\/strong> wieder mit jeder Menge liebevoll komponierter Songs auf.<\/p>\n<p>Der Titel der Produktion <strong>\u201eLonely Dancer\u201c<\/strong> \u2013 <em>die einsame T\u00e4nzerin<\/em> &#8211; trifft die facettenreiche Stimmung der Lieder trittsicher. So t\u00e4nzelt sie zwischen wohligen, fr\u00f6hlichen Gef\u00fchlen, die wunderbar in das Gewand der Country Musik gekleidet sind, mal l\u00e4dt sie zum Verweilen ein, mal schl\u00fcpft sie in die Rolle eines Traumt\u00e4nzers. Bei Zeiten trifft sie auch auf die Einsamkeit, wir h\u00f6ren melancholisch anmutende Zeilen. So spiegelt das Album Emotionen, die wohl jeder gar zu gut kennt. In bester Gesellschaft von grandiosen Musikern wie <strong>Tobias Hoffmann<\/strong>, <strong>Sebastian Sternal<\/strong>, <strong>Tim Dudek <\/strong> und <strong>Ingo Stahl<\/strong> kann man sich aber getrost auf diesen Drahtseilakt des Lebens begeben und sich dem Spagat zwischen Einsamkeit und Tanz ganz hingeben.<\/p>\n<p>Country, Folk und Jazz fusionieren feinsinnig zu einem sensiblen Sound, der den Zuh\u00f6rer sowohl auf intellektueller als auch auf emotionaler Ebene ber\u00fchren kann.<\/p>\n<p>Hier hat Primaballerina <strong>Hannah K\u00f6pf<\/strong> wahrlich wieder einen Spitzentanz absolviert!<\/p>\n","protected":false},"excerpt":{"rendered":"<p><a class=\"button smart_link_button\" href=\"https:\/\/smarturl.it\/lonelydancer\" target=\"_blank\" rel=\"noopener\">Choose your store!<\/a><\/p>\n","protected":false},"featured_media":1150,"comment_status":"open","ping_status":"closed","template":"","meta":[],"product_brand":[],"product_cat":[604,679,438],"product_tag":[605,680,136],"class_list":{"0":"post-1149","1":"product","2":"type-product","3":"status-publish","4":"has-post-thumbnail","6":"product_cat-fine-music","7":"product_cat-hannah-koepf","8":"product_cat-vinyl","9":"product_tag-fine-music","10":"product_tag-hannah-koepf","11":"product_tag-vinyl","12":"pa_art-cd-de","13":"pa_art-vinyl-lp-inkl-downloadcode-de","15":"first","16":"instock","17":"taxable","18":"shipping-taxable","19":"product-type-external"},"_links":{"self":[{"href":"https:\/\/www.glm.de\/en\/wp-json\/wp\/v2\/product\/1149"}],"collection":[{"href":"https:\/\/www.glm.de\/en\/wp-json\/wp\/v2\/product"}],"about":[{"href":"https:\/\/www.glm.de\/en\/wp-json\/wp\/v2\/types\/product"}],"replies":[{"embeddable":true,"href":"https:\/\/www.glm.de\/en\/wp-json\/wp\/v2\/comments?post=1149"}],"wp:featuredmedia":[{"embeddable":true,"href":"https:\/\/www.glm.de\/en\/wp-json\/wp\/v2\/media\/1150"}],"wp:attachment":[{"href":"https:\/\/www.glm.de\/en\/wp-json\/wp\/v2\/media?parent=1149"}],"wp:term":[{"taxonomy":"product_brand","embeddable":true,"href":"https:\/\/www.glm.de\/en\/wp-json\/wp\/v2\/product_brand?post=1149"},{"taxonomy":"product_cat","embeddable":true,"href":"https:\/\/www.glm.de\/en\/wp-json\/wp\/v2\/product_cat?post=1149"},{"taxonomy":"product_tag","embeddable":true,"href":"https:\/\/www.glm.de\/en\/wp-json\/wp\/v2\/product_tag?post=1149"}],"curies":[{"name":"wp","href":"https:\/\/api.w.org\/{rel}","templated":true}]}}