{"id":1200,"date":"2014-08-20T15:19:58","date_gmt":"2014-08-20T13:19:58","guid":{"rendered":"http:\/\/www.glm.de\/?post_type=product&#038;p=1200"},"modified":"2019-11-27T12:03:10","modified_gmt":"2019-11-27T10:03:10","slug":"rasdashan-1155","status":"publish","type":"product","link":"https:\/\/www.glm.de\/en\/product\/rasdashan-1155\/","title":{"rendered":"RasDashaN &#8211; 11:55"},"content":{"rendered":"<p><strong>Bernd Leibl<\/strong> Vocals, Guitar, Percussion<br \/>\n<strong>Gabriella Martini<\/strong> Vocals<br \/>\n<strong>Nils Dinter<\/strong> Bass<br \/>\n<strong>Olli K\u00fcgel<\/strong> Drums<br \/>\n<strong>Tom Rothbucher<\/strong> Lead Guitar<br \/>\n<strong>Tony Chazz<\/strong> Organ &amp; Synth<\/p>\n<p>Reggae-Freunden im deutschsprachigen Raum ist RasDashaN l\u00e4ngst ein Begriff und sp\u00e4testens seit ihrem 2007 erschienenen Erstlingswerk \u201eRoots Scientists\u201c, auf dem sich bereits K\u00fcnstler wie Jahcoustix die Ehre gaben, ist die Band ein fester Bestandteil der Szene. Seit nunmehr 10 Jahren rocken RasDashaN die B\u00fchnen Europas und<br \/>\nspielten dabei bereits mit Gr\u00f6\u00dfen wie THE WAILERS, ALPHA BLONDY, JULI, MAX MUTZKE, RONAN KEATING, BANANAFISHBONES, ZION TRAIN, 4LYN, FURY IN THE SLAUGHTERHOUSE, WAIKIKI BEACH BOMBERS, MELLOW MARK, JBO, SLUT, JAHCOUSTIX oder JAMARAM.<\/p>\n<p>Was mit kleinen lokalen Contests begann wuchs kontinuierlich weiter, und auf \u00fcber 350 Konzerten konnte sich die sechsk\u00f6pfige Ingolst\u00e4dter Formation eine gro\u00dfe Fangemeinde erspielen und ihre au\u00dferordentliche B\u00fchnenpr\u00e4senz bei zahlreichen gro\u00dfen Events unter Beweis stellen und \u00fcberzeugte auf Festivals wie z. B. dem Chiemsee Reggae Summer, dem legend\u00e4ren Montreux Jazz Festival am Genfer See oder dem Rototom Sunsplash Festival in Spanien, begeisterte in Fernseh- und Radioauftritten und spielte in einigen der renommiertesten Clubs im gesamten s\u00fcddeutschen Raum.<\/p>\n<p>Crossover-Reggae ist wohl die treffendste Bezeichnung des typischen RasDashaN Sounds. Der von Roots-Reggae, Dub, Funk, HipHop, Ska und Dancehall stark beeinflusste Stil zwingt, in rockige Beats gepackt, die m\u00fcdesten Beine unweigerlich zum Tanzen, und macht die positiven Vibes dieser unverwechselbaren Musikrichtung nicht nur h\u00f6rbar, sondern auch deutlich sp\u00fcrbar.<\/p>\n<p>Jetzt meldet sich die Band mit einem neuen Studioalbum zur\u00fcck: \u201e11:55\u201c ist der Titel des neuen Werkes, das ab April 2012 im Handel erh\u00e4ltlich sein wird. Ihre unverkennbare Art Roots-Reggae mit Funk und Pop-Rock-Elementen zu kombinieren funktioniert aus der Konserve genauso gut wie auf ihren Live-Konzerten und f\u00e4hrt massiv in die Glieder.<\/p>\n<p>Jeder einzelne der Musiker versteht sein Handwerk und schafft es gekonnt Elemente aus unz\u00e4hligen weiteren Stilen miteinflie\u00dfen zu lassen und zusammen einen vollkommen neuen einzigartigen Sound zu erschaffen. Dieser pumpenden Beats, gepaart mit knackigen Gitarren und Keyboards, kann man sich einfach nicht erwehren und auch textlich finden sich dem Albumtitel getreu auch wieder einige bissige sozialkritische Anspielungen, politische Abrechnungen, aber auch vertr\u00e4umt positive Passagen. Also, von allem etwas, wie man es von den Offbeat-Crossover-Poeten erwartet.<\/p>\n","protected":false},"excerpt":{"rendered":"<p><a class=\"button smart_link_button\" href=\"https:\/\/smarturl.it\/1155rasdashan\" target=\"_blank\" rel=\"noopener\">Choose your store!<\/a><\/p>\n","protected":false},"featured_media":1414,"comment_status":"open","ping_status":"closed","template":"","meta":[],"product_brand":[],"product_cat":[216],"product_tag":[690,256,255],"class_list":{"0":"post-1200","1":"product","2":"type-product","3":"status-publish","4":"has-post-thumbnail","6":"product_cat-impulso","7":"product_tag-impulso","8":"product_tag-rasdashan","9":"product_tag-reggae","11":"first","12":"instock","13":"taxable","14":"shipping-taxable","15":"product-type-external"},"_links":{"self":[{"href":"https:\/\/www.glm.de\/en\/wp-json\/wp\/v2\/product\/1200"}],"collection":[{"href":"https:\/\/www.glm.de\/en\/wp-json\/wp\/v2\/product"}],"about":[{"href":"https:\/\/www.glm.de\/en\/wp-json\/wp\/v2\/types\/product"}],"replies":[{"embeddable":true,"href":"https:\/\/www.glm.de\/en\/wp-json\/wp\/v2\/comments?post=1200"}],"wp:featuredmedia":[{"embeddable":true,"href":"https:\/\/www.glm.de\/en\/wp-json\/wp\/v2\/media\/1414"}],"wp:attachment":[{"href":"https:\/\/www.glm.de\/en\/wp-json\/wp\/v2\/media?parent=1200"}],"wp:term":[{"taxonomy":"product_brand","embeddable":true,"href":"https:\/\/www.glm.de\/en\/wp-json\/wp\/v2\/product_brand?post=1200"},{"taxonomy":"product_cat","embeddable":true,"href":"https:\/\/www.glm.de\/en\/wp-json\/wp\/v2\/product_cat?post=1200"},{"taxonomy":"product_tag","embeddable":true,"href":"https:\/\/www.glm.de\/en\/wp-json\/wp\/v2\/product_tag?post=1200"}],"curies":[{"name":"wp","href":"https:\/\/api.w.org\/{rel}","templated":true}]}}