{"id":1201,"date":"2014-08-20T15:21:20","date_gmt":"2014-08-20T13:21:20","guid":{"rendered":"http:\/\/www.glm.de\/?post_type=product&#038;p=1201"},"modified":"2019-11-27T12:01:44","modified_gmt":"2019-11-27T10:01:44","slug":"les-babacools-son-maldito","status":"publish","type":"product","link":"https:\/\/www.glm.de\/en\/product\/les-babacools-son-maldito\/","title":{"rendered":"Les Babacools &#8211; Son Maldito"},"content":{"rendered":"<p><strong>Caramellow<\/strong> Vocals<br \/>\n<strong>Lobstarr<\/strong> Vocals<br \/>\n<strong>Discophil<\/strong> Bass<br \/>\n<strong>Tobi<\/strong> Guitar<br \/>\n<strong>Boris<\/strong> Percussion<br \/>\n<strong>Buzz-T<\/strong> Drums<\/p>\n<p>01. <strong>Son Maldito<\/strong> 3:45<br \/>\n02. <strong>Musical Exit<\/strong> 4:43<br \/>\n03. <strong>Send Your Love<\/strong> 5:24<br \/>\n04. <strong>Carne<\/strong> 4:26<br \/>\n05. <strong>Thing I Owe<\/strong> 6:48<br \/>\n06. <strong>Euphoria<\/strong> 4:21<br \/>\n07. <strong>De Tal Manera<\/strong> 6:32<br \/>\n08. <strong>If She Loves Me<\/strong> 4:20<br \/>\n09. <strong>Coca\u00edna<\/strong> 3:55<br \/>\n10. <strong>Chica Casada<\/strong> 4:02<br \/>\n11. <strong>Sapo<\/strong> 4:11<br \/>\n12. <strong>Sandunga<\/strong> 4:49<br \/>\n13. <strong>No Es Camino F\u00e1cil<\/strong> 6:44<br \/>\n14. <strong>Reprise Maldito<\/strong> 2:53<\/p>\n<p>Mit 19 Jahren ist man laut, ungest\u00fcm, voller Tatendrang und Spielfreude &#8211; wie die Babacools auf ihrem neuen Album &#8220;Son Maldito&#8221; zeigen. Mit 19 hat man aber auch bereits einschneidende Entwicklungen hinter sich &#8211; wie die Babacools ebenfalls auf &#8220;Son Maldito&#8221; beweisen. In den knapp zwei Jahrzehnten, in denen sich die Babacools aufmachten, der Republik von M\u00fcnchen aus ihre Musik zu er\u00f6ffnen, entwickelte die Band aus vielen Musikstilen ihren unverkennbaren Babacools-Sound, dessen Perfektionierung nun im vorliegenden Album sicht- und h\u00f6rbar wird. Energetisch, partytauglich, hei\u00df, groovy, sexy, funky sind die Adjektive, die man mit den Babacools verbindet, f\u00fcr eine Kategorisierung m\u00fcsste man das Genre &#8220;Latin-Reggae-Urban&#8221; erfinden.<\/p>\n","protected":false},"excerpt":{"rendered":"<p><a class=\"button smart_link_button\" href=\"https:\/\/smarturl.it\/lesbabacoolssonmaldi\" target=\"_blank\" rel=\"noopener\">Choose your store!<\/a><\/p>\n","protected":false},"featured_media":1413,"comment_status":"open","ping_status":"closed","template":"","meta":[],"product_brand":[],"product_cat":[216],"product_tag":[259,257,258,255],"class_list":{"0":"post-1201","1":"product","2":"type-product","3":"status-publish","4":"has-post-thumbnail","6":"product_cat-impulso","7":"product_tag-latin","8":"product_tag-les-babacools","9":"product_tag-raggabund","10":"product_tag-reggae","12":"first","13":"instock","14":"taxable","15":"shipping-taxable","16":"product-type-external"},"_links":{"self":[{"href":"https:\/\/www.glm.de\/en\/wp-json\/wp\/v2\/product\/1201"}],"collection":[{"href":"https:\/\/www.glm.de\/en\/wp-json\/wp\/v2\/product"}],"about":[{"href":"https:\/\/www.glm.de\/en\/wp-json\/wp\/v2\/types\/product"}],"replies":[{"embeddable":true,"href":"https:\/\/www.glm.de\/en\/wp-json\/wp\/v2\/comments?post=1201"}],"wp:featuredmedia":[{"embeddable":true,"href":"https:\/\/www.glm.de\/en\/wp-json\/wp\/v2\/media\/1413"}],"wp:attachment":[{"href":"https:\/\/www.glm.de\/en\/wp-json\/wp\/v2\/media?parent=1201"}],"wp:term":[{"taxonomy":"product_brand","embeddable":true,"href":"https:\/\/www.glm.de\/en\/wp-json\/wp\/v2\/product_brand?post=1201"},{"taxonomy":"product_cat","embeddable":true,"href":"https:\/\/www.glm.de\/en\/wp-json\/wp\/v2\/product_cat?post=1201"},{"taxonomy":"product_tag","embeddable":true,"href":"https:\/\/www.glm.de\/en\/wp-json\/wp\/v2\/product_tag?post=1201"}],"curies":[{"name":"wp","href":"https:\/\/api.w.org\/{rel}","templated":true}]}}