{"id":121,"date":"2013-09-13T17:15:32","date_gmt":"2013-09-13T15:15:32","guid":{"rendered":"http:\/\/www.r5.glm.de\/?post_type=product&#038;p=121"},"modified":"2019-11-25T14:21:03","modified_gmt":"2019-11-25T12:21:03","slug":"lottchen-traveling-birds","status":"publish","type":"product","link":"https:\/\/www.glm.de\/en\/product\/lottchen-traveling-birds\/","title":{"rendered":"Lottchen &#8211; Traveling birds"},"content":{"rendered":"<p><strong>Eva Buchmann<\/strong> Vocals<br \/>\n<strong>Sonja Huber<\/strong> Vibraphon<\/p>\n<p>01. <strong>Waters of March<\/strong> <em>(Antonio Carlos Jobim)<\/em> 4:33<br \/>\n02. <strong>Kema Ahatia<\/strong> <em>(Niels Brouwer &amp; Monika Akihary)<\/em> 5:09<br \/>\n03. <strong>Quand je marche<\/strong> <em>(Camille)<\/em> 3:34<br \/>\n04. <strong>Float<\/strong> <em>(Riaz Khabirpour)<\/em> 6:44<br \/>\n05. <strong>Lilia<\/strong> <em>(Milton Nascimento)<\/em> 4:01<br \/>\n06. <strong>Point of View<\/strong> <em>(Eva Buchmann)<\/em> 3:53<br \/>\n07. <strong>My Feet<\/strong> <em>(Eva Buchmann)<\/em> 4:07<br \/>\n08. <strong>Mountain<\/strong> <em>(Eva Buchmann)<\/em> 4:27<br \/>\n09. <strong>Dan\u00e7a da solid\u00e3o<\/strong> <em>(Paulinho Da Viola)<\/em> 3:11<br \/>\n10. <strong>Ricordi Ai Misteri Di Trapani<\/strong> <em>(Joey Oz)<\/em> 4:28<br \/>\n11. <strong>Endless<\/strong> <em>(Sonja Huber)<\/em> 4:47<\/p>\n<p><em>Magische Kombination<\/em><\/p>\n<p>Das schweizerisch-belgische Duo <strong>Lottchen<\/strong> ist nicht nur ungew\u00f6hnlich instrumentiert, es macht auch au\u00dfergew\u00f6hnliche Musik: Da tr\u00e4gt das facettenreiche Vibrafon-Spiel von <strong>Sonja Huber<\/strong>, die auch Marimba spielt, die charismatisch-gef\u00fchlvolle Stimme der S\u00e4ngerin <strong>Eva Buchmann<\/strong>, die als \u00abVokal-Instrumentalistin\u00bb ebenso \u00fcberzeugt wie als Song-Interpretin, in lichte H\u00f6hen &#8230; Die zwei Musikerinnen bezaubern mit faszinierend-mysteri\u00f6sen Klangmalereien und melodischer \u00dcberschw\u00e4nglichkeit.<\/p>\n<p>Manchmal kommt es einem so vor, als w\u00fcrden da zwei Engel musizieren. Das mag nun reichlich pathetisch klingen, doch Hand aufs Herz: Was w\u00e4ren wir Menschen f\u00fcr armselige Gesch\u00f6pfe, wenn wir unsere Batterien nicht hin und wieder am \u00dcberschwang starker Emotionen aufladen k\u00f6nnten. Das Duo Lottchen hat solche Emotionen zu bieten, doch Achtung: Diese werden nicht ungefiltert auf die Zuh\u00f6rerinnen und Zuh\u00f6rer losgelassen, sondern erhalten durch die Einf\u00fchlsamkeit der zwei kongenialen und \u00fcberaus vielseitigen Musikerinnen eine sublim-subtile Gestalt. Last but not least kann die Musik von Lottchen auch ganz sch\u00f6n verspielt daherkommen: Sie l\u00e4dt wahrlich nicht nur zum Tr\u00e4umen ein, sondern fordert die Ohren zuweilen mit wunderbaren \u00dcberraschungen heraus (mehr sei hier nicht verraten). 2011 gewann das Duo Lottchen den ersten Preis am Concours Crest Jazz Vocal in Frankreich.<\/p>\n<p><strong>Eva Buchmann<\/strong><br \/>\nEva Buchmann studierte Jazz-Gesang am K\u00f6niglichen Konservatorium in Antwerpen,<br \/>\nabsolvierte ein Auslandsjahr am Jazz-Institut Berlin und schloss ihr Masterstudium im Jahr 2008 ab. Um ihre Kenntnisse zu erweitern, belegte sie anschlie\u00dfend Intensivkurse am Complete Vocal Institute in Kopenhagen, wo sich f\u00fcr Eva Buchmanns gesangliche Entwicklung v\u00f6llig neue Perspektiven er\u00f6ffneten. Mit einem tiefen Verst\u00e4ndnis der Wirkung ihrer klaren und zugleich warmen Stimme \u00fcberzeugte sie die Jury des internationalen Gesangswettbewerbs \u201eVoicingers\u201c in Polen. 2010 wurde Eva Buchmann mit dem ersten Platz ausgezeichnet. 2011 zog Eva in die Musik Metropole K\u00f6ln. Von dort aus arbeitet sie<br \/>\nals freischaffende S\u00e4ngerin und Musikp\u00e4dagogin, u.a. an der Folkwang Universit\u00e4t der K\u00fcnste in Essen und ist vielseitig in verschiedenen L\u00e4ndern aktiv.<\/p>\n<p>&nbsp;<\/p>\n<p><strong>Sonja Huber<\/strong><br \/>\nDie Vibraphonistin Sonja Huber studierte von 2003 bis 2008 an der Hochschule f\u00fcr Musik der Stadt Basel, Abteilung Jazz. Im September 2008 legte sie erfolgreich ihr Diplom als Musikerin MH Jazz ab. W\u00e4hrend ihres Studiums hatte Sonja Huber Unterricht bei Urs Wiesner in Basel und bei David Friedman an der Universit\u00e4t der K\u00fcnste in Berlin. Sonja Huber interessierte sich bereits w\u00e4hrend ihres Studiums sehr f\u00fcr Komposition und Arrangement. Bei Lottchen und dem Sonja Huber Quartett, mit welchem sie 2012 ihr erstes Album bei \u201eJazz thing next Generation\u201c ver\u00f6ffentlichte, kann sie dieses Interesse stark einbringen und erweitern. Neben dem Engagement f\u00fcr ihre eigenen Formationen ist Sonja Huber auch in klassischen Orchestern, Popformationen und als P\u00e4dagogin an\u00a0 verschiedenen Musikschulen in der Schweiz t\u00e4tig.<\/p>\n<p>www.lottchenmusic.com<\/p>\n","protected":false},"excerpt":{"rendered":"<p><a class=\"button smart_link_button\" href=\"https:\/\/smarturl.it\/lottchentravelingbir\" target=\"_blank\" rel=\"noopener\">Choose your store!<\/a><\/p>\n","protected":false},"featured_media":406,"comment_status":"open","ping_status":"closed","template":"","meta":[],"product_brand":[],"product_cat":[607,301],"product_tag":[123,656,655,124],"class_list":{"0":"post-121","1":"product","2":"type-product","3":"status-publish","4":"has-post-thumbnail","6":"product_cat-edition-collage","7":"product_cat-lottchen","8":"product_tag-eva-buchmann","9":"product_tag-lottchen","10":"product_tag-sonja-huber","11":"product_tag-vibraphon","13":"first","14":"instock","15":"taxable","16":"shipping-taxable","17":"product-type-external"},"_links":{"self":[{"href":"https:\/\/www.glm.de\/en\/wp-json\/wp\/v2\/product\/121"}],"collection":[{"href":"https:\/\/www.glm.de\/en\/wp-json\/wp\/v2\/product"}],"about":[{"href":"https:\/\/www.glm.de\/en\/wp-json\/wp\/v2\/types\/product"}],"replies":[{"embeddable":true,"href":"https:\/\/www.glm.de\/en\/wp-json\/wp\/v2\/comments?post=121"}],"wp:featuredmedia":[{"embeddable":true,"href":"https:\/\/www.glm.de\/en\/wp-json\/wp\/v2\/media\/406"}],"wp:attachment":[{"href":"https:\/\/www.glm.de\/en\/wp-json\/wp\/v2\/media?parent=121"}],"wp:term":[{"taxonomy":"product_brand","embeddable":true,"href":"https:\/\/www.glm.de\/en\/wp-json\/wp\/v2\/product_brand?post=121"},{"taxonomy":"product_cat","embeddable":true,"href":"https:\/\/www.glm.de\/en\/wp-json\/wp\/v2\/product_cat?post=121"},{"taxonomy":"product_tag","embeddable":true,"href":"https:\/\/www.glm.de\/en\/wp-json\/wp\/v2\/product_tag?post=121"}],"curies":[{"name":"wp","href":"https:\/\/api.w.org\/{rel}","templated":true}]}}