{"id":1218,"date":"2014-06-25T15:42:23","date_gmt":"2014-06-25T13:42:23","guid":{"rendered":"http:\/\/www.glm.de\/?post_type=product&#038;p=1218"},"modified":"2019-11-27T12:02:19","modified_gmt":"2019-11-27T10:02:19","slug":"benuts-shut-up-and-dance","status":"publish","type":"product","link":"https:\/\/www.glm.de\/en\/product\/benuts-shut-up-and-dance\/","title":{"rendered":"beNUTS &#8211; Shut up and dance"},"content":{"rendered":"<p><strong>beNuts:<\/strong><br \/>\n<strong>El Konno<\/strong> Lead-Vocals<br \/>\n<strong>Jens Schleifenbaum<\/strong> Guitar &amp; Vocals<br \/>\n<strong>Fabian Ziegler<\/strong> Bass &amp; Vocals 3<br \/>\n<strong>Markus Kl\u00f6pper<\/strong> Drums &amp; Percussion<br \/>\n<strong>Deniz Dizdar<\/strong> Organ &amp; Keyboards<br \/>\n<strong>Jesko Kr\u00fcger<\/strong> Trumpet &amp; Vocals<br \/>\n<strong>Simon Stusak<\/strong> Saxophones &amp; Vocals<br \/>\n<strong>Mike Huber<\/strong> Trombone<\/p>\n<p>01. <strong>Chance<\/strong> <em>(Benuts)<\/em> 3:16<br \/>\n02. <strong>Shut Up And Dance<\/strong> <em>(Benuts)<\/em> 3:38<br \/>\n03. <strong>Ska Beach<\/strong> <em>(Benuts)<\/em> 3:28<br \/>\n04. <strong>Mai Nichi<\/strong> <em>(Benuts)<\/em> 3:14<br \/>\n05. <strong>Same Old Song<\/strong> <em>(Benuts)<\/em> 3:15<br \/>\n06. <strong>Schnauze Voll<\/strong> <em>(Benuts)<\/em> 3:04<br \/>\n07. <strong>Road To Nowhere<\/strong> <em>(Benuts)<\/em> 3:49<br \/>\n08. <strong>Wa&#8217;lhamdu Li&#8217;llah<\/strong> <em>(Benuts)<\/em> 2:43<br \/>\n09. <strong>Day Off<\/strong> <em>(Benuts)<\/em> 3:35<br \/>\n10. <strong>Everybody&#8217;s Jerk<\/strong> <em>(Benuts)<\/em> 3:47<br \/>\n11. <strong>Mystere<\/strong> <em>(Benuts)<\/em> 3:32<br \/>\n12. <strong>Versetzt<\/strong> <em>(Benuts)<\/em> 3:12<br \/>\n13. <strong>White Collar Man<\/strong> <em>(Benuts)<\/em> 4:54<br \/>\n14. <strong>Wodka Poesd<\/strong> <em>(Benuts)<\/em> 3:40<\/p>\n<p><a href=\"http:\/\/shopbase.finetunes.net\/shopserver\/ActionServlet?affiliateid=glm&amp;sessionid=999-glm&amp;cmd=albumdetails&amp;albumid=1287070235799\"><strong>Hier reinh\u00f6ren und direkt downloaden!<\/strong><\/a><\/p>\n<p><b>Shut Up And Dance<\/b><\/p>\n<p>beNUTS haben in 15 Jahren Bandgeschichte mit mehr als 500 Konzerten Ihren &#8216;Molotov Offbeat&#8217; zum Bayerischen Exportschlager von Madrid bis Tokyo gemacht.<\/p>\n<p>Am 30. Oktober 2009 erscheint nun das neue Studio Album &#8216;Shut up and dance&#8217; der M\u00fcnchener Ska Rocker bei GLM Records (Impulso\/Soulfood), das von Frenzy Erl (arbeitete unter anderem mit Billy Cobham, Die Schweisser, Glow, Les Babacools, Escape with Romeo, Skaos) produziert wurde.<\/p>\n<p>Die bereits 1994 gegr\u00fcndete Band erspielte sich schnell eine gro\u00dfe Fangemeinde und den ersten Plattenvertrag. Nach vielen personellen Umbesetzungen ist nun eine Band entstanden, deren Jazz S\u00e4nger den Sound ebenso abwechselungsreich gestaltet wie der knallige 3-k\u00f6pfige Bl\u00e4sersatz.<\/p>\n<p>In dieser Besetzung folgten hunderte Konzerte im In- und Ausland, darunter Highlights wie das Chiemsee Reggae Festival, Tour-Support von Ska-P sowie ausverkaufte Hallen in Moskau und Tokyo. Zweimal verschlug es die Bajuwaren bisher nach Russland und Japan, wo es eine lebhafte Ska-Szene gibt und Tontr\u00e4ger von beNUTS erfolgreich vertrieben werden. Im Sommer 2009 ging beNUTS auf eine vom Goethe Institut unterst\u00fctzte Rum\u00e4nien Tour, um dort Ska-Aufkl\u00e4rungsarbeit zu betreiben.<\/p>\n<p>beNUTS Songs sind jedoch nicht nur auf Konzerten zu h\u00f6ren, sondern laufen auch in der Rotation Deutscher Szene-Clubs oder als Titelmusik einer Fussball-Show im TV.<\/p>\n<p>beNUTS sind nach wie vor eine konzernunabh\u00e4ngige Ska-Combo, die sich mit jedem Album musikalisch weiter \u00f6ffnet. Das aktuelle Album &#8216;Shut up and dance&#8217; umfasst rockige Beats, Folk, Polka und Punkrock. Songs in 8 Sprachen machen klar, dass hier keine Ber\u00fchrungs\u00e4ngste mit fernen Kulturen und Sprachen bestehen. Zu Recht wird beNUTS als die internationalste Ska Band der Welt betitelt.<\/p>\n","protected":false},"excerpt":{"rendered":"<p><a class=\"button smart_link_button\" href=\"https:\/\/smarturl.it\/benutsshutupanddance\" target=\"_blank\" rel=\"noopener\">Choose your store!<\/a><\/p>\n","protected":false},"featured_media":1219,"comment_status":"open","ping_status":"closed","template":"","meta":[],"product_brand":[],"product_cat":[216],"product_tag":[217,690,218],"class_list":{"0":"post-1218","1":"product","2":"type-product","3":"status-publish","4":"has-post-thumbnail","6":"product_cat-impulso","7":"product_tag-benuts","8":"product_tag-impulso","9":"product_tag-ska","11":"first","12":"instock","13":"taxable","14":"shipping-taxable","15":"product-type-external"},"_links":{"self":[{"href":"https:\/\/www.glm.de\/en\/wp-json\/wp\/v2\/product\/1218"}],"collection":[{"href":"https:\/\/www.glm.de\/en\/wp-json\/wp\/v2\/product"}],"about":[{"href":"https:\/\/www.glm.de\/en\/wp-json\/wp\/v2\/types\/product"}],"replies":[{"embeddable":true,"href":"https:\/\/www.glm.de\/en\/wp-json\/wp\/v2\/comments?post=1218"}],"wp:featuredmedia":[{"embeddable":true,"href":"https:\/\/www.glm.de\/en\/wp-json\/wp\/v2\/media\/1219"}],"wp:attachment":[{"href":"https:\/\/www.glm.de\/en\/wp-json\/wp\/v2\/media?parent=1218"}],"wp:term":[{"taxonomy":"product_brand","embeddable":true,"href":"https:\/\/www.glm.de\/en\/wp-json\/wp\/v2\/product_brand?post=1218"},{"taxonomy":"product_cat","embeddable":true,"href":"https:\/\/www.glm.de\/en\/wp-json\/wp\/v2\/product_cat?post=1218"},{"taxonomy":"product_tag","embeddable":true,"href":"https:\/\/www.glm.de\/en\/wp-json\/wp\/v2\/product_tag?post=1218"}],"curies":[{"name":"wp","href":"https:\/\/api.w.org\/{rel}","templated":true}]}}