{"id":1334,"date":"2014-07-30T09:12:21","date_gmt":"2014-07-30T07:12:21","guid":{"rendered":"http:\/\/www.glm.de\/?post_type=product&#038;p=1334"},"modified":"2021-01-06T16:06:58","modified_gmt":"2021-01-06T14:06:58","slug":"berta-epple-egal-was-kommt","status":"publish","type":"product","link":"https:\/\/www.glm.de\/en\/product\/berta-epple-egal-was-kommt\/","title":{"rendered":"Berta Epple &#8211; Egal was kommt"},"content":{"rendered":"<p><strong>Gregor H\u00fcbner<\/strong> Violine<br \/>\n<strong>Karl Albrecht \u201cBobbi\u201d Fischer<\/strong> Piano<br \/>\n<strong>Veit H\u00fcbner<\/strong> Kontrabass<br \/>\n<em>Sowie als G\u00e4ste:<\/em><br \/>\n<strong>Ilse und Ulrich Kienzle<\/strong> Rap<br \/>\n<strong>Joo Kraus<\/strong> Trompete und Pfeifen<br \/>\n<strong>Klaus Graf<\/strong> Altsaxophon<br \/>\n<strong>Ian Cumming<\/strong> Posaune<br \/>\n<strong>Frank Wekenmann<\/strong> Gitarre<br \/>\n<strong>Torsten Krill<\/strong> Schlagzeug<\/p>\n<!--[if lt IE 9]><script>document.createElement('audio');<\/script><![endif]-->\n\t<div class=\"wp-playlist wp-audio-playlist wp-playlist-light\">\n\t\t\t<div class=\"wp-playlist-current-item\"><\/div>\n\t\t<audio controls=\"controls\" preload=\"none\" width=\"958\"\n\t\t\t><\/audio>\n\t<div class=\"wp-playlist-next\"><\/div>\n\t<div class=\"wp-playlist-prev\"><\/div>\n\t<noscript>\n\t<ol>\n\t\t<li><a href='https:\/\/www.glm.de\/en\/wp-content\/uploads\/2014\/10\/01_Egal-was-kommt_Snippet.mp3'>01_Egal was kommt<\/a><\/li><li><a href='https:\/\/www.glm.de\/en\/wp-content\/uploads\/2014\/10\/02_Bio-Buff_Snippet.mp3'>02_Bio Buff<\/a><\/li><li><a href='https:\/\/www.glm.de\/en\/wp-content\/uploads\/2014\/10\/03_Eleanor-Rigby_Snippet.mp3'>03_Eleanor Rigby<\/a><\/li><li><a href='https:\/\/www.glm.de\/en\/wp-content\/uploads\/2014\/10\/04_Die-Flut_Snippet.mp3'>04_Die Flut<\/a><\/li><li><a href='https:\/\/www.glm.de\/en\/wp-content\/uploads\/2014\/10\/05_Mama_Snippet.mp3'>05_Mama<\/a><\/li><li><a href='https:\/\/www.glm.de\/en\/wp-content\/uploads\/2014\/10\/06_En-daimler-waer-schee_Snippet.mp3'>06_En daimler waer schee<\/a><\/li><li><a href='https:\/\/www.glm.de\/en\/wp-content\/uploads\/2014\/10\/07_Hennabrupfa_Snippet.mp3'>07_Hennabrupfa<\/a><\/li><li><a href='https:\/\/www.glm.de\/en\/wp-content\/uploads\/2014\/10\/08_Schwing-ist-das-Ding_Snippet.mp3'>08_Schwing ist das Ding<\/a><\/li><li><a href='https:\/\/www.glm.de\/en\/wp-content\/uploads\/2014\/10\/09_Hey-Mann-entspann-dich_Snippet.mp3'>09_Hey Mann entspann dich<\/a><\/li><li><a href='https:\/\/www.glm.de\/en\/wp-content\/uploads\/2014\/10\/10_Hermanos_Snippet.mp3'>10_Hermanos<\/a><\/li><li><a href='https:\/\/www.glm.de\/en\/wp-content\/uploads\/2014\/10\/11_No-halt-net_Snippet.mp3'>11_No halt net<\/a><\/li><li><a href='https:\/\/www.glm.de\/en\/wp-content\/uploads\/2014\/10\/12_Digital-Demenz_Snippet.mp3'>12_Digital-Demenz<\/a><\/li><li><a href='https:\/\/www.glm.de\/en\/wp-content\/uploads\/2014\/10\/13_So-isch-no-au-wieder_Snippet.mp3'>13_So isch no au wieder<\/a><\/li><li><a href='https:\/\/www.glm.de\/en\/wp-content\/uploads\/2014\/10\/14_Hoimet_Snippet.mp3'>14_Hoimet<\/a><\/li>\t<\/ol>\n\t<\/noscript>\n\t<script type=\"application\/json\" class=\"wp-playlist-script\">{\"type\":\"audio\",\"tracklist\":true,\"tracknumbers\":true,\"images\":true,\"artists\":true,\"tracks\":[{\"src\":\"https:\\\/\\\/www.glm.de\\\/en\\\/wp-content\\\/uploads\\\/2014\\\/10\\\/01_Egal-was-kommt_Snippet.mp3\",\"type\":\"audio\\\/mpeg\",\"title\":\"01_Egal was kommt\",\"caption\":\"\",\"description\":\"\\\"01_Egal was kommt\\\" aus Egal was kommt von Berta Epple. Ver\\u00f6ffentlicht: 2014.\",\"meta\":{\"artist\":\"Berta Epple\",\"album\":\"Egal was kommt\",\"year\":\"2014\",\"length_formatted\":\"1:30\"},\"image\":{\"src\":\"https:\\\/\\\/www.glm.de\\\/en\\\/wp-content\\\/uploads\\\/2014\\\/07\\\/FM197-klein.jpg\",\"width\":500,\"height\":500},\"thumb\":{\"src\":\"https:\\\/\\\/www.glm.de\\\/en\\\/wp-content\\\/uploads\\\/2014\\\/07\\\/FM197-klein-150x150.jpg\",\"width\":150,\"height\":150}},{\"src\":\"https:\\\/\\\/www.glm.de\\\/en\\\/wp-content\\\/uploads\\\/2014\\\/10\\\/02_Bio-Buff_Snippet.mp3\",\"type\":\"audio\\\/mpeg\",\"title\":\"02_Bio Buff\",\"caption\":\"\",\"description\":\"\\\"02_Bio Buff\\\" aus Egal was kommt von Berta Epple. Ver\\u00f6ffentlicht: 2014.\",\"meta\":{\"artist\":\"Berta Epple\",\"album\":\"Egal was kommt\",\"year\":\"2014\",\"length_formatted\":\"1:30\"},\"image\":{\"src\":\"https:\\\/\\\/www.glm.de\\\/en\\\/wp-content\\\/uploads\\\/2014\\\/07\\\/FM197-klein.jpg\",\"width\":500,\"height\":500},\"thumb\":{\"src\":\"https:\\\/\\\/www.glm.de\\\/en\\\/wp-content\\\/uploads\\\/2014\\\/07\\\/FM197-klein-150x150.jpg\",\"width\":150,\"height\":150}},{\"src\":\"https:\\\/\\\/www.glm.de\\\/en\\\/wp-content\\\/uploads\\\/2014\\\/10\\\/03_Eleanor-Rigby_Snippet.mp3\",\"type\":\"audio\\\/mpeg\",\"title\":\"03_Eleanor Rigby\",\"caption\":\"\",\"description\":\"\\\"03_Eleanor Rigby\\\" aus Egal was kommt von Berta Epple. Ver\\u00f6ffentlicht: 2014.\",\"meta\":{\"artist\":\"Berta Epple\",\"album\":\"Egal was kommt\",\"year\":\"2014\",\"length_formatted\":\"1:30\"},\"image\":{\"src\":\"https:\\\/\\\/www.glm.de\\\/en\\\/wp-content\\\/uploads\\\/2014\\\/07\\\/FM197-klein.jpg\",\"width\":500,\"height\":500},\"thumb\":{\"src\":\"https:\\\/\\\/www.glm.de\\\/en\\\/wp-content\\\/uploads\\\/2014\\\/07\\\/FM197-klein-150x150.jpg\",\"width\":150,\"height\":150}},{\"src\":\"https:\\\/\\\/www.glm.de\\\/en\\\/wp-content\\\/uploads\\\/2014\\\/10\\\/04_Die-Flut_Snippet.mp3\",\"type\":\"audio\\\/mpeg\",\"title\":\"04_Die Flut\",\"caption\":\"\",\"description\":\"\\\"04_Die Flut\\\" aus Egal was kommt von Berta Epple. Ver\\u00f6ffentlicht: 2014.\",\"meta\":{\"artist\":\"Berta Epple\",\"album\":\"Egal was kommt\",\"year\":\"2014\",\"length_formatted\":\"1:30\"},\"image\":{\"src\":\"https:\\\/\\\/www.glm.de\\\/en\\\/wp-content\\\/uploads\\\/2014\\\/07\\\/FM197-klein.jpg\",\"width\":500,\"height\":500},\"thumb\":{\"src\":\"https:\\\/\\\/www.glm.de\\\/en\\\/wp-content\\\/uploads\\\/2014\\\/07\\\/FM197-klein-150x150.jpg\",\"width\":150,\"height\":150}},{\"src\":\"https:\\\/\\\/www.glm.de\\\/en\\\/wp-content\\\/uploads\\\/2014\\\/10\\\/05_Mama_Snippet.mp3\",\"type\":\"audio\\\/mpeg\",\"title\":\"05_Mama\",\"caption\":\"\",\"description\":\"\\\"05_Mama\\\" aus Egal was kommt von Berta Epple. Ver\\u00f6ffentlicht: 2014.\",\"meta\":{\"artist\":\"Berta Epple\",\"album\":\"Egal was kommt\",\"year\":\"2014\",\"length_formatted\":\"1:30\"},\"image\":{\"src\":\"https:\\\/\\\/www.glm.de\\\/en\\\/wp-content\\\/uploads\\\/2014\\\/07\\\/FM197-klein.jpg\",\"width\":500,\"height\":500},\"thumb\":{\"src\":\"https:\\\/\\\/www.glm.de\\\/en\\\/wp-content\\\/uploads\\\/2014\\\/07\\\/FM197-klein-150x150.jpg\",\"width\":150,\"height\":150}},{\"src\":\"https:\\\/\\\/www.glm.de\\\/en\\\/wp-content\\\/uploads\\\/2014\\\/10\\\/06_En-daimler-waer-schee_Snippet.mp3\",\"type\":\"audio\\\/mpeg\",\"title\":\"06_En daimler waer schee\",\"caption\":\"\",\"description\":\"\\\"06_En daimler waer schee\\\" aus Egal was kommt von Berta Epple. Ver\\u00f6ffentlicht: 2014.\",\"meta\":{\"artist\":\"Berta Epple\",\"album\":\"Egal was kommt\",\"year\":\"2014\",\"length_formatted\":\"1:30\"},\"image\":{\"src\":\"https:\\\/\\\/www.glm.de\\\/en\\\/wp-content\\\/uploads\\\/2014\\\/07\\\/FM197-klein.jpg\",\"width\":500,\"height\":500},\"thumb\":{\"src\":\"https:\\\/\\\/www.glm.de\\\/en\\\/wp-content\\\/uploads\\\/2014\\\/07\\\/FM197-klein-150x150.jpg\",\"width\":150,\"height\":150}},{\"src\":\"https:\\\/\\\/www.glm.de\\\/en\\\/wp-content\\\/uploads\\\/2014\\\/10\\\/07_Hennabrupfa_Snippet.mp3\",\"type\":\"audio\\\/mpeg\",\"title\":\"07_Hennabrupfa\",\"caption\":\"\",\"description\":\"\\\"07_Hennabrupfa\\\" aus Egal was kommt von Berta Epple. Ver\\u00f6ffentlicht: 2014.\",\"meta\":{\"artist\":\"Berta Epple\",\"album\":\"Egal was kommt\",\"year\":\"2014\",\"length_formatted\":\"1:30\"},\"image\":{\"src\":\"https:\\\/\\\/www.glm.de\\\/en\\\/wp-content\\\/uploads\\\/2014\\\/07\\\/FM197-klein.jpg\",\"width\":500,\"height\":500},\"thumb\":{\"src\":\"https:\\\/\\\/www.glm.de\\\/en\\\/wp-content\\\/uploads\\\/2014\\\/07\\\/FM197-klein-150x150.jpg\",\"width\":150,\"height\":150}},{\"src\":\"https:\\\/\\\/www.glm.de\\\/en\\\/wp-content\\\/uploads\\\/2014\\\/10\\\/08_Schwing-ist-das-Ding_Snippet.mp3\",\"type\":\"audio\\\/mpeg\",\"title\":\"08_Schwing ist das Ding\",\"caption\":\"\",\"description\":\"\\\"08_Schwing ist das Ding\\\" aus Egal was kommt von Berta Epple. Ver\\u00f6ffentlicht: 2014.\",\"meta\":{\"artist\":\"Berta Epple\",\"album\":\"Egal was kommt\",\"year\":\"2014\",\"length_formatted\":\"1:30\"},\"image\":{\"src\":\"https:\\\/\\\/www.glm.de\\\/en\\\/wp-content\\\/uploads\\\/2014\\\/07\\\/FM197-klein.jpg\",\"width\":500,\"height\":500},\"thumb\":{\"src\":\"https:\\\/\\\/www.glm.de\\\/en\\\/wp-content\\\/uploads\\\/2014\\\/07\\\/FM197-klein-150x150.jpg\",\"width\":150,\"height\":150}},{\"src\":\"https:\\\/\\\/www.glm.de\\\/en\\\/wp-content\\\/uploads\\\/2014\\\/10\\\/09_Hey-Mann-entspann-dich_Snippet.mp3\",\"type\":\"audio\\\/mpeg\",\"title\":\"09_Hey Mann entspann dich\",\"caption\":\"\",\"description\":\"\\\"09_Hey Mann entspann dich\\\" aus Egal was kommt von Berta Epple. Ver\\u00f6ffentlicht: 2013.\",\"meta\":{\"artist\":\"Berta Epple\",\"album\":\"Egal was kommt\",\"year\":\"2013\",\"length_formatted\":\"1:30\"},\"image\":{\"src\":\"https:\\\/\\\/www.glm.de\\\/en\\\/wp-content\\\/uploads\\\/2014\\\/07\\\/FM197-klein.jpg\",\"width\":500,\"height\":500},\"thumb\":{\"src\":\"https:\\\/\\\/www.glm.de\\\/en\\\/wp-content\\\/uploads\\\/2014\\\/07\\\/FM197-klein-150x150.jpg\",\"width\":150,\"height\":150}},{\"src\":\"https:\\\/\\\/www.glm.de\\\/en\\\/wp-content\\\/uploads\\\/2014\\\/10\\\/10_Hermanos_Snippet.mp3\",\"type\":\"audio\\\/mpeg\",\"title\":\"10_Hermanos\",\"caption\":\"\",\"description\":\"\\\"10_Hermanos\\\" aus Egal was kommt von Berta Epple. Ver\\u00f6ffentlicht: 2013.\",\"meta\":{\"artist\":\"Berta Epple\",\"album\":\"Egal was kommt\",\"year\":\"2013\",\"length_formatted\":\"1:30\"},\"image\":{\"src\":\"https:\\\/\\\/www.glm.de\\\/en\\\/wp-content\\\/uploads\\\/2014\\\/07\\\/FM197-klein.jpg\",\"width\":500,\"height\":500},\"thumb\":{\"src\":\"https:\\\/\\\/www.glm.de\\\/en\\\/wp-content\\\/uploads\\\/2014\\\/07\\\/FM197-klein-150x150.jpg\",\"width\":150,\"height\":150}},{\"src\":\"https:\\\/\\\/www.glm.de\\\/en\\\/wp-content\\\/uploads\\\/2014\\\/10\\\/11_No-halt-net_Snippet.mp3\",\"type\":\"audio\\\/mpeg\",\"title\":\"11_No halt net\",\"caption\":\"\",\"description\":\"\\\"11_No halt net\\\" aus Egal was kommt von Berta Epple. Ver\\u00f6ffentlicht: 2013.\",\"meta\":{\"artist\":\"Berta Epple\",\"album\":\"Egal was kommt\",\"year\":\"2013\",\"length_formatted\":\"1:30\"},\"image\":{\"src\":\"https:\\\/\\\/www.glm.de\\\/en\\\/wp-content\\\/uploads\\\/2014\\\/07\\\/FM197-klein.jpg\",\"width\":500,\"height\":500},\"thumb\":{\"src\":\"https:\\\/\\\/www.glm.de\\\/en\\\/wp-content\\\/uploads\\\/2014\\\/07\\\/FM197-klein-150x150.jpg\",\"width\":150,\"height\":150}},{\"src\":\"https:\\\/\\\/www.glm.de\\\/en\\\/wp-content\\\/uploads\\\/2014\\\/10\\\/12_Digital-Demenz_Snippet.mp3\",\"type\":\"audio\\\/mpeg\",\"title\":\"12_Digital-Demenz\",\"caption\":\"\",\"description\":\"\\\"12_Digital-Demenz\\\" aus Egal was kommt von Berta Epple. Ver\\u00f6ffentlicht: 2013.\",\"meta\":{\"artist\":\"Berta Epple\",\"album\":\"Egal was kommt\",\"year\":\"2013\",\"length_formatted\":\"1:30\"},\"image\":{\"src\":\"https:\\\/\\\/www.glm.de\\\/en\\\/wp-content\\\/uploads\\\/2014\\\/07\\\/FM197-klein.jpg\",\"width\":500,\"height\":500},\"thumb\":{\"src\":\"https:\\\/\\\/www.glm.de\\\/en\\\/wp-content\\\/uploads\\\/2014\\\/07\\\/FM197-klein-150x150.jpg\",\"width\":150,\"height\":150}},{\"src\":\"https:\\\/\\\/www.glm.de\\\/en\\\/wp-content\\\/uploads\\\/2014\\\/10\\\/13_So-isch-no-au-wieder_Snippet.mp3\",\"type\":\"audio\\\/mpeg\",\"title\":\"13_So isch no au wieder\",\"caption\":\"\",\"description\":\"\\\"13_So isch no au wieder\\\" aus Egal was kommt von Berta Epple. Ver\\u00f6ffentlicht: 2013.\",\"meta\":{\"artist\":\"Berta Epple\",\"album\":\"Egal was kommt\",\"year\":\"2013\",\"length_formatted\":\"1:30\"},\"image\":{\"src\":\"https:\\\/\\\/www.glm.de\\\/en\\\/wp-content\\\/uploads\\\/2014\\\/07\\\/FM197-klein.jpg\",\"width\":500,\"height\":500},\"thumb\":{\"src\":\"https:\\\/\\\/www.glm.de\\\/en\\\/wp-content\\\/uploads\\\/2014\\\/07\\\/FM197-klein-150x150.jpg\",\"width\":150,\"height\":150}},{\"src\":\"https:\\\/\\\/www.glm.de\\\/en\\\/wp-content\\\/uploads\\\/2014\\\/10\\\/14_Hoimet_Snippet.mp3\",\"type\":\"audio\\\/mpeg\",\"title\":\"14_Hoimet\",\"caption\":\"\",\"description\":\"\\\"14_Hoimet\\\" aus Egal was kommt von Berta Epple. Ver\\u00f6ffentlicht: 2013.\",\"meta\":{\"artist\":\"Berta Epple\",\"album\":\"Egal was kommt\",\"year\":\"2013\",\"length_formatted\":\"1:30\"},\"image\":{\"src\":\"https:\\\/\\\/www.glm.de\\\/en\\\/wp-content\\\/uploads\\\/2014\\\/07\\\/FM197-klein.jpg\",\"width\":500,\"height\":500},\"thumb\":{\"src\":\"https:\\\/\\\/www.glm.de\\\/en\\\/wp-content\\\/uploads\\\/2014\\\/07\\\/FM197-klein-150x150.jpg\",\"width\":150,\"height\":150}}]}<\/script>\n<\/div>\n\t\n<p>01. <strong>Egal was kommt<\/strong> <em>(M: Geraud,T: Holl\/M\u00fchleis)<\/em> 4:03<br \/>\n02. <strong>Bio Buff<\/strong> <em>(M: Berta Epple,T: KAB Fischer\/Holl)<\/em> 3:32<br \/>\n03. <strong>Eleanor Rigby<\/strong> <em>(M: Lennon\/MC Cartney,T: Lennon\/MC Cartney)<\/em> 5:50<br \/>\n04. <strong>Die Flut<\/strong> <em>(M: Berta Epple,T: Holl)<\/em> 2:49<br \/>\n05. <strong>Mama<\/strong> <em>(M: Berta Epple)<\/em> 4:44<br \/>\n06. <strong>En Daimler w\u00e4r schee<\/strong> <em>(M: Roost\/Soltani Ker,T: Holl\/M\u00fchleis)<\/em> 4:05<br \/>\n07. <strong>Hennabrupfa<\/strong> <em>(M: V.H\u00fcbner,T: Holl\/M\u00fchleis)<\/em> 4:45<br \/>\n08. <strong>Schwing ist das Ding<\/strong> <em>(M: Berta Epple,T: Holl)<\/em> 3:13<br \/>\n09. <strong>Hey Mann entspann dich<\/strong> <em>(M: Berta Epple,T: Holl)<\/em> 4:22<br \/>\n10. <strong>Hermanos<\/strong> <em>(M: G.H\u00fcbner)<\/em> 5:17<br \/>\n11. <strong>No halt net<\/strong> <em>(M: Berta Epple,T: Holl)<\/em> 4:46<br \/>\n12. <strong>Digital-Demenz<\/strong> <em>(M: G.H\u00fcbner-KAB Fischer,T: Holl)<\/em> 3:52<br \/>\n13. <strong>So isch no au wieder<\/strong> <em>(M: KAB Fischer-V.H\u00fcbner, T: Trad.)<\/em> 2:53<br \/>\n14. <strong>Hoimet<\/strong> <em>(M: Sand, T: M\u00fchleis)<\/em> 4:18<\/p>\n<p>Sie spielen wie die jungen G\u00f6tter und sind doch dem Menschlichen heute n\u00e4her als je zuvor. Nach zig erfolgreichen Jahren auf Deutschlands B\u00fchnen mit \u201eTango Five\u201c sind Bobbi Fischer und Veit und Gregor H\u00fcbner nun als \u201eBerta Epple\u201c vor allem eins: sie selbst.<\/p>\n<p>Unter der Flagge ihrer Namenspatronin, sieht man darin nun die innovative schw\u00e4bische Unternehmergattin, oder das nach ihr benannte Neckardampfschiff, segelt \u2013 Pardon \u2013 dampft das Trio von seinem Heimathafen aus und zieht dabei weite Kreise, was die musikalischen Stilrichtungen (Latinmusic, Jazz, Weltmusik, Chanson) angeht, und geht in die Tiefe der allzu oft verdr\u00e4ngten Gedanken und Emotionen.<\/p>\n<p>Als wahre K\u00fcnstler an ihren Instrumenten (Piano, Geige, Kontrabass) sind sie weit herumgekommen auf der Welt, und mit vielen namhaften Gr\u00f6\u00dfen des Musikgesch\u00e4fts aufgetreten. Doch nie haben sie ihren heimatlichen Ankerplatz vergessen, und das merkt man ihren Texten an, den Themen, die sie ansprechen und in immer wieder wunderbarem Satzgesang und, \u00f6fters auch im schw\u00e4bischen Dialekt, besingen.<\/p>\n<p>Doch w\u00e4ren es nicht Fischer und die H\u00fcbner-Br\u00fcder, s\u00e4\u00dfe ihnen nicht auch der Schalk im Nacken. Und so wechseln sich Lachsalven ab mit der sprichw\u00f6rtlichen G\u00e4nsehaut. Die bekommt man unweigerlich bei dieser herausragenden Musik und der Ehrlichkeit mit der sie vorgetragen wird.<\/p>\n<p>\u201eBerta Epple\u201c bringt vieles zusammen, was in Wirklichkeit auch zusammen geh\u00f6rt:<\/p>\n<p><strong>Weltm\u00e4nnisches und Heimatverbundenheit<\/strong><br \/>\n<strong>Virtuosit\u00e4t und Bodenst\u00e4ndigkeit<\/strong><br \/>\n<strong>Weisheit und Witz<\/strong><br \/>\n<strong>Der Himmel k\u00fcsst die Erde. Das weitet den Horizont!<\/strong><\/p>\n","protected":false},"excerpt":{"rendered":"<p><a class=\"button smart_link_button\" href=\"https:\/\/smarturl.it\/bertaeppleegal\" target=\"_blank\" rel=\"noopener\">Choose your store!<\/a><\/p>\n","protected":false},"featured_media":1336,"comment_status":"open","ping_status":"closed","template":"","meta":[],"product_brand":[],"product_cat":[694,604,704],"product_tag":[695,697,241,696],"class_list":{"0":"post-1334","1":"product","2":"type-product","3":"status-publish","4":"has-post-thumbnail","6":"product_cat-berta-epple","7":"product_cat-fine-music","8":"product_cat-gregor-huebner","9":"product_tag-berta-epple","10":"product_tag-bobbi-fischer","11":"product_tag-gregor-huebner","12":"product_tag-veit-huebner","14":"first","15":"instock","16":"taxable","17":"shipping-taxable","18":"product-type-external"},"_links":{"self":[{"href":"https:\/\/www.glm.de\/en\/wp-json\/wp\/v2\/product\/1334"}],"collection":[{"href":"https:\/\/www.glm.de\/en\/wp-json\/wp\/v2\/product"}],"about":[{"href":"https:\/\/www.glm.de\/en\/wp-json\/wp\/v2\/types\/product"}],"replies":[{"embeddable":true,"href":"https:\/\/www.glm.de\/en\/wp-json\/wp\/v2\/comments?post=1334"}],"wp:featuredmedia":[{"embeddable":true,"href":"https:\/\/www.glm.de\/en\/wp-json\/wp\/v2\/media\/1336"}],"wp:attachment":[{"href":"https:\/\/www.glm.de\/en\/wp-json\/wp\/v2\/media?parent=1334"}],"wp:term":[{"taxonomy":"product_brand","embeddable":true,"href":"https:\/\/www.glm.de\/en\/wp-json\/wp\/v2\/product_brand?post=1334"},{"taxonomy":"product_cat","embeddable":true,"href":"https:\/\/www.glm.de\/en\/wp-json\/wp\/v2\/product_cat?post=1334"},{"taxonomy":"product_tag","embeddable":true,"href":"https:\/\/www.glm.de\/en\/wp-json\/wp\/v2\/product_tag?post=1334"}],"curies":[{"name":"wp","href":"https:\/\/api.w.org\/{rel}","templated":true}]}}