{"id":1437,"date":"2014-08-26T12:32:14","date_gmt":"2014-08-26T10:32:14","guid":{"rendered":"http:\/\/www.glm.de\/?post_type=product&#038;p=1437"},"modified":"2025-04-26T04:27:45","modified_gmt":"2025-04-26T02:27:45","slug":"roelf-roemer-bill-dobbins-quartet-a-tribute-to-b-a-c-h","status":"publish","type":"product","link":"https:\/\/www.glm.de\/en\/product\/roelf-roemer-bill-dobbins-quartet-a-tribute-to-b-a-c-h\/","title":{"rendered":"R\u00f6lf R\u00f6mer &#038; Bill Dobbins Quartet &#8211; A Tribute to B.A.C.H."},"content":{"rendered":"<p><strong>Rolf R\u00f6mer<\/strong> tenor and soprano saxophone<br \/>\n<strong>Bill Dobbins<\/strong> piano<br \/>\n<strong>John Goldsby<\/strong> double bass<br \/>\n<strong>Danny Schr\u00f6teler<\/strong> drums and percussion<\/p>\n<p>01. <strong> Presto | 3. Satz aus dem Italienischen Konzert F-dur BWV 971 <\/strong><br \/>\n<em>(Johann Sebastian Bach; Bearbeitung: Bill Dobbins )<\/em> 8:41<br \/>\n02. <strong> Gigue aus der Partita Nr. 3 a-moll BWV 827 <\/strong><br \/>\n<em>(Johann Sebastian Bach; Bearbeitung: Rolf R\u00f6mer )<\/em> 9:22<br \/>\n03. <strong>Preludium Nr. 12 f-moll (aus &#8220;Das wohltemperierte Klavier&#8221; 2. Teil) BWV 881 <\/strong><br \/>\n<em>(Johann Sebastian Bach; Bearbeitung: Bill Dobbings )<\/em> 8:44<br \/>\n04. <strong>Suite f\u00fcr Violoncello Solo Nr. 1 G-dur BWV 1007 <\/strong><br \/>\n<em>(Johann Sebastian Bach; Bearbeitung: John Goldsby)<\/em> 6:53<br \/>\n05. <strong> Air on the &#8220;g&#8221;-string 2. Satz aus der Ouvert\u00fcre Nr. 3 D-dur f\u00fcr Streichorchester BWV 1068 <\/strong> <em>(Bearbeitung: Bill Dobbins)<\/em> 4:44<br \/>\n06. <strong> Opus on B.A.C.H. Eine Komposition unter Verwendung der Initialen und Motive Bachs<\/strong> <em>(Rolf R\u00f6mer)<\/em> 9:35<br \/>\n07. <strong>Pennies in D (for J.S.B.)<\/strong> <em>(Bill Dobbins)<\/em> 7:25<br \/>\n08. <strong> Andante 2. Satz aus dem Konzert f\u00fcr Violine und Orchester a-moll <\/strong><br \/>\n<em>(Johann Sebastian Bach; Bearbeitung: Rolf R\u00f6mer)<\/em> 6:12<\/p>\n<p>Als Mitglieder der WDR Big Band sind sie beileibe keine Unbekannten. Rolf R\u00f6mer und Bill Dobbins schlossen sich anl\u00e4sslich des 250. Todestages von Johann Sebastian Bach mit John Goldsby und Danny Schr\u00f6teler zu einem Quartett zusammen. Produziert von der Deutschen Welle in K\u00f6ln entstand diese Aufnahme mit Bearbeitungen von Bachwerken und zwei eigenen Kompositionen unter Verwendung Bachscher Motive.<\/p>\n<p>Produced 1999 by Edition Collage<\/p>\n","protected":false},"excerpt":{"rendered":"<p><a class=\"button smart_link_button\" href=\"https:\/\/smarturl.it\/atributetobachroemer\" target=\"_blank\" rel=\"noopener\">Choose your store!<\/a><\/p>\n","protected":false},"featured_media":1438,"comment_status":"open","ping_status":"closed","template":"","meta":[],"product_brand":[],"product_cat":[607,200],"product_tag":[681],"class_list":{"0":"post-1437","1":"product","2":"type-product","3":"status-publish","4":"has-post-thumbnail","6":"product_cat-edition-collage","7":"product_cat-rolf-roemer","8":"product_tag-rolf-roemer","10":"first","11":"instock","12":"featured","13":"taxable","14":"shipping-taxable","15":"product-type-external"},"_links":{"self":[{"href":"https:\/\/www.glm.de\/en\/wp-json\/wp\/v2\/product\/1437"}],"collection":[{"href":"https:\/\/www.glm.de\/en\/wp-json\/wp\/v2\/product"}],"about":[{"href":"https:\/\/www.glm.de\/en\/wp-json\/wp\/v2\/types\/product"}],"replies":[{"embeddable":true,"href":"https:\/\/www.glm.de\/en\/wp-json\/wp\/v2\/comments?post=1437"}],"wp:featuredmedia":[{"embeddable":true,"href":"https:\/\/www.glm.de\/en\/wp-json\/wp\/v2\/media\/1438"}],"wp:attachment":[{"href":"https:\/\/www.glm.de\/en\/wp-json\/wp\/v2\/media?parent=1437"}],"wp:term":[{"taxonomy":"product_brand","embeddable":true,"href":"https:\/\/www.glm.de\/en\/wp-json\/wp\/v2\/product_brand?post=1437"},{"taxonomy":"product_cat","embeddable":true,"href":"https:\/\/www.glm.de\/en\/wp-json\/wp\/v2\/product_cat?post=1437"},{"taxonomy":"product_tag","embeddable":true,"href":"https:\/\/www.glm.de\/en\/wp-json\/wp\/v2\/product_tag?post=1437"}],"curies":[{"name":"wp","href":"https:\/\/api.w.org\/{rel}","templated":true}]}}