{"id":1503,"date":"2014-09-23T11:52:25","date_gmt":"2014-09-23T09:52:25","guid":{"rendered":"http:\/\/www.glm.de\/?post_type=product&#038;p=1503"},"modified":"2019-11-19T15:52:47","modified_gmt":"2019-11-19T13:52:47","slug":"alex-de-santis-jazz-quartet-le-canzoni-italiane","status":"publish","type":"product","link":"https:\/\/www.glm.de\/en\/product\/alex-de-santis-jazz-quartet-le-canzoni-italiane\/","title":{"rendered":"Alex De Santis Jazz Quartet &#8211; Le Canzoni Italiane"},"content":{"rendered":"<p><strong>Alessandro de Santis<\/strong> tenor sax<br \/>\n<strong>Davide Roberts<\/strong> piano<br \/>\n<strong>Rudi Schie\u00dfl<\/strong> bass<br \/>\n<strong>Thomas Elwenspoek<\/strong> drums<\/p>\n<p>01. <strong>Nel Bl\u00fa Dipinto Di Bl\u00fa<\/strong> <em>(Modugno)<\/em> 7:25<br \/>\n02. <strong>Carusu<\/strong> <em>(Di Capua)<\/em> 12:09<br \/>\n03. <strong>T&#8217;Ho Voluto Bene<\/strong> <em>(Redi)<\/em> 10:36<br \/>\n04. <strong>O Sole Mio<\/strong> <em>(Di Capua)<\/em> 12:09<br \/>\n05. <strong>Sapore Di Sale<\/strong> <em>(Paoli)<\/em> 7:11<br \/>\n06. <strong>Regginella<\/strong> <em>(Lama)<\/em> 10:19<br \/>\n07. <strong>Malafemmena<\/strong> <em>(De Curtis)<\/em> 10:00<\/p>\n<p><strong>Alessandro de Santis<\/strong>, Saxophonist und Bandleader aus Rom, hat sich beliebter Lieder seiner Heimat angenommen und sie f\u00fcr sein Quartett neu arrangiert. Was bereits viele Italienliebhaber in Konzerten genie\u00dfen durften, ist nun auf CD zu h\u00f6ren.<\/p>\n<p><strong>Alessandro de Santis<\/strong>, saxophonist and bandleader from Rome, has rearranged some favourite songs of his native country. Many lovers of Italy have heard this music in concert, now it is available on CD.<\/p>\n<p>Produced 1999 by Edition Collage<\/p>\n","protected":false},"excerpt":{"rendered":"<p><a class=\"button smart_link_button\" href=\"https:\/\/smarturl.it\/lecanzoniitaliane\" target=\"_blank\" rel=\"noopener\">Choose your store!<\/a><\/p>\n","protected":false},"featured_media":1652,"comment_status":"open","ping_status":"closed","template":"","meta":[],"product_brand":[],"product_cat":[607],"product_tag":[],"class_list":{"0":"post-1503","1":"product","2":"type-product","3":"status-publish","4":"has-post-thumbnail","6":"product_cat-edition-collage","8":"first","9":"instock","10":"taxable","11":"shipping-taxable","12":"product-type-external"},"_links":{"self":[{"href":"https:\/\/www.glm.de\/en\/wp-json\/wp\/v2\/product\/1503"}],"collection":[{"href":"https:\/\/www.glm.de\/en\/wp-json\/wp\/v2\/product"}],"about":[{"href":"https:\/\/www.glm.de\/en\/wp-json\/wp\/v2\/types\/product"}],"replies":[{"embeddable":true,"href":"https:\/\/www.glm.de\/en\/wp-json\/wp\/v2\/comments?post=1503"}],"wp:featuredmedia":[{"embeddable":true,"href":"https:\/\/www.glm.de\/en\/wp-json\/wp\/v2\/media\/1652"}],"wp:attachment":[{"href":"https:\/\/www.glm.de\/en\/wp-json\/wp\/v2\/media?parent=1503"}],"wp:term":[{"taxonomy":"product_brand","embeddable":true,"href":"https:\/\/www.glm.de\/en\/wp-json\/wp\/v2\/product_brand?post=1503"},{"taxonomy":"product_cat","embeddable":true,"href":"https:\/\/www.glm.de\/en\/wp-json\/wp\/v2\/product_cat?post=1503"},{"taxonomy":"product_tag","embeddable":true,"href":"https:\/\/www.glm.de\/en\/wp-json\/wp\/v2\/product_tag?post=1503"}],"curies":[{"name":"wp","href":"https:\/\/api.w.org\/{rel}","templated":true}]}}