{"id":1548,"date":"2014-09-23T11:58:50","date_gmt":"2014-09-23T09:58:50","guid":{"rendered":"http:\/\/www.glm.de\/?post_type=product&#038;p=1548"},"modified":"2022-10-13T00:23:10","modified_gmt":"2022-10-12T22:23:10","slug":"maximilian-geller-maximilian-geller-goes-bossa-encore","status":"publish","type":"product","link":"https:\/\/www.glm.de\/en\/product\/maximilian-geller-maximilian-geller-goes-bossa-encore\/","title":{"rendered":"Maximilian Geller &#8211; Maximilian Geller Goes Bossa Encore"},"content":{"rendered":"<p><strong>Maximilian Geller<\/strong> alto saxophone<br \/>\n<strong>Peter Mihelich<\/strong> piano, fender rhodes<br \/>\n<strong>Fernando Corr\u00eaa<\/strong> guitar<br \/>\n<strong>Joris Teepe<\/strong> bass<br \/>\n<strong>Vito Lesczak<\/strong> drums<br \/>\n<strong>Melanie Bong<\/strong> vocals<br \/>\n<strong>Susan Tobocman<\/strong> vocals<br \/>\n<strong>Sabina Sciubba<\/strong> vocals<\/p>\n<p>01. <strong>Madalena<\/strong> <em>(Lins \/ de Souza)<\/em> 4:16<br \/>\n02. <strong>Medita\u00e7\u00e3o<\/strong> <em>(Jobim \/ Mendonca)<\/em> 5:28<br \/>\n03. <strong>Bolinha de Papel<\/strong> <em>(Pereira)<\/em> 3:43<br \/>\n04. <strong>Estrada do sol<\/strong> <em>(Jobim \/ Duran)<\/em> 5:13<br \/>\n05. <strong>Only trust your heart<\/strong> <em>(Brodszky \/ Cahn)<\/em> 4:22<br \/>\n06. <strong>A Felicidade<\/strong> <em>(Jobim \/ Salvet \/ de Moraes)<\/em> 3:51<br \/>\n07. <strong>Caminhos Cruzados<\/strong> <em>(Jobim \/ Mendonca)<\/em> 5:01<br \/>\n08. <strong>Berimbau<\/strong> <em>(Powell \/ de Moraes)<\/em> 5:02<br \/>\n09. <strong>Luiza<\/strong> <em>(Jobim)<\/em> 5:06<br \/>\n10. <strong>Aruanda<\/strong> <em>(Lyra \/ Vandre)<\/em> 3:40<br \/>\n11. <strong>Estate<\/strong> <em>(Martino \/ Brighetti)<\/em> 4:28<br \/>\n12. <strong>Once I loved<\/strong> <em>(Jobim \/de Moraes)<\/em> 4:55<\/p>\n<p>Die Musiker der vorliegenden CD lernte Maximilian sowohl in Graz als auch in New York kennen und obwohl alle an verschiedenen Orten verstreut leben, kommen sie immer wieder zusammen, um neue Aufnahmen zu machen oder Konzerte zu geben. Die Konzerte werden immer mit jeweils einer S\u00e4ngerin gespielt. Susan Tobocman lebt als S\u00e4ngerin in New York und kommt von Zeit zu Zeit f\u00fcr Konzerte mit dem Ensemble von Max Geller nach Deutschland. Sabina Sciubba lebt in M\u00fcnchen und ist eine gefragte S\u00e4ngerin in verschiedenen Formationen. Melanie Bong studiert noch in Graz an der Jazzhochschule, wo sie auch lebt.<\/p>\n<p>Maximilian met the musicians on the present CD in Graz and in New York, and even though they all now live in different places, they get together again and again to record and play concerts. On their live performances, they always include a female vocalist.<\/p>\n<p>Produced 1996 by Edition Collage<\/p>\n","protected":false},"excerpt":{"rendered":"<p><a class=\"button smart_link_button\" href=\"https:\/\/smarturl.it\/gellerencore\" target=\"_blank\" rel=\"noopener\">Choose your store!<\/a><\/p>\n","protected":false},"featured_media":1645,"comment_status":"open","ping_status":"closed","template":"","meta":[],"product_brand":[],"product_cat":[607,170],"product_tag":[],"class_list":{"0":"post-1548","1":"product","2":"type-product","3":"status-publish","4":"has-post-thumbnail","6":"product_cat-edition-collage","7":"product_cat-maximilian-geller","9":"first","10":"instock","11":"taxable","12":"shipping-taxable","13":"product-type-external"},"_links":{"self":[{"href":"https:\/\/www.glm.de\/en\/wp-json\/wp\/v2\/product\/1548"}],"collection":[{"href":"https:\/\/www.glm.de\/en\/wp-json\/wp\/v2\/product"}],"about":[{"href":"https:\/\/www.glm.de\/en\/wp-json\/wp\/v2\/types\/product"}],"replies":[{"embeddable":true,"href":"https:\/\/www.glm.de\/en\/wp-json\/wp\/v2\/comments?post=1548"}],"wp:featuredmedia":[{"embeddable":true,"href":"https:\/\/www.glm.de\/en\/wp-json\/wp\/v2\/media\/1645"}],"wp:attachment":[{"href":"https:\/\/www.glm.de\/en\/wp-json\/wp\/v2\/media?parent=1548"}],"wp:term":[{"taxonomy":"product_brand","embeddable":true,"href":"https:\/\/www.glm.de\/en\/wp-json\/wp\/v2\/product_brand?post=1548"},{"taxonomy":"product_cat","embeddable":true,"href":"https:\/\/www.glm.de\/en\/wp-json\/wp\/v2\/product_cat?post=1548"},{"taxonomy":"product_tag","embeddable":true,"href":"https:\/\/www.glm.de\/en\/wp-json\/wp\/v2\/product_tag?post=1548"}],"curies":[{"name":"wp","href":"https:\/\/api.w.org\/{rel}","templated":true}]}}