{"id":1550,"date":"2014-09-18T17:24:23","date_gmt":"2014-09-18T15:24:23","guid":{"rendered":"http:\/\/www.glm.de\/?post_type=product&#038;p=1550"},"modified":"2026-04-14T06:22:19","modified_gmt":"2026-04-14T04:22:19","slug":"lars-duppler-le-grand-lustucru-lars-duppler-trio-spielt-kurt-weill","status":"publish","type":"product","link":"https:\/\/www.glm.de\/en\/product\/lars-duppler-le-grand-lustucru-lars-duppler-trio-spielt-kurt-weill\/","title":{"rendered":"Lars Duppler &#8211; Le Grand Lustucru &#8211; Lars Duppler Trio spielt Kurt Weill"},"content":{"rendered":"<p><strong>Lars Duppler<\/strong> Piano, Arrangements<br \/>\n<strong>Matthias Akeo Nowak<\/strong> Bass<br \/>\n<strong>Jens D\u00fcppe<\/strong> Drums<br \/>\n<strong>Eva Mayerhofer<\/strong> Vocals (4 &amp; 10)<br \/>\n<strong>John Ruocco<\/strong> Clarinet (5, 8 &amp; 10)<\/p>\n<p>01. <strong>Intro<\/strong> 0:15<br \/>\n02. <strong>Polly\u00b4s Song<\/strong> 5:23<br \/>\n03. <strong>Die Zuh\u00e4lterballade<\/strong> 6:40<br \/>\n04. <strong>Nannas Lied <\/strong> 6:00<br \/>\n05. <strong>Grabschrift <\/strong> 7:44<br \/>\n06. <strong>Der Morgenchoral Des Peachum <\/strong> 4:35<br \/>\n07. <strong>Das Lied Des Lotterieagenten <\/strong> 7:12<br \/>\n08. <strong>Liebeslied <\/strong> 7:36<br \/>\n09. <strong>Das Erste Dreigroschenfinale <\/strong> 7:14<br \/>\n10. <strong>My Ship <\/strong> 4:20<br \/>\n11. <strong>Die Moritat Von Mackie Messer <\/strong> 2:59<\/p>\n<p>&nbsp;<\/p>\n<p>Lars Duppler Trio spielt Kurt Weill &#8211; Warum sind eigentlich Weills deutsche Songs noch keine Standards? Sie sind es. Das beweist der Preistr\u00e4ger des K\u00f6lner Jazz-F\u00f6rderpreises 2003 mit diesem Werk auf eindrucksvolle Weise. Lars Duppler liegt wie Weill viel daran, ein breites Publikum zu erreichen, ohne seinen k\u00fcnstlerischen Anspruch auf das Schafott des seichten Kompromisses zu schicken.<\/p>\n","protected":false},"excerpt":{"rendered":"<p><a class=\"button smart_link_button\" href=\"https:\/\/smarturl.it\/larsdupplerlustucru\" target=\"_blank\" rel=\"noopener\">Choose your store!<\/a><\/p>\n","protected":false},"featured_media":1551,"comment_status":"open","ping_status":"closed","template":"","meta":[],"product_brand":[],"product_cat":[607,711],"product_tag":[],"class_list":{"0":"post-1550","1":"product","2":"type-product","3":"status-publish","4":"has-post-thumbnail","6":"product_cat-edition-collage","7":"product_cat-lars-duppler","9":"first","10":"instock","11":"taxable","12":"shipping-taxable","13":"product-type-external"},"_links":{"self":[{"href":"https:\/\/www.glm.de\/en\/wp-json\/wp\/v2\/product\/1550"}],"collection":[{"href":"https:\/\/www.glm.de\/en\/wp-json\/wp\/v2\/product"}],"about":[{"href":"https:\/\/www.glm.de\/en\/wp-json\/wp\/v2\/types\/product"}],"replies":[{"embeddable":true,"href":"https:\/\/www.glm.de\/en\/wp-json\/wp\/v2\/comments?post=1550"}],"wp:featuredmedia":[{"embeddable":true,"href":"https:\/\/www.glm.de\/en\/wp-json\/wp\/v2\/media\/1551"}],"wp:attachment":[{"href":"https:\/\/www.glm.de\/en\/wp-json\/wp\/v2\/media?parent=1550"}],"wp:term":[{"taxonomy":"product_brand","embeddable":true,"href":"https:\/\/www.glm.de\/en\/wp-json\/wp\/v2\/product_brand?post=1550"},{"taxonomy":"product_cat","embeddable":true,"href":"https:\/\/www.glm.de\/en\/wp-json\/wp\/v2\/product_cat?post=1550"},{"taxonomy":"product_tag","embeddable":true,"href":"https:\/\/www.glm.de\/en\/wp-json\/wp\/v2\/product_tag?post=1550"}],"curies":[{"name":"wp","href":"https:\/\/api.w.org\/{rel}","templated":true}]}}