{"id":1552,"date":"2014-09-18T17:56:55","date_gmt":"2014-09-18T15:56:55","guid":{"rendered":"http:\/\/www.glm.de\/?post_type=product&#038;p=1552"},"modified":"2019-11-25T14:28:30","modified_gmt":"2019-11-25T12:28:30","slug":"andreas-schnermann-welcome-to-my-backyard","status":"publish","type":"product","link":"https:\/\/www.glm.de\/en\/product\/andreas-schnermann-welcome-to-my-backyard\/","title":{"rendered":"Andreas Schnermann &#8211; Welcome to my Backyard"},"content":{"rendered":"<p><strong>Andreas Schnermann <\/strong> piano<br \/>\n<strong>Matthias Bergmann <\/strong> fluegelhorn and trumpet<br \/>\n<strong>Pepe Berns <\/strong> bass<br \/>\n<strong>Matt Perko <\/strong> drums and percussion<br \/>\nguests:<br \/>\n<strong>Jonas Schoen saxes, flute and clarinets<br \/>\n<strong>Matthias Muche trombones<br \/>\n<strong>Kai Br\u00fcckner guitar<\/strong><\/strong><\/strong><\/p>\n<p>01. <strong>the night you looked two ways <\/strong> <em> Andreas Schnermann <\/em> 8:24<br \/>\n02. <strong>flyfisher <\/strong> <em>Andreas Schnermann <\/em> 9:59<br \/>\n03. <strong>my secret friend <\/strong> <em>Andreas Schnermann <\/em>6:56<br \/>\n04. <strong>Spanish harem <\/strong> <em>Andreas Schnermann <\/em>7:24<br \/>\n05. <strong>wurundjeri, the majestic <\/strong> <em>Andreas Schnermann <\/em>5:28<br \/>\n06. <strong>backyard suite <\/strong> <em>Andreas Schnermann <\/em>5:43<br \/>\n07. <strong>the englisch man and the girl <\/strong> <em> Andreas Schnermann <\/em>6:18<br \/>\n08. <strong>inner child <\/strong> <em>Andreas Schnermann <\/em>8:53<br \/>\n09. <strong>backyard blues <\/strong> <em>Andreas Schnermann <\/em>1:27<\/p>\n<p>&nbsp;<\/p>\n<p>Andreas Schnermann stellt mit &#8220;Welcome to my backyard&#8221; sein zweites Album vor. Seine Kompositionen sind klar aus der Tradition der Songs, melodisch, dabei modern und emotional abwechslungsreich. Er nimmt den Zuh\u00f6rer mit auf einen Ausflug in seinen musikalischen &#8220;backyard&#8221;. Und das gelingt ihm nicht zuletzt durch die Musikalit\u00e4t seiner Mitspieler, die mit ihm, alle auf einer klanglichen Wellenl\u00e4nge sind. Diese Band hat ihren Sound&#8230; viel Freude beim H\u00f6ren!<\/p>\n<p>Produced 2002 by Edition Collage<\/p>\n","protected":false},"excerpt":{"rendered":"<p><a class=\"button smart_link_button\" href=\"https:\/\/smarturl.it\/andreasschnermann\" target=\"_blank\" rel=\"noopener\">Choose your store!<\/a><\/p>\n","protected":false},"featured_media":1607,"comment_status":"open","ping_status":"closed","template":"","meta":[],"product_brand":[],"product_cat":[607],"product_tag":[],"class_list":{"0":"post-1552","1":"product","2":"type-product","3":"status-publish","4":"has-post-thumbnail","6":"product_cat-edition-collage","8":"first","9":"instock","10":"taxable","11":"shipping-taxable","12":"product-type-external"},"_links":{"self":[{"href":"https:\/\/www.glm.de\/en\/wp-json\/wp\/v2\/product\/1552"}],"collection":[{"href":"https:\/\/www.glm.de\/en\/wp-json\/wp\/v2\/product"}],"about":[{"href":"https:\/\/www.glm.de\/en\/wp-json\/wp\/v2\/types\/product"}],"replies":[{"embeddable":true,"href":"https:\/\/www.glm.de\/en\/wp-json\/wp\/v2\/comments?post=1552"}],"wp:featuredmedia":[{"embeddable":true,"href":"https:\/\/www.glm.de\/en\/wp-json\/wp\/v2\/media\/1607"}],"wp:attachment":[{"href":"https:\/\/www.glm.de\/en\/wp-json\/wp\/v2\/media?parent=1552"}],"wp:term":[{"taxonomy":"product_brand","embeddable":true,"href":"https:\/\/www.glm.de\/en\/wp-json\/wp\/v2\/product_brand?post=1552"},{"taxonomy":"product_cat","embeddable":true,"href":"https:\/\/www.glm.de\/en\/wp-json\/wp\/v2\/product_cat?post=1552"},{"taxonomy":"product_tag","embeddable":true,"href":"https:\/\/www.glm.de\/en\/wp-json\/wp\/v2\/product_tag?post=1552"}],"curies":[{"name":"wp","href":"https:\/\/api.w.org\/{rel}","templated":true}]}}