{"id":1558,"date":"2014-09-19T15:42:06","date_gmt":"2014-09-19T13:42:06","guid":{"rendered":"http:\/\/www.glm.de\/?post_type=product&#038;p=1558"},"modified":"2019-11-25T14:22:20","modified_gmt":"2019-11-25T12:22:20","slug":"manfred-junker-quartet-cole-porter-live","status":"publish","type":"product","link":"https:\/\/www.glm.de\/en\/product\/manfred-junker-quartet-cole-porter-live\/","title":{"rendered":"Manfred Junker Quartet &#8211; Cole Porter &#8211; Live!"},"content":{"rendered":"<p><strong>Manfred Junker <\/strong> guitar<br \/>\n<strong>Reto Suhner <\/strong> soprano, alto &amp; tenor saxophones<br \/>\n<strong>Heier Merk <\/strong> bass<br \/>\n<strong>Martin Deufel <\/strong> drums<\/p>\n<p>01. <strong>From this moment on <\/strong> <em>Cole Porter <\/em>6:34<br \/>\n02. <strong>Dream dancing <\/strong> <em>Cole Porter <\/em>8:30<br \/>\n03. <strong>I love Paris <\/strong> <em>Cole Porter <\/em>8:24<br \/>\n04. <strong>All of you <\/strong> <em>Cole Porter <\/em>7:14<br \/>\n05. <strong>After you <\/strong> <em>Cole Porter <\/em>8:25<br \/>\n06. <strong>I get a kick out of you <\/strong> <em>Cole Porter <\/em>7:56<br \/>\n07. <strong>You&#8217;d be so nice to come home to <\/strong> <em>Cole Porter <\/em>7:05<br \/>\n08. <strong>Love for sale <\/strong> <em>Cole Porter <\/em>7:25<br \/>\n09. <strong>Get out of town <\/strong> <em>Cole Porter <\/em>6:06<br \/>\n10. <strong>Bonustrack: So in love (solo guitar) <\/strong> <em> Cole Porter <\/em> 4:26<\/p>\n<p>&nbsp;<\/p>\n<p>Im Modern Jazz hat sich Manfred Junker bisher fast ausschlie\u00dflich mit seinen Eigenkompositionen einen Namen gemacht. Als Thema seiner neuesten CD dagegen hat er die Kompositionen von Cole Porter gew\u00e4hlt. Jetzt stellt er sein Album &#8220;Cole Porter &#8211; live!&#8221; vor. Mit interessanten Arrangements, die gen\u00fcgend Raum f\u00fcr Improvisation lassen, und mit viel musikalischer \u00dcberzeugungskraft. In den musikalisch und technisch hervorragenden Liveaufnahmen vom M\u00e4rz 2001 &#8211; mitgeschnitten bei Auftritten in verschiedenen Jazzclubs &#8211; stellen Manfred Junker an der Gitarre, Saxophonist Reto Suhner, Bassist Heiner Merk und Drummer Martin Deufel im Quartett ihr erstklassiges K\u00f6nnen unter Beweis. Mit ihrem einmaligen Zusammenspiel, einer schier unersch\u00fctterlichen Rhythmusgruppe und ihren groovenden, einfallsreichen Soli ziehen sie den H\u00f6rer in ihren Bann und vermitteln eine unglaubliche Spielfreude. Mit ihrem Album gelingt es den vier Musikern in bester Manier, den Zuh\u00f6rer f\u00fcr die zeitlose und aktuelle Musik von Cole Porter zu begeistern.<\/p>\n<p>Produced 2001 by Edition Collage<\/p>\n","protected":false},"excerpt":{"rendered":"<p><a class=\"button smart_link_button\" href=\"https:\/\/smarturl.it\/manfredjunkerquartet\" target=\"_blank\" rel=\"noopener\">Choose your store!<\/a><\/p>\n","protected":false},"featured_media":1604,"comment_status":"open","ping_status":"closed","template":"","meta":[],"product_brand":[],"product_cat":[607],"product_tag":[],"class_list":{"0":"post-1558","1":"product","2":"type-product","3":"status-publish","4":"has-post-thumbnail","6":"product_cat-edition-collage","8":"first","9":"instock","10":"taxable","11":"shipping-taxable","12":"product-type-external"},"_links":{"self":[{"href":"https:\/\/www.glm.de\/en\/wp-json\/wp\/v2\/product\/1558"}],"collection":[{"href":"https:\/\/www.glm.de\/en\/wp-json\/wp\/v2\/product"}],"about":[{"href":"https:\/\/www.glm.de\/en\/wp-json\/wp\/v2\/types\/product"}],"replies":[{"embeddable":true,"href":"https:\/\/www.glm.de\/en\/wp-json\/wp\/v2\/comments?post=1558"}],"wp:featuredmedia":[{"embeddable":true,"href":"https:\/\/www.glm.de\/en\/wp-json\/wp\/v2\/media\/1604"}],"wp:attachment":[{"href":"https:\/\/www.glm.de\/en\/wp-json\/wp\/v2\/media?parent=1558"}],"wp:term":[{"taxonomy":"product_brand","embeddable":true,"href":"https:\/\/www.glm.de\/en\/wp-json\/wp\/v2\/product_brand?post=1558"},{"taxonomy":"product_cat","embeddable":true,"href":"https:\/\/www.glm.de\/en\/wp-json\/wp\/v2\/product_cat?post=1558"},{"taxonomy":"product_tag","embeddable":true,"href":"https:\/\/www.glm.de\/en\/wp-json\/wp\/v2\/product_tag?post=1558"}],"curies":[{"name":"wp","href":"https:\/\/api.w.org\/{rel}","templated":true}]}}