{"id":1561,"date":"2014-09-19T15:55:37","date_gmt":"2014-09-19T13:55:37","guid":{"rendered":"http:\/\/www.glm.de\/?post_type=product&#038;p=1561"},"modified":"2019-11-05T15:48:36","modified_gmt":"2019-11-05T13:48:36","slug":"mind-games-kind-of-swing","status":"publish","type":"product","link":"https:\/\/www.glm.de\/en\/product\/mind-games-kind-of-swing\/","title":{"rendered":"Mind Games &#8211; Kind of Swing"},"content":{"rendered":"<p><strong>Lisa Wahlandt <\/strong>vocal<br \/>\n<strong>Mulo Francel <\/strong>tenor sax<br \/>\n<strong>Andreas Binder <\/strong>french horn, mellophone<br \/>\n<strong>Bastian Pusch <\/strong>piano, vocal<br \/>\n<strong>D. D. Lowka <\/strong>bass<br \/>\n<strong>Csaba Schmitz <\/strong>drums<\/p>\n<p>01. <strong>smile <\/strong> <em> C.Chaplin <\/em>4:07<br \/>\n02. <strong>shiny stockings <\/strong> <em>F.B.Foster, E.Fitzgerald <\/em>4:38<br \/>\n03. <strong>little girl <\/strong> <em>M.Francel, L.Wahlandt <\/em>6:33<br \/>\n04. <strong>stormy day <\/strong> <em>L.Wahlandt <\/em>3:26<br \/>\n05. <strong>you go to may head <\/strong> <em>F.J.Coots <\/em>4:57<br \/>\n06. <strong>juliette, no cigarette <\/strong> <em>M.Francel <\/em>5:03<br \/>\n07. <strong>a tisket, a tasket <\/strong> <em>E.Fitzgerald, V.Alexander <\/em>3:44<br \/>\n08. <strong>somewhere over the rainbow <\/strong> <em>H.Arlen <\/em>5:15<br \/>\n09. <strong>l\u00b4ombelico della principessa <\/strong> <em> B.Pusch <\/em> 3:53<br \/>\n10. <strong>the blues <\/strong> <em>B.Pusch <\/em>4:02<br \/>\n11. <strong>let me explain <\/strong> <em>M.Francel, L.Wahlandt <\/em>4:03<br \/>\n12. <strong>baby, it\u00b4s cold outside <\/strong> <em>F.Loesser <\/em>3:15<\/p>\n<p>&#8220;Kind of Swing&#8221; betiteln Mind Games ihre neueste Ver\u00f6ffentlichung und pr\u00e4sentieren Aufnahmen, mit denen sie auf eindrucksvolle Weise ihre Interpretation von Swing zu Geh\u00f6r bringen. Modern arrangierte Eigenkompositionen im Wechsel mit bekannten Klassikern. Mit swingenden L\u00e4ufen, jazzigem Drive und geschmeidigen Soli gestalten Mind Games eine einzigartig gel\u00f6ste und harmonische Atmosph\u00e4re. Allen voran Bandleader Mulo Francel mit seinem einf\u00fchlsam, vokal gespieltem Tenorsax und Lisa Wahlandt, die mit der ganzen Beweglichkeit ihrer Stimme beeindruckt: mit Scat-Vocals anschmiegsam und flie\u00dfend in den Balladen, expressiv in den Uptempo Songs. Mind Games swingen ph\u00e4nomenal von der ersten bis zur letzten Note.<\/p>\n<p>Produced by Edition Collage<\/p>\n","protected":false},"excerpt":{"rendered":"<p><a class=\"button smart_link_button\" href=\"https:\/\/smarturl.it\/mindgameskindofswing\" target=\"_blank\" rel=\"noopener\">Choose your store!<\/a><\/p>\n","protected":false},"featured_media":1590,"comment_status":"open","ping_status":"closed","template":"","meta":[],"product_brand":[],"product_cat":[607],"product_tag":[],"class_list":{"0":"post-1561","1":"product","2":"type-product","3":"status-publish","4":"has-post-thumbnail","6":"product_cat-edition-collage","8":"first","9":"instock","10":"taxable","11":"shipping-taxable","12":"product-type-external"},"_links":{"self":[{"href":"https:\/\/www.glm.de\/en\/wp-json\/wp\/v2\/product\/1561"}],"collection":[{"href":"https:\/\/www.glm.de\/en\/wp-json\/wp\/v2\/product"}],"about":[{"href":"https:\/\/www.glm.de\/en\/wp-json\/wp\/v2\/types\/product"}],"replies":[{"embeddable":true,"href":"https:\/\/www.glm.de\/en\/wp-json\/wp\/v2\/comments?post=1561"}],"wp:featuredmedia":[{"embeddable":true,"href":"https:\/\/www.glm.de\/en\/wp-json\/wp\/v2\/media\/1590"}],"wp:attachment":[{"href":"https:\/\/www.glm.de\/en\/wp-json\/wp\/v2\/media?parent=1561"}],"wp:term":[{"taxonomy":"product_brand","embeddable":true,"href":"https:\/\/www.glm.de\/en\/wp-json\/wp\/v2\/product_brand?post=1561"},{"taxonomy":"product_cat","embeddable":true,"href":"https:\/\/www.glm.de\/en\/wp-json\/wp\/v2\/product_cat?post=1561"},{"taxonomy":"product_tag","embeddable":true,"href":"https:\/\/www.glm.de\/en\/wp-json\/wp\/v2\/product_tag?post=1561"}],"curies":[{"name":"wp","href":"https:\/\/api.w.org\/{rel}","templated":true}]}}