{"id":1564,"date":"2014-09-19T15:59:03","date_gmt":"2014-09-19T13:59:03","guid":{"rendered":"http:\/\/www.glm.de\/?post_type=product&#038;p=1564"},"modified":"2019-11-25T14:28:56","modified_gmt":"2019-11-25T12:28:56","slug":"corinne-chatel-quintett-ma-vie-en-rose","status":"publish","type":"product","link":"https:\/\/www.glm.de\/en\/product\/corinne-chatel-quintett-ma-vie-en-rose\/","title":{"rendered":"Corinne Chatel Quintett &#8211; Ma Vie En Rose"},"content":{"rendered":"<p><strong>Corinne Chatel <\/strong>vocals<br \/>\n<strong>Stefan Sigg <\/strong>trumpet<br \/>\n<strong>Davide Roberts <\/strong>piano<br \/>\n<strong>J\u00fcrgen Richter <\/strong>bass<br \/>\n<strong>Thomas Elwenspoek <\/strong>drums<\/p>\n<p>01. <strong>L&#8217;effet que tu me fais <\/strong> <em>Murray, Edmond <\/em>7:21<br \/>\n02. <strong>Boblicity <\/strong> <em>Davis, Perrin <\/em>7:29<br \/>\n03. <strong>Naima <\/strong> <em>Coltrane, Perrin <\/em>9:29<br \/>\n04. <strong>Wave <\/strong> <em>Jobim <\/em>8:16<br \/>\n05. <strong>How high the moon <\/strong> <em>Lewis <\/em>4:42<br \/>\n06. <strong>La vie en rose <\/strong> <em>Louiguy, Piaf <\/em>9:02<br \/>\n07. <strong>Celtic Song <\/strong> <em>Chatel <\/em>8:22<br \/>\n08. <strong>Les feuilles mortes <\/strong> <em>Mercer, Prevert <\/em> 12:33<\/p>\n<p>&nbsp;<\/p>\n<p>&#8220;Jazz auf ganz eigene und differenzierte Art&#8221; &#8211; das bietet das Corinne Chatel Quintet.<\/p>\n<p>Wer diese Stimme und dieses Temperament einmal gesehen und geh\u00f6rt hat, wird s\u00fcchtig: Corinne Chatel verbindet modernen Jazz und Chanson, keltische und orientalische Elemente, a cappella und Lautmalerei zu einer hei\u00dfen Mixtur, die sie polyglott in Englisch, Franz\u00f6sisch und Portugiesisch auslebt &#8211; zusammen mit einer hochkar\u00e4tigen Band.<\/p>\n<p>Produced 2000 by Edition Collage<\/p>\n","protected":false},"excerpt":{"rendered":"<p><a class=\"button smart_link_button\" href=\"https:\/\/smarturl.it\/corinnechatelquint\" target=\"_blank\" rel=\"noopener\">Choose your store!<\/a><\/p>\n","protected":false},"featured_media":1599,"comment_status":"open","ping_status":"closed","template":"","meta":[],"product_brand":[],"product_cat":[607],"product_tag":[],"class_list":{"0":"post-1564","1":"product","2":"type-product","3":"status-publish","4":"has-post-thumbnail","6":"product_cat-edition-collage","8":"first","9":"instock","10":"taxable","11":"shipping-taxable","12":"product-type-external"},"_links":{"self":[{"href":"https:\/\/www.glm.de\/en\/wp-json\/wp\/v2\/product\/1564"}],"collection":[{"href":"https:\/\/www.glm.de\/en\/wp-json\/wp\/v2\/product"}],"about":[{"href":"https:\/\/www.glm.de\/en\/wp-json\/wp\/v2\/types\/product"}],"replies":[{"embeddable":true,"href":"https:\/\/www.glm.de\/en\/wp-json\/wp\/v2\/comments?post=1564"}],"wp:featuredmedia":[{"embeddable":true,"href":"https:\/\/www.glm.de\/en\/wp-json\/wp\/v2\/media\/1599"}],"wp:attachment":[{"href":"https:\/\/www.glm.de\/en\/wp-json\/wp\/v2\/media?parent=1564"}],"wp:term":[{"taxonomy":"product_brand","embeddable":true,"href":"https:\/\/www.glm.de\/en\/wp-json\/wp\/v2\/product_brand?post=1564"},{"taxonomy":"product_cat","embeddable":true,"href":"https:\/\/www.glm.de\/en\/wp-json\/wp\/v2\/product_cat?post=1564"},{"taxonomy":"product_tag","embeddable":true,"href":"https:\/\/www.glm.de\/en\/wp-json\/wp\/v2\/product_tag?post=1564"}],"curies":[{"name":"wp","href":"https:\/\/api.w.org\/{rel}","templated":true}]}}