{"id":1565,"date":"2014-09-19T16:00:13","date_gmt":"2014-09-19T14:00:13","guid":{"rendered":"http:\/\/www.glm.de\/?post_type=product&#038;p=1565"},"modified":"2022-07-18T17:24:18","modified_gmt":"2022-07-18T15:24:18","slug":"jermaine-landsberger-trio-gina-samba-in-june","status":"publish","type":"product","link":"https:\/\/www.glm.de\/en\/product\/jermaine-landsberger-trio-gina-samba-in-june\/","title":{"rendered":"Jermaine Landsberger Trio &#038; Gina &#8211; Samba In June"},"content":{"rendered":"<p><strong>Gina <\/strong>vocals<br \/>\n<strong>Jermaine Landsberger <\/strong> grand piano &amp; keyboards<br \/>\n<strong>Davide Petrocca <\/strong>acoustic &amp; electric bass<br \/>\n<strong>Matthias Gmelin <\/strong>drums<br \/>\n<strong>Helmut Kagerer <\/strong>guitar on 1, 3, 6<\/p>\n<p>01. <strong>Corcovado <\/strong> <em>Jobim <\/em>4:39<br \/>\n02. <strong>In a sentimental mood <\/strong> <em>Mills, ellington, Kurtz <\/em> 6:19<br \/>\n03. <strong>Briga nunca mais <\/strong> <em>Jobim <\/em>4:07<br \/>\n04. <strong>Come fly with me <\/strong> <em>Van Heusen <\/em>5:10<br \/>\n05. <strong>Fotografia <\/strong> <em>Jobim <\/em>3:39<br \/>\n06. <strong>Samba in June <\/strong> <em>Landsberger <\/em>5:03<br \/>\n07. <strong>Watch what happens <\/strong> <em>Legrand <\/em>2:59<br \/>\n08. <strong>That&#8217;s all <\/strong> <em>Brandt, Haynes <\/em>6:02<br \/>\n09. <strong>A Felicidade <\/strong> <em>Jobim <\/em>4:15<br \/>\n10. <strong>Teach me tonight <\/strong> <em>de Paul <\/em>4:18<br \/>\n11. <strong>It&#8217;s a Samba <\/strong> <em>Landsberger <\/em>3:36<\/p>\n<p>&nbsp;<\/p>\n<p>F\u00fcr die vorliegende Ver\u00f6ffentlichung bearbeitete Jermaine Landsberger Standards von Jobim wie Corcovado, Fotografia oder Briga nunca mais und spielte sie mit seinem bew\u00e4hrten Schlagzeuger Matthias Gmelin und dem Ausnahmebassisten Davide Petrocca ein. Das Besondere aber an dieser Aufnahme ist Gina, eine S\u00e4ngerin, die durch ihre einf\u00fchlsame Interpretation besticht. Ebenfalls als Gast f\u00fcr diese Aufnahme ist der Gitarrist Helmut Kagerer zu h\u00f6ren, der bei vier Titeln mit seinem Spiel die Aufnahme abrundet.<\/p>\n<p>Produced 2000 by Edition Collage<\/p>\n","protected":false},"excerpt":{"rendered":"<p><a class=\"button smart_link_button\" href=\"https:\/\/glmmusic.de\/SambainJune\" target=\"_blank\" rel=\"noopener\">Choose your store!<\/a><\/p>\n","protected":false},"featured_media":1598,"comment_status":"open","ping_status":"closed","template":"","meta":[],"product_brand":[],"product_cat":[1141,607,1143,1142,1028,1140],"product_tag":[],"class_list":{"0":"post-1565","1":"product","2":"type-product","3":"status-publish","4":"has-post-thumbnail","6":"product_cat-davide-petrocca","7":"product_cat-edition-collage","8":"product_cat-gina","9":"product_cat-helmut-kagerer","10":"product_cat-jermaine-landsberger","11":"product_cat-matthias-gmelin","13":"first","14":"instock","15":"taxable","16":"shipping-taxable","17":"product-type-external"},"_links":{"self":[{"href":"https:\/\/www.glm.de\/en\/wp-json\/wp\/v2\/product\/1565"}],"collection":[{"href":"https:\/\/www.glm.de\/en\/wp-json\/wp\/v2\/product"}],"about":[{"href":"https:\/\/www.glm.de\/en\/wp-json\/wp\/v2\/types\/product"}],"replies":[{"embeddable":true,"href":"https:\/\/www.glm.de\/en\/wp-json\/wp\/v2\/comments?post=1565"}],"wp:featuredmedia":[{"embeddable":true,"href":"https:\/\/www.glm.de\/en\/wp-json\/wp\/v2\/media\/1598"}],"wp:attachment":[{"href":"https:\/\/www.glm.de\/en\/wp-json\/wp\/v2\/media?parent=1565"}],"wp:term":[{"taxonomy":"product_brand","embeddable":true,"href":"https:\/\/www.glm.de\/en\/wp-json\/wp\/v2\/product_brand?post=1565"},{"taxonomy":"product_cat","embeddable":true,"href":"https:\/\/www.glm.de\/en\/wp-json\/wp\/v2\/product_cat?post=1565"},{"taxonomy":"product_tag","embeddable":true,"href":"https:\/\/www.glm.de\/en\/wp-json\/wp\/v2\/product_tag?post=1565"}],"curies":[{"name":"wp","href":"https:\/\/api.w.org\/{rel}","templated":true}]}}