{"id":1566,"date":"2014-09-19T16:01:18","date_gmt":"2014-09-19T14:01:18","guid":{"rendered":"http:\/\/www.glm.de\/?post_type=product&#038;p=1566"},"modified":"2019-11-19T15:50:14","modified_gmt":"2019-11-19T13:50:14","slug":"martin-weiss-ensemble-savoir-vivre","status":"publish","type":"product","link":"https:\/\/www.glm.de\/en\/product\/martin-weiss-ensemble-savoir-vivre\/","title":{"rendered":"Martin Weiss Ensemble &#8211; Savoir Vivre"},"content":{"rendered":"<p><strong>Martin Weiss <\/strong>violin, guitar<br \/>\n<strong>Kussi Weiss <\/strong>solo guitar<br \/>\n<strong>Tschabo Franzen <\/strong>rhythm guitar<br \/>\n<strong>Andr\u00e9 Loos <\/strong>contrabass<br \/>\n<strong>Carmen Hey <\/strong>accordeon<br \/>\n<strong>Romani Weiss <\/strong>guitar<br \/>\n<strong>Joachim K\u00fchn <\/strong>drums<br \/>\n<strong>R\u00fcdiger Maul <\/strong>percussion<\/p>\n<p>01. <strong>I love you <\/strong> <em>A.Thomson <\/em>4:12<br \/>\n02. <strong>Oblivion <\/strong> <em>A.Piazolla <\/em>4:28<br \/>\n03. <strong>Vent D\u00b4Automne <\/strong> <em>L.Peguri <\/em>2:42<br \/>\n04. <strong>Savoir Vivre <\/strong> <em>M.Weiss <\/em> 4:14<br \/>\n05. <strong>Monsieur Le Flic <\/strong> <em>M.Weiss <\/em> 4:14<br \/>\n06. <strong>Rendezvous <\/strong> <em>M.Weiss <\/em> 4:13<br \/>\n07. <strong>Bonjour L\u00b4Amour <\/strong> <em>R.Weiss <\/em> 2:19<br \/>\n08. <strong>Whispering <\/strong> <em>J.Schonberger <\/em> 4:24<br \/>\n09. <strong>Eine Welt ohne dich <\/strong> <em>W.K\u00e4hne <\/em> 4:00<br \/>\n10. <strong>Ungeticko Kotta <\/strong> <em>Traditional <\/em>3:28<br \/>\n11. <strong>You are my everything <\/strong> <em> Cobb\/Gomez <\/em>5:56<\/p>\n<p>&nbsp;<\/p>\n<p>Auf der CD &#8220;savoir vivre&#8221; dokumentieren Martin Weiss und sein Ensemble eindrucksvoll Ihr meisterhaftes K\u00f6nnen. In den exzellenten Aufnahmen pr\u00e4sentieren sie ihr umfassendes Stil- und Klangspektrum von Walzer und Csardas \u00fcber Latin- und Tangoeinfl\u00fcsse bis hin zum Swing, vereinen auf unvergleichliche Weise Traditionelles mit Zeitgem\u00e4\u00dfem. Mit au\u00dfergew\u00f6hnlicher Musikalit\u00e4t und h\u00f6chster technischer Raffinesse nimmt Martin Weiss den H\u00f6rer gefangen. Das Ensemble geht dabei mit bewundernswerter Perfektion auf ihn ein.<\/p>\n<p>Produced 2001 by Edition Collage<\/p>\n","protected":false},"excerpt":{"rendered":"<p><a class=\"button smart_link_button\" href=\"https:\/\/smarturl.it\/martinweissensemble\" target=\"_blank\" rel=\"noopener\">Choose your store!<\/a><\/p>\n","protected":false},"featured_media":1597,"comment_status":"open","ping_status":"closed","template":"","meta":[],"product_brand":[],"product_cat":[607],"product_tag":[],"class_list":{"0":"post-1566","1":"product","2":"type-product","3":"status-publish","4":"has-post-thumbnail","6":"product_cat-edition-collage","8":"first","9":"instock","10":"taxable","11":"shipping-taxable","12":"product-type-external"},"_links":{"self":[{"href":"https:\/\/www.glm.de\/en\/wp-json\/wp\/v2\/product\/1566"}],"collection":[{"href":"https:\/\/www.glm.de\/en\/wp-json\/wp\/v2\/product"}],"about":[{"href":"https:\/\/www.glm.de\/en\/wp-json\/wp\/v2\/types\/product"}],"replies":[{"embeddable":true,"href":"https:\/\/www.glm.de\/en\/wp-json\/wp\/v2\/comments?post=1566"}],"wp:featuredmedia":[{"embeddable":true,"href":"https:\/\/www.glm.de\/en\/wp-json\/wp\/v2\/media\/1597"}],"wp:attachment":[{"href":"https:\/\/www.glm.de\/en\/wp-json\/wp\/v2\/media?parent=1566"}],"wp:term":[{"taxonomy":"product_brand","embeddable":true,"href":"https:\/\/www.glm.de\/en\/wp-json\/wp\/v2\/product_brand?post=1566"},{"taxonomy":"product_cat","embeddable":true,"href":"https:\/\/www.glm.de\/en\/wp-json\/wp\/v2\/product_cat?post=1566"},{"taxonomy":"product_tag","embeddable":true,"href":"https:\/\/www.glm.de\/en\/wp-json\/wp\/v2\/product_tag?post=1566"}],"curies":[{"name":"wp","href":"https:\/\/api.w.org\/{rel}","templated":true}]}}