{"id":1567,"date":"2014-09-19T16:02:42","date_gmt":"2014-09-19T14:02:42","guid":{"rendered":"http:\/\/www.glm.de\/?post_type=product&#038;p=1567"},"modified":"2019-11-19T15:55:43","modified_gmt":"2019-11-19T13:55:43","slug":"summit-jazz-orchestra-moods-of-a-cat","status":"publish","type":"product","link":"https:\/\/www.glm.de\/en\/product\/summit-jazz-orchestra-moods-of-a-cat\/","title":{"rendered":"Summit Jazz Orchestra &#8211; Moods of a cat"},"content":{"rendered":"<p><strong>Markus Lihocky <\/strong>alto &amp; soprano sax<br \/>\n<strong>Ulrich Wangenheim <\/strong>alto &amp; soprano sax<br \/>\n<strong>Mark Wyand <\/strong>tenor sax<br \/>\n<strong>Hugo Siemeth <\/strong>tenor sax<br \/>\n<strong>J\u00fcrgen Zimmermann <\/strong>baritone &amp; bassclarinet<br \/>\n<strong>Tobias Weidinger <\/strong>Trumpets &amp; Flugelhorns<br \/>\n<strong>Axel Schlosser <\/strong>Trumpets &amp; Flugelhorns<br \/>\n<strong>Sven Klammer <\/strong>Trumpets &amp; Flugelhorns<br \/>\n<strong>Martin Auer <\/strong>Trumpets &amp; Flugelhorns<br \/>\n<strong>Rainer Sell <\/strong>Trombone<br \/>\n<strong>Mathias G\u00f6tz <\/strong>Trombone<br \/>\n<strong>Martin Ostermeier <\/strong>Trombone<br \/>\n<strong>Christian Sommerer <\/strong>Basstrombone<br \/>\n<strong>Hanno Busch <\/strong>Guitar<br \/>\n<strong>Michael Wollny <\/strong>Piano<br \/>\n<strong>Markus Schieferdecker <\/strong> Bass<br \/>\n<strong>Jean-Paul H\u00f6chst\u00e4dter <\/strong> Drums<\/p>\n<p>01. <strong>Black Nile <\/strong> <em>Soloists: Hugo Siemeth, tenrosax &amp; mouthpiece-dropping <\/em> 5:24<br \/>\n02. <strong>Moods of a cat <\/strong> <em>Soloists: Sven Klammer, flugelhorn <\/em>8:59<br \/>\n03. <strong>Nasty Dance <\/strong> <em>Soloist: Mark Wyand, tenorsax <\/em>10:39<br \/>\n04. <strong>Caravan <\/strong> <em>Soloists: J\u00fcrgen Zimmermann, baritonesax <\/em>7:32<br \/>\n05. <strong>Hibernation <\/strong> <em>Soloist: Martin Ostermeier, trombone <\/em>7:31<br \/>\n06. <strong>Nu\u00e9es d\u00b4orage <\/strong> <em> Soloists: Ulrich Wangenheim <\/em>8:31<br \/>\n07. <strong>Ding Dong Ding <\/strong> <em>Soloists: Markus Lihocky, sopranosax <\/em>7:30<\/p>\n<p>&nbsp;<\/p>\n<p>Das Summit Jazz Orchestra wurde im Herbst 1997 von dem Regensburger Bassposaunisten Christian Sommerer gegr\u00fcndet. Die Musiker des SJO&#8217;s sind zwischen 20 und 30 Jahre alt und kommen aus dem ganzen Bundesgebiet.<\/p>\n<p>Alle Musiker waren oder sind Mitglieder des Bundesjugendjazz-orchester unter Peter Herbolzheimer und in den verschiedenen Landesjugendjazzorchestern. Sie geh\u00f6ren zu den gefragtesten jungen Jazzmusikern in Deutschland und spielen u.a. in den Big Bands des HR, SWR, RIAS, der Peter Herbolzheimer RC &amp; B, der Bobby Burgess Big Band Explosion, Al Porcino Big Band oder Dusko Goykovich&#8217;s Munich Big Band.<\/p>\n<p>Die Tradition des &#8220;steady gig&#8221; der gro\u00dfen amerikanischen Big Bands etablierte das SJO auch in Regensburg und trifft sich dort jeden letzten Sonntag im Monat im Jazzclub &#8220;Leerer Beutel&#8221; zum Proben und anschlie\u00dfendem Konzertieren.<\/p>\n<p>Seit seiner Gr\u00fcndung konnte sich das Summit Jazz Orchestra dank dem &#8220;Esprit du Corps&#8221; und dem unerm\u00fcdlichen Einsatz der Musiker zu einem qualitativ hochwertigen Klangk\u00f6rper entwickeln. Bei Konzerten in ganz Deutschland u.a. auch mit Gastsolisten wie z.B. Peter Herbolzheimer, Bobby Shew, Al Porcino, Dusko Goykovich oder Clark Terry und bei Tourneen im In- und Ausland \u00fcberzeugte die Band ihr Publikum. Ein unvergessliches Erlebnis f\u00fcr die Musiker war die Teilnahme am Montreux Jazz Festival 1998, wo das SJO ein knapp einw\u00f6chiges umjubeltes Gastspiel gab.<\/p>\n<p>H\u00f6hepunkt der Bandgeschichte bis jetzt war die im Oktober 1999 absolvierte USA-Tournee. Auf Empfehlung des Ausw\u00e4rtigen Amtes und mit einer Einladung des Pr\u00e4sidenten der Vereinigten Staaten tourte das Summit Jazz Orchestra als erste auf dem &#8220;freien Markt&#8221; t\u00e4tige europ\u00e4ische Profibigband drei Wochen lang durch die USA (27 Konzerte in 7 Staaten).<\/p>\n<p>Gro\u00dfen Wert legt die Band auf die Auswahl ihres Programms und versucht Kompositionen und Arrangements in ihr Repertoire aufzunehmen, die in erster Linie den Gesamtklang des Orchesters herausstellen und gleichzeitig eine ideale Plattform f\u00fcr die jeweiligen Solisten bieten.<\/p>\n<p>Programmatischer Schwerpunkt ist vor allem die europ\u00e4ische und deutsche Bigbandliteratur, die in den letzten Jahren dank dem Wirken \u00e4u\u00dferst talentierter Komponisten und Arrangeure neue, internationale Ma\u00dfst\u00e4be gesetzt hat. Dieses Programm ist jetzt auch auf CD zu h\u00f6ren: Moods of a cat.<\/p>\n<p>Produced 2000 by Edition Collage<\/p>\n","protected":false},"excerpt":{"rendered":"<p><a class=\"button smart_link_button\" href=\"https:\/\/smarturl.it\/moodsofacat\" target=\"_blank\" rel=\"noopener\">Choose your store!<\/a><\/p>\n","protected":false},"featured_media":1596,"comment_status":"open","ping_status":"closed","template":"","meta":[],"product_brand":[],"product_cat":[607],"product_tag":[],"class_list":{"0":"post-1567","1":"product","2":"type-product","3":"status-publish","4":"has-post-thumbnail","6":"product_cat-edition-collage","8":"first","9":"instock","10":"taxable","11":"shipping-taxable","12":"product-type-external"},"_links":{"self":[{"href":"https:\/\/www.glm.de\/en\/wp-json\/wp\/v2\/product\/1567"}],"collection":[{"href":"https:\/\/www.glm.de\/en\/wp-json\/wp\/v2\/product"}],"about":[{"href":"https:\/\/www.glm.de\/en\/wp-json\/wp\/v2\/types\/product"}],"replies":[{"embeddable":true,"href":"https:\/\/www.glm.de\/en\/wp-json\/wp\/v2\/comments?post=1567"}],"wp:featuredmedia":[{"embeddable":true,"href":"https:\/\/www.glm.de\/en\/wp-json\/wp\/v2\/media\/1596"}],"wp:attachment":[{"href":"https:\/\/www.glm.de\/en\/wp-json\/wp\/v2\/media?parent=1567"}],"wp:term":[{"taxonomy":"product_brand","embeddable":true,"href":"https:\/\/www.glm.de\/en\/wp-json\/wp\/v2\/product_brand?post=1567"},{"taxonomy":"product_cat","embeddable":true,"href":"https:\/\/www.glm.de\/en\/wp-json\/wp\/v2\/product_cat?post=1567"},{"taxonomy":"product_tag","embeddable":true,"href":"https:\/\/www.glm.de\/en\/wp-json\/wp\/v2\/product_tag?post=1567"}],"curies":[{"name":"wp","href":"https:\/\/api.w.org\/{rel}","templated":true}]}}