{"id":1570,"date":"2014-09-19T16:05:30","date_gmt":"2014-09-19T14:05:30","guid":{"rendered":"http:\/\/www.glm.de\/?post_type=product&#038;p=1570"},"modified":"2019-11-19T15:54:28","modified_gmt":"2019-11-19T13:54:28","slug":"ulli-juenemann-morten-ginnerup-european-jazz-project-the-exhibition","status":"publish","type":"product","link":"https:\/\/www.glm.de\/en\/product\/ulli-juenemann-morten-ginnerup-european-jazz-project-the-exhibition\/","title":{"rendered":"Ulli J\u00fcnemann &#8211; Morten Ginnerup European Jazz Project &#8211; The Exhibition"},"content":{"rendered":"<p><strong>Sylvia Droste <\/strong>vocals<br \/>\n<strong>Martijn Sohier <\/strong>trombone<br \/>\n<strong>Christian Kappe <\/strong>trumpet, flugelhorn<br \/>\n<strong>Ulli J\u00fcnemann <\/strong>saxophones<br \/>\n<strong>Morten Ginnerup <\/strong>piano<br \/>\n<strong>Jens Loh <\/strong>double bass<br \/>\n<strong>Thorsten Grau <\/strong>drums<\/p>\n<p>01. <strong>Bedalia <\/strong> <em>Morten Ginnerup <\/em>6:43<br \/>\n02. <strong>Calvin&#8217;s song <\/strong> <em>Ulli J\u00fcnemann <\/em>7:24<br \/>\n03. <strong>Mr. G.&#8217;s stepping shoes <\/strong> <em>Ulli J\u00fcnemann <\/em>7:59<br \/>\n04. <strong>Sad step <\/strong> <em>Ulli J\u00fcnemann <\/em>9:38<br \/>\n05. <strong>Ballad for A <\/strong> <em>Ulli J\u00fcnemann <\/em>6:48<br \/>\n06. <strong>Never again <\/strong> <em>Morten Ginnerup <\/em> 5:46<br \/>\n07. <strong>Tango al dente <\/strong> <em>Ulli J\u00fcnemann <\/em>6:46<br \/>\n08. <strong>Olives in the ashtray <\/strong> <em>Jens Loh <\/em>6:54<\/p>\n<p>&nbsp;<\/p>\n<p>Ulli J\u00fcnemann und Morten Ginnerup haben sich bei dieser Aufnahme zu einer ersten Ver\u00f6ffentlichung zusammengefunden und daf\u00fcr namhafte Musikerkollegen gewinnen k\u00f6nnen. W\u00e4hrend ihres Aufenthalts in den Niederlanden fanden die beiden die optimalen Bedingungen f\u00fcr die Verwirklichung ihrer musikalischen Ideen. Bevor die Band ins Studio ging gab es eine Reihe von Konzerten in ganz Europa. Im Herbst 1998 schlie\u00dflich fand man den Weg ins legend\u00e4re Studio 44 in Monster, Holland.<\/p>\n<p>Produced 1999 by Edition Collage<\/p>\n","protected":false},"excerpt":{"rendered":"<p><a class=\"button smart_link_button\" href=\"https:\/\/smarturl.it\/ullijuenemann\" target=\"_blank\" rel=\"noopener\">Choose your store!<\/a><\/p>\n","protected":false},"featured_media":1593,"comment_status":"open","ping_status":"closed","template":"","meta":[],"product_brand":[],"product_cat":[607],"product_tag":[],"class_list":{"0":"post-1570","1":"product","2":"type-product","3":"status-publish","4":"has-post-thumbnail","6":"product_cat-edition-collage","8":"first","9":"instock","10":"taxable","11":"shipping-taxable","12":"product-type-external"},"_links":{"self":[{"href":"https:\/\/www.glm.de\/en\/wp-json\/wp\/v2\/product\/1570"}],"collection":[{"href":"https:\/\/www.glm.de\/en\/wp-json\/wp\/v2\/product"}],"about":[{"href":"https:\/\/www.glm.de\/en\/wp-json\/wp\/v2\/types\/product"}],"replies":[{"embeddable":true,"href":"https:\/\/www.glm.de\/en\/wp-json\/wp\/v2\/comments?post=1570"}],"wp:featuredmedia":[{"embeddable":true,"href":"https:\/\/www.glm.de\/en\/wp-json\/wp\/v2\/media\/1593"}],"wp:attachment":[{"href":"https:\/\/www.glm.de\/en\/wp-json\/wp\/v2\/media?parent=1570"}],"wp:term":[{"taxonomy":"product_brand","embeddable":true,"href":"https:\/\/www.glm.de\/en\/wp-json\/wp\/v2\/product_brand?post=1570"},{"taxonomy":"product_cat","embeddable":true,"href":"https:\/\/www.glm.de\/en\/wp-json\/wp\/v2\/product_cat?post=1570"},{"taxonomy":"product_tag","embeddable":true,"href":"https:\/\/www.glm.de\/en\/wp-json\/wp\/v2\/product_tag?post=1570"}],"curies":[{"name":"wp","href":"https:\/\/api.w.org\/{rel}","templated":true}]}}