{"id":1573,"date":"2014-09-19T16:10:39","date_gmt":"2014-09-19T14:10:39","guid":{"rendered":"http:\/\/www.glm.de\/?post_type=product&#038;p=1573"},"modified":"2024-09-20T01:00:12","modified_gmt":"2024-09-19T23:00:12","slug":"mind-games-feat-lisa-wahlandt-mulo-francel-plays-the-music-of-stan-getz-astrud-gilberto","status":"publish","type":"product","link":"https:\/\/www.glm.de\/en\/product\/mind-games-feat-lisa-wahlandt-mulo-francel-plays-the-music-of-stan-getz-astrud-gilberto\/","title":{"rendered":"Mind Games feat. Lisa Wahlandt &#038; Mulo Francel &#8211; Plays The Music Of Stan Getz &#038; Astrud Gilberto"},"content":{"rendered":"<p><strong>Lisa Wahlandt <\/strong> vocal<br \/>\n<strong>Mulo Francel <\/strong>tenor sax<br \/>\n<strong>Knud Mensing <\/strong>guitar<br \/>\n<strong>Robert Kainar <\/strong> percussion<br \/>\n<strong>Csaba Schmitz <\/strong> drums<br \/>\n<strong>D. D. Lowka <\/strong>acoustic bass<\/p>\n<p>01. <strong>Agua de Beber <\/strong> <em>Jobim <\/em>4:26<br \/>\n02. <strong>So danco Samba <\/strong> <em>Jobim <\/em>1:54<br \/>\n03. <strong>Telephone Song <\/strong> <em>Menescal <\/em>2:37<br \/>\n04. <strong>No one like you <\/strong> <em>Wahlandt <\/em>3:42<br \/>\n05. <strong>Corcovado <\/strong> <em>Jobim <\/em>3:27<br \/>\n06. <strong>Orfeo Negro <\/strong> <em>Bonfa, Maria <\/em>3:39<br \/>\n07. <strong>O pato <\/strong> <em>Silva, Teixeira <\/em>1:44<br \/>\n08. <strong>Paixao <\/strong> <em>Francel, Wahlandt <\/em>5:10<br \/>\n09. <strong>Dindi <\/strong> <em>Jobim <\/em>4:21<br \/>\n10. <strong>Voce e eu <\/strong> <em>Lyra <\/em>1:55<br \/>\n11. <strong>Bim bom <\/strong> <em>Gilberto <\/em>3:03<br \/>\n12. <strong>E Luxo so <\/strong> <em>Barroso <\/em>5:06<br \/>\n13. <strong>How insensitive <\/strong> <em>Jobim <\/em>7:17<br \/>\n14. <strong>Girl from Ipanema <\/strong> <em>Jobim <\/em>4:30<br \/>\n15. <strong>Agua de Beber <\/strong> <em>Jobim <\/em>1:11<\/p>\n<p>Der 1991 verstorbene Tenorsaxophonist Stan Getz war einer der ersten, der den nordamerikanischen Cool Jazz mit dem vibrierenden Puls brasilianischer Rhythmen verband. Das Ergebnis hie\u00df Bossa Nova, dem er und die S\u00e4ngerin Astrud Gilberto zu weltweitem Ruhm verhalfen. Zugeschnitten auf die Titelauswahl h\u00f6rt man auf dieser Ver\u00f6ffentlichung der Mind Games eine Besetzung mit reduzierter Bl\u00e4serbesetzung und zus\u00e4tzlicher Gitarre. &#8220;Eines der feinsten Jazzorchester unserer Tage&#8221; (WOM Journal) hat ein Programm zusammengestellt, das die Highlights der lateinamerikanischen Musik umfasst.<\/p>\n<p>&nbsp;<\/p>\n","protected":false},"excerpt":{"rendered":"<p><a class=\"button smart_link_button\" href=\"https:\/\/smarturl.it\/mindgamesmusic\" target=\"_blank\" rel=\"noopener\">Choose your store!<\/a><\/p>\n","protected":false},"featured_media":1588,"comment_status":"open","ping_status":"closed","template":"","meta":[],"product_brand":[],"product_cat":[607],"product_tag":[],"class_list":{"0":"post-1573","1":"product","2":"type-product","3":"status-publish","4":"has-post-thumbnail","6":"product_cat-edition-collage","8":"first","9":"instock","10":"taxable","11":"shipping-taxable","12":"product-type-external"},"_links":{"self":[{"href":"https:\/\/www.glm.de\/en\/wp-json\/wp\/v2\/product\/1573"}],"collection":[{"href":"https:\/\/www.glm.de\/en\/wp-json\/wp\/v2\/product"}],"about":[{"href":"https:\/\/www.glm.de\/en\/wp-json\/wp\/v2\/types\/product"}],"replies":[{"embeddable":true,"href":"https:\/\/www.glm.de\/en\/wp-json\/wp\/v2\/comments?post=1573"}],"wp:featuredmedia":[{"embeddable":true,"href":"https:\/\/www.glm.de\/en\/wp-json\/wp\/v2\/media\/1588"}],"wp:attachment":[{"href":"https:\/\/www.glm.de\/en\/wp-json\/wp\/v2\/media?parent=1573"}],"wp:term":[{"taxonomy":"product_brand","embeddable":true,"href":"https:\/\/www.glm.de\/en\/wp-json\/wp\/v2\/product_brand?post=1573"},{"taxonomy":"product_cat","embeddable":true,"href":"https:\/\/www.glm.de\/en\/wp-json\/wp\/v2\/product_cat?post=1573"},{"taxonomy":"product_tag","embeddable":true,"href":"https:\/\/www.glm.de\/en\/wp-json\/wp\/v2\/product_tag?post=1573"}],"curies":[{"name":"wp","href":"https:\/\/api.w.org\/{rel}","templated":true}]}}