{"id":1694,"date":"2014-10-06T16:12:59","date_gmt":"2014-10-06T14:12:59","guid":{"rendered":"http:\/\/www.glm.de\/?post_type=product&#038;p=1694"},"modified":"2022-12-27T08:56:55","modified_gmt":"2022-12-27T06:56:55","slug":"quadro-nuevo-lieben-sie-tango","status":"publish","type":"product","link":"https:\/\/www.glm.de\/en\/product\/quadro-nuevo-lieben-sie-tango\/","title":{"rendered":"Quadro Nuevo &#8211; Lieben Sie Tango?"},"content":{"rendered":"<p>Quadro Nuevo in Buenos Aires<br \/>\nLieben Sie Tango?<\/p>\n<p>Eine sinnliche Ann\u00e4herung<\/p>\n<p>Ein H\u00f6rbuch-Highlight f\u00fcr alle, die Tanz, Tango und Begegnung m\u00f6gen!<\/p>\n<p>79 Minuten Musik &amp; Wort &#8211; meisterhaft gesprochen von den Schauspielern <strong>Dominic Raacke<\/strong>, <strong>Caroline Ebner<\/strong> &amp; <strong>Quadro Nuevo <\/strong><\/p>\n<!--[if lt IE 9]><script>document.createElement('audio');<\/script><![endif]-->\n\t<div class=\"wp-playlist wp-audio-playlist wp-playlist-light\">\n\t\t\t<div class=\"wp-playlist-current-item\"><\/div>\n\t\t<audio controls=\"controls\" preload=\"none\" width=\"958\"\n\t\t\t><\/audio>\n\t<div class=\"wp-playlist-next\"><\/div>\n\t<div class=\"wp-playlist-prev\"><\/div>\n\t<noscript>\n\t<ol>\n\t\t<li><a href='https:\/\/www.glm.de\/en\/wp-content\/uploads\/2014\/10\/Kapitel-1_snippet.mp3'>Kapitel 1<\/a><\/li>\t<\/ol>\n\t<\/noscript>\n\t<script type=\"application\/json\" class=\"wp-playlist-script\">{\"type\":\"audio\",\"tracklist\":true,\"tracknumbers\":true,\"images\":true,\"artists\":true,\"tracks\":[{\"src\":\"https:\\\/\\\/www.glm.de\\\/en\\\/wp-content\\\/uploads\\\/2014\\\/10\\\/Kapitel-1_snippet.mp3\",\"type\":\"audio\\\/mpeg\",\"title\":\"Kapitel 1\",\"caption\":\"\",\"description\":\"\\\"Kapitel 1\\\" aus Lieben Sie Tango? von Quadro Nuevo.\",\"meta\":{\"artist\":\"Quadro Nuevo\",\"album\":\"Lieben Sie Tango?\",\"length_formatted\":\"1:29\"},\"image\":{\"src\":\"https:\\\/\\\/www.glm.de\\\/en\\\/wp-content\\\/uploads\\\/2014\\\/10\\\/GLM102.jpg\",\"width\":500,\"height\":449},\"thumb\":{\"src\":\"https:\\\/\\\/www.glm.de\\\/en\\\/wp-content\\\/uploads\\\/2014\\\/10\\\/GLM102-150x150.jpg\",\"width\":150,\"height\":150}}]}<\/script>\n<\/div>\n\t\n<p>Seit 18 Jahren tourt die Weltmusik-Band \u00fcber den Globus, hat zweimal den ECHO bekommen, und Tango geh\u00f6rte schon immer zu ihrem Repertoire. Aber jetzt wollen sie es wissen: Wie geht argentinischer Tango wirklich?<\/p>\n<p>Im Januar 2014 beziehen die vier Musiker von Quadro Nuevo zusammen mit dem jungen Pianisten Chris Gall ihre Zimmer in Buenos Aires: Ein altes Stadthotel mit Tanzsaal im belebten Viertel Boedo. T\u00e4glich wird in der Mittagshitze mehrere Stunden geprobt, sp\u00e4ter ausgegangen, Live-Musik, guter Wein, jeden Abend ein Konzert, eine Tanz-Milonga, mindestens eine. Das Wichtigste: Die Begegnungen mit den Leuten, Gespr\u00e4che, gemeinsames Musizieren: Regisseur German Kral, der mit &#8216;El ultimo Aplauso&#8217; einen der bewegendsten Filme \u00fcber das aktuelle Tangogeschehen gemacht hat. Roberto und Laura, meisterhafte T\u00e4nzer, die ihr Leben dem Tango verschrieben haben und zur Musik von Quadro Nuevo tanzen sollen \u2013 ein Tangoexperiment also. Im Belle Epoque Tanzsaal &#8216;Confiteria Ideal&#8217; die emotionale Begegnung mit Lily und Horacio, die die Glut der Leidenschaft, den Schmerz der Liebe, die Verf\u00fchrungen eines ganzen Lebens mit soviel Innigkeit tanzen k\u00f6nnen. Gemeinsame Sessions mit Musikern, ber\u00fchmten und weniger ber\u00fchmten, aber alle besessen vom Tango und seinen vielfachen Spielweisen, bis hin zur Bekanntschaft mit dem gro\u00dfartigen Sexteto Mayor. Ein Stra\u00dfenpoet, der Gitarre spielt wie ein Besessener, tanzt wie ein Gott und ihnen zu sp\u00e4ter Stunde bei einem Glas Wein und einer Zigarette in der lauen Nachtluft seine Liedtexte rezitiert: El tiempo no existe. Und immer wieder die Spurensuche nach Astor Piazzolla, dem Bandoneon-Virtuosen, dem Gro\u00dfmeister des Tango. Er wurde verh\u00f6hnt, missverstanden, bedroht: weil er die Traditionen aufgebrochen hat, den Menschen scheinbar den Tango weggenommen und transformiert zur\u00fcckgegeben hat. Wie sich seiner Musik n\u00e4hern ohne sie platt zu kopieren? Wie sich von ihm befl\u00fcgeln lassen? Neben den herausragend miteinander harmonierenden Sprechern Dominic Raacke und Caroline Ebner gibt auch jeder einzelne Musiker der Band immer wieder seine Eindr\u00fccke preis, werden Probensituation und Begegnungen vor Ort wiedergegeben, bekommt man das Gef\u00fchl, tats\u00e4chlich mit ihnen durch diese faszinierende Stadt zu reisen. Bis zum ganz pers\u00f6nlichen H\u00f6hepunkt der Band: das Konzert Quadro Nuevos im 120 Jahre alten Tangoclub &#8216;Los Laureles&#8217;.<\/p>\n<p>Dieses H\u00f6rbuch ist der Vorreiter zum Album<br \/>\nQuadro Nuevo \u2013 TANGO | FM 196-2 | Ver\u00f6ffentlichung: 20.02.2015<\/p>\n","protected":false},"excerpt":{"rendered":"<p><a class=\"button smart_link_button\" href=\"https:\/\/smarturl.it\/qnliebensietango\" target=\"_blank\" rel=\"noopener\">Choose your store!<\/a><\/p>\n","protected":false},"featured_media":1695,"comment_status":"open","ping_status":"closed","template":"","meta":[],"product_brand":[],"product_cat":[660,288,622],"product_tag":[628,661,629,632,639,626,132,131,623,101],"class_list":{"0":"post-1694","1":"product","2":"type-product","3":"status-publish","4":"has-post-thumbnail","6":"product_cat-chris-gall","7":"product_cat-hoerbuecher","8":"product_cat-quadro-nuevo","9":"product_tag-andreas-hinterseher","10":"product_tag-chris-gall","11":"product_tag-didi-lowka","12":"product_tag-evelyn-huber","13":"product_tag-julie-fellmann","14":"product_tag-mulo-francel","15":"product_tag-nuevo","16":"product_tag-quadro","17":"product_tag-quadro-nuevo","18":"product_tag-tango","20":"first","21":"instock","22":"taxable","23":"shipping-taxable","24":"product-type-external"},"_links":{"self":[{"href":"https:\/\/www.glm.de\/en\/wp-json\/wp\/v2\/product\/1694"}],"collection":[{"href":"https:\/\/www.glm.de\/en\/wp-json\/wp\/v2\/product"}],"about":[{"href":"https:\/\/www.glm.de\/en\/wp-json\/wp\/v2\/types\/product"}],"replies":[{"embeddable":true,"href":"https:\/\/www.glm.de\/en\/wp-json\/wp\/v2\/comments?post=1694"}],"wp:featuredmedia":[{"embeddable":true,"href":"https:\/\/www.glm.de\/en\/wp-json\/wp\/v2\/media\/1695"}],"wp:attachment":[{"href":"https:\/\/www.glm.de\/en\/wp-json\/wp\/v2\/media?parent=1694"}],"wp:term":[{"taxonomy":"product_brand","embeddable":true,"href":"https:\/\/www.glm.de\/en\/wp-json\/wp\/v2\/product_brand?post=1694"},{"taxonomy":"product_cat","embeddable":true,"href":"https:\/\/www.glm.de\/en\/wp-json\/wp\/v2\/product_cat?post=1694"},{"taxonomy":"product_tag","embeddable":true,"href":"https:\/\/www.glm.de\/en\/wp-json\/wp\/v2\/product_tag?post=1694"}],"curies":[{"name":"wp","href":"https:\/\/api.w.org\/{rel}","templated":true}]}}