{"id":2184,"date":"2014-11-26T13:37:45","date_gmt":"2014-11-26T11:37:45","guid":{"rendered":"http:\/\/www.glm.de\/?post_type=product&#038;p=2184"},"modified":"2019-11-12T16:12:55","modified_gmt":"2019-11-12T14:12:55","slug":"quadro-nuevo-tango","status":"publish","type":"product","link":"https:\/\/www.glm.de\/en\/product\/quadro-nuevo-tango\/","title":{"rendered":"Quadro Nuevo &#8211; Tango"},"content":{"rendered":"<p><strong>Mulo Francel<\/strong> Tenor Sax, Clarinet, Bass Clarinet, Guitar<br \/>\n<strong>Andreas Hinterseher<\/strong> Bandoneon, Vibrandoneon<br \/>\n<strong>Evelyn Huber<\/strong> Grand Concert Harp, Salterio<br \/>\n<strong>Chris Gall<\/strong> Piano<br \/>\n<strong>D.D. Lowka<\/strong> Bass, Percussions<\/p>\n<!--[if lt IE 9]><script>document.createElement('audio');<\/script><![endif]-->\n\t<div class=\"wp-playlist wp-audio-playlist wp-playlist-light\">\n\t\t\t<div class=\"wp-playlist-current-item\"><\/div>\n\t\t<audio controls=\"controls\" preload=\"none\" width=\"958\"\n\t\t\t><\/audio>\n\t<div class=\"wp-playlist-next\"><\/div>\n\t<div class=\"wp-playlist-prev\"><\/div>\n\t<noscript>\n\t<ol>\n\t\t<li><a href='https:\/\/www.glm.de\/en\/wp-content\/uploads\/2014\/12\/01_Por-una-Cabeza.mp3'>01 Por Una Cabeza<\/a><\/li><li><a href='https:\/\/www.glm.de\/en\/wp-content\/uploads\/2014\/12\/02_Garcias-Tango.mp3'>02 Garcias Tango<\/a><\/li><li><a href='https:\/\/www.glm.de\/en\/wp-content\/uploads\/2014\/12\/03_Cancion-de-Ausencia.mp3'>03 Canci\u00f3n De Ausencia<\/a><\/li><li><a href='https:\/\/www.glm.de\/en\/wp-content\/uploads\/2014\/12\/04_La-Cumparsita.mp3'>04 La Cumparsita<\/a><\/li><li><a href='https:\/\/www.glm.de\/en\/wp-content\/uploads\/2014\/12\/05_Buscandote.mp3'>05 Busc\u00e1ndote<\/a><\/li><li><a href='https:\/\/www.glm.de\/en\/wp-content\/uploads\/2014\/12\/06_Buenos-Aires-Taxi-Drive.mp3'>06 Buenos Aires Taxi Drive<\/a><\/li><li><a href='https:\/\/www.glm.de\/en\/wp-content\/uploads\/2014\/12\/07_Casa-De-Los-Suenos.mp3'>07 Casa De Los Sue\u00f1os<\/a><\/li><li><a href='https:\/\/www.glm.de\/en\/wp-content\/uploads\/2014\/12\/08_El-Dia-que-me-quieras.mp3'>08 El D\u00eda Que Me Quieras<\/a><\/li><li><a href='https:\/\/www.glm.de\/en\/wp-content\/uploads\/2014\/12\/09_Taquito-Militar.mp3'>09 Taquito Militar<\/a><\/li><li><a href='https:\/\/www.glm.de\/en\/wp-content\/uploads\/2014\/12\/10_El-Titiritero.mp3'>10 El Titiritero<\/a><\/li><li><a href='https:\/\/www.glm.de\/en\/wp-content\/uploads\/2014\/12\/11_Gallo-Ciego.mp3'>11 Gallo Ciego<\/a><\/li><li><a href='https:\/\/www.glm.de\/en\/wp-content\/uploads\/2014\/12\/12_Vuelvo-al-Sur.mp3'>12 Vuelvo Al Sur<\/a><\/li><li><a href='https:\/\/www.glm.de\/en\/wp-content\/uploads\/2014\/12\/13_Fuga-y-Misterio.mp3'>13 Fuga Y Misterio<\/a><\/li><li><a href='https:\/\/www.glm.de\/en\/wp-content\/uploads\/2014\/12\/14_Como-la-Vida-cambia.mp3'>14 Como La Vida Cambia<\/a><\/li><li><a href='https:\/\/www.glm.de\/en\/wp-content\/uploads\/2014\/12\/15_El-Cielo.mp3'>15 El Cielo<\/a><\/li>\t<\/ol>\n\t<\/noscript>\n\t<script type=\"application\/json\" class=\"wp-playlist-script\">{\"type\":\"audio\",\"tracklist\":true,\"tracknumbers\":true,\"images\":true,\"artists\":false,\"tracks\":[{\"src\":\"https:\\\/\\\/www.glm.de\\\/en\\\/wp-content\\\/uploads\\\/2014\\\/12\\\/01_Por-una-Cabeza.mp3\",\"type\":\"audio\\\/mpeg\",\"title\":\"01 Por Una Cabeza\",\"caption\":\"\",\"description\":\"\",\"meta\":{\"artist\":\"Quadro Nuevo\",\"album\":\"Tango\",\"length_formatted\":\"1:30\"},\"image\":{\"src\":\"https:\\\/\\\/www.glm.de\\\/en\\\/wp-content\\\/uploads\\\/2014\\\/01\\\/FM196_Cover-Web1.jpg\",\"width\":1000,\"height\":1000},\"thumb\":{\"src\":\"https:\\\/\\\/www.glm.de\\\/en\\\/wp-content\\\/uploads\\\/2014\\\/01\\\/FM196_Cover-Web1-150x150.jpg\",\"width\":150,\"height\":150}},{\"src\":\"https:\\\/\\\/www.glm.de\\\/en\\\/wp-content\\\/uploads\\\/2014\\\/12\\\/02_Garcias-Tango.mp3\",\"type\":\"audio\\\/mpeg\",\"title\":\"02 Garcias Tango\",\"caption\":\"\",\"description\":\"\",\"meta\":{\"artist\":\"Quadro Nuevo\",\"album\":\"Tango\",\"length_formatted\":\"1:30\"},\"image\":{\"src\":\"https:\\\/\\\/www.glm.de\\\/en\\\/wp-content\\\/uploads\\\/2014\\\/01\\\/FM196_Cover-Web1.jpg\",\"width\":1000,\"height\":1000},\"thumb\":{\"src\":\"https:\\\/\\\/www.glm.de\\\/en\\\/wp-content\\\/uploads\\\/2014\\\/01\\\/FM196_Cover-Web1-150x150.jpg\",\"width\":150,\"height\":150}},{\"src\":\"https:\\\/\\\/www.glm.de\\\/en\\\/wp-content\\\/uploads\\\/2014\\\/12\\\/03_Cancion-de-Ausencia.mp3\",\"type\":\"audio\\\/mpeg\",\"title\":\"03 Canci\\u00f3n De Ausencia\",\"caption\":\"\",\"description\":\"\",\"meta\":{\"artist\":\"Quadro Nuevo\",\"album\":\"Tango\",\"length_formatted\":\"1:30\"},\"image\":{\"src\":\"https:\\\/\\\/www.glm.de\\\/en\\\/wp-content\\\/uploads\\\/2014\\\/01\\\/FM196_Cover-Web1.jpg\",\"width\":1000,\"height\":1000},\"thumb\":{\"src\":\"https:\\\/\\\/www.glm.de\\\/en\\\/wp-content\\\/uploads\\\/2014\\\/01\\\/FM196_Cover-Web1-150x150.jpg\",\"width\":150,\"height\":150}},{\"src\":\"https:\\\/\\\/www.glm.de\\\/en\\\/wp-content\\\/uploads\\\/2014\\\/12\\\/04_La-Cumparsita.mp3\",\"type\":\"audio\\\/mpeg\",\"title\":\"04 La Cumparsita\",\"caption\":\"\",\"description\":\"\",\"meta\":{\"artist\":\"Quadro Nuevo\",\"album\":\"Tango\",\"length_formatted\":\"1:30\"},\"image\":{\"src\":\"https:\\\/\\\/www.glm.de\\\/en\\\/wp-content\\\/uploads\\\/2014\\\/01\\\/FM196_Cover-Web1.jpg\",\"width\":1000,\"height\":1000},\"thumb\":{\"src\":\"https:\\\/\\\/www.glm.de\\\/en\\\/wp-content\\\/uploads\\\/2014\\\/01\\\/FM196_Cover-Web1-150x150.jpg\",\"width\":150,\"height\":150}},{\"src\":\"https:\\\/\\\/www.glm.de\\\/en\\\/wp-content\\\/uploads\\\/2014\\\/12\\\/05_Buscandote.mp3\",\"type\":\"audio\\\/mpeg\",\"title\":\"05 Busc\\u00e1ndote\",\"caption\":\"\",\"description\":\"\",\"meta\":{\"artist\":\"Quadro Nuevo\",\"album\":\"Tango\",\"length_formatted\":\"1:30\"},\"image\":{\"src\":\"https:\\\/\\\/www.glm.de\\\/en\\\/wp-content\\\/uploads\\\/2014\\\/01\\\/FM196_Cover-Web1.jpg\",\"width\":1000,\"height\":1000},\"thumb\":{\"src\":\"https:\\\/\\\/www.glm.de\\\/en\\\/wp-content\\\/uploads\\\/2014\\\/01\\\/FM196_Cover-Web1-150x150.jpg\",\"width\":150,\"height\":150}},{\"src\":\"https:\\\/\\\/www.glm.de\\\/en\\\/wp-content\\\/uploads\\\/2014\\\/12\\\/06_Buenos-Aires-Taxi-Drive.mp3\",\"type\":\"audio\\\/mpeg\",\"title\":\"06 Buenos Aires Taxi Drive\",\"caption\":\"\",\"description\":\"\",\"meta\":{\"artist\":\"Quadro Nuevo\",\"album\":\"Tango\",\"length_formatted\":\"1:30\"},\"image\":{\"src\":\"https:\\\/\\\/www.glm.de\\\/en\\\/wp-content\\\/uploads\\\/2014\\\/01\\\/FM196_Cover-Web1.jpg\",\"width\":1000,\"height\":1000},\"thumb\":{\"src\":\"https:\\\/\\\/www.glm.de\\\/en\\\/wp-content\\\/uploads\\\/2014\\\/01\\\/FM196_Cover-Web1-150x150.jpg\",\"width\":150,\"height\":150}},{\"src\":\"https:\\\/\\\/www.glm.de\\\/en\\\/wp-content\\\/uploads\\\/2014\\\/12\\\/07_Casa-De-Los-Suenos.mp3\",\"type\":\"audio\\\/mpeg\",\"title\":\"07 Casa De Los Sue\\u00f1os\",\"caption\":\"\",\"description\":\"\",\"meta\":{\"artist\":\"Quadro Nuevo\",\"album\":\"Tango\",\"length_formatted\":\"1:30\"},\"image\":{\"src\":\"https:\\\/\\\/www.glm.de\\\/en\\\/wp-content\\\/uploads\\\/2014\\\/01\\\/FM196_Cover-Web1.jpg\",\"width\":1000,\"height\":1000},\"thumb\":{\"src\":\"https:\\\/\\\/www.glm.de\\\/en\\\/wp-content\\\/uploads\\\/2014\\\/01\\\/FM196_Cover-Web1-150x150.jpg\",\"width\":150,\"height\":150}},{\"src\":\"https:\\\/\\\/www.glm.de\\\/en\\\/wp-content\\\/uploads\\\/2014\\\/12\\\/08_El-Dia-que-me-quieras.mp3\",\"type\":\"audio\\\/mpeg\",\"title\":\"08 El D\\u00eda Que Me Quieras\",\"caption\":\"\",\"description\":\"\",\"meta\":{\"artist\":\"Quadro Nuevo\",\"album\":\"Tango\",\"length_formatted\":\"1:30\"},\"image\":{\"src\":\"https:\\\/\\\/www.glm.de\\\/en\\\/wp-content\\\/uploads\\\/2014\\\/01\\\/FM196_Cover-Web1.jpg\",\"width\":1000,\"height\":1000},\"thumb\":{\"src\":\"https:\\\/\\\/www.glm.de\\\/en\\\/wp-content\\\/uploads\\\/2014\\\/01\\\/FM196_Cover-Web1-150x150.jpg\",\"width\":150,\"height\":150}},{\"src\":\"https:\\\/\\\/www.glm.de\\\/en\\\/wp-content\\\/uploads\\\/2014\\\/12\\\/09_Taquito-Militar.mp3\",\"type\":\"audio\\\/mpeg\",\"title\":\"09 Taquito Militar\",\"caption\":\"\",\"description\":\"\",\"meta\":{\"artist\":\"Quadro Nuevo\",\"album\":\"Tango\",\"length_formatted\":\"1:30\"},\"image\":{\"src\":\"https:\\\/\\\/www.glm.de\\\/en\\\/wp-content\\\/uploads\\\/2014\\\/01\\\/FM196_Cover-Web1.jpg\",\"width\":1000,\"height\":1000},\"thumb\":{\"src\":\"https:\\\/\\\/www.glm.de\\\/en\\\/wp-content\\\/uploads\\\/2014\\\/01\\\/FM196_Cover-Web1-150x150.jpg\",\"width\":150,\"height\":150}},{\"src\":\"https:\\\/\\\/www.glm.de\\\/en\\\/wp-content\\\/uploads\\\/2014\\\/12\\\/10_El-Titiritero.mp3\",\"type\":\"audio\\\/mpeg\",\"title\":\"10 El Titiritero\",\"caption\":\"\",\"description\":\"\",\"meta\":{\"artist\":\"Quadro Nuevo\",\"album\":\"Tango\",\"length_formatted\":\"1:30\"},\"image\":{\"src\":\"https:\\\/\\\/www.glm.de\\\/en\\\/wp-content\\\/uploads\\\/2014\\\/01\\\/FM196_Cover-Web1.jpg\",\"width\":1000,\"height\":1000},\"thumb\":{\"src\":\"https:\\\/\\\/www.glm.de\\\/en\\\/wp-content\\\/uploads\\\/2014\\\/01\\\/FM196_Cover-Web1-150x150.jpg\",\"width\":150,\"height\":150}},{\"src\":\"https:\\\/\\\/www.glm.de\\\/en\\\/wp-content\\\/uploads\\\/2014\\\/12\\\/11_Gallo-Ciego.mp3\",\"type\":\"audio\\\/mpeg\",\"title\":\"11 Gallo Ciego\",\"caption\":\"\",\"description\":\"\",\"meta\":{\"artist\":\"Quadro Nuevo\",\"album\":\"Tango\",\"length_formatted\":\"1:30\"},\"image\":{\"src\":\"https:\\\/\\\/www.glm.de\\\/en\\\/wp-content\\\/uploads\\\/2014\\\/01\\\/FM196_Cover-Web1.jpg\",\"width\":1000,\"height\":1000},\"thumb\":{\"src\":\"https:\\\/\\\/www.glm.de\\\/en\\\/wp-content\\\/uploads\\\/2014\\\/01\\\/FM196_Cover-Web1-150x150.jpg\",\"width\":150,\"height\":150}},{\"src\":\"https:\\\/\\\/www.glm.de\\\/en\\\/wp-content\\\/uploads\\\/2014\\\/12\\\/12_Vuelvo-al-Sur.mp3\",\"type\":\"audio\\\/mpeg\",\"title\":\"12 Vuelvo Al Sur\",\"caption\":\"\",\"description\":\"\",\"meta\":{\"artist\":\"Quadro Nuevo\",\"album\":\"Tango\",\"length_formatted\":\"1:30\"},\"image\":{\"src\":\"https:\\\/\\\/www.glm.de\\\/en\\\/wp-content\\\/uploads\\\/2014\\\/01\\\/FM196_Cover-Web1.jpg\",\"width\":1000,\"height\":1000},\"thumb\":{\"src\":\"https:\\\/\\\/www.glm.de\\\/en\\\/wp-content\\\/uploads\\\/2014\\\/01\\\/FM196_Cover-Web1-150x150.jpg\",\"width\":150,\"height\":150}},{\"src\":\"https:\\\/\\\/www.glm.de\\\/en\\\/wp-content\\\/uploads\\\/2014\\\/12\\\/13_Fuga-y-Misterio.mp3\",\"type\":\"audio\\\/mpeg\",\"title\":\"13 Fuga Y Misterio\",\"caption\":\"\",\"description\":\"\",\"meta\":{\"artist\":\"Quadro Nuevo\",\"album\":\"Tango\",\"length_formatted\":\"1:30\"},\"image\":{\"src\":\"https:\\\/\\\/www.glm.de\\\/en\\\/wp-content\\\/uploads\\\/2014\\\/01\\\/FM196_Cover-Web1.jpg\",\"width\":1000,\"height\":1000},\"thumb\":{\"src\":\"https:\\\/\\\/www.glm.de\\\/en\\\/wp-content\\\/uploads\\\/2014\\\/01\\\/FM196_Cover-Web1-150x150.jpg\",\"width\":150,\"height\":150}},{\"src\":\"https:\\\/\\\/www.glm.de\\\/en\\\/wp-content\\\/uploads\\\/2014\\\/12\\\/14_Como-la-Vida-cambia.mp3\",\"type\":\"audio\\\/mpeg\",\"title\":\"14 Como La Vida Cambia\",\"caption\":\"\",\"description\":\"\",\"meta\":{\"artist\":\"Quadro Nuevo\",\"album\":\"Tango\",\"length_formatted\":\"1:30\"},\"image\":{\"src\":\"https:\\\/\\\/www.glm.de\\\/en\\\/wp-content\\\/uploads\\\/2014\\\/01\\\/FM196_Cover-Web1.jpg\",\"width\":1000,\"height\":1000},\"thumb\":{\"src\":\"https:\\\/\\\/www.glm.de\\\/en\\\/wp-content\\\/uploads\\\/2014\\\/01\\\/FM196_Cover-Web1-150x150.jpg\",\"width\":150,\"height\":150}},{\"src\":\"https:\\\/\\\/www.glm.de\\\/en\\\/wp-content\\\/uploads\\\/2014\\\/12\\\/15_El-Cielo.mp3\",\"type\":\"audio\\\/mpeg\",\"title\":\"15 El Cielo\",\"caption\":\"\",\"description\":\"\",\"meta\":{\"artist\":\"Quadro Nuevo\",\"album\":\"Tango\",\"length_formatted\":\"1:30\"},\"image\":{\"src\":\"https:\\\/\\\/www.glm.de\\\/en\\\/wp-content\\\/uploads\\\/2014\\\/01\\\/FM196_Cover-Web1.jpg\",\"width\":1000,\"height\":1000},\"thumb\":{\"src\":\"https:\\\/\\\/www.glm.de\\\/en\\\/wp-content\\\/uploads\\\/2014\\\/01\\\/FM196_Cover-Web1-150x150.jpg\",\"width\":150,\"height\":150}}]}<\/script>\n<\/div>\n\t\n<p>1. <strong>Por Una Cabeza<\/strong> 4:13 <em>(Carlos Gardel &amp; Alfredo La Pera \/ Arr. Mulo Francel)<\/em><br \/>\n2. <strong>Garcias Tango<\/strong> <em>(Mulo Francel)<\/em> 6:50<br \/>\n3. <strong>Canci\u00f3n De Ausencia<\/strong> (Roberto Pansera) 1:38<br \/>\n4. <strong>La Cumparsita<\/strong> 5:11 <em>(Gerardo Matos Rodr\u00edguez \/ Arr. Enrique Ugarte &amp; Quadro Nuevo)<\/em><br \/>\n5. <strong>Busc\u00e1ndote<\/strong> 3:05 <em>(Eduardo Scalise)<\/em><br \/>\n6. <strong>Buenos Aires Taxi Drive<\/strong> 5:30 <em>(D.D. Lowka)<\/em><br \/>\n7. <strong>Casa De Los Sue\u00f1os<\/strong> 2:52 <em>(Andreas Hinterseher)<\/em><br \/>\n8. <strong>El D\u00eda Que Me Quieras<\/strong> 4:57 <em>(Carlos Gardel &amp; Alfredo La Pera \/ Arr. Mulo Francel &amp; Chris Gall)<\/em><br \/>\n9. <strong>Taquito Militar<\/strong> 5:01 <em>(Mariano Mores \/ Arr. Andreas Hinterseher)<\/em><br \/>\n10. <strong>El Titiritero<\/strong> 6:40 <em>(Chris Gall)<\/em><br \/>\n11. <strong>Gallo Ciego<\/strong> 3:42 <em>(Agustin Bardi \/ Arr. Mulo Francel)<\/em><br \/>\n12. <strong>Vuelvo Al Sur<\/strong> 6:49 <em>(Astor Piazzolla \/ Arr. Mulo Francel)<\/em><br \/>\n13. <strong>Fuga Y Misterio<\/strong> 5:33 <em>(Astor Piazzolla \/ Arr. Andreas Hinterseher)<\/em><br \/>\n14. <strong>Como La Vida Cambia<\/strong> 9:18 <em>(Mulo Francel)<\/em><br \/>\n15. <strong>El Cielo<\/strong> 2:31 <em>(Andreas Hinterseher)<\/em><\/p>\n<p><em>&#8220;Ein Album, das in die Welt des Tango entf\u00fchrt und die Lust weckt, sofort in den n\u00e4chsten Flieger nach Buenos Aires zu steigen\u2026!&#8221;<\/em> &#8211; Barbara Hoppe <a href=\"http:\/\/blog.feuilletonscout.com\/heute-neu-feuilletonscout-empfiehlt-quadro-nuevo-tango\/\" target=\"_blank\">(www.feuilletonscout.com)<\/a><\/p>\n<p><strong>Endlich ist das zum Thema geworden, was schon immer in der Luft lag: TANGO. Eine der bekanntesten Bands aus Deutschland, die sich im Spannungsfeld von Jazz und<br \/>\nWeltmusik bewegt &#8211; und das sehr erfolgreich &#8211; legt das wohl wichtigste Album der Bandgeschichte vor!<\/strong><\/p>\n<p>Anfang 2014 packten sie wieder ihre Instrumente ein: keine Tournee sollte es diesmal werden, sondern eine Expedition ins sommerliche Buenos Aires. Sie bezogen Quartier in einer alten Stadtvilla, probten tagelang in der flirrenden Mittagshitze, schw\u00e4rmten abends aus, st\u00fcrzten sich kopf\u00fcber in die Szene, mischten sich mit argentinischen Musikern und dem legend\u00e4ren Sexteto Mayor, begleiteten T\u00e4nzer, begegneten ber\u00fchmten Tangueros und verr\u00fcckten Stra\u00dfenpoeten, gaben Konzerte im 120<br \/>\nJahre alten Tangoclub &#8216;Los Laureles&#8217;, f\u00fchrten n\u00e4chtliche Gespr\u00e4che bis zum Morgengrauen und berauschten sich an schwerem Wein und frischem Tango direkt von der Quelle.<br \/>\nDiese musikgewordenen Erlebnisse formten sich zum neuen Quadro Nuevo-Album TANGO!<\/p>\n<p>Eine mutige, ehrliche Ann\u00e4herung an das Fremde. Voller Hingabe und Respekt.<\/p>\n<p><strong>Diesmal agiert Quadro Nuevo zu f\u00fcnft: Neben den traditionellen Tango-Instrumenten Bandoneon und Kontrabass erg\u00e4nzt Pianist Chris Gall die Band. Dazu kommen ein expressiv singendes Saxophon und die temperamentvoll agierende Konzertharfe. <\/strong><\/p>\n<p>Saxophonist Mulo Francel: <em>&#8220;Unser Repertoire auf TANGO ist sehr heterogen. Da sind erstmal die Tangos der Alten Garde. La Cumparsita zum Beispiel ist fast hundert Jahre alt. Eines der meistgespielten Lieder \u00fcberhaupt. Aber es macht uns Spa\u00df, einen eigenen Weg damit zu finden. Dann die Lieder des legend\u00e4ren Schauspielers und S\u00e4ngers Carlos Gardel aus den 30ern, die noch von anderen Zeiten und der Liebe im Hafen k\u00fcnden so wie Por una Cabeza oder El Dia que me quieras, dessen s\u00fc\u00dfliche Melodie wir in ein Jetzt-Zeit-Duo-Arrangement f\u00fcr Klarinette und Klavier gesteckt haben. Dann wieder einige St\u00fccke aus der Goldenen \u00c4ra des Tango, den 50er und 60er Jahren wie der schmissige Taquito Militar. Wir haben uns in jeden Song reingef\u00fchlt, die Texte interpretiert, unz\u00e4hlige Aufnahmen geh\u00f6rt und Geschichten gelesen.&#8221;<\/em><\/p>\n<p>Unter dem Eindruck des tangoesken Epizentrums entstanden auch Eigenkompositionen wie: Buenos Aires Taxi Drive von Bassist D.D. Lowka, ein flotter Ritt durch die argentinische Metropole. Casa de los Suenos (Haus der Tr\u00e4ume) von Andreas Hinterseher, der auf dieser Scheibe sein Akkordeon zugunsten des Bandoneons ganz beiseitelegt.<br \/>\nEl Titiritero (Der Puppenspieler-Tango), bei dem Pianist Chris Gall die Puppen tanzen l\u00e4sst. Garcias Tango (einem Kommissar gewidmet) und Como la Vida cambia (Wie sich das Leben \u00e4ndert), opulente Reflexionen von Mulo Francel.<\/p>\n<p>Was die f\u00fcnf Musiker nicht verhehlen k\u00f6nnen, ist ihre Verehrung f\u00fcr den gro\u00dfen Astor Piazzolla. Manchmal, wenn sie \u00fcber ihn reden, nennen sie ihn den Heiligen Astor.<br \/>\n<em>&#8220;Seit Jahren schon haben wir St\u00fccke von ihm im Programm. Und nat\u00fcrlich fragt uns das Publikum immer wieder nach ihm. Aber wir wollten nicht eine weitere Schaut-mal-so-spielen-wir-den-Piazzolla-Platte machen.&#8221;<\/em> So sind auf dieser Scheibe nur zwei der 15 St\u00fccke von ihm: <em>&#8220;Fuga y Misterio, das uns eine tolle Improvisationsgrundlage bietet, und Vuelvo al Sur aus dem argentinischen Kultfilm Sur, der die Schrecken der Milit\u00e4rdiktatur thematisiert.&#8221;<\/em><\/p>\n<p>Quadro Nuevo ist die europ\u00e4ische Antwort auf den Argentinischen Tango. Arabesken, Balkan-Swing, Balladen, waghalsige Improvisationen, Melodien aus dem alten Europa und mediterrane Leichtigkeit m\u00fcnden in m\u00e4rchenhaften Klangfabeln. Diese erz\u00e4hlen vom Vagabundenleben, den Erfahrungen und Begegnungen auf der gro\u00dfen Reise des Lebens, den kleinen Zuf\u00e4llen und den gro\u00dfen Momenten, von Zartheit und wildem Temperament, immer getrieben zwischen \u00f6stlichen und westlichen Winden, zwischen verzehrender Sehnsucht und genussvoller Erf\u00fcllung &#8211; zwischen dem Bitteren und dem S\u00fc\u00dfen.<\/p>\n<p>Aus der gemeinsamen Reise nach Buenos Aires und zahlreichen Auftritten mit dem Pianisten Chris Gall entwickelte sich eine tiefe musikalische und pers\u00f6nliche Freundschaft.<\/p>\n<p>Und so entstand TANGO in intensiver Zusammenarbeit und kongenialem Zusammenspiel mit Chris Gall &#8211; als ein Quartett zu f\u00fcnft! Im Januar 2015 ver\u00f6ffentlicht Chris Gall seine erste Piano Solo CD, eine spannende und vorwiegend aus Eigenkompositionen bestehende Melange aus klassischem Impressionismus, Jazz und Minimal Music.<\/p>\n<p>Im Vorfeld des Musikalbums ver\u00f6ffentlichte die Band zusammen mit den Schauspielern Dominic Raacke und Caroline Ebner ein H\u00f6rbuch zu den Tagen in Buenos Aires: <strong>Lieben Sie Tango?<\/strong><\/p>\n","protected":false},"excerpt":{"rendered":"<p><a class=\"button smart_link_button\" href=\"https:\/\/smarturl.it\/qntango\" target=\"_blank\" rel=\"noopener\">Choose your store!<\/a><\/p>\n","protected":false},"featured_media":2088,"comment_status":"open","ping_status":"closed","template":"","meta":[],"product_brand":[],"product_cat":[660,604,602,622,438],"product_tag":[628,666,661,629,632,626,132,131,623,101,136],"class_list":{"0":"post-2184","1":"product","2":"type-product","3":"status-publish","4":"has-post-thumbnail","6":"product_cat-chris-gall","7":"product_cat-fine-music","8":"product_cat-new","9":"product_cat-quadro-nuevo","10":"product_cat-vinyl","11":"product_tag-andreas-hinterseher","12":"product_tag-buenos-aires","13":"product_tag-chris-gall","14":"product_tag-didi-lowka","15":"product_tag-evelyn-huber","16":"product_tag-mulo-francel","17":"product_tag-nuevo","18":"product_tag-quadro","19":"product_tag-quadro-nuevo","20":"product_tag-tango","21":"product_tag-vinyl","22":"pa_art-cd-de","23":"pa_art-doppel-vinyl-lp-inkl-downloadcode-de","25":"first","26":"instock","27":"taxable","28":"shipping-taxable","29":"product-type-external"},"_links":{"self":[{"href":"https:\/\/www.glm.de\/en\/wp-json\/wp\/v2\/product\/2184"}],"collection":[{"href":"https:\/\/www.glm.de\/en\/wp-json\/wp\/v2\/product"}],"about":[{"href":"https:\/\/www.glm.de\/en\/wp-json\/wp\/v2\/types\/product"}],"replies":[{"embeddable":true,"href":"https:\/\/www.glm.de\/en\/wp-json\/wp\/v2\/comments?post=2184"}],"wp:featuredmedia":[{"embeddable":true,"href":"https:\/\/www.glm.de\/en\/wp-json\/wp\/v2\/media\/2088"}],"wp:attachment":[{"href":"https:\/\/www.glm.de\/en\/wp-json\/wp\/v2\/media?parent=2184"}],"wp:term":[{"taxonomy":"product_brand","embeddable":true,"href":"https:\/\/www.glm.de\/en\/wp-json\/wp\/v2\/product_brand?post=2184"},{"taxonomy":"product_cat","embeddable":true,"href":"https:\/\/www.glm.de\/en\/wp-json\/wp\/v2\/product_cat?post=2184"},{"taxonomy":"product_tag","embeddable":true,"href":"https:\/\/www.glm.de\/en\/wp-json\/wp\/v2\/product_tag?post=2184"}],"curies":[{"name":"wp","href":"https:\/\/api.w.org\/{rel}","templated":true}]}}