{"id":2238,"date":"2014-12-09T15:42:38","date_gmt":"2014-12-09T13:42:38","guid":{"rendered":"http:\/\/www.glm.de\/?post_type=product&#038;p=2238"},"modified":"2022-10-16T20:12:13","modified_gmt":"2022-10-16T18:12:13","slug":"cafe-del-mundo-jueves","status":"publish","type":"product","link":"https:\/\/www.glm.de\/en\/product\/cafe-del-mundo-jueves\/","title":{"rendered":"Caf\u00e9 del Mundo &#8211; Jueves"},"content":{"rendered":"<p>\u201e<strong>Jueves<\/strong>\u201c ist das Eingangslied der CD \u201e<strong>La Perla<\/strong>\u201c. (GLM, FM 188-2) Das St\u00fcck ist im \u201ePalo\u201c (zu deutsch: Ast) \u201eSole\u00e1 por Buler\u00eda\u201c gesetzt.<\/p>\n<p>Soleares sind Lieder im Flamenco, die aus dem typischen Zw\u00f6lfviertel Rhythmus und charakteristischen Harmoniefolgen bestehen.<br \/>\nWahrscheinlich kommt die Bezeichnung von \u201eSoledad\u201c, zu deutsch: Einsamkeit, die besungen wird.<\/p>\n<p>Konkrete Inspiration f\u00fcr uns war die Geschichte eines Stra\u00dfenhundewelpens. Herausgekommen ist eine \u201eSole\u00e1 melodica\u201c f\u00fcr zwei Gitarren, ein ruhiger aber stringenter Rhythmus, der Raum f\u00fcr weitl\u00e4ufige Melodien bietet. Im letzten Hauptthema wird dann die typische Sole\u00e1-Harmoniefolge im phrygischen Modus von einer Gitarre zitiert &#8211; eine Reminiszenz an die Tradition.<\/p>\n<p>Die Komposition ist urspr\u00fcnglich f\u00fcr einen Dialog zweier Gitarren arrangiert, kann aber ebenso solistisch gespielt werden.<\/p>\n<p>Zu Beginn kann der Rhythmus mit den \u201ePalmas\u201c (H\u00e4ndeklatschen) ge\u00fcbt werden. Gez\u00e4hlt wird beginnend und betont mit \u201ezw\u00f6lf, eins-und, zwei, drei, vier, f\u00fcnf, sechs, sieben, acht, neun, zehn, elf\u201c. In beiden Gitarrenstimmen finden sich die Spielweisen \u201earpegio\u201c (gebrochener Akkord), der den Harmonie-verlauf und die Melodie bildet; daneben \u201erasgueados\u201c (Anschlag), \u201epicados\u201c (angelegter Wechselschlag) und im Solo \u201epulgar\u201c (Daumenanschlag). Notiert wurde der Lesbarkeit wegen in C#-moll, gespielt wird mit Kapodaster im ersten Bund, also klingend D-moll. Auf Fingers\u00e4tze und Spielbezeichnungen der rechten Hand wurde bewusst verzichtet, sodass der Spieler die Freiheit hat, diese selbst einzurichten. Durch das langsame Tempo eignet sich das Lied besonders gut zum Einstieg in die Flamenco-Gitarre, ihren Klang und ihre Spiel-technik, wobei Grundlagen der Gitarre vorhanden sein sollten. Es ist darauf hinzuweisen, dass sich die Spielweise der rechten Hand, sowie das Instrument selbst diametral von der klassischen Gitarre unterscheidet. Nur so entsteht der charakteris-tische Klang der Flamencogitarre.<\/p>\n<p>Wir w\u00fcnschen viel Vergn\u00fcgen mit Caf\u00e9 del Mundo und \u201eJueves\u201c!<\/p>\n<p><em>Caf\u00e9 del Mundo, alias Jan Pascal, Jahrgang 1975 und Alexander Kilian, Jahrgang 1987 spielen und schrei-ben f\u00fcr die Flamenco-Gitarre. Im Mai 2014 erscheint das Album \u201eLa Perla\u201c (FM 188-2) bei GLM Music. Zahlrei-che Konzerte und Auszeichnungen zieren ihren Weg.<\/em><\/p>\n","protected":false},"excerpt":{"rendered":"<p>\u201eJueves\u201c ist das Eingangslied der CD \u201eLa Perla\u201c. (GLM, FM 188-2) Das St\u00fcck ist im \u201ePalo\u201c (zu deutsch: Ast) \u201eSole\u00e1 por Buler\u00eda\u201c gesetzt. Soleares sind Lieder im Flamenco, die aus dem typischen Zw\u00f6lfviertel Rhythmus und charakteristischen Harmoniefolgen bestehen. Wahrscheinlich kommt die Bezeichnung von \u201eSoledad\u201c, zu deutsch: Einsamkeit, die besungen wird. Konkrete Inspiration f\u00fcr uns war [&hellip;]<\/p>\n","protected":false},"featured_media":2239,"comment_status":"open","ping_status":"closed","template":"","meta":[],"product_brand":[],"product_cat":[451,494],"product_tag":[664,488,693,663],"class_list":{"0":"post-2238","1":"product","2":"type-product","3":"status-publish","4":"has-post-thumbnail","6":"product_cat-cafe-del-mundo-de","7":"product_cat-noten-de","8":"product_tag-alexander-kilian","9":"product_tag-flamenco-de","10":"product_tag-gitarre","11":"product_tag-jan-pascal","13":"first","14":"instock","15":"taxable","16":"shipping-taxable","17":"purchasable","18":"product-type-simple"},"_links":{"self":[{"href":"https:\/\/www.glm.de\/en\/wp-json\/wp\/v2\/product\/2238"}],"collection":[{"href":"https:\/\/www.glm.de\/en\/wp-json\/wp\/v2\/product"}],"about":[{"href":"https:\/\/www.glm.de\/en\/wp-json\/wp\/v2\/types\/product"}],"replies":[{"embeddable":true,"href":"https:\/\/www.glm.de\/en\/wp-json\/wp\/v2\/comments?post=2238"}],"wp:featuredmedia":[{"embeddable":true,"href":"https:\/\/www.glm.de\/en\/wp-json\/wp\/v2\/media\/2239"}],"wp:attachment":[{"href":"https:\/\/www.glm.de\/en\/wp-json\/wp\/v2\/media?parent=2238"}],"wp:term":[{"taxonomy":"product_brand","embeddable":true,"href":"https:\/\/www.glm.de\/en\/wp-json\/wp\/v2\/product_brand?post=2238"},{"taxonomy":"product_cat","embeddable":true,"href":"https:\/\/www.glm.de\/en\/wp-json\/wp\/v2\/product_cat?post=2238"},{"taxonomy":"product_tag","embeddable":true,"href":"https:\/\/www.glm.de\/en\/wp-json\/wp\/v2\/product_tag?post=2238"}],"curies":[{"name":"wp","href":"https:\/\/api.w.org\/{rel}","templated":true}]}}