{"id":2408,"date":"2015-01-30T17:43:22","date_gmt":"2015-01-30T15:43:22","guid":{"rendered":"http:\/\/www.glm.de\/?post_type=product&#038;p=2408"},"modified":"2023-11-19T06:18:03","modified_gmt":"2023-11-19T04:18:03","slug":"schoene-toene-rainforest-hommage-to-an-endangered-treasure","status":"publish","type":"product","link":"https:\/\/www.glm.de\/en\/product\/schoene-toene-rainforest-hommage-to-an-endangered-treasure\/","title":{"rendered":"Sch\u00f6ne T\u00f6ne &#8211; RAINFOREST &#8211; Hommage to an endangered treasure"},"content":{"rendered":"<p><strong>Mulo Francel<\/strong> clarinets, saxophones, sansula, banjo, xylophone<br \/>\n<strong>Wolfgang Lohmeier<\/strong> frame drums, kanshira,yembe, udu, water drums, leaves, tabla, talking drum, hang, oil drums, mrdangam, gran cassa, sound bowl, gong, small percussions, marimba, kalimba, log drum and all other percussions, vocals<br \/>\n<strong>Martina Eisenreich<\/strong> violin (on 16,17), vibraphone (on 1,14), marimbaphone (on 13,14)<br \/>\n<strong>D.D. Lowka<\/strong> bass (on 1,5,10,13,15,17), xylophone (on 1,8), drums (on 8)<br \/>\n<strong>Andreas Hinterseher<\/strong> bandoneon, vibrandoneon (on 5,13)<br \/>\n<strong>Ralph St\u00f6vesandt<\/strong> musical saw, guitar (on 1,11,13,17)<br \/>\n<strong>Evelyn Huber<\/strong> harp, hammered dulcimer<br \/>\n<strong>Antoine Noah<\/strong> vocal (on 2)<br \/>\n<strong>Martin K\u00e4lberer<\/strong> accordion (on 2)<br \/>\n<strong>Dietmar Kastowsky<\/strong> bass (on 2)<br \/>\n<strong>Ingo Sandhofen<\/strong> guitar (on 2)<br \/>\n<strong>Lisa Wahlandt<\/strong> vocal (on 15)<br \/>\n<strong>Knud Mensing<\/strong> guitar (on 15)<br \/>\n<strong>Robert Kainar<\/strong> percussion (on 15)<br \/>\n<strong>Borel de Sousa<\/strong> berimbau (on 15)<br \/>\n<strong>Tom W\u00f6rndl<\/strong> guitar (on 4)<br \/>\n<strong>Max Bloching<\/strong> bass (on 4)<br \/>\n<strong>Michl Bloching<\/strong> bass clarinet (on 4)<\/p>\n<p><strong>Elbtonal Percussion<\/strong> (on 6,10,12)<br \/>\n<strong>Andrej Kauffmann, Stephan Krause, Jan-Frederick Behrend, Wolfgang Rummel\/ S\u00f6nke Schreiber<\/strong><\/p>\n<!--[if lt IE 9]><script>document.createElement('audio');<\/script><![endif]-->\n\t<div class=\"wp-playlist wp-audio-playlist wp-playlist-light\">\n\t\t\t<div class=\"wp-playlist-current-item\"><\/div>\n\t\t<audio controls=\"controls\" preload=\"none\" width=\"958\"\n\t\t\t><\/audio>\n\t<div class=\"wp-playlist-next\"><\/div>\n\t<div class=\"wp-playlist-prev\"><\/div>\n\t<noscript>\n\t<ol>\n\t\t<li><a href='https:\/\/www.glm.de\/en\/wp-content\/uploads\/2015\/01\/01-Eipo-Love-Song.mp3'>Eipo Love Song<\/a><\/li><li><a href='https:\/\/www.glm.de\/en\/wp-content\/uploads\/2015\/01\/02-The-Water-from-Africa.mp3'>The Water from Africa<\/a><\/li><li><a href='https:\/\/www.glm.de\/en\/wp-content\/uploads\/2015\/01\/03-Raindrops.mp3'>Raindrops<\/a><\/li><li><a href='https:\/\/www.glm.de\/en\/wp-content\/uploads\/2015\/01\/04-Boar-Hunting.mp3'>Boar Hunting<\/a><\/li><li><a href='https:\/\/www.glm.de\/en\/wp-content\/uploads\/2015\/01\/05-Secret-Garden.mp3'>Secret Garden<\/a><\/li><li><a href='https:\/\/www.glm.de\/en\/wp-content\/uploads\/2015\/01\/06-Don\u00b4t-let-the-bed-bugs-bite.mp3'>Don\u00b4t let the bed bugs<\/a><\/li><li><a href='https:\/\/www.glm.de\/en\/wp-content\/uploads\/2015\/01\/07-Dancing-Water.mp3'>Dancing Water<\/a><\/li><li><a href='https:\/\/www.glm.de\/en\/wp-content\/uploads\/2015\/01\/08-Grains-of-Paradise.mp3'>Grains of Paradise<\/a><\/li><li><a href='https:\/\/www.glm.de\/en\/wp-content\/uploads\/2015\/01\/09-Afrock.mp3'>Afrock<\/a><\/li><li><a href='https:\/\/www.glm.de\/en\/wp-content\/uploads\/2015\/01\/10-Clove-Star-Anise.mp3'>Clove & Star Anise<\/a><\/li><li><a href='https:\/\/www.glm.de\/en\/wp-content\/uploads\/2015\/01\/11-Meditation-on-an-Oildrum.mp3'>Meditation on an Oildrum<\/a><\/li><li><a href='https:\/\/www.glm.de\/en\/wp-content\/uploads\/2015\/01\/12-Slither.mp3'>Slither<\/a><\/li><li><a href='https:\/\/www.glm.de\/en\/wp-content\/uploads\/2015\/01\/13-Lamento-for-a-fallen-Tree.mp3'>Lamento for a fallen tree<\/a><\/li><li><a href='https:\/\/www.glm.de\/en\/wp-content\/uploads\/2015\/01\/14-Amazonas.mp3'>Amazonas<\/a><\/li><li><a href='https:\/\/www.glm.de\/en\/wp-content\/uploads\/2015\/01\/15-Berimbau.mp3'>Berimbau<\/a><\/li><li><a href='https:\/\/www.glm.de\/en\/wp-content\/uploads\/2015\/01\/16-Forest-of-Fairytales.mp3'>Forest of Fairytales<\/a><\/li><li><a href='https:\/\/www.glm.de\/en\/wp-content\/uploads\/2015\/01\/17-The-Bare-Necessities.mp3'>The Bare Necessities<\/a><\/li>\t<\/ol>\n\t<\/noscript>\n\t<script type=\"application\/json\" class=\"wp-playlist-script\">{\"type\":\"audio\",\"tracklist\":true,\"tracknumbers\":true,\"images\":true,\"artists\":true,\"tracks\":[{\"src\":\"https:\\\/\\\/www.glm.de\\\/en\\\/wp-content\\\/uploads\\\/2015\\\/01\\\/01-Eipo-Love-Song.mp3\",\"type\":\"audio\\\/mpeg\",\"title\":\"Eipo Love Song\",\"caption\":\"\",\"description\":\"\\\"Eipo Love Song\\\" aus Rainforest von Sch\\u00f6ne T\\u00f6ne. Ver\\u00f6ffentlicht: 2014.\",\"meta\":{\"artist\":\"Sch\\u00f6ne T\\u00f6ne\",\"album\":\"Rainforest\",\"year\":\"2014\",\"length_formatted\":\"1:30\"},\"image\":{\"src\":\"https:\\\/\\\/www.glm.de\\\/en\\\/wp-content\\\/uploads\\\/2015\\\/01\\\/FM-201_Cover-Website.jpg\",\"width\":500,\"height\":453},\"thumb\":{\"src\":\"https:\\\/\\\/www.glm.de\\\/en\\\/wp-content\\\/uploads\\\/2015\\\/01\\\/FM-201_Cover-Website-150x150.jpg\",\"width\":150,\"height\":150}},{\"src\":\"https:\\\/\\\/www.glm.de\\\/en\\\/wp-content\\\/uploads\\\/2015\\\/01\\\/02-The-Water-from-Africa.mp3\",\"type\":\"audio\\\/mpeg\",\"title\":\"The Water from Africa\",\"caption\":\"\",\"description\":\"\\\"The Water from Africa\\\" aus Rainforest von Sch\\u00f6ne T\\u00f6ne. Ver\\u00f6ffentlicht: 2014.\",\"meta\":{\"artist\":\"Sch\\u00f6ne T\\u00f6ne\",\"album\":\"Rainforest\",\"year\":\"2014\",\"length_formatted\":\"1:30\"},\"image\":{\"src\":\"https:\\\/\\\/www.glm.de\\\/en\\\/wp-content\\\/uploads\\\/2015\\\/01\\\/FM-201_Cover-Website.jpg\",\"width\":500,\"height\":453},\"thumb\":{\"src\":\"https:\\\/\\\/www.glm.de\\\/en\\\/wp-content\\\/uploads\\\/2015\\\/01\\\/FM-201_Cover-Website-150x150.jpg\",\"width\":150,\"height\":150}},{\"src\":\"https:\\\/\\\/www.glm.de\\\/en\\\/wp-content\\\/uploads\\\/2015\\\/01\\\/03-Raindrops.mp3\",\"type\":\"audio\\\/mpeg\",\"title\":\"Raindrops\",\"caption\":\"\",\"description\":\"\\\"Raindrops\\\" aus Rainforest von Sch\\u00f6ne T\\u00f6ne. Ver\\u00f6ffentlicht: 2014.\",\"meta\":{\"artist\":\"Sch\\u00f6ne T\\u00f6ne\",\"album\":\"Rainforest\",\"year\":\"2014\",\"length_formatted\":\"1:30\"},\"image\":{\"src\":\"https:\\\/\\\/www.glm.de\\\/en\\\/wp-content\\\/uploads\\\/2015\\\/01\\\/FM-201_Cover-Website.jpg\",\"width\":500,\"height\":453},\"thumb\":{\"src\":\"https:\\\/\\\/www.glm.de\\\/en\\\/wp-content\\\/uploads\\\/2015\\\/01\\\/FM-201_Cover-Website-150x150.jpg\",\"width\":150,\"height\":150}},{\"src\":\"https:\\\/\\\/www.glm.de\\\/en\\\/wp-content\\\/uploads\\\/2015\\\/01\\\/04-Boar-Hunting.mp3\",\"type\":\"audio\\\/mpeg\",\"title\":\"Boar Hunting\",\"caption\":\"\",\"description\":\"\\\"Boar Hunting\\\" aus Rainforest von Sch\\u00f6ne T\\u00f6ne. Ver\\u00f6ffentlicht: 2014.\",\"meta\":{\"artist\":\"Sch\\u00f6ne T\\u00f6ne\",\"album\":\"Rainforest\",\"year\":\"2014\",\"length_formatted\":\"1:30\"},\"image\":{\"src\":\"https:\\\/\\\/www.glm.de\\\/en\\\/wp-content\\\/uploads\\\/2015\\\/01\\\/FM-201_Cover-Website.jpg\",\"width\":500,\"height\":453},\"thumb\":{\"src\":\"https:\\\/\\\/www.glm.de\\\/en\\\/wp-content\\\/uploads\\\/2015\\\/01\\\/FM-201_Cover-Website-150x150.jpg\",\"width\":150,\"height\":150}},{\"src\":\"https:\\\/\\\/www.glm.de\\\/en\\\/wp-content\\\/uploads\\\/2015\\\/01\\\/05-Secret-Garden.mp3\",\"type\":\"audio\\\/mpeg\",\"title\":\"Secret Garden\",\"caption\":\"\",\"description\":\"\\\"Secret Garden\\\" aus Rainforest von Sch\\u00f6ne T\\u00f6ne. Ver\\u00f6ffentlicht: 2014.\",\"meta\":{\"artist\":\"Sch\\u00f6ne T\\u00f6ne\",\"album\":\"Rainforest\",\"year\":\"2014\",\"length_formatted\":\"1:30\"},\"image\":{\"src\":\"https:\\\/\\\/www.glm.de\\\/en\\\/wp-content\\\/uploads\\\/2015\\\/01\\\/FM-201_Cover-Website.jpg\",\"width\":500,\"height\":453},\"thumb\":{\"src\":\"https:\\\/\\\/www.glm.de\\\/en\\\/wp-content\\\/uploads\\\/2015\\\/01\\\/FM-201_Cover-Website-150x150.jpg\",\"width\":150,\"height\":150}},{\"src\":\"https:\\\/\\\/www.glm.de\\\/en\\\/wp-content\\\/uploads\\\/2015\\\/01\\\/06-Don\\u00b4t-let-the-bed-bugs-bite.mp3\",\"type\":\"audio\\\/mpeg\",\"title\":\"Don\\u00b4t let the bed bugs\",\"caption\":\"\",\"description\":\"\\\"Don\\u00b4t let the bed bugs\\\" aus Rainforest von Sch\\u00f6ne T\\u00f6ne. Ver\\u00f6ffentlicht: 2014.\",\"meta\":{\"artist\":\"Sch\\u00f6ne T\\u00f6ne\",\"album\":\"Rainforest\",\"year\":\"2014\",\"length_formatted\":\"1:30\"},\"image\":{\"src\":\"https:\\\/\\\/www.glm.de\\\/en\\\/wp-content\\\/uploads\\\/2015\\\/01\\\/FM-201_Cover-Website.jpg\",\"width\":500,\"height\":453},\"thumb\":{\"src\":\"https:\\\/\\\/www.glm.de\\\/en\\\/wp-content\\\/uploads\\\/2015\\\/01\\\/FM-201_Cover-Website-150x150.jpg\",\"width\":150,\"height\":150}},{\"src\":\"https:\\\/\\\/www.glm.de\\\/en\\\/wp-content\\\/uploads\\\/2015\\\/01\\\/07-Dancing-Water.mp3\",\"type\":\"audio\\\/mpeg\",\"title\":\"Dancing Water\",\"caption\":\"\",\"description\":\"\\\"Dancing Water\\\" aus Rainforest von Sch\\u00f6ne T\\u00f6ne. Ver\\u00f6ffentlicht: 2014.\",\"meta\":{\"artist\":\"Sch\\u00f6ne T\\u00f6ne\",\"album\":\"Rainforest\",\"year\":\"2014\",\"length_formatted\":\"0:56\"},\"image\":{\"src\":\"https:\\\/\\\/www.glm.de\\\/en\\\/wp-content\\\/uploads\\\/2015\\\/01\\\/FM-201_Cover-Website.jpg\",\"width\":500,\"height\":453},\"thumb\":{\"src\":\"https:\\\/\\\/www.glm.de\\\/en\\\/wp-content\\\/uploads\\\/2015\\\/01\\\/FM-201_Cover-Website-150x150.jpg\",\"width\":150,\"height\":150}},{\"src\":\"https:\\\/\\\/www.glm.de\\\/en\\\/wp-content\\\/uploads\\\/2015\\\/01\\\/08-Grains-of-Paradise.mp3\",\"type\":\"audio\\\/mpeg\",\"title\":\"Grains of Paradise\",\"caption\":\"\",\"description\":\"\\\"Grains of Paradise\\\" aus Rainforest von Sch\\u00f6ne T\\u00f6ne. Ver\\u00f6ffentlicht: 2014.\",\"meta\":{\"artist\":\"Sch\\u00f6ne T\\u00f6ne\",\"album\":\"Rainforest\",\"year\":\"2014\",\"length_formatted\":\"1:30\"},\"image\":{\"src\":\"https:\\\/\\\/www.glm.de\\\/en\\\/wp-content\\\/uploads\\\/2015\\\/01\\\/FM-201_Cover-Website.jpg\",\"width\":500,\"height\":453},\"thumb\":{\"src\":\"https:\\\/\\\/www.glm.de\\\/en\\\/wp-content\\\/uploads\\\/2015\\\/01\\\/FM-201_Cover-Website-150x150.jpg\",\"width\":150,\"height\":150}},{\"src\":\"https:\\\/\\\/www.glm.de\\\/en\\\/wp-content\\\/uploads\\\/2015\\\/01\\\/09-Afrock.mp3\",\"type\":\"audio\\\/mpeg\",\"title\":\"Afrock\",\"caption\":\"\",\"description\":\"\\\"Afrock\\\" aus Rainforest von Sch\\u00f6ne T\\u00f6ne. Ver\\u00f6ffentlicht: 2014.\",\"meta\":{\"artist\":\"Sch\\u00f6ne T\\u00f6ne\",\"album\":\"Rainforest\",\"year\":\"2014\",\"length_formatted\":\"1:30\"},\"image\":{\"src\":\"https:\\\/\\\/www.glm.de\\\/en\\\/wp-content\\\/uploads\\\/2015\\\/01\\\/FM-201_Cover-Website.jpg\",\"width\":500,\"height\":453},\"thumb\":{\"src\":\"https:\\\/\\\/www.glm.de\\\/en\\\/wp-content\\\/uploads\\\/2015\\\/01\\\/FM-201_Cover-Website-150x150.jpg\",\"width\":150,\"height\":150}},{\"src\":\"https:\\\/\\\/www.glm.de\\\/en\\\/wp-content\\\/uploads\\\/2015\\\/01\\\/10-Clove-Star-Anise.mp3\",\"type\":\"audio\\\/mpeg\",\"title\":\"Clove & Star Anise\",\"caption\":\"\",\"description\":\"\\\"Clove & Star Anise\\\" aus Rainforest von Sch\\u00f6ne T\\u00f6ne. Ver\\u00f6ffentlicht: 2014.\",\"meta\":{\"artist\":\"Sch\\u00f6ne T\\u00f6ne\",\"album\":\"Rainforest\",\"year\":\"2014\",\"length_formatted\":\"1:30\"},\"image\":{\"src\":\"https:\\\/\\\/www.glm.de\\\/en\\\/wp-content\\\/uploads\\\/2015\\\/01\\\/FM-201_Cover-Website.jpg\",\"width\":500,\"height\":453},\"thumb\":{\"src\":\"https:\\\/\\\/www.glm.de\\\/en\\\/wp-content\\\/uploads\\\/2015\\\/01\\\/FM-201_Cover-Website-150x150.jpg\",\"width\":150,\"height\":150}},{\"src\":\"https:\\\/\\\/www.glm.de\\\/en\\\/wp-content\\\/uploads\\\/2015\\\/01\\\/11-Meditation-on-an-Oildrum.mp3\",\"type\":\"audio\\\/mpeg\",\"title\":\"Meditation on an Oildrum\",\"caption\":\"\",\"description\":\"\\\"Meditation on an Oildrum\\\" aus Rainforest von Sch\\u00f6ne T\\u00f6ne. Ver\\u00f6ffentlicht: 2014.\",\"meta\":{\"artist\":\"Sch\\u00f6ne T\\u00f6ne\",\"album\":\"Rainforest\",\"year\":\"2014\",\"length_formatted\":\"1:30\"},\"image\":{\"src\":\"https:\\\/\\\/www.glm.de\\\/en\\\/wp-content\\\/uploads\\\/2015\\\/01\\\/FM-201_Cover-Website.jpg\",\"width\":500,\"height\":453},\"thumb\":{\"src\":\"https:\\\/\\\/www.glm.de\\\/en\\\/wp-content\\\/uploads\\\/2015\\\/01\\\/FM-201_Cover-Website-150x150.jpg\",\"width\":150,\"height\":150}},{\"src\":\"https:\\\/\\\/www.glm.de\\\/en\\\/wp-content\\\/uploads\\\/2015\\\/01\\\/12-Slither.mp3\",\"type\":\"audio\\\/mpeg\",\"title\":\"Slither\",\"caption\":\"\",\"description\":\"\\\"Slither\\\" aus Rainforest von Sch\\u00f6ne T\\u00f6ne. Ver\\u00f6ffentlicht: 2014.\",\"meta\":{\"artist\":\"Sch\\u00f6ne T\\u00f6ne\",\"album\":\"Rainforest\",\"year\":\"2014\",\"length_formatted\":\"1:30\"},\"image\":{\"src\":\"https:\\\/\\\/www.glm.de\\\/en\\\/wp-content\\\/uploads\\\/2015\\\/01\\\/FM-201_Cover-Website.jpg\",\"width\":500,\"height\":453},\"thumb\":{\"src\":\"https:\\\/\\\/www.glm.de\\\/en\\\/wp-content\\\/uploads\\\/2015\\\/01\\\/FM-201_Cover-Website-150x150.jpg\",\"width\":150,\"height\":150}},{\"src\":\"https:\\\/\\\/www.glm.de\\\/en\\\/wp-content\\\/uploads\\\/2015\\\/01\\\/13-Lamento-for-a-fallen-Tree.mp3\",\"type\":\"audio\\\/mpeg\",\"title\":\"Lamento for a fallen tree\",\"caption\":\"\",\"description\":\"\\\"Lamento for a fallen tree\\\" aus Rainforest von Sch\\u00f6ne T\\u00f6ne. Ver\\u00f6ffentlicht: 2014.\",\"meta\":{\"artist\":\"Sch\\u00f6ne T\\u00f6ne\",\"album\":\"Rainforest\",\"year\":\"2014\",\"length_formatted\":\"1:30\"},\"image\":{\"src\":\"https:\\\/\\\/www.glm.de\\\/en\\\/wp-content\\\/uploads\\\/2015\\\/01\\\/FM-201_Cover-Website.jpg\",\"width\":500,\"height\":453},\"thumb\":{\"src\":\"https:\\\/\\\/www.glm.de\\\/en\\\/wp-content\\\/uploads\\\/2015\\\/01\\\/FM-201_Cover-Website-150x150.jpg\",\"width\":150,\"height\":150}},{\"src\":\"https:\\\/\\\/www.glm.de\\\/en\\\/wp-content\\\/uploads\\\/2015\\\/01\\\/14-Amazonas.mp3\",\"type\":\"audio\\\/mpeg\",\"title\":\"Amazonas\",\"caption\":\"\",\"description\":\"\\\"Amazonas\\\" aus Rainforest von Sch\\u00f6ne T\\u00f6ne. Ver\\u00f6ffentlicht: 2014.\",\"meta\":{\"artist\":\"Sch\\u00f6ne T\\u00f6ne\",\"album\":\"Rainforest\",\"year\":\"2014\",\"length_formatted\":\"1:30\"},\"image\":{\"src\":\"https:\\\/\\\/www.glm.de\\\/en\\\/wp-content\\\/uploads\\\/2015\\\/01\\\/FM-201_Cover-Website.jpg\",\"width\":500,\"height\":453},\"thumb\":{\"src\":\"https:\\\/\\\/www.glm.de\\\/en\\\/wp-content\\\/uploads\\\/2015\\\/01\\\/FM-201_Cover-Website-150x150.jpg\",\"width\":150,\"height\":150}},{\"src\":\"https:\\\/\\\/www.glm.de\\\/en\\\/wp-content\\\/uploads\\\/2015\\\/01\\\/15-Berimbau.mp3\",\"type\":\"audio\\\/mpeg\",\"title\":\"Berimbau\",\"caption\":\"\",\"description\":\"\\\"Berimbau\\\" aus Rainforest von Sch\\u00f6ne T\\u00f6ne. Ver\\u00f6ffentlicht: 2014.\",\"meta\":{\"artist\":\"Sch\\u00f6ne T\\u00f6ne\",\"album\":\"Rainforest\",\"year\":\"2014\",\"length_formatted\":\"1:30\"},\"image\":{\"src\":\"https:\\\/\\\/www.glm.de\\\/en\\\/wp-content\\\/uploads\\\/2015\\\/01\\\/FM-201_Cover-Website.jpg\",\"width\":500,\"height\":453},\"thumb\":{\"src\":\"https:\\\/\\\/www.glm.de\\\/en\\\/wp-content\\\/uploads\\\/2015\\\/01\\\/FM-201_Cover-Website-150x150.jpg\",\"width\":150,\"height\":150}},{\"src\":\"https:\\\/\\\/www.glm.de\\\/en\\\/wp-content\\\/uploads\\\/2015\\\/01\\\/16-Forest-of-Fairytales.mp3\",\"type\":\"audio\\\/mpeg\",\"title\":\"Forest of Fairytales\",\"caption\":\"\",\"description\":\"\\\"Forest of Fairytales\\\" aus Rainforest von Sch\\u00f6ne T\\u00f6ne. Ver\\u00f6ffentlicht: 2014.\",\"meta\":{\"artist\":\"Sch\\u00f6ne T\\u00f6ne\",\"album\":\"Rainforest\",\"year\":\"2014\",\"length_formatted\":\"1:30\"},\"image\":{\"src\":\"https:\\\/\\\/www.glm.de\\\/en\\\/wp-content\\\/uploads\\\/2015\\\/01\\\/FM-201_Cover-Website.jpg\",\"width\":500,\"height\":453},\"thumb\":{\"src\":\"https:\\\/\\\/www.glm.de\\\/en\\\/wp-content\\\/uploads\\\/2015\\\/01\\\/FM-201_Cover-Website-150x150.jpg\",\"width\":150,\"height\":150}},{\"src\":\"https:\\\/\\\/www.glm.de\\\/en\\\/wp-content\\\/uploads\\\/2015\\\/01\\\/17-The-Bare-Necessities.mp3\",\"type\":\"audio\\\/mpeg\",\"title\":\"The Bare Necessities\",\"caption\":\"\",\"description\":\"\\\"The Bare Necessities\\\" aus Rainforest von Sch\\u00f6ne T\\u00f6ne. Ver\\u00f6ffentlicht: 2014.\",\"meta\":{\"artist\":\"Sch\\u00f6ne T\\u00f6ne\",\"album\":\"Rainforest\",\"year\":\"2014\",\"length_formatted\":\"1:30\"},\"image\":{\"src\":\"https:\\\/\\\/www.glm.de\\\/en\\\/wp-content\\\/uploads\\\/2015\\\/01\\\/FM-201_Cover-Website.jpg\",\"width\":500,\"height\":453},\"thumb\":{\"src\":\"https:\\\/\\\/www.glm.de\\\/en\\\/wp-content\\\/uploads\\\/2015\\\/01\\\/FM-201_Cover-Website-150x150.jpg\",\"width\":150,\"height\":150}}]}<\/script>\n<\/div>\n\t\n<p>1.\u00a0\u00a0 <strong>Eipo Love Song<\/strong> <em>(Mulo Francel)<\/em> 4:30<br \/>\n2.\u00a0\u00a0 <strong>The Water from Africa<\/strong> <em>(Wolfgang Lohmeier)<\/em> 6:25<br \/>\n3. \u00a0 <strong>Raindrops<\/strong> <em>(Wolfgang Lohmeier)<\/em> 5:15<br \/>\n4.\u00a0\u00a0 <strong>Boar Hunting<\/strong> <em>(Wolfgang Lohmeier)<\/em> 5:15<br \/>\n5.\u00a0\u00a0 <strong>Secret Garden<\/strong> <em>(Mulo Francel<\/em> 2:25<br \/>\n6.\u00a0\u00a0 <strong>Don\u00b4t let the bed Bugs bite<\/strong> <em>(Jan-Frederick Behrend)<\/em> 4:30<br \/>\n7.\u00a0\u00a0 <strong>Dancing Water<\/strong> <em>(Wolfgang Lohmeier)<\/em> 1:05<br \/>\n8.\u00a0\u00a0 <strong>Grains of Paradise<\/strong> <em>(D.D. Lowka)<\/em> 3:45<br \/>\n9.\u00a0\u00a0 <strong>Afrock<\/strong> <em>(Jan-Frederick Behrend)<\/em> 5:50<br \/>\n10. <strong>Clove &amp; Star Anise<\/strong> <em>(Evelyn Huber, Wolfgang Lohmeier, Mulo Francel)<\/em> 5:00<br \/>\n11. <strong>Meditation on an Oildrum<\/strong> 3:42 <em>(Martina Eisenreich)<\/em> 5:35<br \/>\n12. <strong>Slither<\/strong> 6:49 <em>(Stewart Copeland)<\/em> 3:05<br \/>\n13. <strong>Lamento for a fallen Tree<\/strong> <em>(Mulo Francel)<\/em> 2:40<br \/>\n14. <strong>Amazonas<\/strong> <em>(Martina Eisenreich)<\/em> 2:30<br \/>\n15. <strong>Berimbau<\/strong> <em>(Vinicius de Moraes\/ Baden Powell)<\/em> 4:30<br \/>\n16. <strong>Forest of Fairytales<\/strong> <em>(Evelyn Huber)<\/em> 4:40<br \/>\n17. <strong>The Bare Necessities<\/strong> <em>(Terry Gilkyson)<\/em> 3:45<\/p>\n<p><strong>Ver\u00f6ffentlichung am 13.03.2015!<\/strong><\/p>\n<p><strong>HOMMAGE TO AN ENDANGERED TREASURE<\/strong><\/p>\n<p>Ein kreatives Team namhafter <strong>World Music-K\u00fcnstler<\/strong> transformiert den Klang des Regenwaldes in eine beeindruckende Sound-Landschaft, die viel Raum f\u00fcr cineastische Atmosph\u00e4re und gro\u00dfe Bilder entstehen l\u00e4sst.<br \/>\nGekonnt vermischt mit Originalger\u00e4uschen aus der Natur und musikethnologischen Aufnahmen ergibt dies ein stimmungsvolles musikalisches Portrait. Regenwald ist in S\u00fcdamerika, Afrika und Asien zu finden. Die beteiligten Musiker arbeiten mit Mustern und Liedmaterial aus diesen drei Kontinenten, modifizieren bestehende Aufnahmen und f\u00fcgen neue Kompositionen hinzu. So entstand etwa Martina Eisenreichs Meditation \u00fcber ein \u00d6lfass und Mulo Francels Lamento for a fallen Tree auf Holzinstrumenten und Singender S\u00e4ge. Oder Boar Hunting: eine groovige Jagdszene durch das Bl\u00e4ttermeer.<br \/>\nBei <strong>RAINFOREST <\/strong>steht das Holz im Vordergrund: Marimba, Xylophon, Klarinetten, Laubtrommeln und Klangh\u00f6lzer bis hin zu Violine, Harfe und Kontrabass. Dazu das afrikanische Daumen-Zupf-Instrument Kalimba und das brasilianische Berimbau. Als Gast spielt Ralph St\u00f6vesandt meisterhaft die Singende S\u00e4ge, denn dieses Werkzeug ist nicht nur zum B\u00e4umef\u00e4llen geeignet, sondern &#8211; viel besser noch &#8211; zum Gesang \u00fcber das Leid der verschwundenen Natur.<\/p>\n<p><em>Die Reihe <strong>SCH\u00d6NE T\u00d6NE<\/strong>:<\/em><\/p>\n<p><strong>RAINFOREST <\/strong>ist (nach <strong>INKA moods &#8211; a Portrait in music<\/strong>) das zweite Album der Reihe <strong>SCH\u00d6NE T\u00d6NE<\/strong>, produziert von <strong>Mulo Francel<\/strong>, dem kreativen Wirbelwind von <strong>Quadro Nuevo<\/strong>, der erfolgreichen Filmkomponistin <strong>Martina Eisenreich<\/strong>, und dem Tonmeister und Perkussionist <strong>Wolfgang Lohmeier<\/strong>: alle drei Liebhaber analoger Aufnahmetechnik und authentischer, handgemachter Kl\u00e4nge.<br \/>\nDie Zusammenarbeit von <strong>Mulo Francel<\/strong> und <strong>Wolfgang Lohmeier<\/strong> begann bereits Mitte der 90er Jahre bei den Aufnahmen der ersten Quadro Nuevo-Alben, wof\u00fcr sie mehrere audiophile Auszeichnungen erhielten. Zusammen mit der au\u00dfergew\u00f6hnlichen Filmkomponistin und Geigerin <strong>Martina Eisenreich<\/strong> wurde die Idee geboren, zu jeweils einem Thema eine akustische Landschaft zu kreieren: entspannt-atmosph\u00e4rische Musik mit gro\u00dfer Neugier f\u00fcr fremde Kulturen, mit h\u00f6chstem Anspruch an k\u00fcnstlerische und klang\u00e4sthetische Qualit\u00e4t.<\/p>\n<p>Dabei versteht sich das <strong>SCH\u00d6NE T\u00d6NE<\/strong> \u2013 Team nicht als weiteres Instrumental-Ensemble, sondern als K\u00fcnstler- und Produzentenkollektiv, in welchem sich musikalische F\u00e4higkeiten immer der klanglichen Inspiration und der Atmosph\u00e4re des Themas unterordnen.<\/p>\n<p>Als weitere namhafte Interpreten sind vertreten: das furiose Ensemble <strong>Elbtonal Percussion<\/strong>, die S\u00e4ngerin <strong>Lisa Wahlandt<\/strong>, <strong>Ralph St\u00f6vesandt<\/strong> an der singenden S\u00e4ge,<strong> Evelyn Huber<\/strong> an der Harfe, <strong>D.D. Lowka<\/strong> am Bass, <strong>Quadro Nuevo<\/strong>, die den Song Secret Garden in Malaysia aufnahmen und viele mehr.<\/p>\n","protected":false},"excerpt":{"rendered":"<p><a class=\"button smart_link_button\" href=\"https:\/\/smarturl.it\/eisenreichrainforest\" target=\"_blank\" rel=\"noopener\">Choose your store!<\/a><\/p>\n","protected":false},"featured_media":2426,"comment_status":"open","ping_status":"closed","template":"","meta":[],"product_brand":[],"product_cat":[604,619,303,204,640],"product_tag":[628,629,632,62,626,132,131,623,641],"class_list":{"0":"post-2408","1":"product","2":"type-product","3":"status-publish","4":"has-post-thumbnail","6":"product_cat-fine-music","7":"product_cat-martina-eisenreich","8":"product_cat-mulo-francel-2","9":"product_cat-schoene-toene","10":"product_cat-wolfgang-lohmeier","11":"product_tag-andreas-hinterseher","12":"product_tag-didi-lowka","13":"product_tag-evelyn-huber","14":"product_tag-tina-eisenreich","15":"product_tag-mulo-francel","16":"product_tag-nuevo","17":"product_tag-quadro","18":"product_tag-quadro-nuevo","19":"product_tag-wolfgang-lohmeier","21":"first","22":"instock","23":"taxable","24":"shipping-taxable","25":"product-type-external"},"_links":{"self":[{"href":"https:\/\/www.glm.de\/en\/wp-json\/wp\/v2\/product\/2408"}],"collection":[{"href":"https:\/\/www.glm.de\/en\/wp-json\/wp\/v2\/product"}],"about":[{"href":"https:\/\/www.glm.de\/en\/wp-json\/wp\/v2\/types\/product"}],"replies":[{"embeddable":true,"href":"https:\/\/www.glm.de\/en\/wp-json\/wp\/v2\/comments?post=2408"}],"wp:featuredmedia":[{"embeddable":true,"href":"https:\/\/www.glm.de\/en\/wp-json\/wp\/v2\/media\/2426"}],"wp:attachment":[{"href":"https:\/\/www.glm.de\/en\/wp-json\/wp\/v2\/media?parent=2408"}],"wp:term":[{"taxonomy":"product_brand","embeddable":true,"href":"https:\/\/www.glm.de\/en\/wp-json\/wp\/v2\/product_brand?post=2408"},{"taxonomy":"product_cat","embeddable":true,"href":"https:\/\/www.glm.de\/en\/wp-json\/wp\/v2\/product_cat?post=2408"},{"taxonomy":"product_tag","embeddable":true,"href":"https:\/\/www.glm.de\/en\/wp-json\/wp\/v2\/product_tag?post=2408"}],"curies":[{"name":"wp","href":"https:\/\/api.w.org\/{rel}","templated":true}]}}