{"id":241,"date":"2013-09-27T17:17:10","date_gmt":"2013-09-27T15:17:10","guid":{"rendered":"http:\/\/www.r5.glm.de\/?post_type=product&#038;p=241"},"modified":"2025-05-27T16:54:21","modified_gmt":"2025-05-27T14:54:21","slug":"d-d-lowka-minijazz","status":"publish","type":"product","link":"https:\/\/www.glm.de\/en\/product\/d-d-lowka-minijazz\/","title":{"rendered":"D.D. Lowka &#8211; Minijazz"},"content":{"rendered":"<p><strong>Didi Lowka<\/strong> bass, tarambuca, xylophone, kinderdrums, udu-drum<br \/>\n<strong>Florian Rein<\/strong> cajon, drums, udu-drum<br \/>\n<strong>Walter Lang<\/strong> piano<br \/>\n<strong>Reinhard Greiner<\/strong> trumpet<\/p>\n<p><strong>Joscho Stephan<\/strong> guitar on track 4 &amp; 7<br \/>\n<strong>Mulo Francel<\/strong> bass clarinet on track 10 &amp; 12<\/p>\n<!--[if lt IE 9]><script>document.createElement('audio');<\/script><![endif]-->\n\t<div class=\"wp-playlist wp-audio-playlist wp-playlist-light\">\n\t\t\t<div class=\"wp-playlist-current-item\"><\/div>\n\t\t<audio controls=\"controls\" preload=\"none\" width=\"958\"\n\t\t\t><\/audio>\n\t<div class=\"wp-playlist-next\"><\/div>\n\t<div class=\"wp-playlist-prev\"><\/div>\n\t<noscript>\n\t<ol>\n\t\t<li><a href='https:\/\/www.glm.de\/en\/wp-content\/uploads\/2014\/10\/01_Manteca.mp3'>Manteca<\/a><\/li><li><a href='https:\/\/www.glm.de\/en\/wp-content\/uploads\/2014\/10\/02_Stomping-at-the-Savoy.mp3'>Stomping at the Savoy<\/a><\/li><li><a href='https:\/\/www.glm.de\/en\/wp-content\/uploads\/2014\/10\/03_Latin-Lovers.mp3'>Latin Lovers<\/a><\/li><li><a href='https:\/\/www.glm.de\/en\/wp-content\/uploads\/2014\/10\/04_Overload.mp3'>Overload<\/a><\/li><li><a href='https:\/\/www.glm.de\/en\/wp-content\/uploads\/2014\/10\/05_Lili.mp3'>Lili<\/a><\/li><li><a href='https:\/\/www.glm.de\/en\/wp-content\/uploads\/2014\/10\/06_West-Coast-Blues.mp3'>West Coast Blues<\/a><\/li><li><a href='https:\/\/www.glm.de\/en\/wp-content\/uploads\/2014\/10\/07_Butterfly.mp3'>Butterfly<\/a><\/li><li><a href='https:\/\/www.glm.de\/en\/wp-content\/uploads\/2014\/10\/08_Caravan.mp3'>Caravan<\/a><\/li><li><a href='https:\/\/www.glm.de\/en\/wp-content\/uploads\/2014\/10\/09_Spartacus.mp3'>Spartacus<\/a><\/li><li><a href='https:\/\/www.glm.de\/en\/wp-content\/uploads\/2014\/10\/10_Someday-my-prince-will-come.mp3'>Someday my prince will come<\/a><\/li><li><a href='https:\/\/www.glm.de\/en\/wp-content\/uploads\/2014\/10\/11_Mohn.mp3'>11_Mohn<\/a><\/li><li><a href='https:\/\/www.glm.de\/en\/wp-content\/uploads\/2014\/10\/12_St_-Louis-Blues.mp3'>St. Louis Blues<\/a><\/li><li><a href='https:\/\/www.glm.de\/en\/wp-content\/uploads\/2014\/10\/13_Estate.mp3'>Estate<\/a><\/li><li><a href='https:\/\/www.glm.de\/en\/wp-content\/uploads\/2014\/10\/14_Bye-Bye-Blackbird.mp3'>Bye Bye Blackbird<\/a><\/li><li><a href='https:\/\/www.glm.de\/en\/wp-content\/uploads\/2014\/10\/15_Blue-in-Green.mp3'>Blue in Green<\/a><\/li>\t<\/ol>\n\t<\/noscript>\n\t<script type=\"application\/json\" class=\"wp-playlist-script\">{\"type\":\"audio\",\"tracklist\":true,\"tracknumbers\":true,\"images\":true,\"artists\":true,\"tracks\":[{\"src\":\"https:\\\/\\\/www.glm.de\\\/en\\\/wp-content\\\/uploads\\\/2014\\\/10\\\/01_Manteca.mp3\",\"type\":\"audio\\\/mpeg\",\"title\":\"Manteca\",\"caption\":\"\",\"description\":\"\\\"01_Manteca\\\".\",\"meta\":{\"length_formatted\":\"1:30\"},\"image\":{\"src\":\"https:\\\/\\\/www.glm.de\\\/en\\\/wp-content\\\/uploads\\\/2014\\\/10\\\/FM183.jpg\",\"width\":500,\"height\":500},\"thumb\":{\"src\":\"https:\\\/\\\/www.glm.de\\\/en\\\/wp-content\\\/uploads\\\/2014\\\/10\\\/FM183-150x150.jpg\",\"width\":150,\"height\":150}},{\"src\":\"https:\\\/\\\/www.glm.de\\\/en\\\/wp-content\\\/uploads\\\/2014\\\/10\\\/02_Stomping-at-the-Savoy.mp3\",\"type\":\"audio\\\/mpeg\",\"title\":\"Stomping at the Savoy\",\"caption\":\"\",\"description\":\"\\\"02_Stomping at the Savoy\\\".\",\"meta\":{\"length_formatted\":\"1:30\"},\"image\":{\"src\":\"https:\\\/\\\/www.glm.de\\\/en\\\/wp-content\\\/uploads\\\/2014\\\/10\\\/FM183.jpg\",\"width\":500,\"height\":500},\"thumb\":{\"src\":\"https:\\\/\\\/www.glm.de\\\/en\\\/wp-content\\\/uploads\\\/2014\\\/10\\\/FM183-150x150.jpg\",\"width\":150,\"height\":150}},{\"src\":\"https:\\\/\\\/www.glm.de\\\/en\\\/wp-content\\\/uploads\\\/2014\\\/10\\\/03_Latin-Lovers.mp3\",\"type\":\"audio\\\/mpeg\",\"title\":\"Latin Lovers\",\"caption\":\"\",\"description\":\"\\\"03_Latin Lovers\\\".\",\"meta\":{\"length_formatted\":\"1:30\"},\"image\":{\"src\":\"https:\\\/\\\/www.glm.de\\\/en\\\/wp-content\\\/uploads\\\/2014\\\/10\\\/FM183.jpg\",\"width\":500,\"height\":500},\"thumb\":{\"src\":\"https:\\\/\\\/www.glm.de\\\/en\\\/wp-content\\\/uploads\\\/2014\\\/10\\\/FM183-150x150.jpg\",\"width\":150,\"height\":150}},{\"src\":\"https:\\\/\\\/www.glm.de\\\/en\\\/wp-content\\\/uploads\\\/2014\\\/10\\\/04_Overload.mp3\",\"type\":\"audio\\\/mpeg\",\"title\":\"Overload\",\"caption\":\"\",\"description\":\"\\\"04_Overload\\\".\",\"meta\":{\"length_formatted\":\"1:30\"},\"image\":{\"src\":\"https:\\\/\\\/www.glm.de\\\/en\\\/wp-content\\\/uploads\\\/2014\\\/10\\\/FM183.jpg\",\"width\":500,\"height\":500},\"thumb\":{\"src\":\"https:\\\/\\\/www.glm.de\\\/en\\\/wp-content\\\/uploads\\\/2014\\\/10\\\/FM183-150x150.jpg\",\"width\":150,\"height\":150}},{\"src\":\"https:\\\/\\\/www.glm.de\\\/en\\\/wp-content\\\/uploads\\\/2014\\\/10\\\/05_Lili.mp3\",\"type\":\"audio\\\/mpeg\",\"title\":\"Lili\",\"caption\":\"\",\"description\":\"\\\"05_Lili\\\".\",\"meta\":{\"length_formatted\":\"1:30\"},\"image\":{\"src\":\"https:\\\/\\\/www.glm.de\\\/en\\\/wp-content\\\/uploads\\\/2014\\\/10\\\/FM183.jpg\",\"width\":500,\"height\":500},\"thumb\":{\"src\":\"https:\\\/\\\/www.glm.de\\\/en\\\/wp-content\\\/uploads\\\/2014\\\/10\\\/FM183-150x150.jpg\",\"width\":150,\"height\":150}},{\"src\":\"https:\\\/\\\/www.glm.de\\\/en\\\/wp-content\\\/uploads\\\/2014\\\/10\\\/06_West-Coast-Blues.mp3\",\"type\":\"audio\\\/mpeg\",\"title\":\"West Coast Blues\",\"caption\":\"\",\"description\":\"\\\"06_West Coast Blues\\\".\",\"meta\":{\"length_formatted\":\"1:30\"},\"image\":{\"src\":\"https:\\\/\\\/www.glm.de\\\/en\\\/wp-content\\\/uploads\\\/2014\\\/10\\\/FM183.jpg\",\"width\":500,\"height\":500},\"thumb\":{\"src\":\"https:\\\/\\\/www.glm.de\\\/en\\\/wp-content\\\/uploads\\\/2014\\\/10\\\/FM183-150x150.jpg\",\"width\":150,\"height\":150}},{\"src\":\"https:\\\/\\\/www.glm.de\\\/en\\\/wp-content\\\/uploads\\\/2014\\\/10\\\/07_Butterfly.mp3\",\"type\":\"audio\\\/mpeg\",\"title\":\"Butterfly\",\"caption\":\"\",\"description\":\"\\\"07_Butterfly\\\".\",\"meta\":{\"length_formatted\":\"1:30\"},\"image\":{\"src\":\"https:\\\/\\\/www.glm.de\\\/en\\\/wp-content\\\/uploads\\\/2014\\\/10\\\/FM183.jpg\",\"width\":500,\"height\":500},\"thumb\":{\"src\":\"https:\\\/\\\/www.glm.de\\\/en\\\/wp-content\\\/uploads\\\/2014\\\/10\\\/FM183-150x150.jpg\",\"width\":150,\"height\":150}},{\"src\":\"https:\\\/\\\/www.glm.de\\\/en\\\/wp-content\\\/uploads\\\/2014\\\/10\\\/08_Caravan.mp3\",\"type\":\"audio\\\/mpeg\",\"title\":\"Caravan\",\"caption\":\"\",\"description\":\"\\\"08_Caravan\\\".\",\"meta\":{\"length_formatted\":\"1:30\"},\"image\":{\"src\":\"https:\\\/\\\/www.glm.de\\\/en\\\/wp-content\\\/uploads\\\/2014\\\/10\\\/FM183.jpg\",\"width\":500,\"height\":500},\"thumb\":{\"src\":\"https:\\\/\\\/www.glm.de\\\/en\\\/wp-content\\\/uploads\\\/2014\\\/10\\\/FM183-150x150.jpg\",\"width\":150,\"height\":150}},{\"src\":\"https:\\\/\\\/www.glm.de\\\/en\\\/wp-content\\\/uploads\\\/2014\\\/10\\\/09_Spartacus.mp3\",\"type\":\"audio\\\/mpeg\",\"title\":\"Spartacus\",\"caption\":\"\",\"description\":\"\\\"09_Spartacus\\\".\",\"meta\":{\"length_formatted\":\"1:30\"},\"image\":{\"src\":\"https:\\\/\\\/www.glm.de\\\/en\\\/wp-content\\\/uploads\\\/2014\\\/10\\\/FM183.jpg\",\"width\":500,\"height\":500},\"thumb\":{\"src\":\"https:\\\/\\\/www.glm.de\\\/en\\\/wp-content\\\/uploads\\\/2014\\\/10\\\/FM183-150x150.jpg\",\"width\":150,\"height\":150}},{\"src\":\"https:\\\/\\\/www.glm.de\\\/en\\\/wp-content\\\/uploads\\\/2014\\\/10\\\/10_Someday-my-prince-will-come.mp3\",\"type\":\"audio\\\/mpeg\",\"title\":\"Someday my prince will come\",\"caption\":\"\",\"description\":\"\\\"10_Someday my prince will come\\\".\",\"meta\":{\"length_formatted\":\"1:30\"},\"image\":{\"src\":\"https:\\\/\\\/www.glm.de\\\/en\\\/wp-content\\\/uploads\\\/2014\\\/10\\\/FM183.jpg\",\"width\":500,\"height\":500},\"thumb\":{\"src\":\"https:\\\/\\\/www.glm.de\\\/en\\\/wp-content\\\/uploads\\\/2014\\\/10\\\/FM183-150x150.jpg\",\"width\":150,\"height\":150}},{\"src\":\"https:\\\/\\\/www.glm.de\\\/en\\\/wp-content\\\/uploads\\\/2014\\\/10\\\/11_Mohn.mp3\",\"type\":\"audio\\\/mpeg\",\"title\":\"11_Mohn\",\"caption\":\"\",\"description\":\"\\\"Mohn\\\".\",\"meta\":{\"length_formatted\":\"1:30\"},\"image\":{\"src\":\"https:\\\/\\\/www.glm.de\\\/en\\\/wp-content\\\/uploads\\\/2014\\\/10\\\/FM183.jpg\",\"width\":500,\"height\":500},\"thumb\":{\"src\":\"https:\\\/\\\/www.glm.de\\\/en\\\/wp-content\\\/uploads\\\/2014\\\/10\\\/FM183-150x150.jpg\",\"width\":150,\"height\":150}},{\"src\":\"https:\\\/\\\/www.glm.de\\\/en\\\/wp-content\\\/uploads\\\/2014\\\/10\\\/12_St_-Louis-Blues.mp3\",\"type\":\"audio\\\/mpeg\",\"title\":\"St. Louis Blues\",\"caption\":\"\",\"description\":\"\\\"12_St_ Louis Blues\\\".\",\"meta\":{\"length_formatted\":\"1:30\"},\"image\":{\"src\":\"https:\\\/\\\/www.glm.de\\\/en\\\/wp-content\\\/uploads\\\/2014\\\/10\\\/FM183.jpg\",\"width\":500,\"height\":500},\"thumb\":{\"src\":\"https:\\\/\\\/www.glm.de\\\/en\\\/wp-content\\\/uploads\\\/2014\\\/10\\\/FM183-150x150.jpg\",\"width\":150,\"height\":150}},{\"src\":\"https:\\\/\\\/www.glm.de\\\/en\\\/wp-content\\\/uploads\\\/2014\\\/10\\\/13_Estate.mp3\",\"type\":\"audio\\\/mpeg\",\"title\":\"Estate\",\"caption\":\"\",\"description\":\"\\\"13_Estate\\\".\",\"meta\":{\"length_formatted\":\"1:30\"},\"image\":{\"src\":\"https:\\\/\\\/www.glm.de\\\/en\\\/wp-content\\\/uploads\\\/2014\\\/10\\\/FM183.jpg\",\"width\":500,\"height\":500},\"thumb\":{\"src\":\"https:\\\/\\\/www.glm.de\\\/en\\\/wp-content\\\/uploads\\\/2014\\\/10\\\/FM183-150x150.jpg\",\"width\":150,\"height\":150}},{\"src\":\"https:\\\/\\\/www.glm.de\\\/en\\\/wp-content\\\/uploads\\\/2014\\\/10\\\/14_Bye-Bye-Blackbird.mp3\",\"type\":\"audio\\\/mpeg\",\"title\":\"Bye Bye Blackbird\",\"caption\":\"\",\"description\":\"\\\"14_Bye Bye Blackbird\\\".\",\"meta\":{\"length_formatted\":\"1:30\"},\"image\":{\"src\":\"https:\\\/\\\/www.glm.de\\\/en\\\/wp-content\\\/uploads\\\/2014\\\/10\\\/FM183.jpg\",\"width\":500,\"height\":500},\"thumb\":{\"src\":\"https:\\\/\\\/www.glm.de\\\/en\\\/wp-content\\\/uploads\\\/2014\\\/10\\\/FM183-150x150.jpg\",\"width\":150,\"height\":150}},{\"src\":\"https:\\\/\\\/www.glm.de\\\/en\\\/wp-content\\\/uploads\\\/2014\\\/10\\\/15_Blue-in-Green.mp3\",\"type\":\"audio\\\/mpeg\",\"title\":\"Blue in Green\",\"caption\":\"\",\"description\":\"\\\"15_Blue in Green\\\".\",\"meta\":{\"length_formatted\":\"1:30\"},\"image\":{\"src\":\"https:\\\/\\\/www.glm.de\\\/en\\\/wp-content\\\/uploads\\\/2014\\\/10\\\/FM183.jpg\",\"width\":500,\"height\":500},\"thumb\":{\"src\":\"https:\\\/\\\/www.glm.de\\\/en\\\/wp-content\\\/uploads\\\/2014\\\/10\\\/FM183-150x150.jpg\",\"width\":150,\"height\":150}}]}<\/script>\n<\/div>\n\t\n<p>1. <strong>Manteca<\/strong> <em>(Gillespie)<\/em> 3:18<br \/>\n2. <strong>Stomping at the Savoy<\/strong> <em>(Sampson)<\/em> 3:50<br \/>\n3. <strong>Latin Lovers<\/strong><em> (Bosco)<\/em> 4:04<br \/>\n4. <strong>Overload<\/strong> <em>(Sugababes)<\/em> 3:50<br \/>\n5. <strong>Lili<\/strong> <em>(Kaper)<\/em> 5:19<br \/>\n6. <strong>West Coast Blues<\/strong> <em>(Montgomery)<\/em> 3:04<br \/>\n7. <strong>Butterfly<\/strong> <em>(Hancock)<\/em> 4:39<br \/>\n8. <strong>Caravan<\/strong><em> (Ellington)<\/em> 5:12<br \/>\n9. <strong>Spartacus<\/strong> <em>(North)<\/em> 4:40<br \/>\n10. <strong>Someday my prince will come<\/strong> <em>(Churchill)<\/em> 3:39<br \/>\n11. <strong>Mohn <\/strong><em>(Lowka)<\/em> 3:58<br \/>\n12. <strong>St. Louis Blues<\/strong> <em>(Handy)<\/em> 5:37<br \/>\n13. <strong>Estate <\/strong><em>(Martino)<\/em> 4:58<br \/>\n14. <strong>Bye Bye Blackbird<\/strong> <em>(Henderson)<\/em> 3:34<br \/>\n15. <strong>Blue in Green<\/strong> <em>(Davis\/Evans)<\/em> 4:47<\/p>\n<p>Feingewebte akustische Kleinode, soulige Improvisationen, impressionistische Traumwandlungen,\u00a0minimalistischer Swing und gehauchte Balladen \u2013 das sind die Begriffe, die einem in den Sinn kommen, wenn man die erste Solo-Ver\u00f6ffentlichung von <strong>D.D. Lowka<\/strong> h\u00f6rt.<\/p>\n<p align=\"center\"><b>Frech, frisch, pulsierend, funkig, lyrisch.<\/b><\/p>\n<p>Mit diesen Aufnahmen ging der langgehegte Wunsch des Quadro Nuevo Bassisten D.D. Lowka in Erf\u00fcllung, mit Freunden filigrane Kammermusik in jazzigem Gewand erklingen zu lassen. Die samtene ged\u00e4mpfte Trompete von Reinhard Greiner, das durchsichtig perlende Klavier von Walter Lang, die leichtf\u00fc\u00dfig fliegende Percussion von Florian Rein und ein weich pumpender Kontrabass von D.D. Lowka verschmelzen zu einem herzerfrischend vorantreibenden Bandgef\u00fcge.<\/p>\n<p>Das ist Musik f\u00fcr lange Nachtfahrten, hilfreich um den Tag anzufangen, gut f\u00fcr romantische Sonnenunterg\u00e4nge und n\u00fctzlich, um eine elegante Party zu beginnen oder viele Stunden sp\u00e4ter wieder zu beenden. Sie passt zu herbstlichen Regentagen, sie ber\u00fchrt aber auch an warmen Fr\u00fchlingstagen.<\/p>\n<p>\u201e<em>Mini Jazz<\/em>\u201c ist eine tief empfundene Liebeserkl\u00e4rung an den Jazz. Eine tiefe Verbeugung vor all den unz\u00e4hligen schillernden Pers\u00f6nlichkeiten der Jazzgeschichte, eine ehrliche Hommage\u00a0 an gl\u00e4nzende Helden wie Dizzy Gillespie, Miles Davis, Herbie Hancock, Wes Montgomery, Duke Ellington \u2026. und all die anderen.<\/p>\n","protected":false},"excerpt":{"rendered":"<p><a class=\"button smart_link_button\" href=\"https:\/\/glmmusic.de\/MinijazzWE\" target=\"_blank\" rel=\"noopener\">Choose your store!<\/a><\/p>\n","protected":false},"featured_media":336,"comment_status":"open","ping_status":"closed","template":"","meta":[],"product_brand":[],"product_cat":[302,604,1269,1219,303,1181,1270],"product_tag":[132,131],"class_list":{"0":"post-241","1":"product","2":"type-product","3":"status-publish","4":"has-post-thumbnail","6":"product_cat-d-d-lowka","7":"product_cat-fine-music","8":"product_cat-florian-rein","9":"product_cat-josho-stephan","10":"product_cat-mulo-francel-2","11":"product_cat-reinhard-greiner","12":"product_cat-walter-lang","13":"product_tag-nuevo","14":"product_tag-quadro","16":"first","17":"instock","18":"taxable","19":"shipping-taxable","20":"product-type-external"},"_links":{"self":[{"href":"https:\/\/www.glm.de\/en\/wp-json\/wp\/v2\/product\/241"}],"collection":[{"href":"https:\/\/www.glm.de\/en\/wp-json\/wp\/v2\/product"}],"about":[{"href":"https:\/\/www.glm.de\/en\/wp-json\/wp\/v2\/types\/product"}],"replies":[{"embeddable":true,"href":"https:\/\/www.glm.de\/en\/wp-json\/wp\/v2\/comments?post=241"}],"wp:featuredmedia":[{"embeddable":true,"href":"https:\/\/www.glm.de\/en\/wp-json\/wp\/v2\/media\/336"}],"wp:attachment":[{"href":"https:\/\/www.glm.de\/en\/wp-json\/wp\/v2\/media?parent=241"}],"wp:term":[{"taxonomy":"product_brand","embeddable":true,"href":"https:\/\/www.glm.de\/en\/wp-json\/wp\/v2\/product_brand?post=241"},{"taxonomy":"product_cat","embeddable":true,"href":"https:\/\/www.glm.de\/en\/wp-json\/wp\/v2\/product_cat?post=241"},{"taxonomy":"product_tag","embeddable":true,"href":"https:\/\/www.glm.de\/en\/wp-json\/wp\/v2\/product_tag?post=241"}],"curies":[{"name":"wp","href":"https:\/\/api.w.org\/{rel}","templated":true}]}}