{"id":245,"date":"2013-03-08T17:42:17","date_gmt":"2013-03-08T15:42:17","guid":{"rendered":"http:\/\/www.r5.glm.de\/?post_type=product&#038;p=245"},"modified":"2024-11-29T05:26:34","modified_gmt":"2024-11-29T03:26:34","slug":"martina-eisenreich-quartett-contes-de-lune","status":"publish","type":"product","link":"https:\/\/www.glm.de\/en\/product\/martina-eisenreich-quartett-contes-de-lune\/","title":{"rendered":"Martina Eisenreich Quartett &#8211; Contes de lune"},"content":{"rendered":"<p><b>MARTINA EISENREICH QUARTETT<\/b><\/p>\n<p><b>MARTINA EISENREICH<\/b> violin, vocals, whistle, chromatic cowbells, tin whistle<br \/>\n<b>WOLFGANG LOHMEIER<\/b> drums, percussion and sounds, mouth harp, \u2028wind, waterphone, glockenspiel, kalimba, egg slicer, sound tubes, watering can, glasses.<br \/>\n<b>CHRISTOPH M\u00dcLLER<\/b> maton acoustic guitars, electric guitars, duesenberg pomona lapsteel, national resolectric, dobro, mandoline<br \/>\n<b>STEPHAN GLAUBITZ<\/b> double bass, vocals<\/p>\n<p>Special guests:<\/p>\n<p><b>MULO FRANCEL<\/b> saxophone<br \/>\n<b>ANDREAS HINTERSEHER<\/b> accordion<br \/>\nfrom <em>QUADRO NUEVO<\/em><\/p>\n<!--[if lt IE 9]><script>document.createElement('audio');<\/script><![endif]-->\n\t<div class=\"wp-playlist wp-audio-playlist wp-playlist-light\">\n\t\t\t<div class=\"wp-playlist-current-item\"><\/div>\n\t\t<audio controls=\"controls\" preload=\"none\" width=\"958\"\n\t\t\t><\/audio>\n\t<div class=\"wp-playlist-next\"><\/div>\n\t<div class=\"wp-playlist-prev\"><\/div>\n\t<noscript>\n\t<ol>\n\t\t<li><a href='https:\/\/www.glm.de\/en\/wp-content\/uploads\/2014\/10\/01-Contes-De-Lune.mp3'>01 Contes De Lune<\/a><\/li><li><a href='https:\/\/www.glm.de\/en\/wp-content\/uploads\/2014\/10\/02-La-Complainte.mp3'>02 La Complainte<\/a><\/li><li><a href='https:\/\/www.glm.de\/en\/wp-content\/uploads\/2014\/10\/03-Tante-K\u00e4the.mp3'>03 Tante K\u00e4the<\/a><\/li><li><a href='https:\/\/www.glm.de\/en\/wp-content\/uploads\/2014\/10\/04-Sway.mp3'>04 Sway<\/a><\/li><li><a href='https:\/\/www.glm.de\/en\/wp-content\/uploads\/2014\/10\/05-The-Blessing-Nigun.mp3'>05 The Blessing Nigun<\/a><\/li><li><a href='https:\/\/www.glm.de\/en\/wp-content\/uploads\/2014\/10\/06-Il-Fatto-Santo.mp3'>06 Il Fatto Santo<\/a><\/li><li><a href='https:\/\/www.glm.de\/en\/wp-content\/uploads\/2014\/10\/07-Mondspiel.mp3'>07 Mondspiel<\/a><\/li><li><a href='https:\/\/www.glm.de\/en\/wp-content\/uploads\/2014\/10\/08-Level-1-3.mp3'>08 Level 1-3<\/a><\/li><li><a href='https:\/\/www.glm.de\/en\/wp-content\/uploads\/2014\/10\/09-Lunatic-Stomp.mp3'>09 Lunatic Stomp<\/a><\/li><li><a href='https:\/\/www.glm.de\/en\/wp-content\/uploads\/2014\/10\/10-Sway-Reprise.mp3'>10 Sway (Reprise)<\/a><\/li><li><a href='https:\/\/www.glm.de\/en\/wp-content\/uploads\/2014\/10\/11-Fantasia-On-An-Ancient-Mongolian.mp3'>11 Fantasia On An Ancient Mongolian<\/a><\/li><li><a href='https:\/\/www.glm.de\/en\/wp-content\/uploads\/2014\/10\/12-Serenade-To-A-Copper-Red-Moon.mp3'>12 Serenade To A Copper Red Moon<\/a><\/li>\t<\/ol>\n\t<\/noscript>\n\t<script type=\"application\/json\" class=\"wp-playlist-script\">{\"type\":\"audio\",\"tracklist\":true,\"tracknumbers\":true,\"images\":true,\"artists\":true,\"tracks\":[{\"src\":\"https:\\\/\\\/www.glm.de\\\/en\\\/wp-content\\\/uploads\\\/2014\\\/10\\\/01-Contes-De-Lune.mp3\",\"type\":\"audio\\\/mpeg\",\"title\":\"01 Contes De Lune\",\"caption\":\"\",\"description\":\"\\\"01 Contes De Lune\\\".\",\"meta\":{\"length_formatted\":\"1:24\"},\"image\":{\"src\":\"https:\\\/\\\/www.glm.de\\\/en\\\/wp-content\\\/uploads\\\/2014\\\/10\\\/FM1761.jpg\",\"width\":552,\"height\":500},\"thumb\":{\"src\":\"https:\\\/\\\/www.glm.de\\\/en\\\/wp-content\\\/uploads\\\/2014\\\/10\\\/FM1761-150x150.jpg\",\"width\":150,\"height\":150}},{\"src\":\"https:\\\/\\\/www.glm.de\\\/en\\\/wp-content\\\/uploads\\\/2014\\\/10\\\/02-La-Complainte.mp3\",\"type\":\"audio\\\/mpeg\",\"title\":\"02 La Complainte\",\"caption\":\"\",\"description\":\"\\\"02 La Complainte\\\".\",\"meta\":{\"length_formatted\":\"1:30\"},\"image\":{\"src\":\"https:\\\/\\\/www.glm.de\\\/en\\\/wp-content\\\/uploads\\\/2014\\\/10\\\/FM1761.jpg\",\"width\":552,\"height\":500},\"thumb\":{\"src\":\"https:\\\/\\\/www.glm.de\\\/en\\\/wp-content\\\/uploads\\\/2014\\\/10\\\/FM1761-150x150.jpg\",\"width\":150,\"height\":150}},{\"src\":\"https:\\\/\\\/www.glm.de\\\/en\\\/wp-content\\\/uploads\\\/2014\\\/10\\\/03-Tante-K\\u00e4the.mp3\",\"type\":\"audio\\\/mpeg\",\"title\":\"03 Tante K\\u00e4the\",\"caption\":\"\",\"description\":\"\\\"03 Tante K\\u00e4the\\\".\",\"meta\":{\"length_formatted\":\"1:30\"},\"image\":{\"src\":\"https:\\\/\\\/www.glm.de\\\/en\\\/wp-content\\\/uploads\\\/2014\\\/10\\\/FM1761.jpg\",\"width\":552,\"height\":500},\"thumb\":{\"src\":\"https:\\\/\\\/www.glm.de\\\/en\\\/wp-content\\\/uploads\\\/2014\\\/10\\\/FM1761-150x150.jpg\",\"width\":150,\"height\":150}},{\"src\":\"https:\\\/\\\/www.glm.de\\\/en\\\/wp-content\\\/uploads\\\/2014\\\/10\\\/04-Sway.mp3\",\"type\":\"audio\\\/mpeg\",\"title\":\"04 Sway\",\"caption\":\"\",\"description\":\"\\\"04 Sway\\\".\",\"meta\":{\"length_formatted\":\"1:30\"},\"image\":{\"src\":\"https:\\\/\\\/www.glm.de\\\/en\\\/wp-content\\\/uploads\\\/2014\\\/10\\\/FM1761.jpg\",\"width\":552,\"height\":500},\"thumb\":{\"src\":\"https:\\\/\\\/www.glm.de\\\/en\\\/wp-content\\\/uploads\\\/2014\\\/10\\\/FM1761-150x150.jpg\",\"width\":150,\"height\":150}},{\"src\":\"https:\\\/\\\/www.glm.de\\\/en\\\/wp-content\\\/uploads\\\/2014\\\/10\\\/05-The-Blessing-Nigun.mp3\",\"type\":\"audio\\\/mpeg\",\"title\":\"05 The Blessing Nigun\",\"caption\":\"\",\"description\":\"\\\"05 The Blessing Nigun\\\".\",\"meta\":{\"length_formatted\":\"1:30\"},\"image\":{\"src\":\"https:\\\/\\\/www.glm.de\\\/en\\\/wp-content\\\/uploads\\\/2014\\\/10\\\/FM1761.jpg\",\"width\":552,\"height\":500},\"thumb\":{\"src\":\"https:\\\/\\\/www.glm.de\\\/en\\\/wp-content\\\/uploads\\\/2014\\\/10\\\/FM1761-150x150.jpg\",\"width\":150,\"height\":150}},{\"src\":\"https:\\\/\\\/www.glm.de\\\/en\\\/wp-content\\\/uploads\\\/2014\\\/10\\\/06-Il-Fatto-Santo.mp3\",\"type\":\"audio\\\/mpeg\",\"title\":\"06 Il Fatto Santo\",\"caption\":\"\",\"description\":\"\\\"06 Il Fatto Santo\\\".\",\"meta\":{\"length_formatted\":\"1:30\"},\"image\":{\"src\":\"https:\\\/\\\/www.glm.de\\\/en\\\/wp-content\\\/uploads\\\/2014\\\/10\\\/FM1761.jpg\",\"width\":552,\"height\":500},\"thumb\":{\"src\":\"https:\\\/\\\/www.glm.de\\\/en\\\/wp-content\\\/uploads\\\/2014\\\/10\\\/FM1761-150x150.jpg\",\"width\":150,\"height\":150}},{\"src\":\"https:\\\/\\\/www.glm.de\\\/en\\\/wp-content\\\/uploads\\\/2014\\\/10\\\/07-Mondspiel.mp3\",\"type\":\"audio\\\/mpeg\",\"title\":\"07 Mondspiel\",\"caption\":\"\",\"description\":\"\\\"07 Mondspiel\\\".\",\"meta\":{\"length_formatted\":\"1:29\"},\"image\":{\"src\":\"https:\\\/\\\/www.glm.de\\\/en\\\/wp-content\\\/uploads\\\/2014\\\/10\\\/FM1761.jpg\",\"width\":552,\"height\":500},\"thumb\":{\"src\":\"https:\\\/\\\/www.glm.de\\\/en\\\/wp-content\\\/uploads\\\/2014\\\/10\\\/FM1761-150x150.jpg\",\"width\":150,\"height\":150}},{\"src\":\"https:\\\/\\\/www.glm.de\\\/en\\\/wp-content\\\/uploads\\\/2014\\\/10\\\/08-Level-1-3.mp3\",\"type\":\"audio\\\/mpeg\",\"title\":\"08 Level 1-3\",\"caption\":\"\",\"description\":\"\\\"08 Level 1-3\\\".\",\"meta\":{\"length_formatted\":\"1:30\"},\"image\":{\"src\":\"https:\\\/\\\/www.glm.de\\\/en\\\/wp-content\\\/uploads\\\/2014\\\/10\\\/FM1761.jpg\",\"width\":552,\"height\":500},\"thumb\":{\"src\":\"https:\\\/\\\/www.glm.de\\\/en\\\/wp-content\\\/uploads\\\/2014\\\/10\\\/FM1761-150x150.jpg\",\"width\":150,\"height\":150}},{\"src\":\"https:\\\/\\\/www.glm.de\\\/en\\\/wp-content\\\/uploads\\\/2014\\\/10\\\/09-Lunatic-Stomp.mp3\",\"type\":\"audio\\\/mpeg\",\"title\":\"09 Lunatic Stomp\",\"caption\":\"\",\"description\":\"\\\"09 Lunatic Stomp\\\".\",\"meta\":{\"length_formatted\":\"1:30\"},\"image\":{\"src\":\"https:\\\/\\\/www.glm.de\\\/en\\\/wp-content\\\/uploads\\\/2014\\\/10\\\/FM1761.jpg\",\"width\":552,\"height\":500},\"thumb\":{\"src\":\"https:\\\/\\\/www.glm.de\\\/en\\\/wp-content\\\/uploads\\\/2014\\\/10\\\/FM1761-150x150.jpg\",\"width\":150,\"height\":150}},{\"src\":\"https:\\\/\\\/www.glm.de\\\/en\\\/wp-content\\\/uploads\\\/2014\\\/10\\\/10-Sway-Reprise.mp3\",\"type\":\"audio\\\/mpeg\",\"title\":\"10 Sway (Reprise)\",\"caption\":\"\",\"description\":\"\\\"10 Sway (Reprise)\\\".\",\"meta\":{\"length_formatted\":\"1:30\"},\"image\":{\"src\":\"https:\\\/\\\/www.glm.de\\\/en\\\/wp-content\\\/uploads\\\/2014\\\/10\\\/FM1761.jpg\",\"width\":552,\"height\":500},\"thumb\":{\"src\":\"https:\\\/\\\/www.glm.de\\\/en\\\/wp-content\\\/uploads\\\/2014\\\/10\\\/FM1761-150x150.jpg\",\"width\":150,\"height\":150}},{\"src\":\"https:\\\/\\\/www.glm.de\\\/en\\\/wp-content\\\/uploads\\\/2014\\\/10\\\/11-Fantasia-On-An-Ancient-Mongolian.mp3\",\"type\":\"audio\\\/mpeg\",\"title\":\"11 Fantasia On An Ancient Mongolian\",\"caption\":\"\",\"description\":\"\\\"11 Fantasia On An Ancient Mongolian\\\".\",\"meta\":{\"length_formatted\":\"1:29\"},\"image\":{\"src\":\"https:\\\/\\\/www.glm.de\\\/en\\\/wp-content\\\/uploads\\\/2014\\\/10\\\/FM1761.jpg\",\"width\":552,\"height\":500},\"thumb\":{\"src\":\"https:\\\/\\\/www.glm.de\\\/en\\\/wp-content\\\/uploads\\\/2014\\\/10\\\/FM1761-150x150.jpg\",\"width\":150,\"height\":150}},{\"src\":\"https:\\\/\\\/www.glm.de\\\/en\\\/wp-content\\\/uploads\\\/2014\\\/10\\\/12-Serenade-To-A-Copper-Red-Moon.mp3\",\"type\":\"audio\\\/mpeg\",\"title\":\"12 Serenade To A Copper Red Moon\",\"caption\":\"\",\"description\":\"\\\"12 Serenade To A Copper Red Moon\\\".\",\"meta\":{\"length_formatted\":\"1:29\"},\"image\":{\"src\":\"https:\\\/\\\/www.glm.de\\\/en\\\/wp-content\\\/uploads\\\/2014\\\/10\\\/FM1761.jpg\",\"width\":552,\"height\":500},\"thumb\":{\"src\":\"https:\\\/\\\/www.glm.de\\\/en\\\/wp-content\\\/uploads\\\/2014\\\/10\\\/FM1761-150x150.jpg\",\"width\":150,\"height\":150}}]}<\/script>\n<\/div>\n\t\n<p>01. <strong>Contes De Lune<\/strong> <em>(Martina Eisenreich &amp; Christoph M\u00fcller)<\/em> 1:28<br \/>\n02. <strong>La Complainte<\/strong> <em>(Christoph M\u00fcller)<\/em> 4:36<br \/>\n03. <strong>Tante K\u00e4the<\/strong> <em>(Stephan Glaubitz)<\/em> 2:42<br \/>\n04. <strong>Sway<\/strong> <em>(Pablo Beltr\u00e1n Ruiz)<\/em> 3:52<br \/>\n05. <strong>The Blessing Nigun<\/strong> <em>(Jerry Sperling)<\/em> 3:59<br \/>\n06. <strong>Il Fatto Santo<\/strong> <em>(Stephan Glaubitz)<\/em> 5:13<br \/>\n07. <strong>Mondspiel<\/strong> <em>(Martina Eisenreich &amp; Christoph M\u00fcller)<\/em> 6:36<br \/>\n08. <strong>Level 1-3<\/strong> <em>(Trad. \/ Arr. Martina Eisenreich Quartett)<\/em> 3:25<br \/>\n09. <strong>Lunatic Stomp<\/strong> <em>(Martina Eisenreich)<\/em> 2:18<br \/>\n10. <strong>Sway (Reprise)<\/strong> <em>(Pablo Beltr\u00e1n Ruiz)<\/em> 3:59<br \/>\n11. <strong>Fantasia On An Ancient Mongolian Melody<\/strong> <em>(Trad. \/ Arr. Martina Eisenreich)<\/em> 8:08<br \/>\n12. <strong>Serenade To A Copper Red Moon<\/strong> <em>(Christoph M\u00fcller) 5:50<\/em><\/p>\n<p align=\"right\"><i>Der Mond tr\u00e4gt Orange\u00a0\u00a0\u00a0\u00a0\u00a0 <\/i><\/p>\n<p align=\"right\"><i>und das Leben ist kupferrot<\/i><\/p>\n<p align=\"right\"><i>prall und trunken vor Lust<\/i><\/p>\n<p align=\"right\"><i>sich an Sch\u00f6nem zu reiben.<\/i><\/p>\n<p>&nbsp;<\/p>\n<p>Eine weite Landschaft er\u00f6ffnet den Reigen der Geschichten. Der gl\u00fchende Mond ist verhei\u00dfungsvoll wie eine neue Liebe.<\/p>\n<p><b>Die Geige fl\u00fcstert. Etwas wehm\u00fctig, dabei so viel versprechend: Melodien, \u00fcberirdisch sch\u00f6n und innig, dazu eine frische Prise von virtuosem Wirbelwind. Herr M\u00fcller schwelgt fein im Kreise seiner Gitarren. Das Schlagzeug ist eine seltsame Wundermaschine, dazu s\u00e4gt ein singender Kontrabass seine dunkelwarmen T\u00f6ne.<\/b><\/p>\n<p>Die Sehnsucht steht Pate und tr\u00e4umt noch vom Walzer, als schon die Nacht erwacht und sich das Volk auf den Schwof begibt. T\u00fcren und Tanz sind er\u00f6ffnet! Und \u00a0alle zieht es nach Drau\u00dfen, von der Gr\u00e4fin bis zum Stra\u00dfenkater, alle gehorchen dem unverhohlenen Schein des Mondes. Und wenn der Ober den zweiten Schampus bringt, tanzt selbst die stille Tante K\u00e4the ungeniert den Charleston auf den Tischen. Bis der Morgen naht &#8211; da wiegen sie sich nun, z\u00e4rtlich und erf\u00fcllt, hinein in die letzte Stille der Nacht.<\/p>\n<p>Martina Eisenreich ist erfolgreiche Komponistin, seit 2009 Dozentin f\u00fcr Filmmusik und Sounddesign an der Hochschule f\u00fcr Fernsehen und Film M\u00fcnchen. Im neuen Album kreuzen sich die Wege einer eigenwilligen, cineastischen Tonpoesie mit ihrer magischen Ausstrahlung als Geigerin und Multi-Instrumentalistin in erfrischenden Grenz\u00fcberschreitungen: <b>sinnesfreudige Musik, die voller \u00dcberraschungen steckt&#8230; subtil und plakativ und jederzeit spannend.<\/b><b> <\/b><\/p>\n<p>Getragen von der charismatischen Ensemblekunst des Quartetts, die dieses wundersame Projekt mit mitrei\u00dfender Lebendigkeit und Sympathie, Dynamik und Spannung f\u00fcllt, und sich in den letzten Jahren auf Tour durch ganz Europa immer wieder neu inszeniert hat. Auf den B\u00fchnen der gro\u00dfen Konzerth\u00e4user, im warmen Licht italienischer Stra\u00dfenlaternen, vor gl\u00e4nzenden Kinderaugen, die Eltern am \u00c4rmel gezupft beim Anblick der Instrumentenkoffer &#8211; oder in der legend\u00e4ren kleinen Jazzkneipe irgendwo bei Paris.<\/p>\n<p>Der stimmige, ebenso satt wie sensibel aufgenommene Sound der \u201eContes de lune\u201c tr\u00e4gt einmal mehr unverkennbar die Handschrift des analogen Klangzauberers Wolfgang Lohmeier und l\u00e4dt dazu ein, immer wieder neue akustische Freuden zu entdecken.<\/p>\n","protected":false},"excerpt":{"rendered":"<p><a class=\"button smart_link_button\" href=\"https:\/\/smarturl.it\/eisenreichcontes\" target=\"_blank\" rel=\"noopener\">Choose your store!<\/a><\/p>\n","protected":false},"featured_media":414,"comment_status":"open","ping_status":"closed","template":"","meta":[],"product_brand":[],"product_cat":[575,604,619],"product_tag":[636,641],"class_list":{"0":"post-245","1":"product","2":"type-product","3":"status-publish","4":"has-post-thumbnail","6":"product_cat-christoph-mueller","7":"product_cat-fine-music","8":"product_cat-martina-eisenreich","9":"product_tag-christoph-mueller","10":"product_tag-wolfgang-lohmeier","12":"first","13":"instock","14":"taxable","15":"shipping-taxable","16":"product-type-external"},"_links":{"self":[{"href":"https:\/\/www.glm.de\/en\/wp-json\/wp\/v2\/product\/245"}],"collection":[{"href":"https:\/\/www.glm.de\/en\/wp-json\/wp\/v2\/product"}],"about":[{"href":"https:\/\/www.glm.de\/en\/wp-json\/wp\/v2\/types\/product"}],"replies":[{"embeddable":true,"href":"https:\/\/www.glm.de\/en\/wp-json\/wp\/v2\/comments?post=245"}],"wp:featuredmedia":[{"embeddable":true,"href":"https:\/\/www.glm.de\/en\/wp-json\/wp\/v2\/media\/414"}],"wp:attachment":[{"href":"https:\/\/www.glm.de\/en\/wp-json\/wp\/v2\/media?parent=245"}],"wp:term":[{"taxonomy":"product_brand","embeddable":true,"href":"https:\/\/www.glm.de\/en\/wp-json\/wp\/v2\/product_brand?post=245"},{"taxonomy":"product_cat","embeddable":true,"href":"https:\/\/www.glm.de\/en\/wp-json\/wp\/v2\/product_cat?post=245"},{"taxonomy":"product_tag","embeddable":true,"href":"https:\/\/www.glm.de\/en\/wp-json\/wp\/v2\/product_tag?post=245"}],"curies":[{"name":"wp","href":"https:\/\/api.w.org\/{rel}","templated":true}]}}