{"id":247,"date":"2013-03-01T17:45:41","date_gmt":"2013-03-01T15:45:41","guid":{"rendered":"http:\/\/www.r5.glm.de\/?post_type=product&#038;p=247"},"modified":"2019-11-12T16:25:52","modified_gmt":"2019-11-12T14:25:52","slug":"247","status":"publish","type":"product","link":"https:\/\/www.glm.de\/en\/product\/247\/","title":{"rendered":"Michael Arlt &#8211; Terra Distante"},"content":{"rendered":"<p><!--[if lt IE 9]><script>document.createElement('audio');<\/script><![endif]-->\n\t<div class=\"wp-playlist wp-audio-playlist wp-playlist-light\">\n\t\t\t<div class=\"wp-playlist-current-item\"><\/div>\n\t\t<audio controls=\"controls\" preload=\"none\" width=\"958\"\n\t\t\t><\/audio>\n\t<div class=\"wp-playlist-next\"><\/div>\n\t<div class=\"wp-playlist-prev\"><\/div>\n\t<noscript>\n\t<ol>\n\t\t<li><a href='https:\/\/www.glm.de\/en\/wp-content\/uploads\/2014\/10\/01-Nova-Manha_Snippet.mp3'>01 Nova Manha<\/a><\/li><li><a href='https:\/\/www.glm.de\/en\/wp-content\/uploads\/2014\/10\/02-Portinho_Snippet.mp3'>02 Portinho<\/a><\/li><li><a href='https:\/\/www.glm.de\/en\/wp-content\/uploads\/2014\/10\/03-A-Nossa-Historia_Snippet.mp3'>03 A Nossa Historia<\/a><\/li><li><a href='https:\/\/www.glm.de\/en\/wp-content\/uploads\/2014\/10\/04-Berimbau_Snippet.mp3'>04 Berimbau<\/a><\/li><li><a href='https:\/\/www.glm.de\/en\/wp-content\/uploads\/2014\/10\/05-A-little-Tear_Snippet.mp3'>05 A little Tear<\/a><\/li><li><a href='https:\/\/www.glm.de\/en\/wp-content\/uploads\/2014\/10\/06-The-Triangle_Snippet.mp3'>06 The Triangle<\/a><\/li><li><a href='https:\/\/www.glm.de\/en\/wp-content\/uploads\/2014\/10\/07-Caminhos-Cruzados_Snippet.mp3'>07 Caminhos Cruzados<\/a><\/li><li><a href='https:\/\/www.glm.de\/en\/wp-content\/uploads\/2014\/10\/08-Terra-Distante_Snippet.mp3'>08 Terra Distante<\/a><\/li><li><a href='https:\/\/www.glm.de\/en\/wp-content\/uploads\/2014\/10\/09-Drifting-on-a-blue-Note_Snippet.mp3'>09 Drifting on a blue Note<\/a><\/li><li><a href='https:\/\/www.glm.de\/en\/wp-content\/uploads\/2014\/10\/10-Cancao-Sossegada_Snippet.mp3'>10 Cancao Sossegada<\/a><\/li><li><a href='https:\/\/www.glm.de\/en\/wp-content\/uploads\/2014\/10\/11-Daqui_Snippet.mp3'>11 Daqui<\/a><\/li><li><a href='https:\/\/www.glm.de\/en\/wp-content\/uploads\/2014\/10\/12-Brazilian-Blondes_Snippet.mp3'>12 Brazilian Blondes<\/a><\/li>\t<\/ol>\n\t<\/noscript>\n\t<script type=\"application\/json\" class=\"wp-playlist-script\">{\"type\":\"audio\",\"tracklist\":true,\"tracknumbers\":true,\"images\":true,\"artists\":true,\"tracks\":[{\"src\":\"https:\\\/\\\/www.glm.de\\\/en\\\/wp-content\\\/uploads\\\/2014\\\/10\\\/01-Nova-Manha_Snippet.mp3\",\"type\":\"audio\\\/mpeg\",\"title\":\"01 Nova Manha\",\"caption\":\"\",\"description\":\"\\\"Nova Manha\\\" aus Terra Distante von Michael Arlt. Ver\\u00f6ffentlicht: 2012.\",\"meta\":{\"artist\":\"Michael Arlt\",\"album\":\"Terra Distante\",\"year\":\"2012\",\"length_formatted\":\"0:45\"},\"image\":{\"src\":\"https:\\\/\\\/www.glm.de\\\/en\\\/wp-content\\\/uploads\\\/2013\\\/12\\\/FM175.jpg\",\"width\":556,\"height\":500},\"thumb\":{\"src\":\"https:\\\/\\\/www.glm.de\\\/en\\\/wp-content\\\/uploads\\\/2013\\\/12\\\/FM175-150x150.jpg\",\"width\":150,\"height\":150}},{\"src\":\"https:\\\/\\\/www.glm.de\\\/en\\\/wp-content\\\/uploads\\\/2014\\\/10\\\/02-Portinho_Snippet.mp3\",\"type\":\"audio\\\/mpeg\",\"title\":\"02 Portinho\",\"caption\":\"\",\"description\":\"\\\"02 Portinho\\\" aus Terra Distante von Michael Arlt. Ver\\u00f6ffentlicht: 2012.\",\"meta\":{\"artist\":\"Michael Arlt\",\"album\":\"Terra Distante\",\"year\":\"2012\",\"length_formatted\":\"1:30\"},\"image\":{\"src\":\"https:\\\/\\\/www.glm.de\\\/en\\\/wp-content\\\/uploads\\\/2013\\\/12\\\/FM175.jpg\",\"width\":556,\"height\":500},\"thumb\":{\"src\":\"https:\\\/\\\/www.glm.de\\\/en\\\/wp-content\\\/uploads\\\/2013\\\/12\\\/FM175-150x150.jpg\",\"width\":150,\"height\":150}},{\"src\":\"https:\\\/\\\/www.glm.de\\\/en\\\/wp-content\\\/uploads\\\/2014\\\/10\\\/03-A-Nossa-Historia_Snippet.mp3\",\"type\":\"audio\\\/mpeg\",\"title\":\"03 A Nossa Historia\",\"caption\":\"\",\"description\":\"\\\"03 A Nossa Historia\\\" aus Terra Distante von Michael Arlt. Ver\\u00f6ffentlicht: 2012.\",\"meta\":{\"artist\":\"Michael Arlt\",\"album\":\"Terra Distante\",\"year\":\"2012\",\"length_formatted\":\"1:30\"},\"image\":{\"src\":\"https:\\\/\\\/www.glm.de\\\/en\\\/wp-content\\\/uploads\\\/2013\\\/12\\\/FM175.jpg\",\"width\":556,\"height\":500},\"thumb\":{\"src\":\"https:\\\/\\\/www.glm.de\\\/en\\\/wp-content\\\/uploads\\\/2013\\\/12\\\/FM175-150x150.jpg\",\"width\":150,\"height\":150}},{\"src\":\"https:\\\/\\\/www.glm.de\\\/en\\\/wp-content\\\/uploads\\\/2014\\\/10\\\/04-Berimbau_Snippet.mp3\",\"type\":\"audio\\\/mpeg\",\"title\":\"04 Berimbau\",\"caption\":\"\",\"description\":\"\\\"04 Berimbau\\\" aus Terra Distante von Michael Arlt. Ver\\u00f6ffentlicht: 2012.\",\"meta\":{\"artist\":\"Michael Arlt\",\"album\":\"Terra Distante\",\"year\":\"2012\",\"length_formatted\":\"1:30\"},\"image\":{\"src\":\"https:\\\/\\\/www.glm.de\\\/en\\\/wp-content\\\/uploads\\\/2013\\\/12\\\/FM175.jpg\",\"width\":556,\"height\":500},\"thumb\":{\"src\":\"https:\\\/\\\/www.glm.de\\\/en\\\/wp-content\\\/uploads\\\/2013\\\/12\\\/FM175-150x150.jpg\",\"width\":150,\"height\":150}},{\"src\":\"https:\\\/\\\/www.glm.de\\\/en\\\/wp-content\\\/uploads\\\/2014\\\/10\\\/05-A-little-Tear_Snippet.mp3\",\"type\":\"audio\\\/mpeg\",\"title\":\"05 A little Tear\",\"caption\":\"\",\"description\":\"\\\"05 A little Tear\\\" aus Terra Distante von Michael Arlt. Ver\\u00f6ffentlicht: 2012.\",\"meta\":{\"artist\":\"Michael Arlt\",\"album\":\"Terra Distante\",\"year\":\"2012\",\"length_formatted\":\"1:30\"},\"image\":{\"src\":\"https:\\\/\\\/www.glm.de\\\/en\\\/wp-content\\\/uploads\\\/2013\\\/12\\\/FM175.jpg\",\"width\":556,\"height\":500},\"thumb\":{\"src\":\"https:\\\/\\\/www.glm.de\\\/en\\\/wp-content\\\/uploads\\\/2013\\\/12\\\/FM175-150x150.jpg\",\"width\":150,\"height\":150}},{\"src\":\"https:\\\/\\\/www.glm.de\\\/en\\\/wp-content\\\/uploads\\\/2014\\\/10\\\/06-The-Triangle_Snippet.mp3\",\"type\":\"audio\\\/mpeg\",\"title\":\"06 The Triangle\",\"caption\":\"\",\"description\":\"\\\"06 The Triangle\\\" aus Terra Distante von Michael Arlt. Ver\\u00f6ffentlicht: 2012.\",\"meta\":{\"artist\":\"Michael Arlt\",\"album\":\"Terra Distante\",\"year\":\"2012\",\"length_formatted\":\"1:30\"},\"image\":{\"src\":\"https:\\\/\\\/www.glm.de\\\/en\\\/wp-content\\\/uploads\\\/2013\\\/12\\\/FM175.jpg\",\"width\":556,\"height\":500},\"thumb\":{\"src\":\"https:\\\/\\\/www.glm.de\\\/en\\\/wp-content\\\/uploads\\\/2013\\\/12\\\/FM175-150x150.jpg\",\"width\":150,\"height\":150}},{\"src\":\"https:\\\/\\\/www.glm.de\\\/en\\\/wp-content\\\/uploads\\\/2014\\\/10\\\/07-Caminhos-Cruzados_Snippet.mp3\",\"type\":\"audio\\\/mpeg\",\"title\":\"07 Caminhos Cruzados\",\"caption\":\"\",\"description\":\"\\\"07 Caminhos Cruzados\\\" aus Terra Distante von Michael Arlt. Ver\\u00f6ffentlicht: 2012.\",\"meta\":{\"artist\":\"Michael Arlt\",\"album\":\"Terra Distante\",\"year\":\"2012\",\"length_formatted\":\"1:30\"},\"image\":{\"src\":\"https:\\\/\\\/www.glm.de\\\/en\\\/wp-content\\\/uploads\\\/2013\\\/12\\\/FM175.jpg\",\"width\":556,\"height\":500},\"thumb\":{\"src\":\"https:\\\/\\\/www.glm.de\\\/en\\\/wp-content\\\/uploads\\\/2013\\\/12\\\/FM175-150x150.jpg\",\"width\":150,\"height\":150}},{\"src\":\"https:\\\/\\\/www.glm.de\\\/en\\\/wp-content\\\/uploads\\\/2014\\\/10\\\/08-Terra-Distante_Snippet.mp3\",\"type\":\"audio\\\/mpeg\",\"title\":\"08 Terra Distante\",\"caption\":\"\",\"description\":\"\\\"08 Terra Distante\\\" aus Terra Distante von Michael Arlt. Ver\\u00f6ffentlicht: 2012.\",\"meta\":{\"artist\":\"Michael Arlt\",\"album\":\"Terra Distante\",\"year\":\"2012\",\"length_formatted\":\"1:30\"},\"image\":{\"src\":\"https:\\\/\\\/www.glm.de\\\/en\\\/wp-content\\\/uploads\\\/2013\\\/12\\\/FM175.jpg\",\"width\":556,\"height\":500},\"thumb\":{\"src\":\"https:\\\/\\\/www.glm.de\\\/en\\\/wp-content\\\/uploads\\\/2013\\\/12\\\/FM175-150x150.jpg\",\"width\":150,\"height\":150}},{\"src\":\"https:\\\/\\\/www.glm.de\\\/en\\\/wp-content\\\/uploads\\\/2014\\\/10\\\/09-Drifting-on-a-blue-Note_Snippet.mp3\",\"type\":\"audio\\\/mpeg\",\"title\":\"09 Drifting on a blue Note\",\"caption\":\"\",\"description\":\"\\\"09 Drifting on a blue Note\\\" aus Terra Distante von Michael Arlt. Ver\\u00f6ffentlicht: 2012.\",\"meta\":{\"artist\":\"Michael Arlt\",\"album\":\"Terra Distante\",\"year\":\"2012\",\"length_formatted\":\"1:30\"},\"image\":{\"src\":\"https:\\\/\\\/www.glm.de\\\/en\\\/wp-content\\\/uploads\\\/2013\\\/12\\\/FM175.jpg\",\"width\":556,\"height\":500},\"thumb\":{\"src\":\"https:\\\/\\\/www.glm.de\\\/en\\\/wp-content\\\/uploads\\\/2013\\\/12\\\/FM175-150x150.jpg\",\"width\":150,\"height\":150}},{\"src\":\"https:\\\/\\\/www.glm.de\\\/en\\\/wp-content\\\/uploads\\\/2014\\\/10\\\/10-Cancao-Sossegada_Snippet.mp3\",\"type\":\"audio\\\/mpeg\",\"title\":\"10 Cancao Sossegada\",\"caption\":\"\",\"description\":\"\\\"10 Cancao Sossegada\\\" aus Terra Distante von Michael Arlt. Ver\\u00f6ffentlicht: 2012.\",\"meta\":{\"artist\":\"Michael Arlt\",\"album\":\"Terra Distante\",\"year\":\"2012\",\"length_formatted\":\"1:30\"},\"image\":{\"src\":\"https:\\\/\\\/www.glm.de\\\/en\\\/wp-content\\\/uploads\\\/2013\\\/12\\\/FM175.jpg\",\"width\":556,\"height\":500},\"thumb\":{\"src\":\"https:\\\/\\\/www.glm.de\\\/en\\\/wp-content\\\/uploads\\\/2013\\\/12\\\/FM175-150x150.jpg\",\"width\":150,\"height\":150}},{\"src\":\"https:\\\/\\\/www.glm.de\\\/en\\\/wp-content\\\/uploads\\\/2014\\\/10\\\/11-Daqui_Snippet.mp3\",\"type\":\"audio\\\/mpeg\",\"title\":\"11 Daqui\",\"caption\":\"\",\"description\":\"\\\"11 Daqui\\\" aus Terra Distante von Michael Arlt. Ver\\u00f6ffentlicht: 2012.\",\"meta\":{\"artist\":\"Michael Arlt\",\"album\":\"Terra Distante\",\"year\":\"2012\",\"length_formatted\":\"1:30\"},\"image\":{\"src\":\"https:\\\/\\\/www.glm.de\\\/en\\\/wp-content\\\/uploads\\\/2013\\\/12\\\/FM175.jpg\",\"width\":556,\"height\":500},\"thumb\":{\"src\":\"https:\\\/\\\/www.glm.de\\\/en\\\/wp-content\\\/uploads\\\/2013\\\/12\\\/FM175-150x150.jpg\",\"width\":150,\"height\":150}},{\"src\":\"https:\\\/\\\/www.glm.de\\\/en\\\/wp-content\\\/uploads\\\/2014\\\/10\\\/12-Brazilian-Blondes_Snippet.mp3\",\"type\":\"audio\\\/mpeg\",\"title\":\"12 Brazilian Blondes\",\"caption\":\"\",\"description\":\"\\\"12 Brazilian Blondes\\\" aus Terra Distante von Michael Arlt. Ver\\u00f6ffentlicht: 2012.\",\"meta\":{\"artist\":\"Michael Arlt\",\"album\":\"Terra Distante\",\"year\":\"2012\",\"length_formatted\":\"1:30\"},\"image\":{\"src\":\"https:\\\/\\\/www.glm.de\\\/en\\\/wp-content\\\/uploads\\\/2013\\\/12\\\/FM175.jpg\",\"width\":556,\"height\":500},\"thumb\":{\"src\":\"https:\\\/\\\/www.glm.de\\\/en\\\/wp-content\\\/uploads\\\/2013\\\/12\\\/FM175-150x150.jpg\",\"width\":150,\"height\":150}}]}<\/script>\n<\/div>\n\t<strong>Michael Arlt<\/strong> el. &#038; ac. guitar, guitar-synthesizer<br \/>\n<strong>Itaiguara Brandao<\/strong> electric bass<br \/>\n<strong>Portinho<\/strong> drums<br \/>\n<strong>Klaus Mueller<\/strong> piano<br \/>\n<strong>Maria de Fatima<\/strong> vocals<br \/>\n<strong>Jos\u00e9 Cortijo<\/strong> percussion<br \/>\n<strong>Florian Poser<\/strong> vibraphone<br \/>\n<strong>Rex Rathgeber<\/strong> trombone<br \/>\n<strong>Kim Barth<\/strong> flute<br \/>\n<strong>German Marstatt<\/strong> flugelhorn <\/p>\n<p>  01. <strong>Nova Manh\u00e3<\/strong>  <em>(Michael Arlt)<\/em>  0:44<br \/>\n  02. <strong>Portinho<\/strong> <em>(Michael Arlt)<\/em>  5:17<br \/>\n  03. <strong>A Nossa Historia<\/strong> <em>(Michael Arlt)<\/em>  6:33<br \/>\n  04. <strong>Berimbau<\/strong> <em>(Baden Powell &#038; Vinicius de Moraes)<\/em>  3:59<br \/>\n  05. <strong>A Little Tear<\/strong> <em>(Eumir Deodato, Sergio Valle &#038; Ray Gilbert)<\/em>  2:26<br \/>\n  06. <strong>The Triangle<\/strong> <em>(Michael Arlt)<\/em>  5:22<br \/>\n  07. <strong>Caminhos Cruzados<\/strong> <em>(Antonio Carlos Jobim &#038; Newton Mendon\u00e7a)<\/em>  4:45<br \/>\n  08. <strong>Terra Distante \/ Samba for Pat &#038; Billy<\/strong> <em>(Michael Arlt)<\/em>  2:56<br \/>\n  09. <strong>Drifting On A Blue Note<\/strong> <em>(Michael Arlt)<\/em>  5:48<br \/>\n  10. <strong>Canc\u00e3o Sossegada<\/strong> <em>(Michael Arlt)<\/em>  9:53<br \/>\n  11. <strong>Daqui<\/strong> <em>(Joyce Moreno &#038; Rodolfo Stroeter)<\/em>  4:42<br \/>\n  12. <strong>Brazilian Blondes<\/strong> <em>(Michael Arlt)<\/em>  6:22<\/p>\n<p><strong>Mood, Moods, Moods: Stimmungen!<\/strong><\/p>\n<p>Von den ganz gro\u00dfen Metropolen zu den kleinen D\u00f6rfern, von Brazil-Jazz und komplexen st\u00e4dtischen Kl\u00e4ngen zu l\u00e4ndlichen und fast schon folkloristischen Sounds&#8230; Die Musik spiegelt die Vielfalt an Lebensweisen und Umgebungen in einem Panorama an Rhythmen: Partido Alto, Samba, Bai\u00e3o, Bossa Nova &amp; Samba-Funk sind die Basis f\u00fcr farbige Kompositionen, die mal kurz sind mit der Dauer eines Pop Songs, dann wieder im ausgedehnten, vielstimmigen Arrangement erscheinen.<\/p>\n<p>Eine All Star Besetzung starker Stimmen um ein \u201eelektrisches\u201c Quartett und ein \u201eakustisches\u201c Trio, von intimen Solo- und Duo- Momenten bis zum vollen Klang eines gro\u00dfen Ensembles.<\/p>\n<p>Diese CD ist ein internationaler Treffpunkt von einigen der besten und renommiertesten Musikern des Brazil-Jazz und der <i>M\u00fasica Popular Brasileira.<\/i><\/p>\n<p>Die 10 Musiker aus Brasilien, Spanien, Portugal, USA, Kanada, D\u00e4nemark und Deutschland &#8211; unter ihnen neben Gitarrist\/Komponist\/Arrangeur Michael Arlt zum Beispiel Schlagzeuglegende Portinho, der schon Jo\u00e3o Gilberto, Tania Maria oder Paquito D\u00b4Rivera noch besser klingen lie\u00df, oder die mit dem BMW \u201eVoices in Jazz Award\u201c ausgezeichnete S\u00e4ngerin Maria de Fatima &#8211; haben alle einen veritablen Background in Brazil-Jazz und jeder f\u00fcr sich hat eine eigene, langj\u00e4hrige und sehr pers\u00f6nliche Beziehung zur Musik Brasiliens.<\/p>\n<p>Zusammen wurden 8 eigene St\u00fccke und 4 ausgesuchte Songs von einflussreichen brasilianischen Musiker-Komponisten aufgenommen, unter anderem gemixt von Grammy Preistr\u00e4ger Dave Darlington im New Yorker Bass Hit Studio.<\/p>\n<p><b>Zuhause in einer Vielzahl von musikalischen Umgebungen und seit Jahren mit bekannten nordamerikanischen Musikern oder seinem eigenen langj\u00e4hrigen deutsch-amerikanischen Trio genauso wie mit europ\u00e4ischen `Jazz Masters\u00b4 zu h\u00f6ren, hat Michael Arlt ebenso Erfahrungen aus erster Hand mit Top-Musikern der Latin-Musikwelt gesammelt. <\/b><\/p>\n<p><b>Als Bandleader, Begleiter oder Gastsolist kann man Arlts Gitarrensounds auf mittlerweile mehr als 40 CDs von Jazz \u00fcber Latin bis Pop, von Solo-Gitarre bis Big Band h\u00f6ren.<\/b><\/p>\n","protected":false},"excerpt":{"rendered":"<p><a class=\"button smart_link_button\" href=\"https:\/\/smarturl.it\/terradistante\" target=\"_blank\" rel=\"noopener\">Choose your store!<\/a><\/p>\n","protected":false},"featured_media":333,"comment_status":"open","ping_status":"closed","template":"","meta":[],"product_brand":[],"product_cat":[604],"product_tag":[],"class_list":{"0":"post-247","1":"product","2":"type-product","3":"status-publish","4":"has-post-thumbnail","6":"product_cat-fine-music","8":"first","9":"instock","10":"taxable","11":"shipping-taxable","12":"product-type-external"},"_links":{"self":[{"href":"https:\/\/www.glm.de\/en\/wp-json\/wp\/v2\/product\/247"}],"collection":[{"href":"https:\/\/www.glm.de\/en\/wp-json\/wp\/v2\/product"}],"about":[{"href":"https:\/\/www.glm.de\/en\/wp-json\/wp\/v2\/types\/product"}],"replies":[{"embeddable":true,"href":"https:\/\/www.glm.de\/en\/wp-json\/wp\/v2\/comments?post=247"}],"wp:featuredmedia":[{"embeddable":true,"href":"https:\/\/www.glm.de\/en\/wp-json\/wp\/v2\/media\/333"}],"wp:attachment":[{"href":"https:\/\/www.glm.de\/en\/wp-json\/wp\/v2\/media?parent=247"}],"wp:term":[{"taxonomy":"product_brand","embeddable":true,"href":"https:\/\/www.glm.de\/en\/wp-json\/wp\/v2\/product_brand?post=247"},{"taxonomy":"product_cat","embeddable":true,"href":"https:\/\/www.glm.de\/en\/wp-json\/wp\/v2\/product_cat?post=247"},{"taxonomy":"product_tag","embeddable":true,"href":"https:\/\/www.glm.de\/en\/wp-json\/wp\/v2\/product_tag?post=247"}],"curies":[{"name":"wp","href":"https:\/\/api.w.org\/{rel}","templated":true}]}}