{"id":250,"date":"2013-10-26T17:55:38","date_gmt":"2013-10-26T15:55:38","guid":{"rendered":"http:\/\/www.r5.glm.de\/?post_type=product&#038;p=250"},"modified":"2024-12-25T01:58:06","modified_gmt":"2024-12-24T23:58:06","slug":"ralph-stoevesandt-die-singende-saege","status":"publish","type":"product","link":"https:\/\/www.glm.de\/en\/product\/ralph-stoevesandt-die-singende-saege\/","title":{"rendered":"Ralph St\u00f6vesandt &#8211; Die singende S\u00e4ge"},"content":{"rendered":"<p><!--[if lt IE 9]><script>document.createElement('audio');<\/script><![endif]-->\n\t<div class=\"wp-playlist wp-audio-playlist wp-playlist-light\">\n\t\t\t<div class=\"wp-playlist-current-item\"><\/div>\n\t\t<audio controls=\"controls\" preload=\"none\" width=\"958\"\n\t\t\t><\/audio>\n\t<div class=\"wp-playlist-next\"><\/div>\n\t<div class=\"wp-playlist-prev\"><\/div>\n\t<noscript>\n\t<ol>\n\t\t<li><a href='https:\/\/www.glm.de\/en\/wp-content\/uploads\/2014\/10\/01-Black-Orpheus-Snippet.mp3'>01 Black Orpheus<\/a><\/li><li><a href='https:\/\/www.glm.de\/en\/wp-content\/uploads\/2014\/10\/08-Hallelujah-Snippet.mp3'>08 Hallelujah<\/a><\/li>\t<\/ol>\n\t<\/noscript>\n\t<script type=\"application\/json\" class=\"wp-playlist-script\">{\"type\":\"audio\",\"tracklist\":true,\"tracknumbers\":true,\"images\":true,\"artists\":true,\"tracks\":[{\"src\":\"https:\\\/\\\/www.glm.de\\\/en\\\/wp-content\\\/uploads\\\/2014\\\/10\\\/01-Black-Orpheus-Snippet.mp3\",\"type\":\"audio\\\/mpeg\",\"title\":\"01 Black Orpheus\",\"caption\":\"\",\"description\":\"\\\"01 Black Orpheus\\\" aus Die Singende S\\u00e4ge von Ralph St\\u00f6vesandt.\",\"meta\":{\"artist\":\"Ralph St\\u00f6vesandt\",\"album\":\"Die Singende S\\u00e4ge\",\"length_formatted\":\"1:30\"},\"image\":{\"src\":\"https:\\\/\\\/www.glm.de\\\/en\\\/wp-content\\\/uploads\\\/2013\\\/12\\\/FM171.jpg\",\"width\":545,\"height\":500},\"thumb\":{\"src\":\"https:\\\/\\\/www.glm.de\\\/en\\\/wp-content\\\/uploads\\\/2013\\\/12\\\/FM171-150x150.jpg\",\"width\":150,\"height\":150}},{\"src\":\"https:\\\/\\\/www.glm.de\\\/en\\\/wp-content\\\/uploads\\\/2014\\\/10\\\/08-Hallelujah-Snippet.mp3\",\"type\":\"audio\\\/mpeg\",\"title\":\"08 Hallelujah\",\"caption\":\"\",\"description\":\"\\\"08 Hallelujah\\\" aus Die Singende S\\u00e4ge von Ralph St\\u00f6vesandt.\",\"meta\":{\"artist\":\"Ralph St\\u00f6vesandt\",\"album\":\"Die Singende S\\u00e4ge\",\"length_formatted\":\"1:30\"},\"image\":{\"src\":\"https:\\\/\\\/www.glm.de\\\/en\\\/wp-content\\\/uploads\\\/2013\\\/12\\\/FM171.jpg\",\"width\":545,\"height\":500},\"thumb\":{\"src\":\"https:\\\/\\\/www.glm.de\\\/en\\\/wp-content\\\/uploads\\\/2013\\\/12\\\/FM171-150x150.jpg\",\"width\":150,\"height\":150}}]}<\/script>\n<\/div>\n\t<br \/>\n<strong>Ralph St\u00f6vesandt<\/strong> Singende S\u00e4ge, Posaune, Gitarre, Perkussion<br \/>\n<strong>Julia Rosenberger<\/strong> Harfe<\/p>\n<p>mit den G\u00e4sten:<\/p>\n<p><strong>Quadro Nuevo<\/strong>, <strong>Sons of the Desert<\/strong> und <strong>Rolf Seelbach &amp; Band<\/strong><\/p>\n<p>01. <strong>Black Orpheus<\/strong> <em>(Luis Bonfa)<\/em> 6:34<br \/>\n02. <strong>Drei N\u00fcsse f\u00fcr Aschenbr\u00f6del <\/strong><em>(Karel Svoboda)<\/em> 5:07<br \/>\n03. <strong>Bergfee Walzer <\/strong><em>(Erich Schubert)<\/em> 3:46<br \/>\n04. <strong>Mia Bella <\/strong><em>(Mulo Francel)<\/em> 2:43<br \/>\n05. <strong>My Own Space <\/strong><em>(John Kander)<\/em> 3:05<br \/>\n06. <strong>Seejungfrauenmelodie <\/strong><em>(Mulo Francel)<\/em> 2:42<br \/>\n07. <strong>With the Poet in Italia <\/strong><em>(Mulo Francel)<\/em> 4:33<br \/>\n08. <strong>Hallelujah <\/strong><em>(Leonard Cohen)<\/em> 3:21<br \/>\n09. <strong>Kriminal Swing <\/strong><em>(Mulo Francel)<\/em> 4:08<br \/>\n10. <strong>Persian Rug <\/strong><em>(Neil Moret &amp; Gus Kahn)<\/em> 3:25<br \/>\n11. <strong>One Time <\/strong><em>(King Crimson &amp; Adrian Below)<\/em> 6:18<br \/>\n12. <strong>Air <\/strong><em>(Johann Sebastian Bach) <\/em>14:29<\/p>\n<p>\u201eRitsch Ratsch\u201c &#8211; Nach Bearbeitung von Holz h\u00f6rt sich <strong>Ralph St\u00f6vesandt\u2019s<\/strong> \u201eSingende S\u00e4ge\u201c nun wirklich nicht an. Aber was steckt nun eigentlich hinter dieser so geheimnisvoll klingenden Singenden S\u00e4ge?<\/p>\n<p>Der Ursprung des Instruments findet sich tats\u00e4chlich in der im Baumarkt erh\u00e4ltlichen Heimwerkerversion, doch durch einige Raffinesse und handwerkliches Geschick l\u00e4sst sich das eigentlich f\u00fcr grobe Arbeiten gedachte Werkzeug in ein vollwertiges Musikinstrument verwandeln. Mit ihm lassen sich garantiert feine, melodi\u00f6se Kl\u00e4nge produzieren und selbst die Nuancen absoluter Klassiker herauskitzeln, wie Ralph St\u00f6vesandt auf seinem neuen Album beweist.<\/p>\n<p>Ralph St\u00f6vesandt ist ein absoluter Multiinstrumentalist und dabei vollkommener Autodidakt. Schon seit seinem 12. Lebensjahr spielte er leidenschaftlich Posaune und Gitarre, bis er 1998 in der Singenden S\u00e4ge neue Inspiration gefunden hat.<br \/>\nSeitdem begleitete ihn das Instrument \u00fcber den halben Globus, immer mit dem Ziel das Publikum mit seinem S\u00e4genspiel zu begeistern und zu erfreuen: Von Frankreich \u00fcber Italien, Spanien, Polen, \u00d6sterreich und die Schweiz, und sogar New York bereiste der K\u00fcnstler bereits. Durch sein umfangreiches Repertoire (von Klassik \u00fcber Jazz bis hin zur freien Improvisation) kann er dabei auch spontan auf sein Publikum reagieren.<\/p>\n<p>Nach Werbejingles f\u00fcr VOX 2002 und einem Gastauftritt bei \u201eWas bin ich?\u201c kam es im Laufe der Zeit auch immer wieder zur Zusammenarbeit mit Quadro Nuevo, f\u00fcr die er die \u201eSeejungfrauenmelodie\u201c des H\u00f6rbuches \u201eDer K\u00f6nig hat gelacht\u201c (2009) eingespielt hat.<\/p>\n<p>In seiner Heimatstadt W\u00fcrzburg hat er 2005 mit dem G\u00e4stef\u00fchrer Sebastian Karl das Projekt &#8220;Stadtf\u00fchrung &amp; Singende S\u00e4ge&#8221; ins Leben gerufen (HorchUndSchau.de).<\/p>\n<p>\u201e<em>Die sch\u00f6nste Kombination f\u00fcr meinen Geschmack ist Harfe &amp; Singende S\u00e4ge. Mit diesem \u201aBauchladen\u2019 kommt die Singende S\u00e4ge gut zum Tragen und kann eben auch begleiten<\/em>\u201c so Ralph St\u00f6vesandt \u00fcber sein au\u00dfergew\u00f6hnliches Instrument, das in dieser Besetzung im Duo Sandrose zu h\u00f6ren ist. Auf seinem neuen Album widmet er sich Titeln wie dem Liebeslied \u201eMia Bella\u201c des Quadro Nuevo Saxophonisten Mulo Francel, dem Bossa Nova\u00a0 Klassiker \u201eOrfeo Negro\u201c oder aber auch \u201eAir\u201c von Johann Sebastian Bach zusammen mit prominenten G\u00e4sten.<\/p>\n","protected":false},"excerpt":{"rendered":"<p><a class=\"button smart_link_button\" href=\"https:\/\/smarturl.it\/diesingendesaege\" target=\"_blank\" rel=\"noopener\">Choose your store!<\/a><\/p>\n","protected":false},"featured_media":330,"comment_status":"open","ping_status":"closed","template":"","meta":[],"product_brand":[],"product_cat":[604],"product_tag":[],"class_list":{"0":"post-250","1":"product","2":"type-product","3":"status-publish","4":"has-post-thumbnail","6":"product_cat-fine-music","8":"first","9":"instock","10":"taxable","11":"shipping-taxable","12":"product-type-external"},"_links":{"self":[{"href":"https:\/\/www.glm.de\/en\/wp-json\/wp\/v2\/product\/250"}],"collection":[{"href":"https:\/\/www.glm.de\/en\/wp-json\/wp\/v2\/product"}],"about":[{"href":"https:\/\/www.glm.de\/en\/wp-json\/wp\/v2\/types\/product"}],"replies":[{"embeddable":true,"href":"https:\/\/www.glm.de\/en\/wp-json\/wp\/v2\/comments?post=250"}],"wp:featuredmedia":[{"embeddable":true,"href":"https:\/\/www.glm.de\/en\/wp-json\/wp\/v2\/media\/330"}],"wp:attachment":[{"href":"https:\/\/www.glm.de\/en\/wp-json\/wp\/v2\/media?parent=250"}],"wp:term":[{"taxonomy":"product_brand","embeddable":true,"href":"https:\/\/www.glm.de\/en\/wp-json\/wp\/v2\/product_brand?post=250"},{"taxonomy":"product_cat","embeddable":true,"href":"https:\/\/www.glm.de\/en\/wp-json\/wp\/v2\/product_cat?post=250"},{"taxonomy":"product_tag","embeddable":true,"href":"https:\/\/www.glm.de\/en\/wp-json\/wp\/v2\/product_tag?post=250"}],"curies":[{"name":"wp","href":"https:\/\/api.w.org\/{rel}","templated":true}]}}