{"id":2605,"date":"2015-03-25T16:15:37","date_gmt":"2015-03-25T14:15:37","guid":{"rendered":"http:\/\/www.glm.de\/?post_type=product&#038;p=2605"},"modified":"2024-07-05T10:30:12","modified_gmt":"2024-07-05T08:30:12","slug":"quadro-nuevo-canzone-della-strada","status":"publish","type":"product","link":"https:\/\/www.glm.de\/en\/product\/quadro-nuevo-canzone-della-strada\/","title":{"rendered":"Quadro Nuevo &#8211; Canzone Della Strada"},"content":{"rendered":"<p><strong>Mulo Francel<\/strong> Tenor Sax, Sopranso Sax, C-Melody Sax, Clarinet, Alto Clarinet, Bass Clarinet<br \/>\n<strong>Robert Wolf<\/strong> Guitar<br \/>\n<strong>D.D. Lowka<\/strong> Acoustic Bass, Percussion<br \/>\n<strong>Andreas Hinterseher<\/strong> Accordion<\/p>\n<!--[if lt IE 9]><script>document.createElement('audio');<\/script><![endif]-->\n\t<div class=\"wp-playlist wp-audio-playlist wp-playlist-light\">\n\t\t\t<div class=\"wp-playlist-current-item\"><\/div>\n\t\t<audio controls=\"controls\" preload=\"none\" width=\"958\"\n\t\t\t><\/audio>\n\t<div class=\"wp-playlist-next\"><\/div>\n\t<div class=\"wp-playlist-prev\"><\/div>\n\t<noscript>\n\t<ol>\n\t\t<li><a href='https:\/\/www.glm.de\/en\/wp-content\/uploads\/2015\/04\/01-Roma-Nun-Fa-La-Stupida-Stasera.mp3'>Roma Nun Fa La Stupida Stasera<\/a><\/li><li><a href='https:\/\/www.glm.de\/en\/wp-content\/uploads\/2015\/04\/02-Tu-Vuo.mp3'>Tu Vuo Fa\u00b4L\u00b4Americano<\/a><\/li><li><a href='https:\/\/www.glm.de\/en\/wp-content\/uploads\/2015\/04\/03-La-Luna-Si-Veste-DArgento.mp3'>La Luna Si Veste D\u00b4Argento<\/a><\/li><li><a href='https:\/\/www.glm.de\/en\/wp-content\/uploads\/2015\/04\/04-Chitarra-Romana.mp3'>Chitarra Romana<\/a><\/li><li><a href='https:\/\/www.glm.de\/en\/wp-content\/uploads\/2015\/04\/05-Serenata-Celeste.mp3'>Serenata Celeste<\/a><\/li><li><a href='https:\/\/www.glm.de\/en\/wp-content\/uploads\/2015\/04\/06-Canzone-Della-Strada.mp3'>Canzone Della Strada<\/a><\/li><li><a href='https:\/\/www.glm.de\/en\/wp-content\/uploads\/2015\/04\/07-Valzer-Dottore.mp3'>Valzer Dottore<\/a><\/li><li><a href='https:\/\/www.glm.de\/en\/wp-content\/uploads\/2015\/04\/08-Tango-Del-Mare.mp3'>Tango Del Mare<\/a><\/li><li><a href='https:\/\/www.glm.de\/en\/wp-content\/uploads\/2015\/04\/09-Firenze-Sogna.mp3'>Firenze Sogna<\/a><\/li><li><a href='https:\/\/www.glm.de\/en\/wp-content\/uploads\/2015\/04\/10-Arriverderci-Roma.mp3'>Arriverderci Roma<\/a><\/li><li><a href='https:\/\/www.glm.de\/en\/wp-content\/uploads\/2015\/04\/11-Tarantella.mp3'>Tarantella<\/a><\/li><li><a href='https:\/\/www.glm.de\/en\/wp-content\/uploads\/2015\/04\/12-Per-Il-Mio-Amore.mp3'>Per Il Mio Amore<\/a><\/li><li><a href='https:\/\/www.glm.de\/en\/wp-content\/uploads\/2015\/04\/13-Arrivederci.mp3'>Arrivederci<\/a><\/li>\t<\/ol>\n\t<\/noscript>\n\t<script type=\"application\/json\" class=\"wp-playlist-script\">{\"type\":\"audio\",\"tracklist\":true,\"tracknumbers\":true,\"images\":true,\"artists\":true,\"tracks\":[{\"src\":\"https:\\\/\\\/www.glm.de\\\/en\\\/wp-content\\\/uploads\\\/2015\\\/04\\\/01-Roma-Nun-Fa-La-Stupida-Stasera.mp3\",\"type\":\"audio\\\/mpeg\",\"title\":\"Roma Nun Fa La Stupida Stasera\",\"caption\":\"\",\"description\":\"\\\"Roma Nun Fa La Stupida Stasera\\\" aus CANZONE DELLA STRADA von Quadro Nuevo. Ver\\u00f6ffentlicht: 2002.\",\"meta\":{\"artist\":\"Quadro Nuevo\",\"album\":\"CANZONE DELLA STRADA\",\"year\":\"2002\",\"length_formatted\":\"1:30\"},\"image\":{\"src\":\"https:\\\/\\\/www.glm.de\\\/en\\\/wp-content\\\/uploads\\\/2015\\\/03\\\/FM106-Cover.jpg\",\"width\":1697,\"height\":1512},\"thumb\":{\"src\":\"https:\\\/\\\/www.glm.de\\\/en\\\/wp-content\\\/uploads\\\/2015\\\/03\\\/FM106-Cover.jpg\",\"width\":150,\"height\":134}},{\"src\":\"https:\\\/\\\/www.glm.de\\\/en\\\/wp-content\\\/uploads\\\/2015\\\/04\\\/02-Tu-Vuo.mp3\",\"type\":\"audio\\\/mpeg\",\"title\":\"Tu Vuo Fa\\u00b4L\\u00b4Americano\",\"caption\":\"\",\"description\":\"\\\"Tu Vuo\\\" aus CANZONE DELLA STRADA von Quadro Nuevo. Ver\\u00f6ffentlicht: 2002.\",\"meta\":{\"artist\":\"Quadro Nuevo\",\"album\":\"CANZONE DELLA STRADA\",\"year\":\"2002\",\"length_formatted\":\"1:30\"},\"image\":{\"src\":\"https:\\\/\\\/www.glm.de\\\/en\\\/wp-content\\\/uploads\\\/2015\\\/03\\\/FM106-Cover.jpg\",\"width\":1697,\"height\":1512},\"thumb\":{\"src\":\"https:\\\/\\\/www.glm.de\\\/en\\\/wp-content\\\/uploads\\\/2015\\\/03\\\/FM106-Cover.jpg\",\"width\":150,\"height\":134}},{\"src\":\"https:\\\/\\\/www.glm.de\\\/en\\\/wp-content\\\/uploads\\\/2015\\\/04\\\/03-La-Luna-Si-Veste-DArgento.mp3\",\"type\":\"audio\\\/mpeg\",\"title\":\"La Luna Si Veste D\\u00b4Argento\",\"caption\":\"\",\"description\":\"\\\"La Luna Si Veste D\\u00b4Argento\\\" aus CANZONE DELLA STRADA von Quadro Nuevo. Ver\\u00f6ffentlicht: 2002.\",\"meta\":{\"artist\":\"Quadro Nuevo\",\"album\":\"CANZONE DELLA STRADA\",\"year\":\"2002\",\"length_formatted\":\"1:30\"},\"image\":{\"src\":\"https:\\\/\\\/www.glm.de\\\/en\\\/wp-content\\\/uploads\\\/2015\\\/03\\\/FM106-Cover.jpg\",\"width\":1697,\"height\":1512},\"thumb\":{\"src\":\"https:\\\/\\\/www.glm.de\\\/en\\\/wp-content\\\/uploads\\\/2015\\\/03\\\/FM106-Cover.jpg\",\"width\":150,\"height\":134}},{\"src\":\"https:\\\/\\\/www.glm.de\\\/en\\\/wp-content\\\/uploads\\\/2015\\\/04\\\/04-Chitarra-Romana.mp3\",\"type\":\"audio\\\/mpeg\",\"title\":\"Chitarra Romana\",\"caption\":\"\",\"description\":\"\\\"Chitarra Romana\\\" aus CANZONE DELLA STRADA von Quadro Nuevo. Ver\\u00f6ffentlicht: 2002.\",\"meta\":{\"artist\":\"Quadro Nuevo\",\"album\":\"CANZONE DELLA STRADA\",\"year\":\"2002\",\"length_formatted\":\"1:30\"},\"image\":{\"src\":\"https:\\\/\\\/www.glm.de\\\/en\\\/wp-content\\\/uploads\\\/2015\\\/03\\\/FM106-Cover.jpg\",\"width\":1697,\"height\":1512},\"thumb\":{\"src\":\"https:\\\/\\\/www.glm.de\\\/en\\\/wp-content\\\/uploads\\\/2015\\\/03\\\/FM106-Cover.jpg\",\"width\":150,\"height\":134}},{\"src\":\"https:\\\/\\\/www.glm.de\\\/en\\\/wp-content\\\/uploads\\\/2015\\\/04\\\/05-Serenata-Celeste.mp3\",\"type\":\"audio\\\/mpeg\",\"title\":\"Serenata Celeste\",\"caption\":\"\",\"description\":\"\\\"Serenata Celeste\\\" aus CANZONE DELLA STRADA von Quadro Nuevo. Ver\\u00f6ffentlicht: 2002.\",\"meta\":{\"artist\":\"Quadro Nuevo\",\"album\":\"CANZONE DELLA STRADA\",\"year\":\"2002\",\"length_formatted\":\"1:30\"},\"image\":{\"src\":\"https:\\\/\\\/www.glm.de\\\/en\\\/wp-content\\\/uploads\\\/2015\\\/03\\\/FM106-Cover.jpg\",\"width\":1697,\"height\":1512},\"thumb\":{\"src\":\"https:\\\/\\\/www.glm.de\\\/en\\\/wp-content\\\/uploads\\\/2015\\\/03\\\/FM106-Cover.jpg\",\"width\":150,\"height\":134}},{\"src\":\"https:\\\/\\\/www.glm.de\\\/en\\\/wp-content\\\/uploads\\\/2015\\\/04\\\/06-Canzone-Della-Strada.mp3\",\"type\":\"audio\\\/mpeg\",\"title\":\"Canzone Della Strada\",\"caption\":\"\",\"description\":\"\\\"Canzone Della Strada\\\" aus CANZONE DELLA STRADA von Quadro Nuevo. Ver\\u00f6ffentlicht: 2002.\",\"meta\":{\"artist\":\"Quadro Nuevo\",\"album\":\"CANZONE DELLA STRADA\",\"year\":\"2002\",\"length_formatted\":\"1:30\"},\"image\":{\"src\":\"https:\\\/\\\/www.glm.de\\\/en\\\/wp-content\\\/uploads\\\/2015\\\/03\\\/FM106-Cover.jpg\",\"width\":1697,\"height\":1512},\"thumb\":{\"src\":\"https:\\\/\\\/www.glm.de\\\/en\\\/wp-content\\\/uploads\\\/2015\\\/03\\\/FM106-Cover.jpg\",\"width\":150,\"height\":134}},{\"src\":\"https:\\\/\\\/www.glm.de\\\/en\\\/wp-content\\\/uploads\\\/2015\\\/04\\\/07-Valzer-Dottore.mp3\",\"type\":\"audio\\\/mpeg\",\"title\":\"Valzer Dottore\",\"caption\":\"\",\"description\":\"\\\"Valzer Dottore\\\" aus CANZONE DELLA STRADA von Quadro Nuevo. Ver\\u00f6ffentlicht: 2002.\",\"meta\":{\"artist\":\"Quadro Nuevo\",\"album\":\"CANZONE DELLA STRADA\",\"year\":\"2002\",\"length_formatted\":\"1:30\"},\"image\":{\"src\":\"https:\\\/\\\/www.glm.de\\\/en\\\/wp-content\\\/uploads\\\/2015\\\/03\\\/FM106-Cover.jpg\",\"width\":1697,\"height\":1512},\"thumb\":{\"src\":\"https:\\\/\\\/www.glm.de\\\/en\\\/wp-content\\\/uploads\\\/2015\\\/03\\\/FM106-Cover.jpg\",\"width\":150,\"height\":134}},{\"src\":\"https:\\\/\\\/www.glm.de\\\/en\\\/wp-content\\\/uploads\\\/2015\\\/04\\\/08-Tango-Del-Mare.mp3\",\"type\":\"audio\\\/mpeg\",\"title\":\"Tango Del Mare\",\"caption\":\"\",\"description\":\"\\\"Tango Del Mare\\\" aus CANZONE DELLA STRADA von Quadro Nuevo. Ver\\u00f6ffentlicht: 2002.\",\"meta\":{\"artist\":\"Quadro Nuevo\",\"album\":\"CANZONE DELLA STRADA\",\"year\":\"2002\",\"length_formatted\":\"1:30\"},\"image\":{\"src\":\"https:\\\/\\\/www.glm.de\\\/en\\\/wp-content\\\/uploads\\\/2015\\\/03\\\/FM106-Cover.jpg\",\"width\":1697,\"height\":1512},\"thumb\":{\"src\":\"https:\\\/\\\/www.glm.de\\\/en\\\/wp-content\\\/uploads\\\/2015\\\/03\\\/FM106-Cover.jpg\",\"width\":150,\"height\":134}},{\"src\":\"https:\\\/\\\/www.glm.de\\\/en\\\/wp-content\\\/uploads\\\/2015\\\/04\\\/09-Firenze-Sogna.mp3\",\"type\":\"audio\\\/mpeg\",\"title\":\"Firenze Sogna\",\"caption\":\"\",\"description\":\"\\\"Firenze Sogna\\\" aus CANZONE DELLA STRADA von Quadro Nuevo. Ver\\u00f6ffentlicht: 2002.\",\"meta\":{\"artist\":\"Quadro Nuevo\",\"album\":\"CANZONE DELLA STRADA\",\"year\":\"2002\",\"length_formatted\":\"1:30\"},\"image\":{\"src\":\"https:\\\/\\\/www.glm.de\\\/en\\\/wp-content\\\/uploads\\\/2015\\\/03\\\/FM106-Cover.jpg\",\"width\":1697,\"height\":1512},\"thumb\":{\"src\":\"https:\\\/\\\/www.glm.de\\\/en\\\/wp-content\\\/uploads\\\/2015\\\/03\\\/FM106-Cover.jpg\",\"width\":150,\"height\":134}},{\"src\":\"https:\\\/\\\/www.glm.de\\\/en\\\/wp-content\\\/uploads\\\/2015\\\/04\\\/10-Arriverderci-Roma.mp3\",\"type\":\"audio\\\/mpeg\",\"title\":\"Arriverderci Roma\",\"caption\":\"\",\"description\":\"\\\"Arriverderci Roma\\\" aus CANZONE DELLA STRADA von Quadro Nuevo. Ver\\u00f6ffentlicht: 2002.\",\"meta\":{\"artist\":\"Quadro Nuevo\",\"album\":\"CANZONE DELLA STRADA\",\"year\":\"2002\",\"length_formatted\":\"1:30\"},\"image\":{\"src\":\"https:\\\/\\\/www.glm.de\\\/en\\\/wp-content\\\/uploads\\\/2015\\\/03\\\/FM106-Cover.jpg\",\"width\":1697,\"height\":1512},\"thumb\":{\"src\":\"https:\\\/\\\/www.glm.de\\\/en\\\/wp-content\\\/uploads\\\/2015\\\/03\\\/FM106-Cover.jpg\",\"width\":150,\"height\":134}},{\"src\":\"https:\\\/\\\/www.glm.de\\\/en\\\/wp-content\\\/uploads\\\/2015\\\/04\\\/11-Tarantella.mp3\",\"type\":\"audio\\\/mpeg\",\"title\":\"Tarantella\",\"caption\":\"\",\"description\":\"\\\"Tarantella\\\" aus CANZONE DELLA STRADA von Quadro Nuevo. Ver\\u00f6ffentlicht: 2002.\",\"meta\":{\"artist\":\"Quadro Nuevo\",\"album\":\"CANZONE DELLA STRADA\",\"year\":\"2002\",\"length_formatted\":\"1:30\"},\"image\":{\"src\":\"https:\\\/\\\/www.glm.de\\\/en\\\/wp-content\\\/uploads\\\/2015\\\/03\\\/FM106-Cover.jpg\",\"width\":1697,\"height\":1512},\"thumb\":{\"src\":\"https:\\\/\\\/www.glm.de\\\/en\\\/wp-content\\\/uploads\\\/2015\\\/03\\\/FM106-Cover.jpg\",\"width\":150,\"height\":134}},{\"src\":\"https:\\\/\\\/www.glm.de\\\/en\\\/wp-content\\\/uploads\\\/2015\\\/04\\\/12-Per-Il-Mio-Amore.mp3\",\"type\":\"audio\\\/mpeg\",\"title\":\"Per Il Mio Amore\",\"caption\":\"\",\"description\":\"\\\"Per Il Mio Amore\\\" aus CANZONE DELLA STRADA von Quadro Nuevo. Ver\\u00f6ffentlicht: 2002.\",\"meta\":{\"artist\":\"Quadro Nuevo\",\"album\":\"CANZONE DELLA STRADA\",\"year\":\"2002\",\"length_formatted\":\"1:30\"},\"image\":{\"src\":\"https:\\\/\\\/www.glm.de\\\/en\\\/wp-content\\\/uploads\\\/2015\\\/03\\\/FM106-Cover.jpg\",\"width\":1697,\"height\":1512},\"thumb\":{\"src\":\"https:\\\/\\\/www.glm.de\\\/en\\\/wp-content\\\/uploads\\\/2015\\\/03\\\/FM106-Cover.jpg\",\"width\":150,\"height\":134}},{\"src\":\"https:\\\/\\\/www.glm.de\\\/en\\\/wp-content\\\/uploads\\\/2015\\\/04\\\/13-Arrivederci.mp3\",\"type\":\"audio\\\/mpeg\",\"title\":\"Arrivederci\",\"caption\":\"\",\"description\":\"\\\"Arrivederci\\\" aus CANZONE DELLA STRADA von Quadro Nuevo. Ver\\u00f6ffentlicht: 2002.\",\"meta\":{\"artist\":\"Quadro Nuevo\",\"album\":\"CANZONE DELLA STRADA\",\"year\":\"2002\",\"length_formatted\":\"1:30\"},\"image\":{\"src\":\"https:\\\/\\\/www.glm.de\\\/en\\\/wp-content\\\/uploads\\\/2015\\\/03\\\/FM106-Cover.jpg\",\"width\":1697,\"height\":1512},\"thumb\":{\"src\":\"https:\\\/\\\/www.glm.de\\\/en\\\/wp-content\\\/uploads\\\/2015\\\/03\\\/FM106-Cover.jpg\",\"width\":150,\"height\":134}}]}<\/script>\n<\/div>\n\t\n<p>1. <strong>Roma nun f\u00e0 la stupida stasera<\/strong> <em>(Armando Trovajoli)<\/em> 3:13<br \/>\n2. <strong>Tu vuo&#8217; fa&#8217; l&#8217;americano<\/strong> <em>(Renato Carosone)<\/em> 3:57<br \/>\n3. <strong>La luna si veste d&#8217;argento<\/strong> <em>(Vittorio Mascheroni)<\/em> 4:31<br \/>\n4. <strong>Chitarra romana<\/strong> <em>(Eldo Di Lazzaro)<\/em> 4:10<br \/>\n5. <strong>Serenata celeste<\/strong> <em>(Mario Ruccione)<\/em> 3:26<br \/>\n6. <strong>Canzone della strada<\/strong> <em>(Mulo Francel)<\/em> 4:41<br \/>\n7. <strong>Valzer dottore<\/strong> <em>(Mulo Francel)<\/em> 4:59<br \/>\n8. <strong>Tango del mare<\/strong> <em>(Gino Redi)<\/em> 3:49<br \/>\n9. <strong>Firenze sogna<\/strong> <em>(Cesare Cesarini)<\/em> 3:50<br \/>\n10. <strong>Arrivederci Roma<\/strong> <em>(Renato Rascel)<\/em> 4:27<br \/>\n11. <strong>Tarantella<\/strong> <em>(Mulo Francel)<\/em> 4:49<br \/>\n12. <strong>Per il mio amore<\/strong> <em>(Robert Wolf)<\/em> 4:25<br \/>\n13. <strong>Arrivederci<\/strong> <em>(Umberto Bindi \/ Calabrese)<\/em> 3:03<\/p>\n<p>Seit ihrem Deb\u00fct im Jahre 2000 hat Quadro Nuevo, die Band um den Holzbl\u00e4ser Mulo Francel, zwar stets ihre Affinit\u00e4t zum Tango demonstriert, aber zugleich immer wieder Offenheit f\u00fcr andere Schubladen bewiesen. Canzone Della Strada schl\u00e4gt den Weg in Richtung Mittelmeer ein.<\/p>\n<p>Mit Sax oder Klarinette, Gitarre, Bass, Akkordeon und Perkussion interpretieren die vier Musiker alte italienische Canzones, Tangos und Gassenhauer oder auch eigene kleine Werke. Mal klingt es nach dem Swing eines Django Reinhardt, dann wieder f\u00fchlt man sich nach Marseille in ein Caf\u00e9 versetzt und lauscht einer Musette. Hier und da k\u00f6nnte man auch eine Jamsession mit einer reduzierten Banda, sagen wir mal in Mailand, vermuten.<\/p>\n<p>Ein zackig-strenger Tango, eine konzertante Milonga, elegante Clubatmosph\u00e4re oder Stra\u00dfenmusik: Das Quartett hat sein Repertoire sowohl in Konzerts\u00e4len als auch in italienischen Gassen und auf M\u00e4rkten erfolgreich aufgef\u00fchrt. Mit der Unterst\u00fctzung eines Streichquartetts und anderen G\u00e4sten gelingt ihm ein neuer Entwurf mediterraner Musik, der Tradition und Moderne souver\u00e4n zusammenf\u00fcgt. Grazie! &#8211; Uli Lemke<\/p>\n","protected":false},"excerpt":{"rendered":"<p><a class=\"button smart_link_button\" href=\"https:\/\/glmmusic.de\/CanzoneDellaStradaWE\" target=\"_blank\" rel=\"noopener\">Choose your store!<\/a><\/p>\n","protected":false},"featured_media":2606,"comment_status":"open","ping_status":"closed","template":"","meta":[],"product_brand":[],"product_cat":[627,302,604,303,622,473,438],"product_tag":[628,587,311,588,626,132,131,623,471,589],"class_list":{"0":"post-2605","1":"product","2":"type-product","3":"status-publish","4":"has-post-thumbnail","6":"product_cat-andreas-hinterseher","7":"product_cat-d-d-lowka","8":"product_cat-fine-music","9":"product_cat-mulo-francel-2","10":"product_cat-quadro-nuevo","11":"product_cat-robert-wolf-de","12":"product_cat-vinyl","13":"product_tag-andreas-hinterseher","14":"product_tag-canzone","15":"product_tag-d-d-lowka","16":"product_tag-della","17":"product_tag-mulo-francel","18":"product_tag-nuevo","19":"product_tag-quadro","20":"product_tag-quadro-nuevo","21":"product_tag-robert-wolf-de","22":"product_tag-strada","23":"pa_art-cd-de","24":"pa_art-doppel-vinyl-lp-inkl-downloadcode-de","26":"first","27":"instock","28":"taxable","29":"shipping-taxable","30":"product-type-external"},"_links":{"self":[{"href":"https:\/\/www.glm.de\/en\/wp-json\/wp\/v2\/product\/2605"}],"collection":[{"href":"https:\/\/www.glm.de\/en\/wp-json\/wp\/v2\/product"}],"about":[{"href":"https:\/\/www.glm.de\/en\/wp-json\/wp\/v2\/types\/product"}],"replies":[{"embeddable":true,"href":"https:\/\/www.glm.de\/en\/wp-json\/wp\/v2\/comments?post=2605"}],"wp:featuredmedia":[{"embeddable":true,"href":"https:\/\/www.glm.de\/en\/wp-json\/wp\/v2\/media\/2606"}],"wp:attachment":[{"href":"https:\/\/www.glm.de\/en\/wp-json\/wp\/v2\/media?parent=2605"}],"wp:term":[{"taxonomy":"product_brand","embeddable":true,"href":"https:\/\/www.glm.de\/en\/wp-json\/wp\/v2\/product_brand?post=2605"},{"taxonomy":"product_cat","embeddable":true,"href":"https:\/\/www.glm.de\/en\/wp-json\/wp\/v2\/product_cat?post=2605"},{"taxonomy":"product_tag","embeddable":true,"href":"https:\/\/www.glm.de\/en\/wp-json\/wp\/v2\/product_tag?post=2605"}],"curies":[{"name":"wp","href":"https:\/\/api.w.org\/{rel}","templated":true}]}}