{"id":285,"date":"2013-10-18T12:46:25","date_gmt":"2013-10-18T10:46:25","guid":{"rendered":"http:\/\/www.r5.glm.de\/?post_type=product&#038;p=285"},"modified":"2023-01-01T20:55:26","modified_gmt":"2023-01-01T18:55:26","slug":"wolfgang-lohmeier-colours-of-rhythm","status":"publish","type":"product","link":"https:\/\/www.glm.de\/en\/product\/wolfgang-lohmeier-colours-of-rhythm\/","title":{"rendered":"Wolfgang Lohmeier &#8211; Colours of rhythm"},"content":{"rendered":"<!--[if lt IE 9]><script>document.createElement('audio');<\/script><![endif]-->\n\t<div class=\"wp-playlist wp-audio-playlist wp-playlist-light\">\n\t\t\t<div class=\"wp-playlist-current-item\"><\/div>\n\t\t<audio controls=\"controls\" preload=\"none\" width=\"958\"\n\t\t\t><\/audio>\n\t<div class=\"wp-playlist-next\"><\/div>\n\t<div class=\"wp-playlist-prev\"><\/div>\n\t<noscript>\n\t<ol>\n\t\t<li><a href='https:\/\/www.glm.de\/en\/wp-content\/uploads\/2014\/10\/01_light-between-air-and-horizon.mp3'>01_light between air and horizon<\/a><\/li><li><a href='https:\/\/www.glm.de\/en\/wp-content\/uploads\/2014\/10\/02_under-the-sea.mp3'>02_under the sea<\/a><\/li><li><a href='https:\/\/www.glm.de\/en\/wp-content\/uploads\/2014\/10\/03_sile-puu.mp3'>03_sile puu<\/a><\/li><li><a href='https:\/\/www.glm.de\/en\/wp-content\/uploads\/2014\/10\/04_meditation-ueber-ein-oelfass.mp3'>04_meditation ueber ein oelfass<\/a><\/li><li><a href='https:\/\/www.glm.de\/en\/wp-content\/uploads\/2014\/10\/05_om-tare.mp3'>05_om tare<\/a><\/li><li><a href='https:\/\/www.glm.de\/en\/wp-content\/uploads\/2014\/10\/06_giovanni-il-grande.mp3'>06_giovanni il grande<\/a><\/li><li><a href='https:\/\/www.glm.de\/en\/wp-content\/uploads\/2014\/10\/07_pacha-mama.mp3'>07_pacha mama<\/a><\/li><li><a href='https:\/\/www.glm.de\/en\/wp-content\/uploads\/2014\/10\/08_light-between-air-and-horizon-reprise.mp3'>08_light between air and horizon (reprise)<\/a><\/li>\t<\/ol>\n\t<\/noscript>\n\t<script type=\"application\/json\" class=\"wp-playlist-script\">{\"type\":\"audio\",\"tracklist\":true,\"tracknumbers\":true,\"images\":true,\"artists\":true,\"tracks\":[{\"src\":\"https:\\\/\\\/www.glm.de\\\/en\\\/wp-content\\\/uploads\\\/2014\\\/10\\\/01_light-between-air-and-horizon.mp3\",\"type\":\"audio\\\/mpeg\",\"title\":\"01_light between air and horizon\",\"caption\":\"\",\"description\":\"\\\"01_light between air and horizon\\\".\",\"meta\":{\"length_formatted\":\"1:30\"},\"image\":{\"src\":\"https:\\\/\\\/www.glm.de\\\/en\\\/wp-content\\\/uploads\\\/2014\\\/10\\\/FM185.jpg\",\"width\":557,\"height\":500},\"thumb\":{\"src\":\"https:\\\/\\\/www.glm.de\\\/en\\\/wp-content\\\/uploads\\\/2014\\\/10\\\/FM185-150x150.jpg\",\"width\":150,\"height\":150}},{\"src\":\"https:\\\/\\\/www.glm.de\\\/en\\\/wp-content\\\/uploads\\\/2014\\\/10\\\/02_under-the-sea.mp3\",\"type\":\"audio\\\/mpeg\",\"title\":\"02_under the sea\",\"caption\":\"\",\"description\":\"\\\"02_under the sea\\\".\",\"meta\":{\"length_formatted\":\"1:29\"},\"image\":{\"src\":\"https:\\\/\\\/www.glm.de\\\/en\\\/wp-content\\\/uploads\\\/2014\\\/10\\\/FM185.jpg\",\"width\":557,\"height\":500},\"thumb\":{\"src\":\"https:\\\/\\\/www.glm.de\\\/en\\\/wp-content\\\/uploads\\\/2014\\\/10\\\/FM185-150x150.jpg\",\"width\":150,\"height\":150}},{\"src\":\"https:\\\/\\\/www.glm.de\\\/en\\\/wp-content\\\/uploads\\\/2014\\\/10\\\/03_sile-puu.mp3\",\"type\":\"audio\\\/mpeg\",\"title\":\"03_sile puu\",\"caption\":\"\",\"description\":\"\\\"03_sile puu\\\".\",\"meta\":{\"length_formatted\":\"1:29\"},\"image\":{\"src\":\"https:\\\/\\\/www.glm.de\\\/en\\\/wp-content\\\/uploads\\\/2014\\\/10\\\/FM185.jpg\",\"width\":557,\"height\":500},\"thumb\":{\"src\":\"https:\\\/\\\/www.glm.de\\\/en\\\/wp-content\\\/uploads\\\/2014\\\/10\\\/FM185-150x150.jpg\",\"width\":150,\"height\":150}},{\"src\":\"https:\\\/\\\/www.glm.de\\\/en\\\/wp-content\\\/uploads\\\/2014\\\/10\\\/04_meditation-ueber-ein-oelfass.mp3\",\"type\":\"audio\\\/mpeg\",\"title\":\"04_meditation ueber ein oelfass\",\"caption\":\"\",\"description\":\"\\\"04_meditation ueber ein oelfass\\\".\",\"meta\":{\"length_formatted\":\"1:30\"},\"image\":{\"src\":\"https:\\\/\\\/www.glm.de\\\/en\\\/wp-content\\\/uploads\\\/2014\\\/10\\\/FM185.jpg\",\"width\":557,\"height\":500},\"thumb\":{\"src\":\"https:\\\/\\\/www.glm.de\\\/en\\\/wp-content\\\/uploads\\\/2014\\\/10\\\/FM185-150x150.jpg\",\"width\":150,\"height\":150}},{\"src\":\"https:\\\/\\\/www.glm.de\\\/en\\\/wp-content\\\/uploads\\\/2014\\\/10\\\/05_om-tare.mp3\",\"type\":\"audio\\\/mpeg\",\"title\":\"05_om tare\",\"caption\":\"\",\"description\":\"\\\"05_om tare\\\".\",\"meta\":{\"length_formatted\":\"1:30\"},\"image\":{\"src\":\"https:\\\/\\\/www.glm.de\\\/en\\\/wp-content\\\/uploads\\\/2014\\\/10\\\/FM185.jpg\",\"width\":557,\"height\":500},\"thumb\":{\"src\":\"https:\\\/\\\/www.glm.de\\\/en\\\/wp-content\\\/uploads\\\/2014\\\/10\\\/FM185-150x150.jpg\",\"width\":150,\"height\":150}},{\"src\":\"https:\\\/\\\/www.glm.de\\\/en\\\/wp-content\\\/uploads\\\/2014\\\/10\\\/06_giovanni-il-grande.mp3\",\"type\":\"audio\\\/mpeg\",\"title\":\"06_giovanni il grande\",\"caption\":\"\",\"description\":\"\\\"06_giovanni il grande\\\".\",\"meta\":{\"length_formatted\":\"1:30\"},\"image\":{\"src\":\"https:\\\/\\\/www.glm.de\\\/en\\\/wp-content\\\/uploads\\\/2014\\\/10\\\/FM185.jpg\",\"width\":557,\"height\":500},\"thumb\":{\"src\":\"https:\\\/\\\/www.glm.de\\\/en\\\/wp-content\\\/uploads\\\/2014\\\/10\\\/FM185-150x150.jpg\",\"width\":150,\"height\":150}},{\"src\":\"https:\\\/\\\/www.glm.de\\\/en\\\/wp-content\\\/uploads\\\/2014\\\/10\\\/07_pacha-mama.mp3\",\"type\":\"audio\\\/mpeg\",\"title\":\"07_pacha mama\",\"caption\":\"\",\"description\":\"\\\"07_pacha mama\\\".\",\"meta\":{\"length_formatted\":\"1:30\"},\"image\":{\"src\":\"https:\\\/\\\/www.glm.de\\\/en\\\/wp-content\\\/uploads\\\/2014\\\/10\\\/FM185.jpg\",\"width\":557,\"height\":500},\"thumb\":{\"src\":\"https:\\\/\\\/www.glm.de\\\/en\\\/wp-content\\\/uploads\\\/2014\\\/10\\\/FM185-150x150.jpg\",\"width\":150,\"height\":150}},{\"src\":\"https:\\\/\\\/www.glm.de\\\/en\\\/wp-content\\\/uploads\\\/2014\\\/10\\\/08_light-between-air-and-horizon-reprise.mp3\",\"type\":\"audio\\\/mpeg\",\"title\":\"08_light between air and horizon (reprise)\",\"caption\":\"\",\"description\":\"\\\"08_light between air and horizon (reprise)\\\".\",\"meta\":{\"length_formatted\":\"1:30\"},\"image\":{\"src\":\"https:\\\/\\\/www.glm.de\\\/en\\\/wp-content\\\/uploads\\\/2014\\\/10\\\/FM185.jpg\",\"width\":557,\"height\":500},\"thumb\":{\"src\":\"https:\\\/\\\/www.glm.de\\\/en\\\/wp-content\\\/uploads\\\/2014\\\/10\\\/FM185-150x150.jpg\",\"width\":150,\"height\":150}}]}<\/script>\n<\/div>\n\t\n<p>1.\u00a0 <strong>Light Between Air and Horizon<\/strong> <em>(Martina Eisenreich \/ Wolfgang Lohmeier \/ Johann Sebastian Bach)<\/em>\u00a0 4:25<br \/>\n2.\u00a0 <strong>Under the Sea<\/strong> <em>(Wolfgang Lohmeier \/ Martina Eisenreich)<\/em> 9:35<br \/>\n3.\u00a0 <strong>Sile Puu<\/strong> <em>(Wolfgang Lohmeier \/ Martina Eisenreich)<\/em> 5:43<br \/>\n4.\u00a0 <strong>Meditation \u00fcber ein \u00d6lfass<\/strong> <em>(Martina Eisenreich)<\/em>\u00a0 5:27<br \/>\n5.\u00a0 <strong>Om Tare feat. Sara Lugo<\/strong> <em>(Marcus Nasser \/ Wolfgang Lohmeier)<\/em> 7:56<br \/>\n6. <strong>Giovanni Il Grande<\/strong> <em>(Wolfgang Lohmeier)<\/em> 6:19<br \/>\n7.\u00a0 <strong>Pacha Mama<\/strong> <em>(Wolfgang Lohmeier \/ Martina Eisenreich)<\/em> 11:43<br \/>\n8.\u00a0 <strong>Light Between Air and Horizon (Reprise)<\/strong> <em>(Martina Eisenreich \/ Wolfgang Lohmeier \/ Johann Sebastian Bach)<\/em> 4:38<\/p>\n<p><strong>Wolfgang Lohmeier<\/strong> ist einer der innovativsten Percussionisten der internationalen Musikszene. Aber auch als Produzent, Komponist und Tonmeister schuf er wunderbare Klangwelten f\u00fcr bekannte musikalische Erscheinungen, wie Sternschnuppe Kinderlieder oder die Filmkomponistin und Ausnahmegeigerin <strong>Martina Eisenreich<\/strong>, mit der er auch auf der B\u00fchne zu erleben ist. F\u00fcr das neue Album war die Zusammenarbeit mit ihr eng und ma\u00dfgeblich, die beiden komponierten einige Titel in Zusammenarbeit und produzierten gemeinsam das Gesamtwerk. Nicht erstaunlich also, dass bei <em>COLOURS OF RHYTHM<\/em> gro\u00dfe, farbige Bilder im Kopf enstehen, tr\u00e4umerische Reisen, geheimnisvolle Abenteuer und weite Landschaften sich vor dem inneren Auge aufbauen. Kr\u00e4ftige Klangfarben und warme T\u00f6ne in gro\u00dfz\u00fcgigen, phantasievollen Pinselstrichen.<\/p>\n<p>Aussergew\u00f6hnlich ist nicht nur das Sammelsurium besonderer Perkussionsinstrumente aller Kontinente, sondern auch die gro\u00dfe Kraft und Ausdrucksvielfalt, mit der kreative Schlagwerker Trommeln wirbeln l\u00e4sst und t\u00f6nende Tempel errichtet, meditativ schwebend, jeden musikalischen Raum mit der Magie fremder V\u00f6lker verzaubernd. Dabei kommen auch allerlei ungew\u00f6hnliche Klangk\u00f6rper zum Einsatz, wie Thermoskanne, \u00d6lfass, Waterphone oder singende S\u00e4ge.<\/p>\n<p>Diese weitl\u00e4ufig angelegten Stimmungsbilder laden auch akustisch immer wieder dazu ein, neue H\u00f6rfreuden zu entdecken: der Sound des Albums ist ebenso satt wie sensibel, und in analog produzierter, h\u00f6chster audiophiler Qualit\u00e4t unverkennbar mit der Handschrift des musikalischen Klangzauberers ausgezeichnet. Gew\u00fcrdigt wurde sein kreatives und einf\u00fchlsames Schaffen als Instrumentalist, Komponist und Produzent zuvor u.a. mit dem Preis der Deutschen Phonoakademie, dem Preis f\u00fcr junge Songpoeten der Hanns-Seidel-Stiftung und dem Jazz Award f\u00fcr die Zusammenarbeit mit Quadro Nuevo, und steht f\u00fcr Weltmusik vom Feinsten!<\/p>\n<p>Nach seinem Debut <em>PICTURES OF RHYTHM<\/em> holte Wolfgang Lohmeier auch f\u00fcr das zweite Album wieder langj\u00e4hrige musikalische Weggef\u00e4hrten und Freunde in sein Studio:\u00a0 Mulo Francel von Quadro Nuevo an ber\u00fchrenden Klarinetten, Bassklarinetten und Saxophonen. Martin K\u00e4lberer an Akkordeon, Hang und sehr tiefem Gesang, Kiko Pedrozo aus Paraguay der s\u00fcdamerikanischen Harfe, Christoph M\u00fcller und Robert Sautter an einer bunten Vielzahl an Gitarren, Stephan Glaubitz am erdigen Kontrabass. Die junge Soul &amp; Reggae- S\u00e4ngerin Sara Lugo l\u00e4sst mit sonnenschein-klarer Stimme ein altes buddhistisches Schutz-Mantra in frischem, freudigem Glanz erstrahlen, und zum Finale erklingt dann der warme Sopran der mexikanischen Operns\u00e4ngerin Claudia Quiroz &#8211; und l\u00e4sst uns die unendlichen Weiten der Anden erfahren. Und wo auch immer Wolfgang Lohmeier selbst mit seinem wandelbaren Instrumentarium zu h\u00f6ren ist, entstehen zwingende Patterns &#8211; dann rufen die Trommeln kraftvoll aus einer anderen Welt her\u00fcber und erz\u00e4hlen vom ewigen Strom des Lebens.<\/p>\n<p>Herz und Seele der CD sind die atmosph\u00e4rischen Kompositionen, mit der Wolfgang Lohmeier uns mit auf die Reise nimmt. Eine Reise \u00fcber Land und unter Wasser, von der Quelle bis in die Tiefen der Ozeane &#8211; alles kraftvoll erz\u00e4hlt und \u00fcberliefert von den Trommeln, und von den liebevoll zusammen getragenen Sounds des &#8220;Meisters aller Kl\u00e4nge&#8221;.<\/p>\n<p><em>&#8220;Es gibt nur wenige Schlagwerker, die Wolfgang Lohmeier die Zimbel reichen k\u00f6nnen. Egal, wohin die Improvisation das St\u00fcck f\u00fchrt &#8211; er ist da, mit dem richtigen Gl\u00f6ckchen, der richtigen Trommel, mit dem Ger\u00e4usch, das alles abrundet.\u00a0 Und wenn\u00b4s ein Percussion-Solo auf seinem Bauch sein muss &#8211; bittesch\u00f6n.&#8221;<\/em><\/p>\n<p><em>&#8220;Lohmeier f\u00fchlt, lebt in Kl\u00e4ngen, um sie auf der B\u00fchne, im Studio abzurufen.&#8221;<\/em><\/p>\n","protected":false},"excerpt":{"rendered":"<p><a class=\"button smart_link_button\" href=\"https:\/\/smarturl.it\/coloursofrhythm\" target=\"_blank\" rel=\"noopener\">Choose your store!<\/a><\/p>\n","protected":false},"featured_media":338,"comment_status":"open","ping_status":"closed","template":"","meta":[],"product_brand":[],"product_cat":[604,619],"product_tag":[],"class_list":{"0":"post-285","1":"product","2":"type-product","3":"status-publish","4":"has-post-thumbnail","6":"product_cat-fine-music","7":"product_cat-martina-eisenreich","9":"first","10":"instock","11":"taxable","12":"shipping-taxable","13":"product-type-external"},"_links":{"self":[{"href":"https:\/\/www.glm.de\/en\/wp-json\/wp\/v2\/product\/285"}],"collection":[{"href":"https:\/\/www.glm.de\/en\/wp-json\/wp\/v2\/product"}],"about":[{"href":"https:\/\/www.glm.de\/en\/wp-json\/wp\/v2\/types\/product"}],"replies":[{"embeddable":true,"href":"https:\/\/www.glm.de\/en\/wp-json\/wp\/v2\/comments?post=285"}],"wp:featuredmedia":[{"embeddable":true,"href":"https:\/\/www.glm.de\/en\/wp-json\/wp\/v2\/media\/338"}],"wp:attachment":[{"href":"https:\/\/www.glm.de\/en\/wp-json\/wp\/v2\/media?parent=285"}],"wp:term":[{"taxonomy":"product_brand","embeddable":true,"href":"https:\/\/www.glm.de\/en\/wp-json\/wp\/v2\/product_brand?post=285"},{"taxonomy":"product_cat","embeddable":true,"href":"https:\/\/www.glm.de\/en\/wp-json\/wp\/v2\/product_cat?post=285"},{"taxonomy":"product_tag","embeddable":true,"href":"https:\/\/www.glm.de\/en\/wp-json\/wp\/v2\/product_tag?post=285"}],"curies":[{"name":"wp","href":"https:\/\/api.w.org\/{rel}","templated":true}]}}