{"id":290,"date":"2013-06-01T13:28:32","date_gmt":"2013-06-01T11:28:32","guid":{"rendered":"http:\/\/www.r5.glm.de\/?post_type=product&#038;p=290"},"modified":"2022-12-06T19:45:20","modified_gmt":"2022-12-06T17:45:20","slug":"martin-kaelberer-espaco","status":"publish","type":"product","link":"https:\/\/www.glm.de\/en\/product\/martin-kaelberer-espaco\/","title":{"rendered":"Martin K\u00e4lberer &#8211; Espa\u00e7o"},"content":{"rendered":"<p><b>Martin K\u00e4lberer<\/b> Piano, Keyboards, Voice, Percussion<br \/>\n<b>Bertl Mayer <\/b>Harp<br \/>\n<b>Carlo Mombelli<\/b> Bass<br \/>\n<b>Kay Richter <\/b>Drums<br \/>\n<b>Phillip Stauber <\/b>El. &amp; Ac. Guitar<br \/>\n<b>Oliver K\u00e4lberer<\/b> Ac. Guitar, Sitar, Voice<br \/>\n<b>Uli Stach <\/b>Percussion<br \/>\n<b>Ulli Essmann <\/b>Voice<\/p>\n<p>01. <strong>Lost Traditions<\/strong> <em>(Martin K\u00e4lberer)<\/em> 7:52<br \/>\n02. <strong>Home <\/strong><em>(Martin K\u00e4lberer)<\/em> 7:24<br \/>\n03. <strong>Egbert der Zauberer (f\u00fcr Egberto G.)<\/strong> <em>(Martin K\u00e4lberer)<\/em> 7:26<br \/>\n04. <strong>Something Like This<\/strong> <em>(Martin K\u00e4lberer)<\/em> 5:18<br \/>\n05. <strong>For\u00e7a Natureza<\/strong> <em>(Martin K\u00e4lberer)<\/em> 8:47<br \/>\n06. <strong>Espa\u00e7o<\/strong> <em>(Martin K\u00e4lberer)<\/em> 6:28<br \/>\n07. <strong>And She Was Reading<\/strong> <em>(Martin K\u00e4lberer)<\/em> 6:37<br \/>\n08. <strong>My Land<\/strong> <em>(Martin K\u00e4lberer)<\/em> 6:44<br \/>\n09. <strong>Just For a While<\/strong> <em>(Martin K\u00e4lberer)<\/em> 7:32<br \/>\n10. <strong>Por Causa de Vo\u00e7e<\/strong> <em>(Martin K\u00e4lberer)<\/em> 8:05<\/p>\n<p>Martin K\u00e4lberer has dedicated his entire life to music. Since early childhood he has played guitar, mandolin and piano, studied the latter at the Music Academy in Graz and has been a freelance musician since 1989. In 1998 he met Werner Schmidbauer, with whom he has since performed successfully as a duo, and since 2006 he has appeared with Aufgspuit on BR. Among other things, he works as a film composer and has been a sought-after instrumentalist in many music projects, including with Willy Astor and Sound of Islands .<\/p>\n<p>But Martin K\u00e4lberer is also a sought-after artist internationally, as he has mastered countless instruments and adds his distinctive touch with each one. Each of his pieces reflects his love for music &#8211; and it is manifold &#8211; in a wonderful way.<\/p>\n<p>Espaco (port.: space, period) shows Martin K\u00e4lberer in his early creative phase. The overall work is characterized by wide, open passages, some of which are based on Indian music and always have a deeper structure. The project, which was created between 1992 and 1994, processes (&#8230;) influences and styles, but also conflicts, with which the young Martin K\u00e4lberer had come into contact in the previous ten years. Espaco takes the listener for seventy minutes into a four-dimensional space (including time!) to release him relaxed and resolved at the end. When all styles of music together take the listener to distant worlds, on a journey of sound, the Malawi Mystery Man, alias Martin K\u00e4lberer, plays.<\/p>\n<p>Piano, keyboards, drums, loop machine, percussion instruments and an unmistakable voice &#8211; without lyrics, only as an instrument &#8211; embody at this moment a life motto of someone who (&#8230;) seeks and finds freedom. And in doing so, he lets his listeners participate in his imagination (&#8230;) with sounds, melodies and rhythms. Malawi Mystery Man is like the soundtrack of a whole continent and embodies Martin K\u00e4lberer&#8217;s love for Africa and the diversity and liveliness of its musical world.<\/p>\n<p>&nbsp;<\/p>\n","protected":false},"excerpt":{"rendered":"<p><a class=\"button smart_link_button\" href=\"https:\/\/glmmusic.de\/EspacoWE\" target=\"_blank\" rel=\"noopener\">Choose your store!<\/a><\/p>\n","protected":false},"featured_media":327,"comment_status":"open","ping_status":"closed","template":"","meta":[],"product_brand":[],"product_cat":[1256,1257,604,1258,633,1259,557,1260,1261],"product_tag":[57,54,56,55,634],"class_list":{"0":"post-290","1":"product","2":"type-product","3":"status-publish","4":"has-post-thumbnail","6":"product_cat-bertl-mayer","7":"product_cat-carlo-mombelli","8":"product_cat-fine-music","9":"product_cat-kay-richter","10":"product_cat-martin-kaelberer","11":"product_cat-oliver-kalberer","12":"product_cat-philipp-stauber","13":"product_cat-uli-stach","14":"product_cat-ulli-essmann","15":"product_tag-espaco","16":"product_tag-fm-168","17":"product_tag-fm-168-2","18":"product_tag-fm168","19":"product_tag-martin-kaelberer","21":"first","22":"instock","23":"taxable","24":"shipping-taxable","25":"product-type-external"},"_links":{"self":[{"href":"https:\/\/www.glm.de\/en\/wp-json\/wp\/v2\/product\/290"}],"collection":[{"href":"https:\/\/www.glm.de\/en\/wp-json\/wp\/v2\/product"}],"about":[{"href":"https:\/\/www.glm.de\/en\/wp-json\/wp\/v2\/types\/product"}],"replies":[{"embeddable":true,"href":"https:\/\/www.glm.de\/en\/wp-json\/wp\/v2\/comments?post=290"}],"wp:featuredmedia":[{"embeddable":true,"href":"https:\/\/www.glm.de\/en\/wp-json\/wp\/v2\/media\/327"}],"wp:attachment":[{"href":"https:\/\/www.glm.de\/en\/wp-json\/wp\/v2\/media?parent=290"}],"wp:term":[{"taxonomy":"product_brand","embeddable":true,"href":"https:\/\/www.glm.de\/en\/wp-json\/wp\/v2\/product_brand?post=290"},{"taxonomy":"product_cat","embeddable":true,"href":"https:\/\/www.glm.de\/en\/wp-json\/wp\/v2\/product_cat?post=290"},{"taxonomy":"product_tag","embeddable":true,"href":"https:\/\/www.glm.de\/en\/wp-json\/wp\/v2\/product_tag?post=290"}],"curies":[{"name":"wp","href":"https:\/\/api.w.org\/{rel}","templated":true}]}}