{"id":293,"date":"2013-05-04T13:38:39","date_gmt":"2013-05-04T11:38:39","guid":{"rendered":"http:\/\/www.r5.glm.de\/?post_type=product&#038;p=293"},"modified":"2019-11-05T14:36:55","modified_gmt":"2019-11-05T12:36:55","slug":"hannah-koepf-flying-free","status":"publish","type":"product","link":"https:\/\/www.glm.de\/en\/product\/hannah-koepf-flying-free\/","title":{"rendered":"Hannah K\u00f6pf &#8211; Flying Free"},"content":{"rendered":"<p><strong>Hannah K\u00f6pf<\/strong> vocals<br \/>\n<strong>Benjamin Schaefer <\/strong>grand piano<br \/>\n<strong>Jakob K\u00fchnemann<\/strong>\u00a0bass<br \/>\n<strong>Tim Dudek<\/strong>\u00a0drums<\/p>\n<p>1.\u00a0 <strong>She Smiles<\/strong> <em>(Hannah K\u00f6pf &amp; Tim Dudek)<\/em>\u00a0 4:06<br \/>\n2.\u00a0 <strong>Spring Fling<\/strong> <em>(Hannah K\u00f6pf &amp; Tim Dudek)<\/em>\u00a0 6:13<br \/>\n3.\u00a0 <strong>Flying Free<\/strong> <em>(Hannah K\u00f6pf &amp; Tim Dudek)<\/em>\u00a0 5:20<br \/>\n4.\u00a0 <strong>Empty House<\/strong> <em>(Hannah K\u00f6pf &amp; Tim Dudek)<\/em>\u00a0 2:43<br \/>\n5.\u00a0 <strong>Honeyland<\/strong> <em>(Hannah K\u00f6pf &amp; Tim Dudek)<\/em>\u00a0 5:13<br \/>\n6.\u00a0 <strong>The Thing About You<\/strong> <em>(Hannah K\u00f6pf &amp; Tim Dudek)<\/em>\u00a0 3:04<br \/>\n7.\u00a0 <strong>Accidental Fate<\/strong> <em>(Hannah K\u00f6pf &amp; Tim Dudek)<\/em>\u00a0 4:27<br \/>\n8.\u00a0 <strong>Your Mind<\/strong> <em>(Hannah K\u00f6pf &amp; Tim Dudek)<\/em>\u00a0 4:17<br \/>\n9.\u00a0 <strong>When The Night Is Old<\/strong> <em>(Hannah K\u00f6pf &amp; Tim Dudek)<\/em>\u00a0 4:53<\/p>\n<p>Nach dem viel beachteten Debut &#8220;<em>Stories Untold<\/em>&#8221; darf man sich nun \u00fcber neun neue Songs freuen, in denen die talentierte Singer-Songwriterin <strong>Hannah K\u00f6pf<\/strong> die ganze Bandbreite ihres K\u00f6nnens zeigt.\u00a0 Das vorliegende Album &#8220;<em>Flying Free<\/em>&#8221; zeigt deutlich st\u00e4rkere Popeinfl\u00fcsse als der Vorg\u00e4nger, ohne je seinen Tiefgang zu verlieren. Dabei bleibt Raum f\u00fcr Fabelhaftes und verspielte Kompositionen (<em>&#8220;Honeyland&#8221;<\/em>), f\u00fcr schwerm\u00fctige Geschichten \u00fcber Verlust und Einsamkeit genauso wie f\u00fcr beschwingte Gute-Laune-Nummern wie &#8220;<em>Spring Fling<\/em>&#8220;. Hauptthema der \u00e4u\u00dferst vielseitigen und einf\u00fchlsamen Texte sind unsere Entscheidungen, wie sie uns zu dem machen, was wir sind (&#8220;<em>Accidental Fate<\/em>&#8220;, &#8220;<em>Your Mind<\/em>&#8220;).<\/p>\n<p>Oft erkennt der Mensch Wendepunkte jedoch erst aus der Distanz &#8211; &#8220;<em>She smiles<\/em>&#8221; erz\u00e4hlt von einer alten Frau, die auf ihr Leben zur\u00fcckblickt und keine ihrer Entscheidungen bereut: <em>&#8220;Joy and tears have turned the wheel of time\/No regrets, her dreams have come to life.&#8221;<\/em><\/p>\n<p>Diese au\u00dfergew\u00f6hnliche Komposition f\u00e4ngt auf einzigartige Weise die Mischung aus Melancholie und Hoffnung ein und ist einer der H\u00f6hepunkte des Albums. Aber auch die klassische Ballade <em>&#8220;When The Night Is Old&#8221;<\/em> &#8211; von einem kleinen Kammerorchester eingespielt und mitrei\u00dfend gesungen &#8211; wird wohl kaum einen H\u00f6rer kalt lassen.<\/p>\n","protected":false},"excerpt":{"rendered":"<p><a class=\"button smart_link_button\" href=\"https:\/\/smarturl.it\/flyingfree\" target=\"_blank\" rel=\"noopener\">Choose your store!<\/a><\/p>\n","protected":false},"featured_media":325,"comment_status":"open","ping_status":"closed","template":"","meta":[],"product_brand":[],"product_cat":[604,679],"product_tag":[],"class_list":{"0":"post-293","1":"product","2":"type-product","3":"status-publish","4":"has-post-thumbnail","6":"product_cat-fine-music","7":"product_cat-hannah-koepf","9":"first","10":"instock","11":"taxable","12":"shipping-taxable","13":"product-type-external"},"_links":{"self":[{"href":"https:\/\/www.glm.de\/en\/wp-json\/wp\/v2\/product\/293"}],"collection":[{"href":"https:\/\/www.glm.de\/en\/wp-json\/wp\/v2\/product"}],"about":[{"href":"https:\/\/www.glm.de\/en\/wp-json\/wp\/v2\/types\/product"}],"replies":[{"embeddable":true,"href":"https:\/\/www.glm.de\/en\/wp-json\/wp\/v2\/comments?post=293"}],"wp:featuredmedia":[{"embeddable":true,"href":"https:\/\/www.glm.de\/en\/wp-json\/wp\/v2\/media\/325"}],"wp:attachment":[{"href":"https:\/\/www.glm.de\/en\/wp-json\/wp\/v2\/media?parent=293"}],"wp:term":[{"taxonomy":"product_brand","embeddable":true,"href":"https:\/\/www.glm.de\/en\/wp-json\/wp\/v2\/product_brand?post=293"},{"taxonomy":"product_cat","embeddable":true,"href":"https:\/\/www.glm.de\/en\/wp-json\/wp\/v2\/product_cat?post=293"},{"taxonomy":"product_tag","embeddable":true,"href":"https:\/\/www.glm.de\/en\/wp-json\/wp\/v2\/product_tag?post=293"}],"curies":[{"name":"wp","href":"https:\/\/api.w.org\/{rel}","templated":true}]}}