{"id":299,"date":"2013-12-10T14:19:51","date_gmt":"2013-12-10T12:19:51","guid":{"rendered":"http:\/\/www.r5.glm.de\/?post_type=product&#038;p=299"},"modified":"2024-10-05T19:31:43","modified_gmt":"2024-10-05T17:31:43","slug":"wolfgang-lohmeier-pictures-of-rhythm","status":"publish","type":"product","link":"https:\/\/www.glm.de\/en\/product\/wolfgang-lohmeier-pictures-of-rhythm\/","title":{"rendered":"Wolfgang Lohmeier &#8211; Pictures of rhythm"},"content":{"rendered":"<p><strong>Wolfgang Lohmeier <\/strong>Percussion<br \/>\n<strong>Mulo Francel <\/strong>Sopran-Saxophone<br \/>\n<strong>Robert Wolf<\/strong> Guitar<br \/>\n<strong>Martin K\u00e4lberer <\/strong>Piano \/ Keyboards<br \/>\n<strong>Evelyn Huber <\/strong>Grand concertharp<br \/>\n<strong>Urna Chahar Tugchi <\/strong>Vocals<br \/>\n&nbsp;<br \/>\n1.\u00a0 <strong>Totora<\/strong> <em>(Wolfgang Lohmeier)<\/em>\u00a0 5:25<br \/>\n2.\u00a0 <strong>The Crow<\/strong> <em>(Wolfgang Lohmeier)<\/em>\u00a0 7:28<br \/>\n3.\u00a0 <strong>Urga<\/strong> <em>(Wolfgang Lohmeier)<\/em>\u00a0 9:38<br \/>\n4.\u00a0 <strong>Celestine<\/strong> <em>(Wolfgang Lohmeier)<\/em>\u00a0 6:42<br \/>\n5.\u00a0 <strong>Silent Dreams<\/strong> <em>(Wolfgang Lohmeier)<\/em>\u00a0 8:49<br \/>\n6.\u00a0 <strong>The Water From Africa<\/strong> <em>(Wolfgang Lohmeier)<\/em>\u00a0 7:17<br \/>\n7.\u00a0 <strong>Little Talk<\/strong> <em>(Wolfgang Lohmeier)<\/em>\u00a0 1:34<\/p>\n<p><strong>Wolfgang Lohmeier<\/strong> verzaubert jeden musikalischen Raum mit der Magie fremder V\u00f6lker. Au\u00dfergew\u00f6hnlich ist nicht nur sein Sammelsurium kurioser Perkussion aus s\u00e4mtlichen Kontinenten, sondern vor allem die gro\u00dfe Kraft und Ausdrucksvielfalt, mit der er kunstvoll synkopische Muster webt, Trommeln wirbeln l\u00e4sst und selbst Schlaginstrumenten melodi\u00f6se Kapriolen abringt. Er baut mit Zimbeln und Klangschalen t\u00f6nende Tempel, meditativ schwebend. Aber wenn der Rhythmus-Schamane loslegt, dann entstehen zwingende Patterns. Dann rufen die Trommeln kraftvoll aus einer anderen Welt her\u00fcber und erz\u00e4hlen vom ewigen Strom des Lebens.<\/p>\n<p>Wolfgang Lohmeier ist einer der innovativsten Percussionisten der internationalen Musikszene. Gew\u00fcrdigt wurde sein kreatives und einf\u00fchlsames Schaffen als Instrumentalist, Komponist und Produzent unter anderem mit dem Preis der Deutschen Phonoakademie, dem Preis f\u00fcr junge Songpoeten der Hans-Seidel-Stiftung und dem Jazz Award f\u00fcr die Zusammenarbeit mit Quadro Nuevo. Als Produzent und kongenialer Sideman schuf er wunderbare Klangwelten auch f\u00fcr zahlreiche andere bekannte Acts, wie z.B. Schauspieler und S\u00e4nger Michael Fitz, Sternschnuppe Kinderlieder, und f\u00fcr die Filmkomponistin und Ausnahmegeigerin Martina Eisenreich, mit der er auch live immer wieder auf der B\u00fchne zu erleben ist.<\/p>\n<p>F\u00fcr sein eigenes Album holte Wolfgang Lohmeier langj\u00e4hrige musikalische Weggef\u00e4hrten und Freunde in sein Studio: neben Mulo Francel und Robert Wolf von Quadro Nuevo am ber\u00fchrenden Sopran-Saxofon und an einer virtuosen spanischen Gitarre, Martin K\u00e4lberer an Piano und Keyboards und Evelyn Huber an der gro\u00dfen Konzertharfe, erklingt auch die atmosph\u00e4rische Stimme der mongolischen S\u00e4ngerin Urna Chahar Tugchi &#8211; und l\u00e4sst uns die unendlichen Weiten des Graslandes erfahren. Denn Herz und Seele der CD sind die atmosph\u00e4rischen Kompositionen, mit der Wolfgang Lohmeier uns mit auf die Reise nimmt. Eine Reise durch faszinierende Landschaften: von Peru, \u00fcber Spanien bis in die afrikanische Steppe, &#8216;von der Quelle bis ins Meer&#8217; &#8211; alles kraftvoll erz\u00e4hlt und \u00fcberliefert von den Trommeln, und von den liebevoll zusammen getragenen Sounds des &#8216;Meisters aller Kl\u00e4nge&#8217;.<\/p>\n<p>Weltmusik vom feinsten!<\/p>\n<p>&nbsp;<\/p>\n","protected":false},"excerpt":{"rendered":"<p><a class=\"button smart_link_button\" href=\"https:\/\/smarturl.it\/picturesofrhythm\" target=\"_blank\" rel=\"noopener\">Choose your store!<\/a><\/p>\n","protected":false},"featured_media":320,"comment_status":"open","ping_status":"closed","template":"","meta":[],"product_brand":[],"product_cat":[604,619],"product_tag":[],"class_list":{"0":"post-299","1":"product","2":"type-product","3":"status-publish","4":"has-post-thumbnail","6":"product_cat-fine-music","7":"product_cat-martina-eisenreich","9":"first","10":"instock","11":"taxable","12":"shipping-taxable","13":"product-type-external"},"_links":{"self":[{"href":"https:\/\/www.glm.de\/en\/wp-json\/wp\/v2\/product\/299"}],"collection":[{"href":"https:\/\/www.glm.de\/en\/wp-json\/wp\/v2\/product"}],"about":[{"href":"https:\/\/www.glm.de\/en\/wp-json\/wp\/v2\/types\/product"}],"replies":[{"embeddable":true,"href":"https:\/\/www.glm.de\/en\/wp-json\/wp\/v2\/comments?post=299"}],"wp:featuredmedia":[{"embeddable":true,"href":"https:\/\/www.glm.de\/en\/wp-json\/wp\/v2\/media\/320"}],"wp:attachment":[{"href":"https:\/\/www.glm.de\/en\/wp-json\/wp\/v2\/media?parent=299"}],"wp:term":[{"taxonomy":"product_brand","embeddable":true,"href":"https:\/\/www.glm.de\/en\/wp-json\/wp\/v2\/product_brand?post=299"},{"taxonomy":"product_cat","embeddable":true,"href":"https:\/\/www.glm.de\/en\/wp-json\/wp\/v2\/product_cat?post=299"},{"taxonomy":"product_tag","embeddable":true,"href":"https:\/\/www.glm.de\/en\/wp-json\/wp\/v2\/product_tag?post=299"}],"curies":[{"name":"wp","href":"https:\/\/api.w.org\/{rel}","templated":true}]}}