{"id":302,"date":"2013-12-10T15:18:56","date_gmt":"2013-12-10T13:18:56","guid":{"rendered":"http:\/\/www.r5.glm.de\/?post_type=product&#038;p=302"},"modified":"2019-11-12T16:35:41","modified_gmt":"2019-11-12T14:35:41","slug":"chili-con-cello-hot-and-spicy","status":"publish","type":"product","link":"https:\/\/www.glm.de\/en\/product\/chili-con-cello-hot-and-spicy\/","title":{"rendered":"Chili con Cello &#8211; Hot and Spicy"},"content":{"rendered":"<p><strong>Ruth Kirchner<\/strong>\u00a0vocals, percussion, fake trumpet, fake whicker<br \/>\n<strong>Emil Bekir<\/strong>\u00a0cello, milkfoamer, vocals<br \/>\n<strong>Fany Kammerlander<\/strong> cello, vocals, fake horseriding<br \/>\n<strong>Tobias Melle<\/strong>\u00a0cello, vocals<br \/>\n<strong>Michael Weiss<\/strong> cello, vocals<br \/>\n<strong>Thomas Wollenweber<\/strong> cello, vocals<\/p>\n<p>01.\u00a0 <strong>Thank You For The Music<\/strong> <em>(B. Andersson \/ B. Ulvaeus)<\/em>\u00a0 4:31<br \/>\n02.\u00a0 <strong>Blue Suede Shoes<\/strong> <em>(C. Perkins)<\/em>\u00a0 2:19<br \/>\n03.\u00a0 <strong>Still Loving You<\/strong> <em>(K. Meine, R. Schenker)<\/em>\u00a0 3:20<br \/>\n04.\u00a0 <strong>Something Stupid<\/strong> <em>(C. Parks)<\/em>\u00a0 2:51<br \/>\n05.\u00a0 <strong>No Woman No Cry<\/strong> <em>(V. Ford)<\/em>\u00a0 4:07<br \/>\n06.\u00a0 <strong>Wandrin&#8217; Star<\/strong> <em>(F. Loewe \/ A. Lerner)<\/em>\u00a0 4:11<br \/>\n07.\u00a0 <strong>Crossroads<\/strong> <em>(R. Johnson)<\/em>\u00a0 3:30<br \/>\n08.\u00a0 <strong>Mantrappenzeller<\/strong> <em>(Mantra: Traditional &#8211; Appenzeller: Traditional)<\/em>\u00a0 6:23<br \/>\n09.\u00a0 <strong>White Wedding<\/strong> <em>(B. Idol)<\/em>\u00a0 2:54<br \/>\n10.\u00a0 <strong>Cucurucucu Paloma<\/strong> <em>(T. Mendez-Soza)<\/em>\u00a0 4:48<br \/>\n11.\u00a0 <strong>Caravan<\/strong> <em>(D. Ellington \/ J. Tizol \/ I. Mills)<\/em>\u00a0 3:27<br \/>\n12.\u00a0 <strong>A Hard Day&#8217;s Night<\/strong> <em>(J. Lennon \/ P. McCartney)<\/em>\u00a0 3:18<br \/>\n13.\u00a0 <strong>Cabaret<\/strong> <em>(J. Kander \/ F. Ebb)<\/em>\u00a0 4:01<\/p>\n<p>&nbsp;<\/p>\n<p>Viele musikalische Rezepte, die in die Annalen der Popgeschichte eingehen, entspringen aus einer einfachen, aber im Nachhinein meist genialen Idee. So auch <strong>Chili con Cello<\/strong>.<\/p>\n<p>\u0084Madame Chili\u0093 alias Ruth Kirchner, eine Vollblut Rhythm and Blues S\u00e4ngerin, die schon mit Eric Clapton und Joe Cocker auf der B\u00fchne stand, liebt es seit jeher, mit den Klischees der verschiedenen Musik Genres zu spielen. Die Cellisten der Formation Cello Mafia, deren Mitglieder verschiedenen renommierten klassischen Ensembles entstammen, machten es sich in ihren vielen B\u00fchnenauftritten zur Aufgabe, die Kluft zwischen U- und E-Musik zu \u00fcberwinden.<\/p>\n<p>Es war nur eine Frage der Zeit, bis sich diese zwei Hauptzutaten zu\u00a0Chili con Cello\u00a0finden mussten.<\/p>\n<p>Die gemeinsame Begeisterung f\u00fcr die so gegens\u00e4tzlichen Musikrichtungen brachten sie auf die Idee, einige ihrer Lieblingssongs der Pop- und Rockgeschichte in einer noch nie da gewesenen Form &#8211; arrangiert f\u00fcr f\u00fcnf Celli und Gesang &#8211; aufzunehmen.<\/p>\n<p>Die musikalischen Codes von Cellisten und einer Rocks\u00e4ngerin wollten jedoch erst mal geknackt werden. F\u00fcr alle Beteiligten eine gro\u00dfe Herausforderung!<\/p>\n<p>\u0084Madame\u0093 musste lernen, in Taktzahlen und Notensprache zu kommunizieren und f\u00fcnf Celli zu unterscheiden. Die klassischen Cellisten studierten erst mal das A &amp; O des Rock und Pop Slangs, k\u00f6nnen inzwischen jedoch eine Bridge von einem Chorus unterscheiden und haben auch gelernt, dass \u0084Groove\u0093 keine Frage der Notierung ist.<\/p>\n<p>So entstanden schlie\u00dflich wundervolle Versionen von z.B. Billy Idol&#8217;s \u0084&#8221;<em>White Wedding<\/em>\u0093&#8221;, Bob Marley&#8217;s &#8220;\u0093<em>No Woman No Cry<\/em>&#8220;\u0093 oder die Tangoversion des Scorpions Hits der 80er \u0084&#8221;<em>Still Loving You<\/em>\u0093&#8221;, bis hin zu einem kongenialen Mix aus indischem Mantragesang und\u00a0 dem Appenzeller Jodler. Und ihre Slow-Swing Version des Beatles Klassikers \u0084 &#8220;<em>A Hard Days Night<\/em>&#8220;avancierte w\u00e4hrend eines Wettbewerbs zum Lieblingslied der gesamten Bayern 1\u00a0 Radio Crew&#8230;<\/p>\n<p><b>Klassik und Rock begegneten sich noch nie so hot und so spicy!<\/b><\/p>\n<p>In Ihrer Liveshow schmei\u00dfen die 5 CHILLISTEN und Frontfrau Madame CHILI\u00a0 s\u00e4mtliche Klassik und Rock Klischees ins Kreuzfeuer und servieren ihr Chili Con Cello mit einer gro\u00dfz\u00fcgigen Prise Selbstironie. So lassen sie ihre musikalische Mischung zwei Stunden auf gro\u00dfer Flamme k\u00f6cheln &#8211; bis die Luft brennt.<\/p>\n","protected":false},"excerpt":{"rendered":"<p><a class=\"button smart_link_button\" href=\"https:\/\/smarturl.it\/chiliconcello\" target=\"_blank\" rel=\"noopener\">Choose your store!<\/a><\/p>\n","protected":false},"featured_media":411,"comment_status":"open","ping_status":"closed","template":"","meta":[],"product_brand":[],"product_cat":[604],"product_tag":[128,112],"class_list":{"0":"post-302","1":"product","2":"type-product","3":"status-publish","4":"has-post-thumbnail","6":"product_cat-fine-music","7":"product_tag-chili-con-cello","8":"product_tag-fany-kammerlander","10":"first","11":"instock","12":"taxable","13":"shipping-taxable","14":"product-type-external"},"_links":{"self":[{"href":"https:\/\/www.glm.de\/en\/wp-json\/wp\/v2\/product\/302"}],"collection":[{"href":"https:\/\/www.glm.de\/en\/wp-json\/wp\/v2\/product"}],"about":[{"href":"https:\/\/www.glm.de\/en\/wp-json\/wp\/v2\/types\/product"}],"replies":[{"embeddable":true,"href":"https:\/\/www.glm.de\/en\/wp-json\/wp\/v2\/comments?post=302"}],"wp:featuredmedia":[{"embeddable":true,"href":"https:\/\/www.glm.de\/en\/wp-json\/wp\/v2\/media\/411"}],"wp:attachment":[{"href":"https:\/\/www.glm.de\/en\/wp-json\/wp\/v2\/media?parent=302"}],"wp:term":[{"taxonomy":"product_brand","embeddable":true,"href":"https:\/\/www.glm.de\/en\/wp-json\/wp\/v2\/product_brand?post=302"},{"taxonomy":"product_cat","embeddable":true,"href":"https:\/\/www.glm.de\/en\/wp-json\/wp\/v2\/product_cat?post=302"},{"taxonomy":"product_tag","embeddable":true,"href":"https:\/\/www.glm.de\/en\/wp-json\/wp\/v2\/product_tag?post=302"}],"curies":[{"name":"wp","href":"https:\/\/api.w.org\/{rel}","templated":true}]}}