{"id":303,"date":"2013-12-10T15:25:55","date_gmt":"2013-12-10T13:25:55","guid":{"rendered":"http:\/\/www.r5.glm.de\/?post_type=product&#038;p=303"},"modified":"2022-08-15T18:02:33","modified_gmt":"2022-08-15T16:02:33","slug":"martina-eisenreich-violin-tales","status":"publish","type":"product","link":"https:\/\/www.glm.de\/en\/product\/martina-eisenreich-violin-tales\/","title":{"rendered":"Martina Eisenreich &#8211; Violin Tales"},"content":{"rendered":"<p><strong>Martina Eisenreich<\/strong> Violin, Viola, Celesta<br \/>\n<strong>Wolfgang Lohmeier<\/strong> Drums, Percussion, Vibraphone<br \/>\n<strong>Christoph M\u00fcller<\/strong> Guitars<br \/>\n<strong>Kiko Pedrozo<\/strong> Harp, Vocals<br \/>\n<strong>Hansi Zeller<\/strong> Accordion<br \/>\n<strong>Stephan Glaubitz<\/strong> Double Bass, Baritone Horn<\/p>\n<p><strong>Special Guests<\/strong><\/p>\n<p><strong>Deutsches Filmorchester Babelsberg<\/strong><br \/>\n<strong>Reinhard Greiner <\/strong> Trumpet<br \/>\n<strong>Evelyn Huber<\/strong> Harp<br \/>\n<strong>Knud Mensing <\/strong> Guitar<br \/>\n<strong>Christoph M\u00fcller <\/strong> Guitar Solo<br \/>\n<strong>Johannes Ochsenbauer <\/strong> Double Bass<br \/>\n<strong>Andreas Sterr <\/strong> Melodica<\/p>\n<p>&nbsp;<\/p>\n<p>1.\u00a0 <strong>Violin Tales (Prologue)<\/strong> <em>(Martina Eisenreich, Christoph M\u00fcller)<\/em>\u00a0 1:33<br \/>\n2.\u00a0 <strong>Weberttango<\/strong> <em>(Martina Eisenreich)<\/em>\u00a0 3:47<br \/>\n3.\u00a0 <strong>Valse Pour Robert<\/strong> <em>(Knud Mensing)<\/em>\u00a0 4:06<br \/>\n4.\u00a0 <strong>Duelling Banjos<\/strong> <em>(Arthur Smith, Don Reno)<\/em>\u00a0 4:20<br \/>\n5.\u00a0 <strong>The Legend Of The Man In The Moon<\/strong><em> (Martina Eisenreich)<\/em>\u00a0 5:33<br \/>\n6.\u00a0 <strong>Valse Pour Le Moment<\/strong> <em>(Hansi Zeller)<\/em>\u00a0 5:06<br \/>\n7.\u00a0 <strong>Myth Of The Pixies<\/strong> <em>(Wolfgang Lohmeier)<\/em>\u00a0 6:04<br \/>\n8.\u00a0 <strong>If<\/strong> <em>(Christoph M\u00fcller)<\/em>\u00a0 3:46<br \/>\n9. <strong>Caminando<\/strong> <em>(Kiko Pedrozo)<\/em>\u00a0 5:52<br \/>\n10.\u00a0 <strong>Aquatintes\/Coloured Water (Live Version)<\/strong> <em>(Bernard Andres, Evelyn Huber)<\/em>\u00a0 9:27<br \/>\n11.\u00a0 <strong>Donna Donna<\/strong> <em>(Sholom Secunda)<\/em>\u00a0 5:26<br \/>\n12.\u00a0 <strong>Duerme Negrito<\/strong> <em>(Atahualpa Yupanqui)<\/em>\u00a0 4:42<br \/>\n13.\u00a0 <strong>Otschi Tschjornyje<\/strong> <em>(trad.\/arranged by Martina Eisenreich)<\/em>\u00a0 4:18<br \/>\n14.\u00a0 <strong>The Legend Of The Man In The Moon (Reprise)<\/strong> <em>(Martina Eisenreich)\u00a0<\/em> 5:52<\/p>\n<p><b>&#8220;und meine Seele spannte<br \/>\nweit ihre Fl\u00fcgel aus,<br \/>\nflog durch die stillen Lande,<br \/>\nals fl\u00f6ge sie nach Haus.&#8221;<\/b><br \/>\n(<em>Joseph von Eichendorff<\/em>)<\/p>\n<p>Wundersame Erz\u00e4hlungen in silbernen Mondn\u00e4chten \u00fcber die Sehnsucht nach vergangenen Welten, in denen das W\u00fcnschen noch geholfen hat: ungeb\u00e4ndigtes Zirkusleben, flirrende W\u00fcstenkl\u00e4nge, orgiastische Trommel-Gelage in wilden Moorlandschaften.<\/p>\n<p>Eine uralte Geschichtenerz\u00e4hlerin geht mit uns auf diese sinnlich verf\u00fchrende\u00a0 Reise mit ungewissem Ziel: die Geige, eine betagte rote Franz\u00f6sin aus dem Jahr 1885, verwandelt mit uns\u00e4glich sch\u00f6ner Stimme z\u00e4rtlich verwobene Klangmomente zu sagenhaften Bildern.<\/p>\n<p><b>Wie ein Film, den man durch seine Ohren sieht und mit dem Herzen h\u00f6rt.<\/b><\/p>\n<p>Mit geschlossenen Augen f\u00fchlt Martina Eisenreich sich in diese Anderswelt geigerischer Hexenkunst. Ihre Violintechnik ist au\u00dfergew\u00f6hnlich, so au\u00dfergew\u00f6hnlich wie ihr Einf\u00fchlungsverm\u00f6gen. Ihr inniger Ton trifft tief und unvermittelt &#8211; und ihr Ensemble agiert mit einer Herzensw\u00e4rme, die den Zuh\u00f6rer von Anfang an in den Bann schl\u00e4gt.<\/p>\n<p>Begleitet vom Meister der Trommeln, Zimbeln und Gl\u00f6ckchen, Wolfgang Lohmeier, von Stephan Glaubitz an einem eigenwillig starken Kontrabass und Christoph M\u00fcller an einer erfrischend jungen Gipsy-Gitarre und einer noch verwegeneren E-Gitarre. Auch gute alte Bekannte sind als G\u00e4ste eingeladen, wie zum Beispiel Kiko Pedrozo, der s\u00fcdamerikanische Harfenvirtuose &#8211; Seite an Seite mit Evelyn Huber an der gro\u00dfen klassischen Konzertharfe, und Hansi Zeller am Akkordeon.<\/p>\n<p>Nach dem \u00fcberw\u00e4ltigendem Erfolg ihrer Konzertprogramme <i>Wundergeige<\/i> und <i>Lauschgold<\/i> pr\u00e4sentiert die rothaarige Komponistin und Geigerin nun ihr neues Album, mit dem sie einen neuen Meilenschritt in ihrer ganz eigenen Form der kunterbunten Tonpoesie geht.<br \/>\nIm Vordergrund stehen auch hier wieder ihre Eigenkompositionen, wie zum\u00a0 Beispiel die Legende vom Mondmann &#8211; auch wenn die fulminante symphonische Interpretation des Deutschen Filmorchesters Babelsberg, die auf der CD einen prominenten Platz einnimmt, im n\u00e4chsten Moment pl\u00f6tzlich als Reggae im Trommelfeuer um die Ecke biegt. So sprengt das Quartett stets die Grenzen zwischen traditioneller und komponierter Musik. Denn alles ist erlaubt: von gewaltiger, tief ber\u00fchrender orchestraler Emotion bis hin zu den wildesten Folklorerohstoffen aller Herren L\u00e4nder.<\/p>\n","protected":false},"excerpt":{"rendered":"<p><a class=\"button smart_link_button\" href=\"https:\/\/glmmusic.de\/ViolinTalesWE\" target=\"_blank\" rel=\"noopener\">Choose your store!<\/a><\/p>\n","protected":false},"featured_media":410,"comment_status":"open","ping_status":"closed","template":"","meta":[],"product_brand":[],"product_cat":[1184,575,1180,631,604,1178,1183,1177,1182,619,1181,1179,640],"product_tag":[636,108,109,62,657,658,641],"class_list":{"0":"post-303","1":"product","2":"type-product","3":"status-publish","4":"has-post-thumbnail","6":"product_cat-andreas-sterr","7":"product_cat-christoph-mueller","8":"product_cat-deutsches-filmorchester-babelsberg","9":"product_cat-evelyn-huber","10":"product_cat-fine-music","11":"product_cat-hansi-zeller","12":"product_cat-johannes-ochsenbauer","13":"product_cat-kiko-pedrozo","14":"product_cat-knud-mensing","15":"product_cat-martina-eisenreich","16":"product_cat-reinhard-greiner","17":"product_cat-stephan-glaubitz","18":"product_cat-wolfgang-lohmeier","19":"product_tag-christoph-mueller","20":"product_tag-deutsches-filmorchester-babelsberg","21":"product_tag-knud-mensing","22":"product_tag-tina-eisenreich","23":"product_tag-martina-eisenreich-quartett","24":"product_tag-stephan-glaubitz","25":"product_tag-wolfgang-lohmeier","27":"first","28":"instock","29":"taxable","30":"shipping-taxable","31":"product-type-external"},"_links":{"self":[{"href":"https:\/\/www.glm.de\/en\/wp-json\/wp\/v2\/product\/303"}],"collection":[{"href":"https:\/\/www.glm.de\/en\/wp-json\/wp\/v2\/product"}],"about":[{"href":"https:\/\/www.glm.de\/en\/wp-json\/wp\/v2\/types\/product"}],"replies":[{"embeddable":true,"href":"https:\/\/www.glm.de\/en\/wp-json\/wp\/v2\/comments?post=303"}],"wp:featuredmedia":[{"embeddable":true,"href":"https:\/\/www.glm.de\/en\/wp-json\/wp\/v2\/media\/410"}],"wp:attachment":[{"href":"https:\/\/www.glm.de\/en\/wp-json\/wp\/v2\/media?parent=303"}],"wp:term":[{"taxonomy":"product_brand","embeddable":true,"href":"https:\/\/www.glm.de\/en\/wp-json\/wp\/v2\/product_brand?post=303"},{"taxonomy":"product_cat","embeddable":true,"href":"https:\/\/www.glm.de\/en\/wp-json\/wp\/v2\/product_cat?post=303"},{"taxonomy":"product_tag","embeddable":true,"href":"https:\/\/www.glm.de\/en\/wp-json\/wp\/v2\/product_tag?post=303"}],"curies":[{"name":"wp","href":"https:\/\/api.w.org\/{rel}","templated":true}]}}