{"id":309,"date":"2013-12-10T16:15:37","date_gmt":"2013-12-10T14:15:37","guid":{"rendered":"http:\/\/www.r5.glm.de\/?post_type=product&#038;p=309"},"modified":"2022-12-06T19:38:36","modified_gmt":"2022-12-06T17:38:36","slug":"martin-kaelberer-between-the-horizon","status":"publish","type":"product","link":"https:\/\/www.glm.de\/en\/product\/martin-kaelberer-between-the-horizon\/","title":{"rendered":"Martin K\u00e4lberer &#8211; Between the horizon"},"content":{"rendered":"<p><strong>Martin K\u00e4lberer<\/strong>\u00a0\u00a0\u00a0\u00a0 all instruments &amp; voices<\/p>\n<p>&nbsp;<\/p>\n<p>1.\u00a0 <strong>Apertura<\/strong> <em>(Martin K\u00e4lberer)<\/em>\u00a0 3:13<br \/>\n2.\u00a0 <strong>Between the horizon <\/strong><em>(Martin K\u00e4lberer)<\/em>\u00a0 7:28<br \/>\n3.\u00a0 <strong>Taratibu <\/strong><em>(Martin K\u00e4lberer)<\/em>\u00a0 3:38<br \/>\n4.\u00a0 <strong>Thassa<\/strong> \u00a0<em>(Martin K\u00e4lberer)<\/em> 5:14<br \/>\n5.\u00a0 <strong>Gr\u00fcnes Licht<\/strong> <em>(Martin K\u00e4lberer)<\/em>\u00a0 4:08<br \/>\n6.\u00a0 <strong>Cruz<\/strong> <em>(Martin K\u00e4lberer)<\/em>\u00a0 5:31<br \/>\n7.\u00a0 <strong>Favola <\/strong>\u00a0<em>(Martin K\u00e4lberer)<\/em> 5:10<br \/>\n8.\u00a0 <strong>Klang Farben Muster<\/strong> \u00a0<em>(Martin K\u00e4lberer)<\/em> 6:40<br \/>\n9.\u00a0 <strong>Serenity<\/strong> \u00a0<em>(Martin K\u00e4lberer)<\/em> 4:45<br \/>\n10.\u00a0 <strong>Kleiner Traum<\/strong> <em>(Martin K\u00e4lberer)<\/em>\u00a0 5:57<\/p>\n<p>&nbsp;<\/p>\n<p>Am Anfang war das Jazz-Piano. Fr\u00fche Vorbilder waren Herbie Hancock und Keith Jarrett, aber auch George Duke, Lyle Mays und Joe Zawinul.<\/p>\n<p>Mit 17 verlie\u00df er die Schule und ging ins Ausland. Nach einem abgebrochenen Jazz-Studium an der Musikhochschule in Graz kehrte <strong>Martin K\u00e4lberer<\/strong> nach M\u00fcnchen zur\u00fcck, wo er bald ein festes Mitglied der Jazzszene wurde. So stand er u.a. gemeinsam mit Wolfgang Schmid, Tony Lakatos, Klaus Doldinger, Johannes Enders oder Costa Lukas auf der B\u00fchne, entdeckte aber auch bald seine Liebe zur brasilianischen Musik und spielte jahrelang in verschiedenen brasilianischen Bands. In den 90ern wurde er zu einem der vielseitigsten Studiomusiker in S\u00fcddeutschland und spielte auf \u00fcber 80 CD- und Studioproduktionen mit.<\/p>\n<p>1994 nahm er seine erste CD unter eigenem Namen auf, aufw\u00e4ndig und detailreich produzierte Weltmusik mit dem Titel \u00ab<em>Espa\u00e7o<\/em>\u00bb. Es folgten weitere, teils nur in kleinster Auflage ver\u00f6ffentlichte Werke, 2003 schlie\u00dflich die erste komplett allein produzierte und eingespielte CD \u00ab<em>Malawi Mystery Man<\/em>\u00bb. Sein musikalisches Spektrum hatte sich inzwischen schon weit \u00fcber stilistische und instrumentale Grenzen hinweg erweitert, hin zu einer \u00abuniversellen Musiksprache\u00bb.<\/p>\n<p>Seit \u00fcber 12 Jahren tourt er nun als kongenialer Partner mit <strong>Werner Schmidbauer<\/strong> (siehe auch \u00abAufgspuit\u00bb im BR-Fernsehen mit W. Ambros, W. Niedecken, K. Wecker, Haindling, etc.) und ist ein gefragter Multi-Instrumentalist in vielen anderen Projekten.<\/p>\n<p>Ob mit <strong>Willy Astors<\/strong> \u00ab<em>Sound Of Islands<\/em>\u00bb, mit dem brasilianischen Saxophonisten <strong>M\u00e1rcio Tubino<\/strong> (<em>TUKAMAMA<\/em>), der S\u00e4ngerin und Gitarristin Z\u00e9lia Fonseca oder der chinesischen Gruppe \u00ab<em>WuXing<\/em>\u00bb, mit der er in China unterwegs war &#8211; ob am Akkordeon, Klavier oder einem seiner vielen zum Teil auch kuriosen anderen Instrumente, Martin K\u00e4lberer ist in vielen musikalischen Welten zu Hause. Als Filmkomponist hat er bei \u00fcber 50 Filmen mitgewirkt, u.a. bei der deutschen Kino-Produktion \u00ab<em>Winterreise<\/em>\u00bb, f\u00fcr die er Schubert-Lieder mit Josef Bierbichler und Hanna Schygulla einspielte und dem deutsch-armenischen Kinofilm \u00ab<em>Mein Bruder, meine Mutter und ich<\/em>\u00bb.<\/p>\n<p>Seit einigen Jahren ist er auch mit seinem Soloprogramm unterwegs. Mit einer Vielzahl von Instrumenten baut er auf der B\u00fchne Klangwelten auf, teils schwebend und jedem Ton nachlauschend, aber auch sehr rhythmisch &#8211; wobei seine Liebe zur brasilianischen und afrikanischen Musik un\u00fcberh\u00f6rbar ist. Nun stellt er seine neue Solo-CD \u00ab<em>Between The Horizon<\/em>\u00bb (GLM) vor &#8211; auf der er wiederum alle Instrumente selbst spielt, neben Klavier, Elektronik und Akkordeon auch Mandola, Udu, diverse Perkussion, Kalimba, Vibrandoneon, Bass und nat\u00fcrlich das HANG, ein Metallinstrument, das in K\u00e4lberers Klangsprache eine immer gr\u00f6\u00dfere Rolle spielt.<\/p>\n","protected":false},"excerpt":{"rendered":"<p><a class=\"button smart_link_button\" href=\"https:\/\/glmmusic.de\/BetweenTheHorizonWE\" target=\"_blank\" rel=\"noopener\">Choose your store!<\/a><\/p>\n","protected":false},"featured_media":419,"comment_status":"open","ping_status":"closed","template":"","meta":[],"product_brand":[],"product_cat":[604,633],"product_tag":[634],"class_list":{"0":"post-309","1":"product","2":"type-product","3":"status-publish","4":"has-post-thumbnail","6":"product_cat-fine-music","7":"product_cat-martin-kaelberer","8":"product_tag-martin-kaelberer","10":"first","11":"instock","12":"taxable","13":"shipping-taxable","14":"product-type-external"},"_links":{"self":[{"href":"https:\/\/www.glm.de\/en\/wp-json\/wp\/v2\/product\/309"}],"collection":[{"href":"https:\/\/www.glm.de\/en\/wp-json\/wp\/v2\/product"}],"about":[{"href":"https:\/\/www.glm.de\/en\/wp-json\/wp\/v2\/types\/product"}],"replies":[{"embeddable":true,"href":"https:\/\/www.glm.de\/en\/wp-json\/wp\/v2\/comments?post=309"}],"wp:featuredmedia":[{"embeddable":true,"href":"https:\/\/www.glm.de\/en\/wp-json\/wp\/v2\/media\/419"}],"wp:attachment":[{"href":"https:\/\/www.glm.de\/en\/wp-json\/wp\/v2\/media?parent=309"}],"wp:term":[{"taxonomy":"product_brand","embeddable":true,"href":"https:\/\/www.glm.de\/en\/wp-json\/wp\/v2\/product_brand?post=309"},{"taxonomy":"product_cat","embeddable":true,"href":"https:\/\/www.glm.de\/en\/wp-json\/wp\/v2\/product_cat?post=309"},{"taxonomy":"product_tag","embeddable":true,"href":"https:\/\/www.glm.de\/en\/wp-json\/wp\/v2\/product_tag?post=309"}],"curies":[{"name":"wp","href":"https:\/\/api.w.org\/{rel}","templated":true}]}}