{"id":311,"date":"2013-12-12T16:24:00","date_gmt":"2013-12-12T14:24:00","guid":{"rendered":"http:\/\/www.r5.glm.de\/?post_type=product&#038;p=311"},"modified":"2019-11-12T16:32:42","modified_gmt":"2019-11-12T14:32:42","slug":"las-sombras-tango-cafe","status":"publish","type":"product","link":"https:\/\/www.glm.de\/en\/product\/las-sombras-tango-cafe\/","title":{"rendered":"Las Sombras &#8211; Tango Caf\u00e9"},"content":{"rendered":"<p><strong>Simone Graf\u00a0 <\/strong>flute, vibrandoneon, typewriter<br \/>\n<strong>Florian Gutmann<\/strong> saxophone, lyrics<br \/>\n<strong>Florian Schmid <\/strong>guitar, mandolin<br \/>\n<strong>Bernhard Sinz<\/strong> piano, accordion<br \/>\n<strong>Olav Hekala<\/strong> double bass<\/p>\n<p>guest:<br \/>\n<strong>Klaudiusz Zylinski<\/strong>\u00a0 percussion, vibraphone, bells<\/p>\n<p>&nbsp;<\/p>\n<p>1.\u00a0 <strong>Coultergeist<\/strong> \u00a0<em>(Phil Coulter)<\/em>\u00a0 3:37<br \/>\n2.\u00a0 <strong>Milonga de mis amores<\/strong> \u00a0<em>(Pedro Laurenz)<\/em> 2:12<br \/>\n3.\u00a0 <strong>Melancolico<\/strong> \u00a0<em>(Julian Plaza)<\/em> 3:18<br \/>\n4.\u00a0 <strong>Habanera<\/strong> \u00a0<em>(Georges Bizet)<\/em> 2:32<br \/>\n5.\u00a0 <strong>Milonga del Angel<\/strong> \u00a0<em>(Astor Piazzolla)<\/em> 6:14<br \/>\n6.\u00a0 <strong>La Valse d&#8217;Am\u00e9lie<\/strong> <em>(Yann Tiersen)<\/em>\u00a0 3:34<br \/>\n7.\u00a0 <strong>It Had Better Be Tonight<\/strong> <em>(Henry Mancini)<\/em> 3:01<br \/>\n8.\u00a0 <strong>La Trampera<\/strong> \u00a0<em>(Anibal Troilo)<\/em> 2:30<br \/>\n9.\u00a0 <strong>Francia<\/strong> \u00a0<em>(Ocatavio Berbero)<\/em> 3:43<br \/>\n10.\u00a0 <strong>Eurydice Sings<\/strong> \u00a0<em>(Graham Lynch)<\/em> 5:38<br \/>\n11.\u00a0 <strong>M\u00e9lange \u00e0 trois<\/strong> <em>(Bernhard Sinz)<\/em>\u00a0 4:16<br \/>\n12.\u00a0 <strong>Danzarin<\/strong> \u00a0<em>(Julian Plaza)<\/em> 3:36<br \/>\n13.\u00a0 <strong>Jacinto Chiclana<\/strong> \u00a0<em>(Astor Piazzolla)<\/em> 2:53<br \/>\n14.\u00a0 <strong>Alice (Tango B\u00fcro)<\/strong> \u00a0<em>(Eduardo Arolas)<\/em> 2:19<br \/>\n15.\u00a0 <strong>Roma Termini<\/strong> <em>(Astor Piazzolla)<\/em>\u00a0 3:46<br \/>\n16.\u00a0 <strong>20. Sept. 1971<\/strong> <em>(Bernhard Sinz \/ Yann Tiersen)<\/em>\u00a0 5:01<br \/>\n17.\u00a0 <strong>Madelaine<\/strong> \u00a0<em>(Bernhard Sinz \/ Octavio Barbero)<\/em> 5:13<br \/>\n18.\u00a0 <strong>Caf\u00e9 Montbac<\/strong> \u00a0<em>(Florian Schmid \/ Phil Coulter)<\/em> 6:56<\/p>\n<p>&nbsp;<\/p>\n<p><strong>Wo treffen sich Habanera und Musette, Milonga und Samba? Wo verabreden sich s\u00fcdamerikanischer Rhythmus und europ\u00e4ische Virtuosit\u00e4t zum spannenden Rendezvous? Und wo sitzen die Tangomeister Astor Piazzolla und Graham Lynch mit Filmmusikkomponisten wie Henry Mancini und Yann Tiersen zum Plausch an einem Tisch?<\/strong><\/p>\n<p>In <em>TangoCaf\u00e9<\/em>, dem Deb\u00fctalbum von <strong>Las Sombras<\/strong>. Das junge Quintett entf\u00fchrt mit meisterlicher musikalischer Erz\u00e4hlkunst in fremde L\u00e4nder und verf\u00fchrt mit der Magie fesselnder Melodien. Neuen und Altbekannten. Der Tango von <strong>Las Sombras<\/strong> hat viele Geschichten erlebt. Neben 12 Musiktiteln runden vier Kurzgeschichten mit Musik das Album zu einem spannenden Konzept ab, welches die Fl\u00f6tistin Simone Graf und die vier Herren auch in ihren Konzerten pr\u00e4sentieren.<\/p>\n<p>Ob franz\u00f6sischer Jahrmarkt oder wilde K\u00fcstenlandschaft, auf <em>TangoCaf\u00e9<\/em> verschmelzen Musik, Erz\u00e4hlungen, Szenen und Atmosph\u00e4ren zu einem H\u00f6rerlebnis, das fasziniert. Nicht nur Tangofans. Die elegante Fl\u00f6te flirtet mit dem rauen Charmeur, dem Saxophon. Eine sehnsuchtsvolle Gitarre mischt sich ein, sucht stets das Gespr\u00e4ch mit dem Piano und immer bleibt das letzte Wort beim Kontrabass. Schreibmaschine und Kastagnetten geben den Puls, Vibrandoneon, Kalimba und Mandoline fl\u00fcstern in fremden Sprachen vertraute Lieder. Was bleibt, ist immer die Intensit\u00e4t der leidenschaftlichsten Musik der Welt: Tango!<\/p>\n<p>Simone Graf &#8211; bereits als Kind vom Tango auf alten Shellackplatten ihres Gro\u00dfvaters, eines Geigers, fasziniert &#8211; gr\u00fcndete das Ensemble 2006. In der au\u00dfergew\u00f6hnlichen Besetzung mit Querfl\u00f6te und Saxophon findet das Ensemble einen Klang, der eine aufregende M\u00e9lange aus Klassik, Jazz und Tango eingeht. Der bekannte englische Komponist Graham Lynch, dessen Tangos sogar das BBC-Orchester einspielt, hat eine besondere Vorliebe f\u00fcr den warmen, geatmeten Melodieklang der f\u00fcnf &#8220;Schatten&#8221; aus &#8220;South Germany&#8221;. So kommt es, dass eine Ersteinspielung seines Werkes Eurydice Sings auf <em>TangoCaf\u00e9<\/em> zu h\u00f6ren ist. Auch Astor Piazzolla&#8217;s Milonga del Angel, ein Klassiker des Tango Nuevo, kommt in der Handschrift des Quintetts zu einem neuen Glanz.<\/p>\n<p>Die mehr als 20 akustischen Instrumente, die <strong>Las Sombras<\/strong> auf <em>TangoCaf\u00e9<\/em> spielen, und die facettenreichen Arrangements geben die Freiheit, sich nicht auf einen Musikstil festlegen zu m\u00fcssen. Eine Freiheitsliebe, die dem Tango bereits in den Wurzeln steckt und <strong>Las Sombras<\/strong> zu einem Weltmusikensemble im besten Sinne macht.<\/p>\n","protected":false},"excerpt":{"rendered":"<p><a class=\"button smart_link_button\" href=\"https:\/\/smarturl.it\/lassombrastangocafe\" target=\"_blank\" rel=\"noopener\">Choose your store!<\/a><\/p>\n","protected":false},"featured_media":417,"comment_status":"open","ping_status":"closed","template":"","meta":[],"product_brand":[],"product_cat":[604],"product_tag":[53,101],"class_list":{"0":"post-311","1":"product","2":"type-product","3":"status-publish","4":"has-post-thumbnail","6":"product_cat-fine-music","7":"product_tag-las-sombras","8":"product_tag-tango","10":"first","11":"instock","12":"taxable","13":"shipping-taxable","14":"product-type-external"},"_links":{"self":[{"href":"https:\/\/www.glm.de\/en\/wp-json\/wp\/v2\/product\/311"}],"collection":[{"href":"https:\/\/www.glm.de\/en\/wp-json\/wp\/v2\/product"}],"about":[{"href":"https:\/\/www.glm.de\/en\/wp-json\/wp\/v2\/types\/product"}],"replies":[{"embeddable":true,"href":"https:\/\/www.glm.de\/en\/wp-json\/wp\/v2\/comments?post=311"}],"wp:featuredmedia":[{"embeddable":true,"href":"https:\/\/www.glm.de\/en\/wp-json\/wp\/v2\/media\/417"}],"wp:attachment":[{"href":"https:\/\/www.glm.de\/en\/wp-json\/wp\/v2\/media?parent=311"}],"wp:term":[{"taxonomy":"product_brand","embeddable":true,"href":"https:\/\/www.glm.de\/en\/wp-json\/wp\/v2\/product_brand?post=311"},{"taxonomy":"product_cat","embeddable":true,"href":"https:\/\/www.glm.de\/en\/wp-json\/wp\/v2\/product_cat?post=311"},{"taxonomy":"product_tag","embeddable":true,"href":"https:\/\/www.glm.de\/en\/wp-json\/wp\/v2\/product_tag?post=311"}],"curies":[{"name":"wp","href":"https:\/\/api.w.org\/{rel}","templated":true}]}}