{"id":3340,"date":"2016-09-06T16:40:32","date_gmt":"2016-09-06T14:40:32","guid":{"rendered":"http:\/\/www.glm.de\/en\/?post_type=product&#038;p=3340"},"modified":"2022-12-06T20:26:25","modified_gmt":"2022-12-06T18:26:25","slug":"quadro-nuevo-music-for-christmas-nights","status":"publish","type":"product","link":"https:\/\/www.glm.de\/en\/product\/quadro-nuevo-music-for-christmas-nights\/","title":{"rendered":"Quadro Nuevo \u2013 Music for Christmas Nights"},"content":{"rendered":"<p><strong>Andreas Hinterseher<\/strong> Accordion, Bandoneon, Vibrandoneon<br \/>\n<strong>D.D. Lowka<\/strong> Contrabass, Percussion<br \/>\n<strong>Mulo Francel<\/strong> Saxophone, clarinets<br \/>\n<strong>Evelyn Huber<\/strong> Harp, Salterio<\/p>\n<p>&amp;<\/p>\n<p><strong>M\u00fcnchner Symphoniker<\/strong> Orchestra<br \/>\n<strong>Andreas Kowalewitz<\/strong> Conductor<\/p>\n<p>&nbsp;<\/p>\n<!--[if lt IE 9]><script>document.createElement('audio');<\/script><![endif]-->\n\t<div class=\"wp-playlist wp-audio-playlist wp-playlist-light\">\n\t\t\t<div class=\"wp-playlist-current-item\"><\/div>\n\t\t<audio controls=\"controls\" preload=\"none\" width=\"958\"\n\t\t\t><\/audio>\n\t<div class=\"wp-playlist-next\"><\/div>\n\t<div class=\"wp-playlist-prev\"><\/div>\n\t<noscript>\n\t<ol>\n\t\t<li><a href='https:\/\/www.glm.de\/en\/wp-content\/uploads\/2016\/09\/01_Oh-du-Fr\u00f6hliche.mp3'>Oh du Fr\u00f6hliche<\/a><\/li><li><a href='https:\/\/www.glm.de\/en\/wp-content\/uploads\/2016\/09\/02_Lasst-uns-froh-und-munter-sein.mp3'>Lasst uns froh und munter sein<\/a><\/li><li><a href='https:\/\/www.glm.de\/en\/wp-content\/uploads\/2016\/09\/03_Nun-komm-der-Heiden-Heiland.mp3'>Nun komm der Heiden Heiland<\/a><\/li><li><a href='https:\/\/www.glm.de\/en\/wp-content\/uploads\/2016\/09\/04_Es-ist-ein-Ros-entsprungen.mp3'>Es ist ein Ros entsprungen<\/a><\/li><li><a href='https:\/\/www.glm.de\/en\/wp-content\/uploads\/2016\/09\/05_Bells-of-Salvation.mp3'>Bells of Salvation<\/a><\/li><li><a href='https:\/\/www.glm.de\/en\/wp-content\/uploads\/2016\/09\/06_Maria-durch-ein-Dornwald-ging.mp3'>Maria durch ein Dornwald ging<\/a><\/li><li><a href='https:\/\/www.glm.de\/en\/wp-content\/uploads\/2016\/09\/07_Macht-hoch-die-T\u00fcr-Erwartung.mp3'>Macht hoch die T\u00fcr Erwartung<\/a><\/li><li><a href='https:\/\/www.glm.de\/en\/wp-content\/uploads\/2016\/09\/08_Macht-hoch-die-T\u00fcr-Macht-hoch-die.mp3'>Macht hoch die T\u00fcr Macht hoch die T\u00fcr<\/a><\/li><li><a href='https:\/\/www.glm.de\/en\/wp-content\/uploads\/2016\/09\/09_Macht-hoch-die-T\u00fcr-Epiphanias.mp3'>Macht hoch die T\u00fcr Epiphanias<\/a><\/li><li><a href='https:\/\/www.glm.de\/en\/wp-content\/uploads\/2016\/09\/10_Winter-Wonderland.mp3'>Winter Wonderland<\/a><\/li><li><a href='https:\/\/www.glm.de\/en\/wp-content\/uploads\/2016\/09\/11_Oh-little-Town-of-Bethlehem.mp3'>Oh little Town of Bethlehem<\/a><\/li><li><a href='https:\/\/www.glm.de\/en\/wp-content\/uploads\/2016\/09\/12_Entre-le-Boeuf-et-l-_Ane-gris.mp3'>Entre le Boeuf et l \u00b4Ane gris<\/a><\/li><li><a href='https:\/\/www.glm.de\/en\/wp-content\/uploads\/2016\/09\/13_Abendsegen-from-H\u00e4nsel-und-Grete.mp3'>Abendsegen (from H\u00e4nsel und Gretel)<\/a><\/li><li><a href='https:\/\/www.glm.de\/en\/wp-content\/uploads\/2016\/09\/14_Antiochia-Suite-Antakya-Dadasc.mp3'>Antiochia Suite (Antakya & Dadaschi)<\/a><\/li><li><a href='https:\/\/www.glm.de\/en\/wp-content\/uploads\/2016\/09\/15_La-Virgen-se-est\u00e1-peinando.mp3'>La Virgen se est\u00e1 peinando<\/a><\/li><li><a href='https:\/\/www.glm.de\/en\/wp-content\/uploads\/2016\/09\/16_The-Way-you-look-tonight.mp3'>The Way you look tonight<\/a><\/li><li><a href='https:\/\/www.glm.de\/en\/wp-content\/uploads\/2016\/09\/17_Epilog.mp3'>Epilog<\/a><\/li>\t<\/ol>\n\t<\/noscript>\n\t<script type=\"application\/json\" class=\"wp-playlist-script\">{\"type\":\"audio\",\"tracklist\":true,\"tracknumbers\":true,\"images\":true,\"artists\":true,\"tracks\":[{\"src\":\"https:\\\/\\\/www.glm.de\\\/en\\\/wp-content\\\/uploads\\\/2016\\\/09\\\/01_Oh-du-Fr\\u00f6hliche.mp3\",\"type\":\"audio\\\/mpeg\",\"title\":\"Oh du Fr\\u00f6hliche\",\"caption\":\"\",\"description\":\"\\\"01_Oh du Fr\\u00f6hliche\\\" from Music for Christmas Nights by Quadro Nuevo.\",\"meta\":{\"artist\":\"Quadro Nuevo\",\"album\":\"Music for Christmas Nights\",\"length_formatted\":\"1:30\"},\"image\":{\"src\":\"https:\\\/\\\/www.glm.de\\\/en\\\/wp-content\\\/uploads\\\/2016\\\/09\\\/01_Oh-du-Fr\\u00f6hliche-mp3-image.jpg\",\"width\":1650,\"height\":1476},\"thumb\":{\"src\":\"https:\\\/\\\/www.glm.de\\\/en\\\/wp-content\\\/uploads\\\/2016\\\/09\\\/01_Oh-du-Fr\\u00f6hliche-mp3-image-150x150.jpg\",\"width\":150,\"height\":150}},{\"src\":\"https:\\\/\\\/www.glm.de\\\/en\\\/wp-content\\\/uploads\\\/2016\\\/09\\\/02_Lasst-uns-froh-und-munter-sein.mp3\",\"type\":\"audio\\\/mpeg\",\"title\":\"Lasst uns froh und munter sein\",\"caption\":\"\",\"description\":\"\\\"02_Lasst uns froh und munter sein\\\" from Music for Christmas Nights by Quadro Nuevo.\",\"meta\":{\"artist\":\"Quadro Nuevo\",\"album\":\"Music for Christmas Nights\",\"length_formatted\":\"1:30\"},\"image\":{\"src\":\"https:\\\/\\\/www.glm.de\\\/en\\\/wp-content\\\/uploads\\\/2016\\\/09\\\/01_Oh-du-Fr\\u00f6hliche-mp3-image.jpg\",\"width\":1650,\"height\":1476},\"thumb\":{\"src\":\"https:\\\/\\\/www.glm.de\\\/en\\\/wp-content\\\/uploads\\\/2016\\\/09\\\/01_Oh-du-Fr\\u00f6hliche-mp3-image-150x150.jpg\",\"width\":150,\"height\":150}},{\"src\":\"https:\\\/\\\/www.glm.de\\\/en\\\/wp-content\\\/uploads\\\/2016\\\/09\\\/03_Nun-komm-der-Heiden-Heiland.mp3\",\"type\":\"audio\\\/mpeg\",\"title\":\"Nun komm der Heiden Heiland\",\"caption\":\"\",\"description\":\"\\\"03_Nun komm der Heiden Heiland\\\" from Music for Christmas Nights by Quadro Nuevo.\",\"meta\":{\"artist\":\"Quadro Nuevo\",\"album\":\"Music for Christmas Nights\",\"length_formatted\":\"1:30\"},\"image\":{\"src\":\"https:\\\/\\\/www.glm.de\\\/en\\\/wp-content\\\/uploads\\\/2016\\\/09\\\/01_Oh-du-Fr\\u00f6hliche-mp3-image.jpg\",\"width\":1650,\"height\":1476},\"thumb\":{\"src\":\"https:\\\/\\\/www.glm.de\\\/en\\\/wp-content\\\/uploads\\\/2016\\\/09\\\/01_Oh-du-Fr\\u00f6hliche-mp3-image-150x150.jpg\",\"width\":150,\"height\":150}},{\"src\":\"https:\\\/\\\/www.glm.de\\\/en\\\/wp-content\\\/uploads\\\/2016\\\/09\\\/04_Es-ist-ein-Ros-entsprungen.mp3\",\"type\":\"audio\\\/mpeg\",\"title\":\"Es ist ein Ros entsprungen\",\"caption\":\"\",\"description\":\"\\\"04_Es ist ein Ros entsprungen\\\" from Music for Christmas Nights by Quadro Nuevo.\",\"meta\":{\"artist\":\"Quadro Nuevo\",\"album\":\"Music for Christmas Nights\",\"length_formatted\":\"1:30\"},\"image\":{\"src\":\"https:\\\/\\\/www.glm.de\\\/en\\\/wp-content\\\/uploads\\\/2016\\\/09\\\/01_Oh-du-Fr\\u00f6hliche-mp3-image.jpg\",\"width\":1650,\"height\":1476},\"thumb\":{\"src\":\"https:\\\/\\\/www.glm.de\\\/en\\\/wp-content\\\/uploads\\\/2016\\\/09\\\/01_Oh-du-Fr\\u00f6hliche-mp3-image-150x150.jpg\",\"width\":150,\"height\":150}},{\"src\":\"https:\\\/\\\/www.glm.de\\\/en\\\/wp-content\\\/uploads\\\/2016\\\/09\\\/05_Bells-of-Salvation.mp3\",\"type\":\"audio\\\/mpeg\",\"title\":\"Bells of Salvation\",\"caption\":\"\",\"description\":\"\\\"05_Bells of Salvation\\\" from Music for Christmas Nights by Quadro Nuevo.\",\"meta\":{\"artist\":\"Quadro Nuevo\",\"album\":\"Music for Christmas Nights\",\"length_formatted\":\"1:24\"},\"image\":{\"src\":\"https:\\\/\\\/www.glm.de\\\/en\\\/wp-content\\\/uploads\\\/2016\\\/09\\\/01_Oh-du-Fr\\u00f6hliche-mp3-image.jpg\",\"width\":1650,\"height\":1476},\"thumb\":{\"src\":\"https:\\\/\\\/www.glm.de\\\/en\\\/wp-content\\\/uploads\\\/2016\\\/09\\\/01_Oh-du-Fr\\u00f6hliche-mp3-image-150x150.jpg\",\"width\":150,\"height\":150}},{\"src\":\"https:\\\/\\\/www.glm.de\\\/en\\\/wp-content\\\/uploads\\\/2016\\\/09\\\/06_Maria-durch-ein-Dornwald-ging.mp3\",\"type\":\"audio\\\/mpeg\",\"title\":\"Maria durch ein Dornwald ging\",\"caption\":\"\",\"description\":\"\\\"06_Maria durch ein Dornwald ging\\\" from Music for Christmas Nights by Quadro Nuevo.\",\"meta\":{\"artist\":\"Quadro Nuevo\",\"album\":\"Music for Christmas Nights\",\"length_formatted\":\"1:30\"},\"image\":{\"src\":\"https:\\\/\\\/www.glm.de\\\/en\\\/wp-content\\\/uploads\\\/2016\\\/09\\\/01_Oh-du-Fr\\u00f6hliche-mp3-image.jpg\",\"width\":1650,\"height\":1476},\"thumb\":{\"src\":\"https:\\\/\\\/www.glm.de\\\/en\\\/wp-content\\\/uploads\\\/2016\\\/09\\\/01_Oh-du-Fr\\u00f6hliche-mp3-image-150x150.jpg\",\"width\":150,\"height\":150}},{\"src\":\"https:\\\/\\\/www.glm.de\\\/en\\\/wp-content\\\/uploads\\\/2016\\\/09\\\/07_Macht-hoch-die-T\\u00fcr-Erwartung.mp3\",\"type\":\"audio\\\/mpeg\",\"title\":\"Macht hoch die T\\u00fcr Erwartung\",\"caption\":\"\",\"description\":\"\\\"07_Macht hoch die T\\u00fcr Erwartung\\\" from Music for Christmas Nights by Quadro Nuevo.\",\"meta\":{\"artist\":\"Quadro Nuevo\",\"album\":\"Music for Christmas Nights\",\"length_formatted\":\"1:30\"},\"image\":{\"src\":\"https:\\\/\\\/www.glm.de\\\/en\\\/wp-content\\\/uploads\\\/2016\\\/09\\\/01_Oh-du-Fr\\u00f6hliche-mp3-image.jpg\",\"width\":1650,\"height\":1476},\"thumb\":{\"src\":\"https:\\\/\\\/www.glm.de\\\/en\\\/wp-content\\\/uploads\\\/2016\\\/09\\\/01_Oh-du-Fr\\u00f6hliche-mp3-image-150x150.jpg\",\"width\":150,\"height\":150}},{\"src\":\"https:\\\/\\\/www.glm.de\\\/en\\\/wp-content\\\/uploads\\\/2016\\\/09\\\/08_Macht-hoch-die-T\\u00fcr-Macht-hoch-die.mp3\",\"type\":\"audio\\\/mpeg\",\"title\":\"Macht hoch die T\\u00fcr Macht hoch die T\\u00fcr\",\"caption\":\"\",\"description\":\"\\\"08_Macht hoch die T\\u00fcr Macht hoch die T\\u00fcr\\\" from Music for Christmas Nights by Quadro Nuevo.\",\"meta\":{\"artist\":\"Quadro Nuevo\",\"album\":\"Music for Christmas Nights\",\"length_formatted\":\"1:30\"},\"image\":{\"src\":\"https:\\\/\\\/www.glm.de\\\/en\\\/wp-content\\\/uploads\\\/2016\\\/09\\\/01_Oh-du-Fr\\u00f6hliche-mp3-image.jpg\",\"width\":1650,\"height\":1476},\"thumb\":{\"src\":\"https:\\\/\\\/www.glm.de\\\/en\\\/wp-content\\\/uploads\\\/2016\\\/09\\\/01_Oh-du-Fr\\u00f6hliche-mp3-image-150x150.jpg\",\"width\":150,\"height\":150}},{\"src\":\"https:\\\/\\\/www.glm.de\\\/en\\\/wp-content\\\/uploads\\\/2016\\\/09\\\/09_Macht-hoch-die-T\\u00fcr-Epiphanias.mp3\",\"type\":\"audio\\\/mpeg\",\"title\":\"Macht hoch die T\\u00fcr Epiphanias\",\"caption\":\"\",\"description\":\"\\\"09_Macht hoch die T\\u00fcr Epiphanias\\\" from Music for Christmas Nights by Quadro Nuevo.\",\"meta\":{\"artist\":\"Quadro Nuevo\",\"album\":\"Music for Christmas Nights\",\"length_formatted\":\"1:30\"},\"image\":{\"src\":\"https:\\\/\\\/www.glm.de\\\/en\\\/wp-content\\\/uploads\\\/2016\\\/09\\\/01_Oh-du-Fr\\u00f6hliche-mp3-image.jpg\",\"width\":1650,\"height\":1476},\"thumb\":{\"src\":\"https:\\\/\\\/www.glm.de\\\/en\\\/wp-content\\\/uploads\\\/2016\\\/09\\\/01_Oh-du-Fr\\u00f6hliche-mp3-image-150x150.jpg\",\"width\":150,\"height\":150}},{\"src\":\"https:\\\/\\\/www.glm.de\\\/en\\\/wp-content\\\/uploads\\\/2016\\\/09\\\/10_Winter-Wonderland.mp3\",\"type\":\"audio\\\/mpeg\",\"title\":\"Winter Wonderland\",\"caption\":\"\",\"description\":\"\\\"10_Winter Wonderland\\\" from Music for Christmas Nights by Quadro Nuevo.\",\"meta\":{\"artist\":\"Quadro Nuevo\",\"album\":\"Music for Christmas Nights\",\"length_formatted\":\"1:30\"},\"image\":{\"src\":\"https:\\\/\\\/www.glm.de\\\/en\\\/wp-content\\\/uploads\\\/2016\\\/09\\\/01_Oh-du-Fr\\u00f6hliche-mp3-image.jpg\",\"width\":1650,\"height\":1476},\"thumb\":{\"src\":\"https:\\\/\\\/www.glm.de\\\/en\\\/wp-content\\\/uploads\\\/2016\\\/09\\\/01_Oh-du-Fr\\u00f6hliche-mp3-image-150x150.jpg\",\"width\":150,\"height\":150}},{\"src\":\"https:\\\/\\\/www.glm.de\\\/en\\\/wp-content\\\/uploads\\\/2016\\\/09\\\/11_Oh-little-Town-of-Bethlehem.mp3\",\"type\":\"audio\\\/mpeg\",\"title\":\"Oh little Town of Bethlehem\",\"caption\":\"\",\"description\":\"\\\"11_Oh little Town of Bethlehem\\\" from Music for Christmas Nights by Quadro Nuevo.\",\"meta\":{\"artist\":\"Quadro Nuevo\",\"album\":\"Music for Christmas Nights\",\"length_formatted\":\"1:30\"},\"image\":{\"src\":\"https:\\\/\\\/www.glm.de\\\/en\\\/wp-content\\\/uploads\\\/2016\\\/09\\\/01_Oh-du-Fr\\u00f6hliche-mp3-image.jpg\",\"width\":1650,\"height\":1476},\"thumb\":{\"src\":\"https:\\\/\\\/www.glm.de\\\/en\\\/wp-content\\\/uploads\\\/2016\\\/09\\\/01_Oh-du-Fr\\u00f6hliche-mp3-image-150x150.jpg\",\"width\":150,\"height\":150}},{\"src\":\"https:\\\/\\\/www.glm.de\\\/en\\\/wp-content\\\/uploads\\\/2016\\\/09\\\/12_Entre-le-Boeuf-et-l-_Ane-gris.mp3\",\"type\":\"audio\\\/mpeg\",\"title\":\"Entre le Boeuf et l \\u00b4Ane gris\",\"caption\":\"\",\"description\":\"\\\"12_Entre le Boeuf et l \\u00b4Ane gris\\\" from Music for Christmas Nights by Quadro Nuevo.\",\"meta\":{\"artist\":\"Quadro Nuevo\",\"album\":\"Music for Christmas Nights\",\"length_formatted\":\"1:30\"},\"image\":{\"src\":\"https:\\\/\\\/www.glm.de\\\/en\\\/wp-content\\\/uploads\\\/2016\\\/09\\\/01_Oh-du-Fr\\u00f6hliche-mp3-image.jpg\",\"width\":1650,\"height\":1476},\"thumb\":{\"src\":\"https:\\\/\\\/www.glm.de\\\/en\\\/wp-content\\\/uploads\\\/2016\\\/09\\\/01_Oh-du-Fr\\u00f6hliche-mp3-image-150x150.jpg\",\"width\":150,\"height\":150}},{\"src\":\"https:\\\/\\\/www.glm.de\\\/en\\\/wp-content\\\/uploads\\\/2016\\\/09\\\/13_Abendsegen-from-H\\u00e4nsel-und-Grete.mp3\",\"type\":\"audio\\\/mpeg\",\"title\":\"Abendsegen (from H\\u00e4nsel und Gretel)\",\"caption\":\"\",\"description\":\"\\\"13_Abendsegen (from H\\u00e4nsel und Gretel)\\\" from Music for Christmas Nights by Quadro Nuevo.\",\"meta\":{\"artist\":\"Quadro Nuevo\",\"album\":\"Music for Christmas Nights\",\"length_formatted\":\"1:30\"},\"image\":{\"src\":\"https:\\\/\\\/www.glm.de\\\/en\\\/wp-content\\\/uploads\\\/2016\\\/09\\\/01_Oh-du-Fr\\u00f6hliche-mp3-image.jpg\",\"width\":1650,\"height\":1476},\"thumb\":{\"src\":\"https:\\\/\\\/www.glm.de\\\/en\\\/wp-content\\\/uploads\\\/2016\\\/09\\\/01_Oh-du-Fr\\u00f6hliche-mp3-image-150x150.jpg\",\"width\":150,\"height\":150}},{\"src\":\"https:\\\/\\\/www.glm.de\\\/en\\\/wp-content\\\/uploads\\\/2016\\\/09\\\/14_Antiochia-Suite-Antakya-Dadasc.mp3\",\"type\":\"audio\\\/mpeg\",\"title\":\"Antiochia Suite (Antakya & Dadaschi)\",\"caption\":\"\",\"description\":\"\\\"14_Antiochia Suite (Antakya & Dadaschi)\\\" from Music for Christmas Nights by Quadro Nuevo.\",\"meta\":{\"artist\":\"Quadro Nuevo\",\"album\":\"Music for Christmas Nights\",\"length_formatted\":\"1:30\"},\"image\":{\"src\":\"https:\\\/\\\/www.glm.de\\\/en\\\/wp-content\\\/uploads\\\/2016\\\/09\\\/01_Oh-du-Fr\\u00f6hliche-mp3-image.jpg\",\"width\":1650,\"height\":1476},\"thumb\":{\"src\":\"https:\\\/\\\/www.glm.de\\\/en\\\/wp-content\\\/uploads\\\/2016\\\/09\\\/01_Oh-du-Fr\\u00f6hliche-mp3-image-150x150.jpg\",\"width\":150,\"height\":150}},{\"src\":\"https:\\\/\\\/www.glm.de\\\/en\\\/wp-content\\\/uploads\\\/2016\\\/09\\\/15_La-Virgen-se-est\\u00e1-peinando.mp3\",\"type\":\"audio\\\/mpeg\",\"title\":\"La Virgen se est\\u00e1 peinando\",\"caption\":\"\",\"description\":\"\\\"15_La Virgen se est\\u00e1 peinando\\\" from Music for Christmas Nights by Quadro Nuevo.\",\"meta\":{\"artist\":\"Quadro Nuevo\",\"album\":\"Music for Christmas Nights\",\"length_formatted\":\"1:30\"},\"image\":{\"src\":\"https:\\\/\\\/www.glm.de\\\/en\\\/wp-content\\\/uploads\\\/2016\\\/09\\\/01_Oh-du-Fr\\u00f6hliche-mp3-image.jpg\",\"width\":1650,\"height\":1476},\"thumb\":{\"src\":\"https:\\\/\\\/www.glm.de\\\/en\\\/wp-content\\\/uploads\\\/2016\\\/09\\\/01_Oh-du-Fr\\u00f6hliche-mp3-image-150x150.jpg\",\"width\":150,\"height\":150}},{\"src\":\"https:\\\/\\\/www.glm.de\\\/en\\\/wp-content\\\/uploads\\\/2016\\\/09\\\/16_The-Way-you-look-tonight.mp3\",\"type\":\"audio\\\/mpeg\",\"title\":\"The Way you look tonight\",\"caption\":\"\",\"description\":\"\\\"16_The Way you look tonight \\\" from Music for Christmas Nights by Quadro Nuevo.\",\"meta\":{\"artist\":\"Quadro Nuevo\",\"album\":\"Music for Christmas Nights\",\"length_formatted\":\"1:30\"},\"image\":{\"src\":\"https:\\\/\\\/www.glm.de\\\/en\\\/wp-content\\\/uploads\\\/2016\\\/09\\\/01_Oh-du-Fr\\u00f6hliche-mp3-image.jpg\",\"width\":1650,\"height\":1476},\"thumb\":{\"src\":\"https:\\\/\\\/www.glm.de\\\/en\\\/wp-content\\\/uploads\\\/2016\\\/09\\\/01_Oh-du-Fr\\u00f6hliche-mp3-image-150x150.jpg\",\"width\":150,\"height\":150}},{\"src\":\"https:\\\/\\\/www.glm.de\\\/en\\\/wp-content\\\/uploads\\\/2016\\\/09\\\/17_Epilog.mp3\",\"type\":\"audio\\\/mpeg\",\"title\":\"Epilog\",\"caption\":\"\",\"description\":\"\\\"17_Epilog\\\" from Music for Christmas Nights by Quadro Nuevo.\",\"meta\":{\"artist\":\"Quadro Nuevo\",\"album\":\"Music for Christmas Nights\",\"length_formatted\":\"1:07\"},\"image\":{\"src\":\"https:\\\/\\\/www.glm.de\\\/en\\\/wp-content\\\/uploads\\\/2016\\\/09\\\/01_Oh-du-Fr\\u00f6hliche-mp3-image.jpg\",\"width\":1650,\"height\":1476},\"thumb\":{\"src\":\"https:\\\/\\\/www.glm.de\\\/en\\\/wp-content\\\/uploads\\\/2016\\\/09\\\/01_Oh-du-Fr\\u00f6hliche-mp3-image-150x150.jpg\",\"width\":150,\"height\":150}}]}<\/script>\n<\/div>\n\t\n<p>In their new album <em>Music for Christmas Nights<\/em>, <strong>Quadro Nuevo<\/strong> collaborated with the <strong>Munich Symphony Orchestra<\/strong> to explore the origins of the Christmas story, specifically the Middle East with its old cultures and fascinating music traditions. <strong>Quadro Nuevo<\/strong> got inspired by these cultures on various trips and concerts in Israel, Egypt, Jordan and Antioch. The recordings with the <strong>Munich Symphony Orchestra<\/strong> show a moving interaction of improvising virtuosos and classical orchestra sound, Occident and Orient, old traditions, new creations and childhood memories.<\/p>\n<p><em>\u201cIt\u2019s just a ton of fun to use these partially very simplistic yet powerful melodies in a playful way. Working with strings and wood brass presented fantastic opportunities.\u201d<\/em><\/p>\n<p>For the song \u201c<em>Lasst uns froh und munter sein<\/em>\u201d bass player Didi put his Bass aside to play on the oriental drum named Tarambouka, creating a groove that could be described as a mix of Orient, German middle age and New Orleans. The traditional bass function was replaced by the orchestra\u2019s basses: bassoon and bass clarinet. On the American classic \u201c<em>Winter Wonderland<\/em>\u201d the string orchestra everybody expects was intentionally left out. <strong>Quadro Nuevo<\/strong> plays the song only on the orchestra\u2019s wood instruments, which takes the listener on a musical journey through an atmospheric winter forest.<\/p>\n<p>For the old song \u201c<em>Macht hoch die T\u00fcr<\/em>\u201d Accordion player Andreas Hinterseher wrote a three part suite. For the Band, this suite signifies the need of reorientation: away from wasting our resources, away from destroying our planet, away from ideologies and religious stubbornness.<\/p>\n<p>The album shows the quartet\u2019s love for the sound potential of orchestra instruments, which they use consciously and carefully. Don\u2019t be surprised to hear a lonely French horn in the middle of what we know to be the typical Quadro Nuevo sound. In \u201cMaria durch ein Dornwald ging\u201d they worked with strings, which adds a pleasant width to this intense song.<\/p>\n<p>Every title on the CD gives the listener the opportunity to rediscover old traditions and to experience instruments with a large acoustic body in all their might.<\/p>\n<p>The album Quadro Nuevo &amp; Munich Symphony Orchestra: Music for Christmas Nights is going to be available as both CD and Double-Vinyl!<\/p>\n<p>For tour dates please check <a href=\"http:\/\/www.quadronuevo.de\">www.quadronuevo.de<\/a><\/p>\n","protected":false},"excerpt":{"rendered":"<p><a class=\"button smart_link_button\" href=\"https:\/\/glmmusic.de\/MusicforChristmasNigthsWE\" target=\"_blank\" rel=\"noopener\">Choose your store!<\/a><\/p>\n","protected":false},"featured_media":3341,"comment_status":"open","ping_status":"closed","template":"","meta":[],"product_brand":[],"product_cat":[627,1276,302,631,604,303,1275,622,438],"product_tag":[],"class_list":{"0":"post-3340","1":"product","2":"type-product","3":"status-publish","4":"has-post-thumbnail","6":"product_cat-andreas-hinterseher","7":"product_cat-andreas-kowalewitz","8":"product_cat-d-d-lowka","9":"product_cat-evelyn-huber","10":"product_cat-fine-music","11":"product_cat-mulo-francel-2","12":"product_cat-munchner-symphoniker-orchestra","13":"product_cat-quadro-nuevo","14":"product_cat-vinyl","15":"pa_art-cd","16":"pa_art-doppel-vinyl-lp-inkl-downloadcode","18":"first","19":"instock","20":"taxable","21":"shipping-taxable","22":"product-type-external"},"_links":{"self":[{"href":"https:\/\/www.glm.de\/en\/wp-json\/wp\/v2\/product\/3340"}],"collection":[{"href":"https:\/\/www.glm.de\/en\/wp-json\/wp\/v2\/product"}],"about":[{"href":"https:\/\/www.glm.de\/en\/wp-json\/wp\/v2\/types\/product"}],"replies":[{"embeddable":true,"href":"https:\/\/www.glm.de\/en\/wp-json\/wp\/v2\/comments?post=3340"}],"wp:featuredmedia":[{"embeddable":true,"href":"https:\/\/www.glm.de\/en\/wp-json\/wp\/v2\/media\/3341"}],"wp:attachment":[{"href":"https:\/\/www.glm.de\/en\/wp-json\/wp\/v2\/media?parent=3340"}],"wp:term":[{"taxonomy":"product_brand","embeddable":true,"href":"https:\/\/www.glm.de\/en\/wp-json\/wp\/v2\/product_brand?post=3340"},{"taxonomy":"product_cat","embeddable":true,"href":"https:\/\/www.glm.de\/en\/wp-json\/wp\/v2\/product_cat?post=3340"},{"taxonomy":"product_tag","embeddable":true,"href":"https:\/\/www.glm.de\/en\/wp-json\/wp\/v2\/product_tag?post=3340"}],"curies":[{"name":"wp","href":"https:\/\/api.w.org\/{rel}","templated":true}]}}