{"id":3504,"date":"2016-10-11T17:55:29","date_gmt":"2016-10-11T15:55:29","guid":{"rendered":"http:\/\/www.glm.de\/en\/?post_type=product&#038;p=3504"},"modified":"2019-11-12T16:47:30","modified_gmt":"2019-11-12T14:47:30","slug":"stubenjazz-lieder","status":"publish","type":"product","link":"https:\/\/www.glm.de\/en\/product\/stubenjazz-lieder\/","title":{"rendered":"Stubenjazz &#8211; Lieder"},"content":{"rendered":"<p><strong>Elke Wo\u0308rndle<\/strong> vocals<br \/>\n<strong>Michael T. Otto<\/strong> kuhlohorn<br \/>\n<strong>Uli Binetsch<\/strong> trombone<br \/>\n<strong>Johannes Deffner<\/strong> guitar \/ percussion<br \/>\n<strong>Heiner Merk<\/strong> double bass<br \/>\nspecial guest: <strong>Christoph Scherer<\/strong> percussion<\/p>\n<!--[if lt IE 9]><script>document.createElement('audio');<\/script><![endif]-->\n\t<div class=\"wp-playlist wp-audio-playlist wp-playlist-light\">\n\t\t\t<div class=\"wp-playlist-current-item\"><\/div>\n\t\t<audio controls=\"controls\" preload=\"none\" width=\"958\"\n\t\t\t><\/audio>\n\t<div class=\"wp-playlist-next\"><\/div>\n\t<div class=\"wp-playlist-prev\"><\/div>\n\t<noscript>\n\t<ol>\n\t\t<li><a href='https:\/\/www.glm.de\/en\/wp-content\/uploads\/2016\/10\/01_Guten-Abend-gut_Nacht.mp3'>Guten Abend, gut\u00b4Nacht<\/a><\/li><li><a href='https:\/\/www.glm.de\/en\/wp-content\/uploads\/2016\/10\/02_Gru\u0308n-Gru\u0308n-Gru\u0308n.mp3'>Gr\u00fcn, Gr\u00fcn, Gr\u00fcn<\/a><\/li><li><a href='https:\/\/www.glm.de\/en\/wp-content\/uploads\/2016\/10\/03_Nun-Ade-Du-mein-lieb-Heimatland.mp3'>Nun Ade, Du mein lieb Heimatland<\/a><\/li><li><a href='https:\/\/www.glm.de\/en\/wp-content\/uploads\/2016\/10\/04_Ich-bin-von-Kopf-bis-Fuss-auf-Lie.mp3'>Ich bin von Kopf bis Fuss auf Liebe eingestellt<\/a><\/li><li><a href='https:\/\/www.glm.de\/en\/wp-content\/uploads\/2016\/10\/05_A\u0308hnchen-von-Tharau.mp3'>\u00c4hnchen von Tharau<\/a><\/li><li><a href='https:\/\/www.glm.de\/en\/wp-content\/uploads\/2016\/10\/06_A-Zwiefacherle.mp3'>A Zwiefacherle<\/a><\/li><li><a href='https:\/\/www.glm.de\/en\/wp-content\/uploads\/2016\/10\/07_Sag-mir-wo-die-Blumen-sind.mp3'>Sag mir wo die Blumen sind<\/a><\/li><li><a href='https:\/\/www.glm.de\/en\/wp-content\/uploads\/2016\/10\/08_Dat-du-myn-Scha\u0308tzken-bist.mp3'>Dat du myn Sch\u00e4tzken bist<\/a><\/li><li><a href='https:\/\/www.glm.de\/en\/wp-content\/uploads\/2016\/10\/09_He-Ho-Spann-den-Wagen-an.mp3'>He Ho, Spann den Wagen an<\/a><\/li><li><a href='https:\/\/www.glm.de\/en\/wp-content\/uploads\/2016\/10\/10_Drunten-im-Unterland.mp3'>Drunten im Unterland<\/a><\/li><li><a href='https:\/\/www.glm.de\/en\/wp-content\/uploads\/2016\/10\/11_Ade-zur-Guten-Nacht.mp3'>Ade zur Guten Nacht<\/a><\/li>\t<\/ol>\n\t<\/noscript>\n\t<script type=\"application\/json\" class=\"wp-playlist-script\">{\"type\":\"audio\",\"tracklist\":true,\"tracknumbers\":true,\"images\":true,\"artists\":true,\"tracks\":[{\"src\":\"https:\\\/\\\/www.glm.de\\\/en\\\/wp-content\\\/uploads\\\/2016\\\/10\\\/01_Guten-Abend-gut_Nacht.mp3\",\"type\":\"audio\\\/mpeg\",\"title\":\"Guten Abend, gut\\u00b4Nacht\",\"caption\":\"\",\"description\":\"\\\"01_Guten Abend, gut\\u00b4Nacht\\\" from Lieder by Stubenjazz.\",\"meta\":{\"artist\":\"Stubenjazz\",\"album\":\"Lieder\",\"length_formatted\":\"1:30\"},\"image\":{\"src\":\"https:\\\/\\\/www.glm.de\\\/en\\\/wp-content\\\/uploads\\\/2016\\\/10\\\/01_Guten_Abend_gute_Nacht-mp3-image.jpg\",\"width\":559,\"height\":495},\"thumb\":{\"src\":\"https:\\\/\\\/www.glm.de\\\/en\\\/wp-content\\\/uploads\\\/2016\\\/10\\\/01_Guten_Abend_gute_Nacht-mp3-image-150x150.jpg\",\"width\":150,\"height\":150}},{\"src\":\"https:\\\/\\\/www.glm.de\\\/en\\\/wp-content\\\/uploads\\\/2016\\\/10\\\/02_Gru\\u0308n-Gru\\u0308n-Gru\\u0308n.mp3\",\"type\":\"audio\\\/mpeg\",\"title\":\"Gr\\u00fcn, Gr\\u00fcn, Gr\\u00fcn\",\"caption\":\"\",\"description\":\"\\\"02_Gr\\u00fcn, Gr\\u00fcn, Gr\\u00fcn\\\" from Lieder by Stubenjazz.\",\"meta\":{\"artist\":\"Stubenjazz\",\"album\":\"Lieder\",\"length_formatted\":\"1:30\"},\"image\":{\"src\":\"https:\\\/\\\/www.glm.de\\\/en\\\/wp-content\\\/uploads\\\/2016\\\/10\\\/01_Guten_Abend_gute_Nacht-mp3-image.jpg\",\"width\":559,\"height\":495},\"thumb\":{\"src\":\"https:\\\/\\\/www.glm.de\\\/en\\\/wp-content\\\/uploads\\\/2016\\\/10\\\/01_Guten_Abend_gute_Nacht-mp3-image-150x150.jpg\",\"width\":150,\"height\":150}},{\"src\":\"https:\\\/\\\/www.glm.de\\\/en\\\/wp-content\\\/uploads\\\/2016\\\/10\\\/03_Nun-Ade-Du-mein-lieb-Heimatland.mp3\",\"type\":\"audio\\\/mpeg\",\"title\":\"Nun Ade, Du mein lieb Heimatland\",\"caption\":\"\",\"description\":\"\\\"03_Nun Ade, Du mein lieb Heimatland\\\" from Lieder by Stubenjazz.\",\"meta\":{\"artist\":\"Stubenjazz\",\"album\":\"Lieder\",\"length_formatted\":\"1:30\"},\"image\":{\"src\":\"https:\\\/\\\/www.glm.de\\\/en\\\/wp-content\\\/uploads\\\/2016\\\/10\\\/01_Guten_Abend_gute_Nacht-mp3-image.jpg\",\"width\":559,\"height\":495},\"thumb\":{\"src\":\"https:\\\/\\\/www.glm.de\\\/en\\\/wp-content\\\/uploads\\\/2016\\\/10\\\/01_Guten_Abend_gute_Nacht-mp3-image-150x150.jpg\",\"width\":150,\"height\":150}},{\"src\":\"https:\\\/\\\/www.glm.de\\\/en\\\/wp-content\\\/uploads\\\/2016\\\/10\\\/04_Ich-bin-von-Kopf-bis-Fuss-auf-Lie.mp3\",\"type\":\"audio\\\/mpeg\",\"title\":\"Ich bin von Kopf bis Fuss auf Liebe eingestellt\",\"caption\":\"\",\"description\":\"\\\"04_Ich bin von Kopf bis Fuss auf Liebe eingestellt\\\" from Lieder by Stubenjazz.\",\"meta\":{\"artist\":\"Stubenjazz\",\"album\":\"Lieder\",\"length_formatted\":\"1:30\"},\"image\":{\"src\":\"https:\\\/\\\/www.glm.de\\\/en\\\/wp-content\\\/uploads\\\/2016\\\/10\\\/01_Guten_Abend_gute_Nacht-mp3-image.jpg\",\"width\":559,\"height\":495},\"thumb\":{\"src\":\"https:\\\/\\\/www.glm.de\\\/en\\\/wp-content\\\/uploads\\\/2016\\\/10\\\/01_Guten_Abend_gute_Nacht-mp3-image-150x150.jpg\",\"width\":150,\"height\":150}},{\"src\":\"https:\\\/\\\/www.glm.de\\\/en\\\/wp-content\\\/uploads\\\/2016\\\/10\\\/05_A\\u0308hnchen-von-Tharau.mp3\",\"type\":\"audio\\\/mpeg\",\"title\":\"\\u00c4hnchen von Tharau\",\"caption\":\"\",\"description\":\"\\\"05_\\u00c4hnchen von Tharau\\\" from Lieder by Stubenjazz.\",\"meta\":{\"artist\":\"Stubenjazz\",\"album\":\"Lieder\",\"length_formatted\":\"1:30\"},\"image\":{\"src\":\"https:\\\/\\\/www.glm.de\\\/en\\\/wp-content\\\/uploads\\\/2016\\\/10\\\/01_Guten_Abend_gute_Nacht-mp3-image.jpg\",\"width\":559,\"height\":495},\"thumb\":{\"src\":\"https:\\\/\\\/www.glm.de\\\/en\\\/wp-content\\\/uploads\\\/2016\\\/10\\\/01_Guten_Abend_gute_Nacht-mp3-image-150x150.jpg\",\"width\":150,\"height\":150}},{\"src\":\"https:\\\/\\\/www.glm.de\\\/en\\\/wp-content\\\/uploads\\\/2016\\\/10\\\/06_A-Zwiefacherle.mp3\",\"type\":\"audio\\\/mpeg\",\"title\":\"A Zwiefacherle\",\"caption\":\"\",\"description\":\"\\\"06_A Zwiefacherle\\\" from Lieder by Stubenjazz.\",\"meta\":{\"artist\":\"Stubenjazz\",\"album\":\"Lieder\",\"length_formatted\":\"1:30\"},\"image\":{\"src\":\"https:\\\/\\\/www.glm.de\\\/en\\\/wp-content\\\/uploads\\\/2016\\\/10\\\/01_Guten_Abend_gute_Nacht-mp3-image.jpg\",\"width\":559,\"height\":495},\"thumb\":{\"src\":\"https:\\\/\\\/www.glm.de\\\/en\\\/wp-content\\\/uploads\\\/2016\\\/10\\\/01_Guten_Abend_gute_Nacht-mp3-image-150x150.jpg\",\"width\":150,\"height\":150}},{\"src\":\"https:\\\/\\\/www.glm.de\\\/en\\\/wp-content\\\/uploads\\\/2016\\\/10\\\/07_Sag-mir-wo-die-Blumen-sind.mp3\",\"type\":\"audio\\\/mpeg\",\"title\":\"Sag mir wo die Blumen sind\",\"caption\":\"\",\"description\":\"\\\"07_Sag mir wo die Blumen sind\\\" from Lieder by Stubenjazz.\",\"meta\":{\"artist\":\"Stubenjazz\",\"album\":\"Lieder\",\"length_formatted\":\"1:30\"},\"image\":{\"src\":\"https:\\\/\\\/www.glm.de\\\/en\\\/wp-content\\\/uploads\\\/2016\\\/10\\\/01_Guten_Abend_gute_Nacht-mp3-image.jpg\",\"width\":559,\"height\":495},\"thumb\":{\"src\":\"https:\\\/\\\/www.glm.de\\\/en\\\/wp-content\\\/uploads\\\/2016\\\/10\\\/01_Guten_Abend_gute_Nacht-mp3-image-150x150.jpg\",\"width\":150,\"height\":150}},{\"src\":\"https:\\\/\\\/www.glm.de\\\/en\\\/wp-content\\\/uploads\\\/2016\\\/10\\\/08_Dat-du-myn-Scha\\u0308tzken-bist.mp3\",\"type\":\"audio\\\/mpeg\",\"title\":\"Dat du myn Sch\\u00e4tzken bist\",\"caption\":\"\",\"description\":\"\\\"08_Dat du myn Sch\\u00e4tzken bist\\\" from Lieder by Stubenjazz.\",\"meta\":{\"artist\":\"Stubenjazz\",\"album\":\"Lieder\",\"length_formatted\":\"1:30\"},\"image\":{\"src\":\"https:\\\/\\\/www.glm.de\\\/en\\\/wp-content\\\/uploads\\\/2016\\\/10\\\/01_Guten_Abend_gute_Nacht-mp3-image.jpg\",\"width\":559,\"height\":495},\"thumb\":{\"src\":\"https:\\\/\\\/www.glm.de\\\/en\\\/wp-content\\\/uploads\\\/2016\\\/10\\\/01_Guten_Abend_gute_Nacht-mp3-image-150x150.jpg\",\"width\":150,\"height\":150}},{\"src\":\"https:\\\/\\\/www.glm.de\\\/en\\\/wp-content\\\/uploads\\\/2016\\\/10\\\/09_He-Ho-Spann-den-Wagen-an.mp3\",\"type\":\"audio\\\/mpeg\",\"title\":\"He Ho, Spann den Wagen an\",\"caption\":\"\",\"description\":\"\\\"09_He Ho, Spann den Wagen an\\\" from Lieder by Stubenjazz.\",\"meta\":{\"artist\":\"Stubenjazz\",\"album\":\"Lieder\",\"length_formatted\":\"1:30\"},\"image\":{\"src\":\"https:\\\/\\\/www.glm.de\\\/en\\\/wp-content\\\/uploads\\\/2016\\\/10\\\/01_Guten_Abend_gute_Nacht-mp3-image.jpg\",\"width\":559,\"height\":495},\"thumb\":{\"src\":\"https:\\\/\\\/www.glm.de\\\/en\\\/wp-content\\\/uploads\\\/2016\\\/10\\\/01_Guten_Abend_gute_Nacht-mp3-image-150x150.jpg\",\"width\":150,\"height\":150}},{\"src\":\"https:\\\/\\\/www.glm.de\\\/en\\\/wp-content\\\/uploads\\\/2016\\\/10\\\/10_Drunten-im-Unterland.mp3\",\"type\":\"audio\\\/mpeg\",\"title\":\"Drunten im Unterland\",\"caption\":\"\",\"description\":\"\\\"10_Drunten im Unterland\\\" from Lieder by Stubenjazz.\",\"meta\":{\"artist\":\"Stubenjazz\",\"album\":\"Lieder\",\"length_formatted\":\"1:30\"},\"image\":{\"src\":\"https:\\\/\\\/www.glm.de\\\/en\\\/wp-content\\\/uploads\\\/2016\\\/10\\\/01_Guten_Abend_gute_Nacht-mp3-image.jpg\",\"width\":559,\"height\":495},\"thumb\":{\"src\":\"https:\\\/\\\/www.glm.de\\\/en\\\/wp-content\\\/uploads\\\/2016\\\/10\\\/01_Guten_Abend_gute_Nacht-mp3-image-150x150.jpg\",\"width\":150,\"height\":150}},{\"src\":\"https:\\\/\\\/www.glm.de\\\/en\\\/wp-content\\\/uploads\\\/2016\\\/10\\\/11_Ade-zur-Guten-Nacht.mp3\",\"type\":\"audio\\\/mpeg\",\"title\":\"Ade zur Guten Nacht\",\"caption\":\"\",\"description\":\"\\\"11_Ade zur Guten Nacht\\\" from Lieder by Stubenjazz.\",\"meta\":{\"artist\":\"Stubenjazz\",\"album\":\"Lieder\",\"length_formatted\":\"1:30\"},\"image\":{\"src\":\"https:\\\/\\\/www.glm.de\\\/en\\\/wp-content\\\/uploads\\\/2016\\\/10\\\/01_Guten_Abend_gute_Nacht-mp3-image.jpg\",\"width\":559,\"height\":495},\"thumb\":{\"src\":\"https:\\\/\\\/www.glm.de\\\/en\\\/wp-content\\\/uploads\\\/2016\\\/10\\\/01_Guten_Abend_gute_Nacht-mp3-image-150x150.jpg\",\"width\":150,\"height\":150}}]}<\/script>\n<\/div>\n\t\n<p><strong><em>Modern and yet traditional, classic and jazzy, thoughtful and witty.<\/em><\/strong><\/p>\n<p>Once upon a time the only way to consume music at home was sitting comfortably in the parlor and making music together. Nowadays you can conjure up your desired atmosphere into the living room in seconds by putting on a record or use a more current streaming service &#8230; but where is the family music with its old songs? The five-headed combo STUBENJAZZ from Lake Constance provides a friendly visit to every jazz-friendly household and ensures a homely atmosphere with their new album LIEDER.<\/p>\n<p>The good nursery of traditional Germans song is thoroughly dusted off and offers new space for classics like \u201eGuten Abend, gute Nacht\u201c or &#8220;Die Gedanken sind frei&#8221;, which opens the door wide for avant-garde, classical and Latin music elements.<\/p>\n<p>The song &#8220;Ade, mein lieb lieb Heimatland&#8221; gets a highly contemporary reference through the new fellow citizens, who had to leave their homeland. But STUBENJAZZ does not only open the door wide but also goes a step further. Rooted in Germany &#8211; but at home in the world is the motto and so &#8220;STUBENJAZZ&#8221; will be on tour in 2018 and is going to bring their \u201eLIEDER\u201c to the USA.<\/p>\n<p>STUBENJAZZ is musically cosmopolitan and so the members not only bring their slippers to play but also their versatile influences from jazz combos, big bands, and symphony orchestras. The band remains faithful to their principles since the forming of the group ten years ago: to breathe new life into old, &#8220;dusty&#8221;, German songs with new arrangements and different genres and to make them presentable again.<\/p>\n","protected":false},"excerpt":{"rendered":"<p><a class=\"button smart_link_button\" href=\"https:\/\/smarturl.it\/stubenjazzlieder\" target=\"_blank\" rel=\"noopener\">Choose your store!<\/a><\/p>\n","protected":false},"featured_media":3505,"comment_status":"open","ping_status":"closed","template":"","meta":[],"product_brand":[],"product_cat":[607],"product_tag":[722,213,719,717,720,721,718,723],"class_list":{"0":"post-3504","1":"product","2":"type-product","3":"status-publish","4":"has-post-thumbnail","6":"product_cat-edition-collage","7":"product_tag-german","8":"product_tag-jazz","9":"product_tag-kuhlohorn","10":"product_tag-lake-constance","11":"product_tag-michael","12":"product_tag-otto","13":"product_tag-stubenjazz","14":"product_tag-traditional","15":"pa_art-cd","16":"pa_art-mp3-download","18":"first","19":"instock","20":"taxable","21":"shipping-taxable","22":"product-type-external"},"_links":{"self":[{"href":"https:\/\/www.glm.de\/en\/wp-json\/wp\/v2\/product\/3504"}],"collection":[{"href":"https:\/\/www.glm.de\/en\/wp-json\/wp\/v2\/product"}],"about":[{"href":"https:\/\/www.glm.de\/en\/wp-json\/wp\/v2\/types\/product"}],"replies":[{"embeddable":true,"href":"https:\/\/www.glm.de\/en\/wp-json\/wp\/v2\/comments?post=3504"}],"wp:featuredmedia":[{"embeddable":true,"href":"https:\/\/www.glm.de\/en\/wp-json\/wp\/v2\/media\/3505"}],"wp:attachment":[{"href":"https:\/\/www.glm.de\/en\/wp-json\/wp\/v2\/media?parent=3504"}],"wp:term":[{"taxonomy":"product_brand","embeddable":true,"href":"https:\/\/www.glm.de\/en\/wp-json\/wp\/v2\/product_brand?post=3504"},{"taxonomy":"product_cat","embeddable":true,"href":"https:\/\/www.glm.de\/en\/wp-json\/wp\/v2\/product_cat?post=3504"},{"taxonomy":"product_tag","embeddable":true,"href":"https:\/\/www.glm.de\/en\/wp-json\/wp\/v2\/product_tag?post=3504"}],"curies":[{"name":"wp","href":"https:\/\/api.w.org\/{rel}","templated":true}]}}