{"id":358,"date":"2013-12-12T11:03:06","date_gmt":"2013-12-12T09:03:06","guid":{"rendered":"http:\/\/www.r5.glm.de\/?post_type=product&#038;p=358"},"modified":"2019-11-08T12:10:00","modified_gmt":"2019-11-08T10:10:00","slug":"mulo-francel-evelyn-huber-songs-of-spices","status":"publish","type":"product","link":"https:\/\/www.glm.de\/en\/product\/mulo-francel-evelyn-huber-songs-of-spices\/","title":{"rendered":"Mulo Francel &#038; Evelyn Huber &#8211; Songs of Spices"},"content":{"rendered":"<p><strong>Mulo Francel<\/strong> Saxophone<br \/>\n<strong>Evelyn Huber<\/strong> Concert Grand Harp<\/p>\n<p>Guests:<br \/>\n<strong>D.D. Lowka<\/strong> Bass<br \/>\n<strong>Andreas Hinterseher<\/strong> Accordion<br \/>\n<strong>Vasilef Zourdanis<\/strong> Lyra<br \/>\n<strong>Martina Eisenreich<\/strong> Viola<br \/>\n<strong>Uta Hielscher<\/strong> Piano<br \/>\n<strong>Prabir Mitra<\/strong> Tabla<br \/>\n<strong>Wolfgang Lohmeier<\/strong> Percussion<\/p>\n<p>01. <b>kakao cacao <\/b><em>(Mulo Francel)<\/em> 5:21<br \/>\n02. <b>koriander coriander <\/b><em>(D.D. Lowka)<\/em> 3:30<br \/>\n03. <b>paprika pimiento <\/b><em>(Mulo Francel)<\/em> 4:18<br \/>\n04. <b>cumin &amp; k\u00fcmmel cumin &amp; caraway <\/b><em>(Mulo Francel)<\/em> 3:18<br \/>\n05. <b>nelke clove<\/b><em> (M. Francel | E. Huber | W. Lohmeier) <\/em>1:24<br \/>\n06. <b>sternanis star anise <\/b>(<em>Evelyn Huber)<\/em> 4:19<br \/>\n07. <b>safrano saffron <\/b><em>(Mulo Francel)<\/em> 6:39<br \/>\n08. <b>menta mint <\/b><em>(Mulo Francel)<\/em> 1:51<br \/>\n09. <b>rosmarino rosemary <\/b><em>(Mulo Francel)<\/em> 2:14<br \/>\n10. <b>garlic dances international <\/b><em>(Mulo Francel)<\/em> 8:18<br \/>\n11. <b>silphion <\/b><em>(Mulo Francel)<\/em> 5:32<br \/>\n12. <b>zimt cinnamon <\/b><em>(Andreas Hinterseher)<\/em> 4:12<br \/>\n13. <b>paradiesk\u00f6rner grains of paradise <\/b><em>(D.D. Lowka)<\/em> 3:47<br \/>\n14. <b>lavendel lavender <\/b>(<em>Evelyn Huber)<\/em> 3:33<br \/>\n15. <b>liebst\u00f6ckel lovage <\/b><em>(Mulo Francel)<\/em> 3:03<br \/>\n16. <b>mohn poppy seed <\/b><em>(D.D. Lowka) <\/em>4:34<br \/>\n17. <b>ingwer ginger <\/b><em>(Evelyn Huber)<\/em> 3:20<br \/>\n18. <b>salz salt <\/b><em>(Evelyn Huber \/ D.D. Lowka \/ Mulo Francel)<\/em> 1:52<\/p>\n<p><strong>Wie klingen Safran, Cacao, Paprika, Zimt, Mohn, Sternanis, Koriander, Rosmarin, Kreuzk\u00fcmmel, Ingwer? Oder Silphion, die heute veschollene W\u00fcrze der R\u00f6mer und Griechen? Wie seltener Wein oder ergreifende Musik sind Gew\u00fcrze dazu bestimmt, den Genuss des Augenblicks zu versch\u00f6nen. Mal s\u00fcss, mal pikant.<\/strong><\/p>\n<p>Die einmalige Weltmusik-Harfenistin <strong>Evelyn Huber<\/strong> und <strong>Mulo Francel<\/strong>, Saxophonist von <em>Quadro Nuevo<\/em>, entf\u00fchren musikalisch in die Welt der Gew\u00fcrze.<\/p>\n<p>In ihrer langj\u00e4hrigen Zusammenarbeit erregten die beiden Virtuosen mit ihrer extravaganten Instrumentenkombination und temperamentvollen Spielweise internationales Aufsehen. Ihre CD &#8216;Tango Lyrico&#8217; wurde mit dem Deutschen Jazz Award ausgezeichnet.<\/p>\n<p><strong>Evelyn Huber<\/strong> gilt in der internationalen Musik-Szene als absolute Ausnahmeerscheinung, da sie der gro\u00dfen Orchesterharfe auf faszinierende Weise eine bisher ungeahnte rhythmische und klangliche Vielfalt entlockt. Unter ihren virtuosen H\u00e4nden wird das Instrument mal zur Flamenco-Gitarre, zur Trommel oder zur orientalischen Lyra. Auf zahlreichen Konzertreisen in Europa, Afrika, Nord- und S\u00fcdamerika arbeitete sie unter anderem mit Giora Feidmann und Mstislav Rostropovich zusammen. Daneben ist sie Lehrbeauftragte f\u00fcr Harfe an der Musikhochschule in M\u00fcnchen und Gastprofessorin an der Guildhall School of Music in London.<\/p>\n<p><strong>Mulo Francel<\/strong> tourt mit dem Ensemble Quadro Nuevo 200 Abende im Jahr quer durch die Welt. Seine CDs st\u00fcrmten auf die ersten Pl\u00e4tze der Jazz-, Weltmusik- und Pop-Charts. Neben seinem erfolgreichen Tango-Quartett Quadro Nuevo pflegt Mulo Francel die Liebe zum Duo-Spiel: mit Harfe, zwar nur 50 mal im Jahr, aber ebenso intensiv, nachzuh\u00f6ren auf den gemeinsamen CDs Rendezvous, Tango Lyrico und Aventure for saxophone and harp.<\/p>\n<p>F\u00fcr ihr neues Album <strong>Songs of Spices<\/strong> boten die Herkunfts- und Kulturr\u00e4ume der Gew\u00fcrze Inspiration und Assoziationsm\u00f6glichkeiten. Die Musiker bedienen sich hierbei charakteristischer Spielweisen, Stilistiken und Instrumente. So ert\u00f6nen etwa die chinesische Harfe Cheng f\u00fcr Sternanis, die lateinamerikanische Volksharfe f\u00fcr Cacao, die Sansa f\u00fcr die afrikanischen Paradiesk\u00f6rner, Sitar und Tablas f\u00fcr den Ingwer, die Lyra f\u00fcr das verlorene Silphion.<\/p>\n","protected":false},"excerpt":{"rendered":"<p><a class=\"button smart_link_button\" href=\"https:\/\/smarturl.it\/songsofspices\" target=\"_blank\" rel=\"noopener\">Choose your store!<\/a><\/p>\n","protected":false},"featured_media":415,"comment_status":"open","ping_status":"closed","template":"","meta":[],"product_brand":[],"product_cat":[631,604],"product_tag":[628,629,632,62,626,132,82,131,641],"class_list":{"0":"post-358","1":"product","2":"type-product","3":"status-publish","4":"has-post-thumbnail","6":"product_cat-evelyn-huber","7":"product_cat-fine-music","8":"product_tag-andreas-hinterseher","9":"product_tag-didi-lowka","10":"product_tag-evelyn-huber","11":"product_tag-tina-eisenreich","12":"product_tag-mulo-francel","13":"product_tag-nuevo","14":"product_tag-paprika","15":"product_tag-quadro","16":"product_tag-wolfgang-lohmeier","18":"first","19":"instock","20":"taxable","21":"shipping-taxable","22":"product-type-external"},"_links":{"self":[{"href":"https:\/\/www.glm.de\/en\/wp-json\/wp\/v2\/product\/358"}],"collection":[{"href":"https:\/\/www.glm.de\/en\/wp-json\/wp\/v2\/product"}],"about":[{"href":"https:\/\/www.glm.de\/en\/wp-json\/wp\/v2\/types\/product"}],"replies":[{"embeddable":true,"href":"https:\/\/www.glm.de\/en\/wp-json\/wp\/v2\/comments?post=358"}],"wp:featuredmedia":[{"embeddable":true,"href":"https:\/\/www.glm.de\/en\/wp-json\/wp\/v2\/media\/415"}],"wp:attachment":[{"href":"https:\/\/www.glm.de\/en\/wp-json\/wp\/v2\/media?parent=358"}],"wp:term":[{"taxonomy":"product_brand","embeddable":true,"href":"https:\/\/www.glm.de\/en\/wp-json\/wp\/v2\/product_brand?post=358"},{"taxonomy":"product_cat","embeddable":true,"href":"https:\/\/www.glm.de\/en\/wp-json\/wp\/v2\/product_cat?post=358"},{"taxonomy":"product_tag","embeddable":true,"href":"https:\/\/www.glm.de\/en\/wp-json\/wp\/v2\/product_tag?post=358"}],"curies":[{"name":"wp","href":"https:\/\/api.w.org\/{rel}","templated":true}]}}