{"id":359,"date":"2013-12-12T11:15:40","date_gmt":"2013-12-12T09:15:40","guid":{"rendered":"http:\/\/www.r5.glm.de\/?post_type=product&#038;p=359"},"modified":"2019-11-05T15:40:27","modified_gmt":"2019-11-05T13:40:27","slug":"martina-eisenreich-wundergeige","status":"publish","type":"product","link":"https:\/\/www.glm.de\/en\/product\/martina-eisenreich-wundergeige\/","title":{"rendered":"Martina Eisenreich &#8211; Wundergeige"},"content":{"rendered":"<p><strong>Martina Eisenreich<\/strong> Violin, Viola &amp; Tin Whistle<br \/>\n<strong>Wolfgang Lohmeier<\/strong> Drums &amp; Percussion<br \/>\n<strong>Knud Mensing<\/strong> Guitars<br \/>\n<strong>Tom Peschel<\/strong> Double Bass<\/p>\n<p><strong>Chris Haller<\/strong> Clarinet &amp; Saxophone<br \/>\n<strong>Reinhard Greiner<\/strong> Trumpet<br \/>\n<strong>Kiko Pedrozo<\/strong> Harp<br \/>\n<strong>Hansi Zeller (2,8,11,14)<\/strong> Accordion<br \/>\n<strong>Andreas Hinterseher (3,4,9)<\/strong> Accordion<br \/>\n<strong>Valerie McCleary (6)<\/strong> Vocals<br \/>\n<strong>Irena Madzoski (15)<\/strong> Vocals<br \/>\n<strong>Fritz Lohmeier (13)<\/strong> Vocals &amp; Trombone<\/p>\n<p>01.  <strong>Miserlou<\/strong> <em>(Trad. \/ Arr.: Martina Eisenreich)<\/em> 6:59<br \/>\n02.  <strong>Der Wachmann Und Das Kleine M\u00e4dchen\u00a0<\/strong><em>(Martina Eisenreich)<\/em> 4:28<br \/>\n03.  <strong>I Found A New Baby<\/strong> <em>(Spencer Williams)<\/em> 3:04<br \/>\n04.  <strong>Reine Geschmacksache<\/strong>\u00a0<em>(Martina Eisenreich)<\/em> 6:44<br \/>\n05.  <strong>The Klezmer&#8217;s Freilach<\/strong> <em>(Trad. \/ Arr.: Martina Eisenreich)<\/em> 3:12<br \/>\n06.  <strong>The Water Is Wide<\/strong> <em>(Trad. \/ Arr.: Martina Eisenreich)<\/em> 5:04<br \/>\n07.  <strong>Nimmermeer<\/strong> <em>(Martina Eisenreich)<\/em> 7:14<br \/>\n08.  <strong>Irish Melodies<\/strong>\u00a0<em>(Trad. \/ Arr.: Martina Eisenreich)<\/em> 4:45<br \/>\n09.  <strong>Liebling, Mein Herz L\u00e4sst Dich Gr\u00fc\u00dfen<\/strong> <em>(Werner Richard Heymann)<\/em> 3:47<br \/>\n10.  <strong>Gl\u00f6ckchen Galopp<\/strong> <em>(Trad. \/ Arr.: Martina Eisenreich)<\/em> 1:31<br \/>\n11.  <strong>Song For Two<\/strong> <em>(Christian Heil)<\/em> 6:14<br \/>\n12.  <strong>Shine<\/strong> <em>(Mack \u2013 Brown \u2013 Dabney)<\/em> 3:37<br \/>\n13.  <strong>What A Wonderful World<\/strong> <em>(George Weiss &amp; Bob Thiele)<\/em> 3:39<br \/>\n14.  <strong>Yankele<\/strong> <em>(Andrea Goldkuhle)<\/em> 5:39<br \/>\n15.  <strong>Tsagaan Subraga\u00a0<\/strong><em>(Trad. \/ Arr.: Martina Eisenreich)<\/em> 6:56<\/p>\n<p>Mit geschlossenen Augen f\u00fchlt sich <strong>Martina Eisenreich<\/strong> durch ihre Musik, l\u00e4sst die Geige vor Wut schnauben, sanft s\u00e4useln oder in unendlich virtuosen L\u00e4ufen ihr Temperament verspr\u00fchen &#8211; und zeigt dabei ein ums andere Mal, wie viele Klangm\u00f6glichkeiten in einer Geige stecken k\u00f6nnen, grenzenlos in ihrer Suche nach Ausdruck und Farbe.<br \/>\nDas Ergebnis ist schwungvoll, ber\u00fchrend und charmant.<\/p>\n<p>Die rothaarige Ausnahmegeigerin, die in den letzten Jahren vor allem mit ihrem Ensemble Lauschgold oder im Duo mit <strong>Andreas Hinterseher<\/strong> von Quadro Nuevo f\u00fcr Aufsehen sorgte, stellt ihr neues Album vor: ein Rendezvous der sch\u00f6nsten St\u00fccke ihres Repertoires und ihren beliebtesten Eigenkompositionen &#8211; bezaubernde, verf\u00fchrende, inspirierende Lieblingsmusik.<\/p>\n<p>Mit dem neuen gro\u00dfen Emsemble greift sie unbefangen und m\u00fchelos in unterschiedlichste Stilrichtungen: Aus der Weltmusik gibt es Gipsy Swing, Klezmer, Irish und Tango, dann und wann schleichen sich Elemente aus Rock, Pop und Filmmusik dazu, und unter einer 3000 Jahre alten mongolischen Melodie entdeckt man pl\u00f6tzlich Led Zeppelin&#8230;<\/p>\n","protected":false},"excerpt":{"rendered":"<p><a class=\"button smart_link_button\" href=\"https:\/\/smarturl.it\/wundergeige\" target=\"_blank\" rel=\"noopener\">Choose your store!<\/a><\/p>\n","protected":false},"featured_media":399,"comment_status":"open","ping_status":"closed","template":"","meta":[],"product_brand":[],"product_cat":[604,619],"product_tag":[628,62,83,641],"class_list":{"0":"post-359","1":"product","2":"type-product","3":"status-publish","4":"has-post-thumbnail","6":"product_cat-fine-music","7":"product_cat-martina-eisenreich","8":"product_tag-andreas-hinterseher","9":"product_tag-tina-eisenreich","10":"product_tag-quartett","11":"product_tag-wolfgang-lohmeier","13":"first","14":"instock","15":"taxable","16":"shipping-taxable","17":"product-type-external"},"_links":{"self":[{"href":"https:\/\/www.glm.de\/en\/wp-json\/wp\/v2\/product\/359"}],"collection":[{"href":"https:\/\/www.glm.de\/en\/wp-json\/wp\/v2\/product"}],"about":[{"href":"https:\/\/www.glm.de\/en\/wp-json\/wp\/v2\/types\/product"}],"replies":[{"embeddable":true,"href":"https:\/\/www.glm.de\/en\/wp-json\/wp\/v2\/comments?post=359"}],"wp:featuredmedia":[{"embeddable":true,"href":"https:\/\/www.glm.de\/en\/wp-json\/wp\/v2\/media\/399"}],"wp:attachment":[{"href":"https:\/\/www.glm.de\/en\/wp-json\/wp\/v2\/media?parent=359"}],"wp:term":[{"taxonomy":"product_brand","embeddable":true,"href":"https:\/\/www.glm.de\/en\/wp-json\/wp\/v2\/product_brand?post=359"},{"taxonomy":"product_cat","embeddable":true,"href":"https:\/\/www.glm.de\/en\/wp-json\/wp\/v2\/product_cat?post=359"},{"taxonomy":"product_tag","embeddable":true,"href":"https:\/\/www.glm.de\/en\/wp-json\/wp\/v2\/product_tag?post=359"}],"curies":[{"name":"wp","href":"https:\/\/api.w.org\/{rel}","templated":true}]}}