{"id":360,"date":"2013-12-12T11:22:53","date_gmt":"2013-12-12T09:22:53","guid":{"rendered":"http:\/\/www.r5.glm.de\/?post_type=product&#038;p=360"},"modified":"2024-07-12T19:52:53","modified_gmt":"2024-07-12T17:52:53","slug":"marina-trost-closer","status":"publish","type":"product","link":"https:\/\/www.glm.de\/en\/product\/marina-trost-closer\/","title":{"rendered":"Marina Trost &#8211; Closer"},"content":{"rendered":"<p><strong>Marina Trost<\/strong> vocals<\/p>\n<p><strong>R\u00fcdiger Eisenhauer<\/strong> acoustic, electric &amp; lap steel guitar, mandolin<br \/>\n<strong>Christian Diener<\/strong> double bass<br \/>\n<strong>Gerwin Eisenhauer<\/strong> drums (2,4,5,8)<br \/>\n<strong>Bastian J\u00fctte<\/strong> drums (1,3,6,7,9,10)<br \/>\n<strong>Peter Tuscher<\/strong> trp\/flh<br \/>\n<strong>Henning Sieverts<\/strong> cello<br \/>\n<strong>Matthias Bublath<\/strong> hammond b3 organ<br \/>\n<strong>Robert Kainar<\/strong> \u00a0percussion<br \/>\n<strong>Christian Ludwig<\/strong> accordion<br \/>\n<strong>Ruth Kirchner<\/strong> backing vocals<\/p>\n<p>&nbsp;<\/p>\n<p>01. <strong>Closer<\/strong>\u00a0<em>(M. Trost)<\/em> 5:25<br \/>\n02. <strong>Watering Wasteland<\/strong>\u00a0<em>(M. Trost)<\/em> 4:01<br \/>\n03. <strong>World Of Make \u2013 Believe<\/strong>\u00a0<em>(M. Trost)<\/em> 4:27<br \/>\n04. <strong>Brother<\/strong> <em>(M. Trost\/K. Sperber)<\/em> 5:16<br \/>\n05. <strong>No Borderlines<\/strong> <em>(M. Trost\/D. Holesch)<\/em> 4:28<br \/>\n06. <strong>Love For Sale<\/strong> <em>(C. Porter)<\/em> 3:39<br \/>\n07. <strong>Let\u2019s Spend The Night Together<\/strong> <em>(Jagger\/Richards)<\/em> 5:24<br \/>\n08. <strong>If I Could<\/strong>\u00a0<em>(M. Trost)<\/em> 5:09<br \/>\n09. <strong>Sometimes It Snows In April<\/strong> <em>(Prince)<\/em> 5:48<br \/>\n10. <strong>Open Heart<\/strong> <em>(M. Trost)<\/em> 2:22<\/p>\n<p>&nbsp;<\/p>\n<p><em>&#8220;You walk alone, if you don&#8217;t try to come home!&#8221;<\/em><\/p>\n<p>So lauten die ersten Worte des Debut-Albums &#8220;<em>Closer<\/em>&#8221; von <strong>Marina Trost<\/strong>. Damit ist nat\u00fcrlich nicht die heimelige Wohnzimmercouch gemeint sondern das Innehalten, das in sich Hineinhorchen um all das zu entdecken was wirklich bewegt und wirklich wachsen l\u00e4sst.<\/p>\n<p>&#8220;<em>Closer<\/em>&#8221; ist eine Einladung n\u00e4her zu kommen, sich Zeit zu nehmen und einzutauchen in melancholisch-mystische Atmosph\u00e4ren, in zerbrechliche, zarte Stimmungen und in Momente, die mit kraftvollem Soul und Ausbr\u00fcchen ins Freie \u00fcberraschen.<\/p>\n<p>Vom Jazz durchdrungen und sp\u00fcrbar bereichert von Pop, Soul und Blues verl\u00e4sst Marina Trost dabei bewusst die Tradition des vokalen Jazz-Standard-Albums, um Eigenes zu schaffen das authentisch ist und in keine Schubladen passt. Die K\u00fcnstlerin zeigt in vielen Eigenkompositionen, aber auch in sorgf\u00e4ltig ausgew\u00e4hlten Covers ihre Vielschichtigkeit, die sich mutig am eigenen Ausdruck orientiert. Mit ihrer namhaft besetzten Band gelingt es mit Leichtigkeit den Folk-Country Song neben afrikanische Rhythmen zu stellen, freie\u00a0 Improvisationspassagen harmonieren ganz selbstverst\u00e4ndlich mit der innigen\u00a0 Jazzballade.<\/p>\n<p>Verbindendes Element ist die Stimme, die nie geplant gestaltet, sondern immer aus dem Moment heraus einfach nur erz\u00e4hlen will: Von den Anstrengungen und Erkenntnissen bei der Suche nach den wirklich wichtigen Dingen und vom Ausloten innerer und \u00e4u\u00dferer Grenzen auf dem Weg dorthin. Vom Erleben einer intensiven Liebe oder der schmerzvollen Auseinandersetzung mit dem Tod des fr\u00fch verstorbenen Bruders. So vermischt sich Erlebtes mit W\u00fcnschen und Tr\u00e4umen, richtet sich der forschende und neugierige Blick sowohl nach Innen als auch auf die \u00e4u\u00dfere Welt.<\/p>\n<p>Eindringlich, sehnsuchtsvoll, explosiv oder zart, alles immer wieder neu, immer wieder anders, immer nah und ber\u00fchrend &#8211; &#8220;closer&#8221;.<\/p>\n","protected":false},"excerpt":{"rendered":"<p><a class=\"button smart_link_button\" href=\"https:\/\/smarturl.it\/marinatrostcloser\" target=\"_blank\" rel=\"noopener\">Choose your store!<\/a><\/p>\n","protected":false},"featured_media":398,"comment_status":"open","ping_status":"closed","template":"","meta":[],"product_brand":[],"product_cat":[84,1358,1360,604,1359,1355,1362,1035,1298,1048,1357,1361],"product_tag":[571,88,90,86,643],"class_list":{"0":"post-360","1":"product","2":"type-product","3":"status-publish","4":"has-post-thumbnail","6":"product_cat-bastian-juette","7":"product_cat-christian-diener","8":"product_cat-christian-ludwig","9":"product_cat-fine-music","10":"product_cat-gerwin-eisenhauer","11":"product_cat-henning-sieverts","12":"product_cat-marina-trost","13":"product_cat-matthias-bublath","14":"product_cat-peter-tuscher","15":"product_cat-robert-kainar","16":"product_cat-rudiger-eisenhauer","17":"product_cat-ruth-kirchner","18":"product_tag-bastian-juette-de","19":"product_tag-gerwin-eisenhauer","20":"product_tag-henning-sieverts","21":"product_tag-marina","22":"product_tag-robert-kainar","24":"first","25":"instock","26":"taxable","27":"shipping-taxable","28":"product-type-external"},"_links":{"self":[{"href":"https:\/\/www.glm.de\/en\/wp-json\/wp\/v2\/product\/360"}],"collection":[{"href":"https:\/\/www.glm.de\/en\/wp-json\/wp\/v2\/product"}],"about":[{"href":"https:\/\/www.glm.de\/en\/wp-json\/wp\/v2\/types\/product"}],"replies":[{"embeddable":true,"href":"https:\/\/www.glm.de\/en\/wp-json\/wp\/v2\/comments?post=360"}],"wp:featuredmedia":[{"embeddable":true,"href":"https:\/\/www.glm.de\/en\/wp-json\/wp\/v2\/media\/398"}],"wp:attachment":[{"href":"https:\/\/www.glm.de\/en\/wp-json\/wp\/v2\/media?parent=360"}],"wp:term":[{"taxonomy":"product_brand","embeddable":true,"href":"https:\/\/www.glm.de\/en\/wp-json\/wp\/v2\/product_brand?post=360"},{"taxonomy":"product_cat","embeddable":true,"href":"https:\/\/www.glm.de\/en\/wp-json\/wp\/v2\/product_cat?post=360"},{"taxonomy":"product_tag","embeddable":true,"href":"https:\/\/www.glm.de\/en\/wp-json\/wp\/v2\/product_tag?post=360"}],"curies":[{"name":"wp","href":"https:\/\/api.w.org\/{rel}","templated":true}]}}