{"id":361,"date":"2013-12-12T11:43:26","date_gmt":"2013-12-12T09:43:26","guid":{"rendered":"http:\/\/www.r5.glm.de\/?post_type=product&#038;p=361"},"modified":"2022-12-29T05:56:53","modified_gmt":"2022-12-29T03:56:53","slug":"luftmentschn-liebesrausch","status":"publish","type":"product","link":"https:\/\/www.glm.de\/en\/product\/luftmentschn-liebesrausch\/","title":{"rendered":"Luftmentschn &#8211; Liebesrausch"},"content":{"rendered":"<p><strong>Thomas Gruber<\/strong> Salterio, Diatonische Harmonika, Gesang<br \/>\n<strong>Florian Rupert Starflinger <\/strong>Violine, Viola, Gitarre, Gesang<br \/>\n<strong>Rainer Gruber<\/strong> Akkordeon, Gesang<br \/>\n<strong>Michael &#8220;Unfried&#8221; Fenzl<\/strong> Kontrabass, Gitarre, Gesang<br \/>\n<strong>Jan-Philipp Wiesmann<\/strong> Drums, Percussion<\/p>\n<p>01. <strong>Kurzes Vorspiel<\/strong> <em>(Michael Fenzl)<\/em> 1:34<br \/>\n02. <strong>Du lachst mir hinterher&#8230;<\/strong> <em>(Michael Fenzl, Christian F. Arsan)<\/em> 3:41<br \/>\n03. <strong>Liebesrausch<\/strong> <em>(Thomas Gruber)<\/em> 3:45<br \/>\n04. <strong>Was f\u00fcr eine Nacht<\/strong> <em>(Florian R. Starflinger, Christian F. Arsan)<\/em> 3:06<br \/>\n05. <strong>Flotter Dreier<\/strong> <em>(Florian R. Starflinger)<\/em> 3:01<br \/>\n06. <strong>Tango Nr. 6<\/strong> <em>(Rainer Gruber) <\/em>4:09<br \/>\n07. <strong>Lo-Li-Ta<\/strong>\u00a0<em>(Michael Fenzl, Martin Kolozs)<\/em>\u00a0 \u00a0\u00a0\u00a0\u00a0\u00a0 2:27<br \/>\n08. <strong>Mein Herz schl\u00e4gt f\u00fcr dich<\/strong> <em>(Thomas Gruber, Martin Kolozs)<\/em> 3:45<br \/>\n09. <strong>Im Rhythmus der Liebe<\/strong>\u00a0<em>(Rainer Gruber) <\/em>4:55<br \/>\n10. <strong>Du machst mich ganz romantisch<\/strong> <em>(Michael Fenzl, Martin Kolozs)<\/em> 3:43<br \/>\n11. <strong>F\u00fcr Frigide<\/strong> <em>(Rainer Gruber) <\/em>3:24<br \/>\n12. <strong>Ich kannte die Braut<\/strong> <em>(Florian R. Starflinger, Stefan Dressler)<\/em> 4:04<br \/>\n13. <strong>Feuer und Flamme<\/strong>\u00a0<em>(Rainer Gruber) <\/em>3:47<br \/>\n14. <strong>Amor&#8217;s letzter Pfeil<\/strong>\u00a0<em>(Michael Fenzl, Martin Kolozs)<\/em> 5:03<\/p>\n<p>&nbsp;<\/p>\n<p><b>Mensch und Musik zwischen Luft und Liebe!<\/b><br \/>\nBerauscht von Liebe und Musik rei\u00dfen uns die <strong>Luftmentschn<\/strong> mit ihrem neuen Album &#8220;Liebesrausch&#8221; mit in die Tiefen und die H\u00f6hen des so weitl\u00e4ufigen Themas Liebe.<br \/>\nMit <i>Lolita Was f\u00fcr eine Nacht<\/i> erleben, auf der Hochzeit des Ex-Partners den schmerzlichen Verlust beklagen und sich dabei schon auf den n\u00e4chsten Tanz der Schmetterlinge im Bauch freuen &#8211; die Luftmentschn verstehen es wieder einmal virtuos mit fantastischen Melodien, sensationellem Spiel und melancholischen, frechen sowie komischen Texten die Zuh\u00f6rer auf eine Reise durch die Musikkulturen und die eigenen Sehns\u00fcchte zu nehmen.<\/p>\n<p>Ob Jazz, Klassik, Folk, Pop, Tango oder Klezmer: Diese wandlungsf\u00e4higen und vielseitigen Professions-Musiker beherrschen ihre Instrumente mit einer Leichtigkeit und Professionalit\u00e4t, dass dem Zuh\u00f6renden das Herz in den Ohren klingt.<\/p>\n<p>Seit 2003 erfreuen die vier experimentierfreudigen Ausnahmemusiker und Tr\u00e4ger des Yehudi Menuhin-F\u00f6rderpreises 2005 das Publikum mit (klang-)vielf\u00e4ltigen und stilgewandten St\u00fccken der Finest Acoustic Art. Ihr harmonisches und au\u00dfergew\u00f6hnliches Zusammenspiel ist bereits in den St\u00fccken der beiden letzten Alben &#8220;Musikrobatik&#8221; und &#8220;Gruselett&#8221; zu bestaunen.<\/p>\n<p>Fernab von ausgetretenen Musik-Pfaden und Stilzw\u00e4ngen kombinieren die Instrumentalmagier rein instrumentale Lieder mit Vokalst\u00fccken, die, teilweise auf kabarettistische Art arrangiert, die Zuh\u00f6rer schon seit Jahren begeistern und ein grandioses Medienecho finden.<\/p>\n<p>Der eigene Stil der Luftmentschn, die seit 2009 durch einen Schlagzeuger verst\u00e4rkt werden, ist unverkennbar: Durch die Kombination verschiedener internationaler Musikstr\u00f6mungen entstehen expressive Collagen, die durch Ideenreichtum und perfekte Umsetzung so aufsehenerregend wie einzigartig sind.<\/p>\n<p>Mit den F\u00fc\u00dfen auf dem Boden, mit den Ohren im Himmel, so gelingt den Luftmentschn wieder einmal die Verbindung von herausragendem k\u00fcnstlerischen K\u00f6nnen und publikumsnaher Sensibilit\u00e4t, was ihresgleichen in der modernen Musikbranche sucht.<\/p>\n<p>Das Album Liebesrausch &#8211; ein altes Thema wird durch einen v\u00f6llig neuen Zugang zu einem rauschenden Musikfest. Au\u00dfergew\u00f6hnliches h\u00f6ren, neu (ver-)lieben lernen!<\/p>\n","protected":false},"excerpt":{"rendered":"<p><a class=\"button smart_link_button\" href=\"https:\/\/smarturl.it\/liebesrausch\" target=\"_blank\" rel=\"noopener\">Choose your store!<\/a><\/p>\n","protected":false},"featured_media":397,"comment_status":"open","ping_status":"closed","template":"","meta":[],"product_brand":[],"product_cat":[604],"product_tag":[94],"class_list":{"0":"post-361","1":"product","2":"type-product","3":"status-publish","4":"has-post-thumbnail","6":"product_cat-fine-music","7":"product_tag-luftmentschn","9":"first","10":"instock","11":"taxable","12":"shipping-taxable","13":"product-type-external"},"_links":{"self":[{"href":"https:\/\/www.glm.de\/en\/wp-json\/wp\/v2\/product\/361"}],"collection":[{"href":"https:\/\/www.glm.de\/en\/wp-json\/wp\/v2\/product"}],"about":[{"href":"https:\/\/www.glm.de\/en\/wp-json\/wp\/v2\/types\/product"}],"replies":[{"embeddable":true,"href":"https:\/\/www.glm.de\/en\/wp-json\/wp\/v2\/comments?post=361"}],"wp:featuredmedia":[{"embeddable":true,"href":"https:\/\/www.glm.de\/en\/wp-json\/wp\/v2\/media\/397"}],"wp:attachment":[{"href":"https:\/\/www.glm.de\/en\/wp-json\/wp\/v2\/media?parent=361"}],"wp:term":[{"taxonomy":"product_brand","embeddable":true,"href":"https:\/\/www.glm.de\/en\/wp-json\/wp\/v2\/product_brand?post=361"},{"taxonomy":"product_cat","embeddable":true,"href":"https:\/\/www.glm.de\/en\/wp-json\/wp\/v2\/product_cat?post=361"},{"taxonomy":"product_tag","embeddable":true,"href":"https:\/\/www.glm.de\/en\/wp-json\/wp\/v2\/product_tag?post=361"}],"curies":[{"name":"wp","href":"https:\/\/api.w.org\/{rel}","templated":true}]}}