{"id":362,"date":"2013-12-12T11:56:11","date_gmt":"2013-12-12T09:56:11","guid":{"rendered":"http:\/\/www.r5.glm.de\/?post_type=product&#038;p=362"},"modified":"2019-11-05T14:45:24","modified_gmt":"2019-11-05T12:45:24","slug":"esther-kaiser-cosy-in-bed","status":"publish","type":"product","link":"https:\/\/www.glm.de\/en\/product\/esther-kaiser-cosy-in-bed\/","title":{"rendered":"Esther Kaiser &#8211; Cosy in Bed"},"content":{"rendered":"<p><b>Esther Kaiser <\/b>voice<\/p>\n<p><b>Tino Derado <\/b>piano, rhodes, accordeon<br \/>\n<b>Marc Muellbauer <\/b>double bass<br \/>\n<b>Jens Dohle <\/b>drums<br \/>\n<b>Kai Br\u00fcckner <\/b>guitar<br \/>\n<b>Sven Klammer <\/b>trumpet<br \/>\n<b>Kristofer Benn <\/b>backing vocals<br \/>\n<b>Juno String Quartet <\/b> strings<\/p>\n<p>01. <strong>Motherless Child<\/strong> <em>(trad.)<\/em> 5:17<br \/>\n02. <strong>River<\/strong> <em>(Joni Mitchell)<\/em> 6:33<br \/>\n03. <strong>Cosy in Bed<\/strong> \u00a0<em>(Esther Kaiser)<\/em> 4:47<br \/>\n04. <strong>One night and one day<\/strong> <em>(Esther Kaiser)<\/em> 4:47<br \/>\n05. <strong>Saying Goodbye<\/strong> <em>(Esther Kaiser)<\/em> 3:46<br \/>\n06. <strong>Little Moonflower<\/strong> <em>(Esther Kaiser)<\/em> 3:26<br \/>\n07. <strong>Gone with the wind<\/strong> <em>(trad. Esther Kaiser)<\/em> 4:26<br \/>\n08. <strong>The tide has changed<\/strong> <em>(Esther Kaiser\/Marc Muellbauer)<\/em> 6:09<br \/>\n09. <b>Drunken <\/b><em>(Esther Kaiser)<\/em> 4:08<br \/>\n10. <b>Interlude<\/b> <em>(Marc Muellbauer)<\/em> 1:00<br \/>\n11. <strong>The world is yours<\/strong> <em>(Tino Derado, Esther Kaiser)<\/em> 5:45<\/p>\n<p>Die S\u00e4ngerin mit der enorm wandelbaren und im besten Wortsinn femininen Stimme \u00f6ffnet mit &#8220;<em>Cosy in Bed<\/em>&#8221; mehr als nur ihr Herz. Sie schenkt uns ungesch\u00f6nte und gerade deshalb faszinierend sch\u00f6ne Perspektiven. Auf eine K\u00fcnstlerin, die sich \u00fcberaus erfolgreich um ein eigenes Profil bem\u00fcht. Auf eine Vokalistin, die charmant, selbstbewusst und erfrischend pathosfrei einen gro\u00dfen Bogen um Jazz, Pop, Country und Lyrik spannt. Auf eine Frau in den besten Jahren, die das Leben auch ohne exaltierte Gef\u00fchlsausbr\u00fcche genie\u00dfen kann. Es ist ein klingendes Tagebuch, geschrieben mit bitters\u00fc\u00dfer Tinte, gebunden in ein Amalgam aus wertvollen Erfahrungen, geleitet durch die Macht der Erkenntnis.<\/p>\n<p>Eine Sammlung tiefgr\u00fcndiger Ohrw\u00fcrmer, interpretiert mit ihrer Band, bestehend aus langj\u00e4hrigen Weggef\u00e4hrten wie Jens Dohle (Schlagzeug), Marc Muellbauer (Bass), dem neuen Mann am Klavier, Tino Derado sowie dem neuen Selbstbewusstsein in Kaisers poetischem Interpretationsstil, der sich mehr an grenz\u00fcberschreitenden Kolleginnen wie Joni Mitchell und Norah Jones als an klassischen Jazz-Heroinen wie Ella Fitzgerald oder Billie Holiday orientiert. Ein Schritt weg von der reinen Improvisationslehre des Jazz hin zu schlichten Songs.<\/p>\n<p>&#8220;<em>Auf den Punkt kommen<\/em>&#8220;, nennt Esther Kaiser dies,&#8221;<em>Das Gef\u00fchl, einfach nur so dazuliegen. Am liebsten im Bett.<\/em>&#8220;<\/p>\n","protected":false},"excerpt":{"rendered":"<p><a class=\"button smart_link_button\" href=\"https:\/\/smarturl.it\/cosyinbed\" target=\"_blank\" rel=\"noopener\">Choose your store!<\/a><\/p>\n","protected":false},"featured_media":396,"comment_status":"open","ping_status":"closed","template":"","meta":[],"product_brand":[],"product_cat":[95,604],"product_tag":[644],"class_list":{"0":"post-362","1":"product","2":"type-product","3":"status-publish","4":"has-post-thumbnail","6":"product_cat-esther-kaiser","7":"product_cat-fine-music","8":"product_tag-esther-kaiser","10":"first","11":"instock","12":"taxable","13":"shipping-taxable","14":"product-type-external"},"_links":{"self":[{"href":"https:\/\/www.glm.de\/en\/wp-json\/wp\/v2\/product\/362"}],"collection":[{"href":"https:\/\/www.glm.de\/en\/wp-json\/wp\/v2\/product"}],"about":[{"href":"https:\/\/www.glm.de\/en\/wp-json\/wp\/v2\/types\/product"}],"replies":[{"embeddable":true,"href":"https:\/\/www.glm.de\/en\/wp-json\/wp\/v2\/comments?post=362"}],"wp:featuredmedia":[{"embeddable":true,"href":"https:\/\/www.glm.de\/en\/wp-json\/wp\/v2\/media\/396"}],"wp:attachment":[{"href":"https:\/\/www.glm.de\/en\/wp-json\/wp\/v2\/media?parent=362"}],"wp:term":[{"taxonomy":"product_brand","embeddable":true,"href":"https:\/\/www.glm.de\/en\/wp-json\/wp\/v2\/product_brand?post=362"},{"taxonomy":"product_cat","embeddable":true,"href":"https:\/\/www.glm.de\/en\/wp-json\/wp\/v2\/product_cat?post=362"},{"taxonomy":"product_tag","embeddable":true,"href":"https:\/\/www.glm.de\/en\/wp-json\/wp\/v2\/product_tag?post=362"}],"curies":[{"name":"wp","href":"https:\/\/api.w.org\/{rel}","templated":true}]}}