{"id":363,"date":"2013-12-12T12:05:12","date_gmt":"2013-12-12T10:05:12","guid":{"rendered":"http:\/\/www.r5.glm.de\/?post_type=product&#038;p=363"},"modified":"2023-09-29T01:49:47","modified_gmt":"2023-09-28T23:49:47","slug":"martina-eisenreich-mondmann-ost-und-andere-filmmusiken","status":"publish","type":"product","link":"https:\/\/www.glm.de\/en\/product\/martina-eisenreich-mondmann-ost-und-andere-filmmusiken\/","title":{"rendered":"Martina Eisenreich &#8211; Mondmann (O.S.T.) und andere Filmmusiken"},"content":{"rendered":"<p><strong>Martina Eisenreich<\/strong> Komposition, Arrangement, Produktion<\/p>\n<p><strong>Deutsches Filmorchester Babelsberg<\/strong> Einspielung der Musik zum Mondmann<br \/>\n<strong>Verena Sarr\u00e9<\/strong> Leitung Kinderchor des Theaters am G\u00e4rtnerplatz<br \/>\n<strong>Alicia Gr\u00fcnwald &amp; Seraphine W\u00e4scher<\/strong> Solo Kinderstimmen<br \/>\n<strong>Maria Denymoya<\/strong> Leitung Frauenchor<\/p>\n<p><strong>Lauschgold<\/strong> Einspielung Track 16<br \/>\n<strong>Orchester Der Hochschule f\u00fcr Musik und Theater M\u00fcnchen<\/strong> Einspielung Track 18<br \/>\n<strong>Michaela Kezele<\/strong> Vocals (Track 19)<br \/>\n<strong>Wolfgang Lohmeier<\/strong> Percussion (Track 20)<br \/>\n<strong>Evelyn Huber Harfe<\/strong> (Track 17)<\/p>\n<p>01. <b>Titelmusik <\/b><i>(Martina Eisenreich)<\/i> 2:52<br \/>\n02. <b>Kometenritt <\/b><i>(Martina Eisenreich)<\/i>\u00a0 1:08<br \/>\n03. <b>Der Mondmann ist weg <\/b><i>(<\/i><i>Martina Eisenreich)<\/i> 0:41<br \/>\n04. <b>Gl\u00fchw\u00fcrmchen <\/b><i>(Martina Eisenreich)<\/i> 0:49<br \/>\n05.<b>Milit\u00e4reinsatz <\/b><i>(Martina Eisenreich)<\/i> 1:07<br \/>\n06. <b>Im Wald <\/b><i>(Martina Eisenreich)<\/i> 0:28<br \/>\n07.<b>Tanz in den Himmel <\/b><i>(Martina Eisenreich)<\/i>\u00a0 3:03<br \/>\n08. <b>Im Gef\u00e4ngnis <\/b><i>(Martina Eisenreich)<\/i> 1:25<br \/>\n09. <b>Ausbruch <\/b><i>(Martina Eisenreich)<\/i> 1:10<br \/>\n10. <b>Da ist er! <\/b><i>(Martina Eisenreich)<\/i> 0:27<br \/>\n11.<b>Nachtruhe <\/b><i>(Martina Eisenreich)<\/i> 2:11<br \/>\n12. <b>Opa&#8217;s Schl\u00fcssel <\/b><i>(Martina Eisenreich)<\/i> 0:57<br \/>\n13. <b>Die Rakete <\/b><i>(Martina Eisenreich)<\/i> 0:47<br \/>\n14. <b>Finale<i> <\/i><\/b><i>(Martina Eisenreich)<\/i> 5:30<br \/>\n15. <b>Ende<i> <\/i><\/b><i>(Martina Eisenreich)<\/i> 1:47<br \/>\n16. <b>Der Wachmann und das kleine M\u00e4dchen <\/b><i>(Martina Eisenreich)<\/i> 2:38<br \/>\n17. <b>Geliebte Stimmen <\/b><i>(Martina Eisenreich)<\/i> 4:02<br \/>\n18. <b>Mikrokosmos <\/b><i>(Martina Eisenreich)<\/i> 3:19<br \/>\n19. <b>Roaming Around <\/b><i>(Martina Eisenreich)<\/i> 3:13<br \/>\n20. <b>\u00d6lfass Suite <\/b><i>(Martina Eisenreich)<\/i> \u00a06:08<\/p>\n<p>Basierend auf dem Bilderbuchklassiker von Tomi Ungerer erz\u00e4hlt der Film die Geschichte des einsamen Mondmanns: Er macht eine Odyssee zur Erde hinab, um seine gr\u00f6\u00dfte Sehnsucht zu erf\u00fcllen, einmal auf Erden zu wandeln. Angekommen am Ort seiner Tr\u00e4ume, verl\u00e4uft jedoch alles ganz anders, als er es sich vorgestellt<br \/>\nhatte. Nur die 8-j\u00e4hrige Wissenschaftlerin Lucia schlie\u00dft die bleiche Kreatur aus dem Weltall in ihr Herz\u2026<\/p>\n<p>Mit der m\u00e4rchenhaften Orchesterkomposition etablierte <strong>Martina Eisenreich<\/strong> sich in den klassischen Konzerts\u00e4len: im Dezember 2007 f\u00fchrte das deutsche Filmorchester Babelsberg im Nikolaisaal Potsdam erstmals die Mondmann-Musik innerhalb seines Konzertrepertoires auf \u2013 im Programm neben Tschaikowskys Nussknackersuite und der Filmmusik zu E.T. von John Williams.<\/p>\n<p>Seither wird diese Musik immer wieder aufgef\u00fchrt und begeistert aufgenommen. Ein irisches Filmmagazin schreibt dar\u00fcber, \u201c<em>the twinkly orchestral music sets a happy, classical feel to the film, giving it an almost dreamlike quality.<\/em>\u201d<\/p>\n<p>Nun kann man sich die 38.671 T\u00f6ne auf CD nach Hause holen, aufgenommen vom Deutschen Filmorchester Babelsberg und dem Kinderchor des G\u00e4rtnerplatztheaters M\u00fcnchen.<\/p>\n","protected":false},"excerpt":{"rendered":"<p><a class=\"button smart_link_button\" href=\"https:\/\/smarturl.it\/eisenreichmondmann\" target=\"_blank\" rel=\"noopener\">Choose your store!<\/a><\/p>\n","protected":false},"featured_media":395,"comment_status":"open","ping_status":"closed","template":"","meta":[],"product_brand":[],"product_cat":[604,619],"product_tag":[632,97,62,641],"class_list":{"0":"post-363","1":"product","2":"type-product","3":"status-publish","4":"has-post-thumbnail","6":"product_cat-fine-music","7":"product_cat-martina-eisenreich","8":"product_tag-evelyn-huber","9":"product_tag-filmmusik","10":"product_tag-tina-eisenreich","11":"product_tag-wolfgang-lohmeier","13":"first","14":"instock","15":"taxable","16":"shipping-taxable","17":"product-type-external"},"_links":{"self":[{"href":"https:\/\/www.glm.de\/en\/wp-json\/wp\/v2\/product\/363"}],"collection":[{"href":"https:\/\/www.glm.de\/en\/wp-json\/wp\/v2\/product"}],"about":[{"href":"https:\/\/www.glm.de\/en\/wp-json\/wp\/v2\/types\/product"}],"replies":[{"embeddable":true,"href":"https:\/\/www.glm.de\/en\/wp-json\/wp\/v2\/comments?post=363"}],"wp:featuredmedia":[{"embeddable":true,"href":"https:\/\/www.glm.de\/en\/wp-json\/wp\/v2\/media\/395"}],"wp:attachment":[{"href":"https:\/\/www.glm.de\/en\/wp-json\/wp\/v2\/media?parent=363"}],"wp:term":[{"taxonomy":"product_brand","embeddable":true,"href":"https:\/\/www.glm.de\/en\/wp-json\/wp\/v2\/product_brand?post=363"},{"taxonomy":"product_cat","embeddable":true,"href":"https:\/\/www.glm.de\/en\/wp-json\/wp\/v2\/product_cat?post=363"},{"taxonomy":"product_tag","embeddable":true,"href":"https:\/\/www.glm.de\/en\/wp-json\/wp\/v2\/product_tag?post=363"}],"curies":[{"name":"wp","href":"https:\/\/api.w.org\/{rel}","templated":true}]}}