{"id":368,"date":"2013-12-12T12:31:06","date_gmt":"2013-12-12T10:31:06","guid":{"rendered":"http:\/\/www.r5.glm.de\/?post_type=product&#038;p=368"},"modified":"2024-10-03T11:05:16","modified_gmt":"2024-10-03T09:05:16","slug":"quadro-nuevo-weihnacht","status":"publish","type":"product","link":"https:\/\/www.glm.de\/en\/product\/quadro-nuevo-weihnacht\/","title":{"rendered":"Quadro Nuevo &#8211; Weihnacht"},"content":{"rendered":"<p><b>Mulo Francel <\/b>Saxophone, Klarinetten, Psalter, Mandoline, Mandola, Autoharp, Xylophon, Glockenspiel<br \/>\n<b>Robert Wolf <\/b>Gitarre, Bouzouki, Oktavgitarre, Quanun<br \/>\n<b>Andreas Hinterseher <\/b>Akkordeon, Vibrandoneon, Piano, Cymbal<br \/>\n<b>Dietmar Lowka <\/b>Kontrabass, Perkussionsinstrumente, Xylophon<\/p>\n<p>01. <b>Maria durch ein\u00b4 Dornwald ging <\/b>4:01<br \/>\n02. <b>O Little Town of Bethlehem <\/b>4:21<br \/>\n03. <b>Kommet ihr Hirten <\/b>2:53<br \/>\n04. <b>Entre le Boeuf et l\u00b4Ane gris <\/b>3:20<br \/>\n05. <b>Stille Nacht, Heilige Nacht <\/b>4:36<br \/>\n06. <b>Oh Heiland, rei\u00df die Himmel auf \u00a0<\/b>4:39<br \/>\n07. <b>Santa Lucia <\/b>4:06<br \/>\n08. <b>Vom Himmel hoch, da komm ich her \u00a0<\/b>1:20<br \/>\n09. <b>Es ist ein\u00b4 Ros\u00b4 entsprungen <\/b>4:40<br \/>\n10. <b>Als ich bei meinen Schafen wacht <\/b>4:40<br \/>\n11. <b>Still, still, still <\/b>4:12<br \/>\n12. <b>Es wead scho glei dumpa <\/b>2:32<br \/>\n13. <b>Away in a Manger <\/b>1:40<br \/>\n14. <b>Mari\u00e4 Wiegenlied <\/b>2:15<br \/>\n15. <b>Villancico <\/b>2:24<br \/>\n16. <b>Nyne Otpushchayeshi <\/b>3:03<br \/>\n17. <b>Aber Heidschi, Bumbeidschi 1<\/b>:37<br \/>\n18. <b>S\u00fc\u00dfer die Glocken nie klingen <\/b>1:02<br \/>\n19. <b>Die dunkle Nacht ist nun dahin <\/b>5:54<br \/>\n20. <b>Neujahrslied <\/b>2:42<\/p>\n<p><strong>Erinnerungen an die eigene Kindheit. Drau\u00dfen die Winterluft, drinnen der Kerzenduft. Brat\u00e4pfel schmoren im Ofen. Kl\u00e4nge der freudigen Erwartung. Weihnachtslieder &#8211; Lieder, welche des Menschen Suche nach Trost, Licht und Liebe wiedergeben.<\/strong><\/p>\n<p><strong>Quadro Nuevo<\/strong> spielt auf dem neuen Album <em>Weihnacht<\/em> eine sehr pers\u00f6nliche Auswahl weihnachtlicher Melodien.<\/p>\n<p>Weihnachten ist musikalisch heikel. Wen l\u00e4dt man sich ein unter den Baum, welchem K\u00fcnstler vertraut man das Gelingen des Festes an? Mit &#8220;<em>Weihnacht<\/em>&#8221; bietet <strong>Quadro Nuevo<\/strong> ein au\u00dfergew\u00f6hnliches Album handverlesener Melodien an.<\/p>\n<p>Ohne sich intellektuell zu verk\u00fcnsteln schaffen es die vier Musiker mit ihrem neuen Album m\u00fchelos westliche und \u00f6stliche Kultur zu integrieren. Die Tournee-Erfahrung, die Quadro Nuevo seit 1996 durch L\u00e4nder wie Singapur, Korea, Kanada, USA, Mexiko, Australien und von der T\u00fcrkei bis ins Baltikum quer durch ganz Europa f\u00fchrte, ist in der musikalischen Reife der 20 ausgew\u00e4hlten Titel zu h\u00f6ren.<\/p>\n<p>Die Kunst dieses Ensembles ist es, ausschlie\u00dflich instrumental einen Klang zu entwickeln, der die Wesensz\u00fcge der Kulturen beherzigt, aber in einen eigenen Quadro-Nuevo-Sound \u00fcberf\u00fchrt. Gro\u00df ist dabei das Interesse an Inhalt und Herkunft der Melodien: &#8220;<em>Oh Heiland, rei\u00df die Himmel auf<\/em>&#8221; ist ein musikalischer Hilferuf nach Friede und Erl\u00f6sung aus der Zeit des Drei\u00dfigj\u00e4hrigen Krieges. Im 18. Jahrhundert schrieb der amerikanische Bischof Philips Brooks &#8220;<em>O Little Town Of Bethlehem<\/em>&#8220;. Aus dem Frankreich des 13. Jahrhunderts kommt &#8220;<em>Entre le Boeuf et l\u0092&#8217;Ane gris<\/em>&#8220;. Aus Spanien stammt &#8220;<em>Villancico<\/em>&#8220;, in Russland feiert man mit &#8220;<em>Nyne Otpushchayeshi<\/em>&#8220;.<\/p>\n<p>Eine weitere Motivation des Quartetts besteht darin, die Stimmung der Musik spielerisch den Grundgedanken des Christentums anzun\u00e4hern. Intuitiv gelingt dies den vier Virtuosen durch die Klangvielfalt und Sensibilit\u00e4t ihrer Musik. Und die Intuition w\u00e4chst durch die Erfahrungen und F\u00e4higkeiten: Das K\u00f6nnen der Gruppe ist durch \u00fcber 2000 Konzerte und verschiedene Preise best\u00e4tigt. Alle ihre CDs erhielten den &#8220;Deutschen Jazz Award&#8221;. Ihre CD &#8220;Mocca Flor&#8221; wurde in Paris mit dem europ\u00e4ischen Phono-Preis &#8220;Impala&#8221; ausgezeichnet. Das Album &#8220;Tango Bitter Sweet&#8221; platzierte sich gar in den Top 50 der Deutschen Album-Charts.<\/p>\n<p>Menschlichkeit und W\u00e4rme sind f\u00fcr Quadro Nuevo nicht nur Themen, die sich musikalisch umsetzen und erzeugen lassen. Die Gruppe wird bei ihrer anstehenden Tournee auch selber in ihrem Rahmen aktiv: F\u00fcr bestimmte Termine steht ein Kartenkontingent bereit, das jeweils an Menschen abgegeben wird, die sich ein Weihnachtskonzert normalerweise nicht leisten k\u00f6nnen.<\/p>\n","protected":false},"excerpt":{"rendered":"<p><a class=\"button smart_link_button\" href=\"https:\/\/glmmusic.de\/WeihnachtWE\" target=\"_blank\" rel=\"noopener\">Choose your store!<\/a><\/p>\n","protected":false},"featured_media":481,"comment_status":"open","ping_status":"closed","template":"","meta":[],"product_brand":[],"product_cat":[627,302,604,303,622,473,98,438],"product_tag":[628,629,626,132,131,623,471,136,102],"class_list":{"0":"post-368","1":"product","2":"type-product","3":"status-publish","4":"has-post-thumbnail","6":"product_cat-andreas-hinterseher","7":"product_cat-d-d-lowka","8":"product_cat-fine-music","9":"product_cat-mulo-francel-2","10":"product_cat-quadro-nuevo","11":"product_cat-robert-wolf-de","12":"product_cat-robert-wolf","13":"product_cat-vinyl","14":"product_tag-andreas-hinterseher","15":"product_tag-didi-lowka","16":"product_tag-mulo-francel","17":"product_tag-nuevo","18":"product_tag-quadro","19":"product_tag-quadro-nuevo","20":"product_tag-robert-wolf-de","21":"product_tag-vinyl","22":"product_tag-weihnacht","23":"pa_art-cd-de","24":"pa_art-doppel-vinyl-lp-inkl-downloadcode-de","26":"first","27":"instock","28":"taxable","29":"shipping-taxable","30":"product-type-external"},"_links":{"self":[{"href":"https:\/\/www.glm.de\/en\/wp-json\/wp\/v2\/product\/368"}],"collection":[{"href":"https:\/\/www.glm.de\/en\/wp-json\/wp\/v2\/product"}],"about":[{"href":"https:\/\/www.glm.de\/en\/wp-json\/wp\/v2\/types\/product"}],"replies":[{"embeddable":true,"href":"https:\/\/www.glm.de\/en\/wp-json\/wp\/v2\/comments?post=368"}],"wp:featuredmedia":[{"embeddable":true,"href":"https:\/\/www.glm.de\/en\/wp-json\/wp\/v2\/media\/481"}],"wp:attachment":[{"href":"https:\/\/www.glm.de\/en\/wp-json\/wp\/v2\/media?parent=368"}],"wp:term":[{"taxonomy":"product_brand","embeddable":true,"href":"https:\/\/www.glm.de\/en\/wp-json\/wp\/v2\/product_brand?post=368"},{"taxonomy":"product_cat","embeddable":true,"href":"https:\/\/www.glm.de\/en\/wp-json\/wp\/v2\/product_cat?post=368"},{"taxonomy":"product_tag","embeddable":true,"href":"https:\/\/www.glm.de\/en\/wp-json\/wp\/v2\/product_tag?post=368"}],"curies":[{"name":"wp","href":"https:\/\/api.w.org\/{rel}","templated":true}]}}