{"id":369,"date":"2013-12-12T12:39:47","date_gmt":"2013-12-12T10:39:47","guid":{"rendered":"http:\/\/www.r5.glm.de\/?post_type=product&#038;p=369"},"modified":"2022-12-26T00:40:22","modified_gmt":"2022-12-25T22:40:22","slug":"unsere-lieblinge-nacht","status":"publish","type":"product","link":"https:\/\/www.glm.de\/en\/product\/unsere-lieblinge-nacht\/","title":{"rendered":"Unsere Lieblinge &#8211; Nacht"},"content":{"rendered":"<p><b>Alex Haas <\/b>Gesang, Kontrabass<br \/>\n<b>Stefan Noelle<\/b> Gesang, Snare, Becken<\/p>\n<p>01. <b>Strangers In The Night<\/b> <em>(Kaempfert\/Singleton\/Snyder)<\/em> 3:41<br \/>\n02. <b>Heute Nacht oder nie<\/b> <em>(Spoliansky\/Schiffer)<\/em> 4:04<br \/>\n03. <b>I Was Made For Loving You<\/b> <em>(Stanley\/Simmons\/Frehley\/Criss)<\/em> 4:04<br \/>\n04. <b>For All We Know<\/b> <em>(Coots\/Lewis)<\/em> 3:06<br \/>\n05. <b>Es wird Nacht, Senorita<\/b> <em>(Aufray\/Delanoe\/Brandin)<\/em> 2:30<br \/>\n06. <b>Radar Love<\/b> <em>(Koymans\/Hay)<\/em> 5:25<br \/>\n07. <b>Blumen f\u00fcr die Dame <\/b><em>(Gietz\/Fuchsberger)<\/em> \u00a03:32<br \/>\n08. <b>In die Nacht<\/b> <em>(T. + B. Kaulitz)<\/em> 4:06<br \/>\n09. <b>Thriller<\/b> <em>(Rod Temperton)<\/em> 5:44<br \/>\n10. <b>Guter Mond, du gehst so stille<\/b> <em>(trad.\/Bear. Haas\/Noelle)<\/em> 2:35<br \/>\n11. <b>In The Air Tonight<\/b> <em>(Phil Collins<\/em>) 5:30<br \/>\n12. <b>Una aventura mas<\/b> <em>(Oscar Kinleiner)<\/em> 4:03<br \/>\n13. <b>Bad Moon Rising<\/b> <em>(John Fogerty)<\/em> 4:23<br \/>\n14. <b>Ich werde jede Nacht von Ihnen tr\u00e4umen<\/b> <em>(Kreuder\/Schr\u00f6der\/Beckmann) \u00a0<\/em>4:44<\/p>\n<p>Rausch und Verzweiflung, Begierde, Sehnsucht und Hoffnungslosigkeit &#8211; die Nacht wirkt wie ein Verst\u00e4rker der Gef\u00fchle. <strong>Alex Haas<\/strong> und <strong>Stefan Noelle<\/strong> singen von diesen Gef\u00fchlen, indem sie ihre Lieblingslieder interpretieren. Auf ihrer n\u00e4chtlichen Wanderung durch die Musikgeschichte begegnen sie schmachtenden Filmschlagern, br\u00fcnstigem Glam-Rock, dem gespielten Horror des Pop-Schauerm\u00e4rchens oder der Innigkeit eines alten Volkslieds.<\/p>\n<p>So wie das Mondlicht die Konturen der Dinge st\u00e4rker hervortreten l\u00e4sst, beleuchten <strong>UNSERE LIEBLINGE<\/strong> die Umrisse ihrer Songs. Denn sie sind Meister der Reduktion. Ein Kontrabass, eine Trommel und ein Becken sind das komplette Instrumentarium, mit dem Haas und Noelle die Stimmungen der Nacht in unterschiedlichste Grooves kleiden.<\/p>\n<p>Ihr fantastisches blindes Zusammenspiel ist dabei Voraussetzung &#8211; denn nur wer wirklich harmoniert, kann auf ein Harmonie-Instrument wie Klavier oder Gitarre verzichten.<\/p>\n<p>Einfl\u00fcsse von Jazz und Weltmusik durchwehen die Arrangements wie ein n\u00e4chtlicher Hauch. So klingt dann z.B. ein untoter Klassiker wie &#8220;<em>Strangers In The Night<\/em>&#8220;, als sei er in einem Karpatenschlo\u00df wieder zum Leben erweckt worden. Und man sp\u00fcrt: Hier haben zwei wunderbare Musiker offenbar richtig Spa\u00df an der Musik. Die 14 ausgew\u00e4hlten Nocturnes sind damit keine kleine Nachtmusik, sondern ein sehr pers\u00f6nlicher musikalischer Streifzug <em>from dusk till dawn<\/em>.<\/p>\n","protected":false},"excerpt":{"rendered":"<p><a class=\"button smart_link_button\" href=\"https:\/\/smarturl.it\/lieblingenacht\" target=\"_blank\" rel=\"noopener\">Choose your store!<\/a><\/p>\n","protected":false},"featured_media":393,"comment_status":"open","ping_status":"closed","template":"","meta":[],"product_brand":[],"product_cat":[604],"product_tag":[106,105],"class_list":{"0":"post-369","1":"product","2":"type-product","3":"status-publish","4":"has-post-thumbnail","6":"product_cat-fine-music","7":"product_tag-nacht","8":"product_tag-unsere-lieblinge","10":"first","11":"instock","12":"taxable","13":"shipping-taxable","14":"product-type-external"},"_links":{"self":[{"href":"https:\/\/www.glm.de\/en\/wp-json\/wp\/v2\/product\/369"}],"collection":[{"href":"https:\/\/www.glm.de\/en\/wp-json\/wp\/v2\/product"}],"about":[{"href":"https:\/\/www.glm.de\/en\/wp-json\/wp\/v2\/types\/product"}],"replies":[{"embeddable":true,"href":"https:\/\/www.glm.de\/en\/wp-json\/wp\/v2\/comments?post=369"}],"wp:featuredmedia":[{"embeddable":true,"href":"https:\/\/www.glm.de\/en\/wp-json\/wp\/v2\/media\/393"}],"wp:attachment":[{"href":"https:\/\/www.glm.de\/en\/wp-json\/wp\/v2\/media?parent=369"}],"wp:term":[{"taxonomy":"product_brand","embeddable":true,"href":"https:\/\/www.glm.de\/en\/wp-json\/wp\/v2\/product_brand?post=369"},{"taxonomy":"product_cat","embeddable":true,"href":"https:\/\/www.glm.de\/en\/wp-json\/wp\/v2\/product_cat?post=369"},{"taxonomy":"product_tag","embeddable":true,"href":"https:\/\/www.glm.de\/en\/wp-json\/wp\/v2\/product_tag?post=369"}],"curies":[{"name":"wp","href":"https:\/\/api.w.org\/{rel}","templated":true}]}}