{"id":370,"date":"2013-12-12T12:56:54","date_gmt":"2013-12-12T10:56:54","guid":{"rendered":"http:\/\/www.r5.glm.de\/?post_type=product&#038;p=370"},"modified":"2019-11-12T16:20:45","modified_gmt":"2019-11-12T14:20:45","slug":"quadro-nuevo-antakya","status":"publish","type":"product","link":"https:\/\/www.glm.de\/en\/product\/quadro-nuevo-antakya\/","title":{"rendered":"Quadro Nuevo &#8211; Antakya"},"content":{"rendered":"<p><b>Mulo Francel <\/b>clarinet, bass clarinet, double bass clarinet, soprano sax<br \/>\n<b>Robert Wolf <\/b>guitar, oud, bouzouki, quanun, c\u00fcmb\u00fcs<br \/>\n<b>D.D. Lowka <\/b>acoustic bass, percussion, cello<br \/>\n<b>Andreas Hinterseher <\/b>accordion, vibrandoneon<\/p>\n<p><b>Additional instruments played by Quadro Nuevo: <\/b>monochord, xylophone, psaltry, waterphone, recorder<\/p>\n<p>Guest Musicians:<\/p>\n<p><b>Murat Y\u00fcksek <\/b>baglama on 6 and 14<br \/>\n<b>Selim Aslany\u00fcrek <\/b>flute on 1 and 20<\/p>\n<!--[if lt IE 9]><script>document.createElement('audio');<\/script><![endif]-->\n\t<div class=\"wp-playlist wp-audio-playlist wp-playlist-light\">\n\t\t\t<div class=\"wp-playlist-current-item\"><\/div>\n\t\t<audio controls=\"controls\" preload=\"none\" width=\"958\"\n\t\t\t><\/audio>\n\t<div class=\"wp-playlist-next\"><\/div>\n\t<div class=\"wp-playlist-prev\"><\/div>\n\t<noscript>\n\t<ol>\n\t\t<li><a href='https:\/\/www.glm.de\/en\/wp-content\/uploads\/2015\/04\/01-Flute-From-The-Hills-Around.mp3'>Flute From The Hills Around<\/a><\/li><li><a href='https:\/\/www.glm.de\/en\/wp-content\/uploads\/2015\/04\/02-Dadaschi.mp3'>Dadaschi No. 1<\/a><\/li><li><a href='https:\/\/www.glm.de\/en\/wp-content\/uploads\/2015\/04\/03-Bazar.mp3'>Bazar<\/a><\/li><li><a href='https:\/\/www.glm.de\/en\/wp-content\/uploads\/2015\/04\/04-Antakya.mp3'>Antakya No. 1<\/a><\/li><li><a href='https:\/\/www.glm.de\/en\/wp-content\/uploads\/2015\/04\/05-Psalter.mp3'>Psalter<\/a><\/li><li><a href='https:\/\/www.glm.de\/en\/wp-content\/uploads\/2015\/04\/06-Cenaze-ve-D\u00fcg\u00fcn.mp3'>Cenaze ve D\u00fcg\u00fcn<\/a><\/li><li><a href='https:\/\/www.glm.de\/en\/wp-content\/uploads\/2015\/04\/07-Inside-The-Orthodox-Church.mp3'>Inside The Orthodox Church<\/a><\/li><li><a href='https:\/\/www.glm.de\/en\/wp-content\/uploads\/2015\/04\/08-The-Children-Of-Antakya.mp3'>The Children Of Antakya<\/a><\/li><li><a href='https:\/\/www.glm.de\/en\/wp-content\/uploads\/2015\/04\/09-Oracle-Of-Daphne.mp3'>Oracle Of Daphne<\/a><\/li><li><a href='https:\/\/www.glm.de\/en\/wp-content\/uploads\/2015\/04\/10-Lulu-In-The-Fields.mp3'>Lulu In The Fields<\/a><\/li><li><a href='https:\/\/www.glm.de\/en\/wp-content\/uploads\/2015\/04\/11-Storm-Over-Zeki.mp3'>Storm Over Zeki<\/a><\/li><li><a href='https:\/\/www.glm.de\/en\/wp-content\/uploads\/2015\/04\/12-Down-A-Windy-Road.mp3'>Down A Windy Road<\/a><\/li><li><a href='https:\/\/www.glm.de\/en\/wp-content\/uploads\/2015\/04\/13-View-Into-The-Past.mp3'>View Into The Past<\/a><\/li><li><a href='https:\/\/www.glm.de\/en\/wp-content\/uploads\/2015\/04\/14-Murats-Lied.mp3'>Murats Lied<\/a><\/li><li><a href='https:\/\/www.glm.de\/en\/wp-content\/uploads\/2015\/04\/15-Dance-Through-The-Tavern.mp3'>Dance Through The Tavern<\/a><\/li><li><a href='https:\/\/www.glm.de\/en\/wp-content\/uploads\/2015\/04\/16-Bygone-Time.mp3'>Bygone Time<\/a><\/li><li><a href='https:\/\/www.glm.de\/en\/wp-content\/uploads\/2015\/04\/17-Antiochia.mp3'>Antiochia<\/a><\/li><li><a href='https:\/\/www.glm.de\/en\/wp-content\/uploads\/2015\/04\/18-Mezarlik.mp3'>Mezarlik<\/a><\/li><li><a href='https:\/\/www.glm.de\/en\/wp-content\/uploads\/2015\/04\/19-Antakya.mp3'>Antakya No.2<\/a><\/li><li><a href='https:\/\/www.glm.de\/en\/wp-content\/uploads\/2015\/04\/20-Dadaschi.mp3'>Dadaschi No.2<\/a><\/li>\t<\/ol>\n\t<\/noscript>\n\t<script type=\"application\/json\" class=\"wp-playlist-script\">{\"type\":\"audio\",\"tracklist\":true,\"tracknumbers\":true,\"images\":true,\"artists\":true,\"tracks\":[{\"src\":\"https:\\\/\\\/www.glm.de\\\/en\\\/wp-content\\\/uploads\\\/2015\\\/04\\\/01-Flute-From-The-Hills-Around.mp3\",\"type\":\"audio\\\/mpeg\",\"title\":\"Flute From The Hills Around\",\"caption\":\"\",\"description\":\"\\\"Flute From The Hills Around\\\" aus Antakya von Quadro Nuevo. Ver\\u00f6ffentlicht: 2008.\",\"meta\":{\"artist\":\"Quadro Nuevo\",\"album\":\"Antakya\",\"year\":\"2008\",\"length_formatted\":\"0:54\"},\"image\":{\"src\":\"https:\\\/\\\/www.glm.de\\\/en\\\/wp-content\\\/uploads\\\/2013\\\/12\\\/FM132.jpg\",\"width\":544,\"height\":500},\"thumb\":{\"src\":\"https:\\\/\\\/www.glm.de\\\/en\\\/wp-content\\\/uploads\\\/2013\\\/12\\\/FM132-150x150.jpg\",\"width\":150,\"height\":150}},{\"src\":\"https:\\\/\\\/www.glm.de\\\/en\\\/wp-content\\\/uploads\\\/2015\\\/04\\\/02-Dadaschi.mp3\",\"type\":\"audio\\\/mpeg\",\"title\":\"Dadaschi No. 1\",\"caption\":\"\",\"description\":\"\\\"Dadaschi No. 1\\\" aus Antakya von Quadro Nuevo. Ver\\u00f6ffentlicht: 2008.\",\"meta\":{\"artist\":\"Quadro Nuevo\",\"album\":\"Antakya\",\"year\":\"2008\",\"length_formatted\":\"1:30\"},\"image\":{\"src\":\"https:\\\/\\\/www.glm.de\\\/en\\\/wp-content\\\/uploads\\\/2013\\\/12\\\/FM132.jpg\",\"width\":544,\"height\":500},\"thumb\":{\"src\":\"https:\\\/\\\/www.glm.de\\\/en\\\/wp-content\\\/uploads\\\/2013\\\/12\\\/FM132-150x150.jpg\",\"width\":150,\"height\":150}},{\"src\":\"https:\\\/\\\/www.glm.de\\\/en\\\/wp-content\\\/uploads\\\/2015\\\/04\\\/03-Bazar.mp3\",\"type\":\"audio\\\/mpeg\",\"title\":\"Bazar\",\"caption\":\"\",\"description\":\"\\\"Bazar\\\" aus Antakya von Quadro Nuevo. Ver\\u00f6ffentlicht: 2008.\",\"meta\":{\"artist\":\"Quadro Nuevo\",\"album\":\"Antakya\",\"year\":\"2008\",\"length_formatted\":\"0:50\"},\"image\":{\"src\":\"https:\\\/\\\/www.glm.de\\\/en\\\/wp-content\\\/uploads\\\/2013\\\/12\\\/FM132.jpg\",\"width\":544,\"height\":500},\"thumb\":{\"src\":\"https:\\\/\\\/www.glm.de\\\/en\\\/wp-content\\\/uploads\\\/2013\\\/12\\\/FM132-150x150.jpg\",\"width\":150,\"height\":150}},{\"src\":\"https:\\\/\\\/www.glm.de\\\/en\\\/wp-content\\\/uploads\\\/2015\\\/04\\\/04-Antakya.mp3\",\"type\":\"audio\\\/mpeg\",\"title\":\"Antakya No. 1\",\"caption\":\"\",\"description\":\"\\\"Antakya No. 1\\\" aus Antakya von Quadro Nuevo. Ver\\u00f6ffentlicht: 2008.\",\"meta\":{\"artist\":\"Quadro Nuevo\",\"album\":\"Antakya\",\"year\":\"2008\",\"length_formatted\":\"1:30\"},\"image\":{\"src\":\"https:\\\/\\\/www.glm.de\\\/en\\\/wp-content\\\/uploads\\\/2013\\\/12\\\/FM132.jpg\",\"width\":544,\"height\":500},\"thumb\":{\"src\":\"https:\\\/\\\/www.glm.de\\\/en\\\/wp-content\\\/uploads\\\/2013\\\/12\\\/FM132-150x150.jpg\",\"width\":150,\"height\":150}},{\"src\":\"https:\\\/\\\/www.glm.de\\\/en\\\/wp-content\\\/uploads\\\/2015\\\/04\\\/05-Psalter.mp3\",\"type\":\"audio\\\/mpeg\",\"title\":\"Psalter\",\"caption\":\"\",\"description\":\"\\\"Psalter\\\" aus Antakya von Quadro Nuevo. Ver\\u00f6ffentlicht: 2008.\",\"meta\":{\"artist\":\"Quadro Nuevo\",\"album\":\"Antakya\",\"year\":\"2008\",\"length_formatted\":\"1:30\"},\"image\":{\"src\":\"https:\\\/\\\/www.glm.de\\\/en\\\/wp-content\\\/uploads\\\/2013\\\/12\\\/FM132.jpg\",\"width\":544,\"height\":500},\"thumb\":{\"src\":\"https:\\\/\\\/www.glm.de\\\/en\\\/wp-content\\\/uploads\\\/2013\\\/12\\\/FM132-150x150.jpg\",\"width\":150,\"height\":150}},{\"src\":\"https:\\\/\\\/www.glm.de\\\/en\\\/wp-content\\\/uploads\\\/2015\\\/04\\\/06-Cenaze-ve-D\\u00fcg\\u00fcn.mp3\",\"type\":\"audio\\\/mpeg\",\"title\":\"Cenaze ve D\\u00fcg\\u00fcn\",\"caption\":\"\",\"description\":\"\\\"Cenaze ve D\\u00fcg\\u00fcn\\\" aus Antakya von Quadro Nuevo. Ver\\u00f6ffentlicht: 2008.\",\"meta\":{\"artist\":\"Quadro Nuevo\",\"album\":\"Antakya\",\"year\":\"2008\",\"length_formatted\":\"1:30\"},\"image\":{\"src\":\"https:\\\/\\\/www.glm.de\\\/en\\\/wp-content\\\/uploads\\\/2013\\\/12\\\/FM132.jpg\",\"width\":544,\"height\":500},\"thumb\":{\"src\":\"https:\\\/\\\/www.glm.de\\\/en\\\/wp-content\\\/uploads\\\/2013\\\/12\\\/FM132-150x150.jpg\",\"width\":150,\"height\":150}},{\"src\":\"https:\\\/\\\/www.glm.de\\\/en\\\/wp-content\\\/uploads\\\/2015\\\/04\\\/07-Inside-The-Orthodox-Church.mp3\",\"type\":\"audio\\\/mpeg\",\"title\":\"Inside The Orthodox Church\",\"caption\":\"\",\"description\":\"\\\"Inside The Orthodox Church\\\" aus Antakya von Quadro Nuevo. Ver\\u00f6ffentlicht: 2008.\",\"meta\":{\"artist\":\"Quadro Nuevo\",\"album\":\"Antakya\",\"year\":\"2008\",\"length_formatted\":\"1:30\"},\"image\":{\"src\":\"https:\\\/\\\/www.glm.de\\\/en\\\/wp-content\\\/uploads\\\/2013\\\/12\\\/FM132.jpg\",\"width\":544,\"height\":500},\"thumb\":{\"src\":\"https:\\\/\\\/www.glm.de\\\/en\\\/wp-content\\\/uploads\\\/2013\\\/12\\\/FM132-150x150.jpg\",\"width\":150,\"height\":150}},{\"src\":\"https:\\\/\\\/www.glm.de\\\/en\\\/wp-content\\\/uploads\\\/2015\\\/04\\\/08-The-Children-Of-Antakya.mp3\",\"type\":\"audio\\\/mpeg\",\"title\":\"The Children Of Antakya\",\"caption\":\"\",\"description\":\"\\\"The Children Of Antakya\\\" aus Antakya von Quadro Nuevo. Ver\\u00f6ffentlicht: 2008.\",\"meta\":{\"artist\":\"Quadro Nuevo\",\"album\":\"Antakya\",\"year\":\"2008\",\"length_formatted\":\"1:30\"},\"image\":{\"src\":\"https:\\\/\\\/www.glm.de\\\/en\\\/wp-content\\\/uploads\\\/2013\\\/12\\\/FM132.jpg\",\"width\":544,\"height\":500},\"thumb\":{\"src\":\"https:\\\/\\\/www.glm.de\\\/en\\\/wp-content\\\/uploads\\\/2013\\\/12\\\/FM132-150x150.jpg\",\"width\":150,\"height\":150}},{\"src\":\"https:\\\/\\\/www.glm.de\\\/en\\\/wp-content\\\/uploads\\\/2015\\\/04\\\/09-Oracle-Of-Daphne.mp3\",\"type\":\"audio\\\/mpeg\",\"title\":\"Oracle Of Daphne\",\"caption\":\"\",\"description\":\"\\\"Oracle Of Daphne\\\" aus Antakya von Quadro Nuevo. Ver\\u00f6ffentlicht: 2008.\",\"meta\":{\"artist\":\"Quadro Nuevo\",\"album\":\"Antakya\",\"year\":\"2008\",\"length_formatted\":\"1:30\"},\"image\":{\"src\":\"https:\\\/\\\/www.glm.de\\\/en\\\/wp-content\\\/uploads\\\/2013\\\/12\\\/FM132.jpg\",\"width\":544,\"height\":500},\"thumb\":{\"src\":\"https:\\\/\\\/www.glm.de\\\/en\\\/wp-content\\\/uploads\\\/2013\\\/12\\\/FM132-150x150.jpg\",\"width\":150,\"height\":150}},{\"src\":\"https:\\\/\\\/www.glm.de\\\/en\\\/wp-content\\\/uploads\\\/2015\\\/04\\\/10-Lulu-In-The-Fields.mp3\",\"type\":\"audio\\\/mpeg\",\"title\":\"Lulu In The Fields\",\"caption\":\"\",\"description\":\"\\\"Lulu In The Fields\\\" aus Antakya von Quadro Nuevo. Ver\\u00f6ffentlicht: 2008.\",\"meta\":{\"artist\":\"Quadro Nuevo\",\"album\":\"Antakya\",\"year\":\"2008\",\"length_formatted\":\"1:13\"},\"image\":{\"src\":\"https:\\\/\\\/www.glm.de\\\/en\\\/wp-content\\\/uploads\\\/2013\\\/12\\\/FM132.jpg\",\"width\":544,\"height\":500},\"thumb\":{\"src\":\"https:\\\/\\\/www.glm.de\\\/en\\\/wp-content\\\/uploads\\\/2013\\\/12\\\/FM132-150x150.jpg\",\"width\":150,\"height\":150}},{\"src\":\"https:\\\/\\\/www.glm.de\\\/en\\\/wp-content\\\/uploads\\\/2015\\\/04\\\/11-Storm-Over-Zeki.mp3\",\"type\":\"audio\\\/mpeg\",\"title\":\"Storm Over Zeki\",\"caption\":\"\",\"description\":\"\\\"Storm Over Zeki\\\" aus Antakya von Quadro Nuevo. Ver\\u00f6ffentlicht: 2008.\",\"meta\":{\"artist\":\"Quadro Nuevo\",\"album\":\"Antakya\",\"year\":\"2008\",\"length_formatted\":\"0:43\"},\"image\":{\"src\":\"https:\\\/\\\/www.glm.de\\\/en\\\/wp-content\\\/uploads\\\/2013\\\/12\\\/FM132.jpg\",\"width\":544,\"height\":500},\"thumb\":{\"src\":\"https:\\\/\\\/www.glm.de\\\/en\\\/wp-content\\\/uploads\\\/2013\\\/12\\\/FM132-150x150.jpg\",\"width\":150,\"height\":150}},{\"src\":\"https:\\\/\\\/www.glm.de\\\/en\\\/wp-content\\\/uploads\\\/2015\\\/04\\\/12-Down-A-Windy-Road.mp3\",\"type\":\"audio\\\/mpeg\",\"title\":\"Down A Windy Road\",\"caption\":\"\",\"description\":\"\\\"Down A Windy Road\\\" aus Antakya von Quadro Nuevo. Ver\\u00f6ffentlicht: 2008.\",\"meta\":{\"artist\":\"Quadro Nuevo\",\"album\":\"Antakya\",\"year\":\"2008\",\"length_formatted\":\"1:30\"},\"image\":{\"src\":\"https:\\\/\\\/www.glm.de\\\/en\\\/wp-content\\\/uploads\\\/2013\\\/12\\\/FM132.jpg\",\"width\":544,\"height\":500},\"thumb\":{\"src\":\"https:\\\/\\\/www.glm.de\\\/en\\\/wp-content\\\/uploads\\\/2013\\\/12\\\/FM132-150x150.jpg\",\"width\":150,\"height\":150}},{\"src\":\"https:\\\/\\\/www.glm.de\\\/en\\\/wp-content\\\/uploads\\\/2015\\\/04\\\/13-View-Into-The-Past.mp3\",\"type\":\"audio\\\/mpeg\",\"title\":\"View Into The Past\",\"caption\":\"\",\"description\":\"\\\"View Into The Past\\\" aus Antakya von Quadro Nuevo. Ver\\u00f6ffentlicht: 2008.\",\"meta\":{\"artist\":\"Quadro Nuevo\",\"album\":\"Antakya\",\"year\":\"2008\",\"length_formatted\":\"1:30\"},\"image\":{\"src\":\"https:\\\/\\\/www.glm.de\\\/en\\\/wp-content\\\/uploads\\\/2013\\\/12\\\/FM132.jpg\",\"width\":544,\"height\":500},\"thumb\":{\"src\":\"https:\\\/\\\/www.glm.de\\\/en\\\/wp-content\\\/uploads\\\/2013\\\/12\\\/FM132-150x150.jpg\",\"width\":150,\"height\":150}},{\"src\":\"https:\\\/\\\/www.glm.de\\\/en\\\/wp-content\\\/uploads\\\/2015\\\/04\\\/14-Murats-Lied.mp3\",\"type\":\"audio\\\/mpeg\",\"title\":\"Murats Lied\",\"caption\":\"\",\"description\":\"\\\"Murats Lied\\\" aus Antakya von Quadro Nuevo. Ver\\u00f6ffentlicht: 2008.\",\"meta\":{\"artist\":\"Quadro Nuevo\",\"album\":\"Antakya\",\"year\":\"2008\",\"length_formatted\":\"1:30\"},\"image\":{\"src\":\"https:\\\/\\\/www.glm.de\\\/en\\\/wp-content\\\/uploads\\\/2013\\\/12\\\/FM132.jpg\",\"width\":544,\"height\":500},\"thumb\":{\"src\":\"https:\\\/\\\/www.glm.de\\\/en\\\/wp-content\\\/uploads\\\/2013\\\/12\\\/FM132-150x150.jpg\",\"width\":150,\"height\":150}},{\"src\":\"https:\\\/\\\/www.glm.de\\\/en\\\/wp-content\\\/uploads\\\/2015\\\/04\\\/15-Dance-Through-The-Tavern.mp3\",\"type\":\"audio\\\/mpeg\",\"title\":\"Dance Through The Tavern\",\"caption\":\"\",\"description\":\"\\\"Dance Through The Tavern\\\" aus Antakya von Quadro Nuevo. Ver\\u00f6ffentlicht: 2008.\",\"meta\":{\"artist\":\"Quadro Nuevo\",\"album\":\"Antakya\",\"year\":\"2008\",\"length_formatted\":\"1:22\"},\"image\":{\"src\":\"https:\\\/\\\/www.glm.de\\\/en\\\/wp-content\\\/uploads\\\/2013\\\/12\\\/FM132.jpg\",\"width\":544,\"height\":500},\"thumb\":{\"src\":\"https:\\\/\\\/www.glm.de\\\/en\\\/wp-content\\\/uploads\\\/2013\\\/12\\\/FM132-150x150.jpg\",\"width\":150,\"height\":150}},{\"src\":\"https:\\\/\\\/www.glm.de\\\/en\\\/wp-content\\\/uploads\\\/2015\\\/04\\\/16-Bygone-Time.mp3\",\"type\":\"audio\\\/mpeg\",\"title\":\"Bygone Time\",\"caption\":\"\",\"description\":\"\\\"Bygone Time\\\" aus Antakya von Quadro Nuevo. Ver\\u00f6ffentlicht: 2008.\",\"meta\":{\"artist\":\"Quadro Nuevo\",\"album\":\"Antakya\",\"year\":\"2008\",\"length_formatted\":\"1:30\"},\"image\":{\"src\":\"https:\\\/\\\/www.glm.de\\\/en\\\/wp-content\\\/uploads\\\/2013\\\/12\\\/FM132.jpg\",\"width\":544,\"height\":500},\"thumb\":{\"src\":\"https:\\\/\\\/www.glm.de\\\/en\\\/wp-content\\\/uploads\\\/2013\\\/12\\\/FM132-150x150.jpg\",\"width\":150,\"height\":150}},{\"src\":\"https:\\\/\\\/www.glm.de\\\/en\\\/wp-content\\\/uploads\\\/2015\\\/04\\\/17-Antiochia.mp3\",\"type\":\"audio\\\/mpeg\",\"title\":\"Antiochia\",\"caption\":\"\",\"description\":\"\\\"Antiochia\\\" aus Antakya von Quadro Nuevo. Ver\\u00f6ffentlicht: 2008.\",\"meta\":{\"artist\":\"Quadro Nuevo\",\"album\":\"Antakya\",\"year\":\"2008\",\"length_formatted\":\"1:30\"},\"image\":{\"src\":\"https:\\\/\\\/www.glm.de\\\/en\\\/wp-content\\\/uploads\\\/2013\\\/12\\\/FM132.jpg\",\"width\":544,\"height\":500},\"thumb\":{\"src\":\"https:\\\/\\\/www.glm.de\\\/en\\\/wp-content\\\/uploads\\\/2013\\\/12\\\/FM132-150x150.jpg\",\"width\":150,\"height\":150}},{\"src\":\"https:\\\/\\\/www.glm.de\\\/en\\\/wp-content\\\/uploads\\\/2015\\\/04\\\/18-Mezarlik.mp3\",\"type\":\"audio\\\/mpeg\",\"title\":\"Mezarlik\",\"caption\":\"\",\"description\":\"\\\"Mezarlik\\\" aus Antakya von Quadro Nuevo. Ver\\u00f6ffentlicht: 2008.\",\"meta\":{\"artist\":\"Quadro Nuevo\",\"album\":\"Antakya\",\"year\":\"2008\",\"length_formatted\":\"1:30\"},\"image\":{\"src\":\"https:\\\/\\\/www.glm.de\\\/en\\\/wp-content\\\/uploads\\\/2013\\\/12\\\/FM132.jpg\",\"width\":544,\"height\":500},\"thumb\":{\"src\":\"https:\\\/\\\/www.glm.de\\\/en\\\/wp-content\\\/uploads\\\/2013\\\/12\\\/FM132-150x150.jpg\",\"width\":150,\"height\":150}},{\"src\":\"https:\\\/\\\/www.glm.de\\\/en\\\/wp-content\\\/uploads\\\/2015\\\/04\\\/19-Antakya.mp3\",\"type\":\"audio\\\/mpeg\",\"title\":\"Antakya No.2\",\"caption\":\"\",\"description\":\"\\\"Antakya No.2\\\" aus Antakya von Quadro Nuevo. Ver\\u00f6ffentlicht: 2008.\",\"meta\":{\"artist\":\"Quadro Nuevo\",\"album\":\"Antakya\",\"year\":\"2008\",\"length_formatted\":\"1:30\"},\"image\":{\"src\":\"https:\\\/\\\/www.glm.de\\\/en\\\/wp-content\\\/uploads\\\/2013\\\/12\\\/FM132.jpg\",\"width\":544,\"height\":500},\"thumb\":{\"src\":\"https:\\\/\\\/www.glm.de\\\/en\\\/wp-content\\\/uploads\\\/2013\\\/12\\\/FM132-150x150.jpg\",\"width\":150,\"height\":150}},{\"src\":\"https:\\\/\\\/www.glm.de\\\/en\\\/wp-content\\\/uploads\\\/2015\\\/04\\\/20-Dadaschi.mp3\",\"type\":\"audio\\\/mpeg\",\"title\":\"Dadaschi No.2\",\"caption\":\"\",\"description\":\"\\\"Dadaschi No.2\\\" aus Antakya von Quadro Nuevo. Ver\\u00f6ffentlicht: 2008.\",\"meta\":{\"artist\":\"Quadro Nuevo\",\"album\":\"Antakya\",\"year\":\"2008\",\"length_formatted\":\"1:30\"},\"image\":{\"src\":\"https:\\\/\\\/www.glm.de\\\/en\\\/wp-content\\\/uploads\\\/2013\\\/12\\\/FM132.jpg\",\"width\":544,\"height\":500},\"thumb\":{\"src\":\"https:\\\/\\\/www.glm.de\\\/en\\\/wp-content\\\/uploads\\\/2013\\\/12\\\/FM132-150x150.jpg\",\"width\":150,\"height\":150}}]}<\/script>\n<\/div>\n\t\n<p>01.<b>Flute from the hills around <\/b><i>(Quadro Nuevo)<\/i><b> <\/b>0:56<br \/>\n02. <b>Dadaschi No.1<\/b> <i>(Quadro Nuevo)<\/i> 4:40<br \/>\n03. <b>Bazar<\/b> <i>(Quadro Nuevo)<\/i> 0:48<br \/>\n04. <b>Antakya No.1<\/b> <i>(Quadro Nuevo)<\/i> 4:54<br \/>\n05. <b>Psalter<\/b> <i>(Quadro Nuevo)<\/i> 2:52<br \/>\n06. <b>Cenaze<\/b> <i>(Quadro Nuevo)<\/i> 2:54<br \/>\n07. <b>Inside the orthodox church<\/b> <i>(Quadro Nuevo)<\/i> 4:08<br \/>\n08. <b>The children of Antakya<\/b> <i>(Quadro Nuevo)<\/i> 3:21<br \/>\n09. <b>Oracle of Daphne<\/b> <i>(Quadro Nuevo)<\/i> 2:02<br \/>\n10. <b>Lulu in the fields<\/b> <i>(Quadro Nuevo)<\/i> 1:10<br \/>\n11. <b>Storm over zeki<\/b> <i>(Quadro Nuevo)<\/i> 0:43<br \/>\n12. <b>Down a windy road<\/b> <i>(Quadro Nuevo)<\/i> 1:52<br \/>\n13. <b>View into the past<\/b> <i>(Quadro Nuevo)<\/i> 3:54<br \/>\n14. <b>Murats Lied<\/b> <i>(Quadro Nuevo)<\/i> 3:14<br \/>\n15. <b>Dance through the tavern<\/b> <i>(Quadro Nuevo<i>)<\/i> 1:21<br \/>\n16. <\/i><b>Bygone time<\/b><i> <i>(Quadro Nuevo<i>)<\/i> 4:15<br \/>\n17. <\/i><\/i><b>Antiochia<\/b><i><i> <i>(Quadro Nuevo<i>)<\/i> 1:55<br \/>\n18. <\/i><\/i><\/i><b>Mezarlik<\/b><i><i><i> <i>(Quadro Nuevo<i>)<\/i> 3:51<br \/>\n19.<\/i><\/i><\/i><\/i> <b>Antakya No.2<\/b><i><i><i><i> <i>(Quadro Nuevo<i>)<\/i> 5:02<br \/>\n20. <\/i><\/i><\/i><\/i><\/i><b>Dadaschi. No.2 <\/b><i><i><i><i><i><i>(Quadro Nuevo)<\/i> 2:27<\/i><\/i><\/i><\/i><\/i><\/p>\n<p><strong>Quadro Nuevo &#8211; Antakya<\/strong><\/p>\n<p>Einmal f\u00fchrte uns die Reise nach Antakya, eine Stadt im S\u00fcdosten der T\u00fcrkei nahe der syrischen Grenze. Im Altertum hie\u00df dieser Ort Antiochia und war ein bedeutendes kultisches und kulturelles Zentrum.<\/p>\n<p>Apostel Paulus wirkte hier und Petrus schlug hier die erste christliche Kirche in einen Felsen \u00fcber der Stadt. Dieser Ort blickt auf eine lange Tradition der friedlichen Koexistenz verschiedener Religionen und Volksgruppen zur\u00fcck. Hier praktizieren Moslems und Aleviten, Juden und Christen sowie T\u00fcrken, Araber, Kurden und Armenier gegenseitige Toleranz im Alltagsleben.<\/p>\n<p>Wir waren hier, um Musik zu komponieren und aufzunehmen. Musik zu einem Film mit dem Titel \u201e<em>Zwei halbe Leben sind kein Ganzes<\/em>\u201c, den der deutsch-t\u00fcrkische Regisseur Servet Ahmet Golbol drehte. Ein sehr pers\u00f6nlicher Film \u00fcber diese Stadt, ihre Menschen, die Suche nach der Heimat und \u00fcber den hier h\u00e4ufig auftretenden <em>Taqammus<\/em>.<\/p>\n<p>Der <em>Taqammus<\/em> bezeichnet im Arabischen eine spezielle Form der Wiedergeburt, bei dem sich die Wiedergeborenen an ihr unmittelbar vorangegangenes Leben erinnern und somit zwei Leben, zwei Identit\u00e4ten miteinander vereinen m\u00fcssen.<\/p>\n<p>Die Tage in Antakya waren wunderbar. Die Musik, die dort entstand, ist auf wundersame Weise gepr\u00e4gt. Von den Ger\u00fcchen, den Stimmungen der Stadt in den Tageszeiten, den Begegnungen und von Ahmets ergreifendem Film. Manchmal sehnen wir uns zur\u00fcck an solche Orte und solche Tage.<\/p>\n","protected":false},"excerpt":{"rendered":"<p><a class=\"button smart_link_button\" href=\"https:\/\/smarturl.it\/qnantakya\" target=\"_blank\" rel=\"noopener\">Choose your store!<\/a><\/p>\n","protected":false},"featured_media":392,"comment_status":"open","ping_status":"closed","template":"","meta":[],"product_brand":[],"product_cat":[604,622],"product_tag":[628,107,629,97,626,132,131,623,471],"class_list":{"0":"post-370","1":"product","2":"type-product","3":"status-publish","4":"has-post-thumbnail","6":"product_cat-fine-music","7":"product_cat-quadro-nuevo","8":"product_tag-andreas-hinterseher","9":"product_tag-antakya","10":"product_tag-didi-lowka","11":"product_tag-filmmusik","12":"product_tag-mulo-francel","13":"product_tag-nuevo","14":"product_tag-quadro","15":"product_tag-quadro-nuevo","16":"product_tag-robert-wolf-de","18":"first","19":"instock","20":"taxable","21":"shipping-taxable","22":"product-type-external"},"_links":{"self":[{"href":"https:\/\/www.glm.de\/en\/wp-json\/wp\/v2\/product\/370"}],"collection":[{"href":"https:\/\/www.glm.de\/en\/wp-json\/wp\/v2\/product"}],"about":[{"href":"https:\/\/www.glm.de\/en\/wp-json\/wp\/v2\/types\/product"}],"replies":[{"embeddable":true,"href":"https:\/\/www.glm.de\/en\/wp-json\/wp\/v2\/comments?post=370"}],"wp:featuredmedia":[{"embeddable":true,"href":"https:\/\/www.glm.de\/en\/wp-json\/wp\/v2\/media\/392"}],"wp:attachment":[{"href":"https:\/\/www.glm.de\/en\/wp-json\/wp\/v2\/media?parent=370"}],"wp:term":[{"taxonomy":"product_brand","embeddable":true,"href":"https:\/\/www.glm.de\/en\/wp-json\/wp\/v2\/product_brand?post=370"},{"taxonomy":"product_cat","embeddable":true,"href":"https:\/\/www.glm.de\/en\/wp-json\/wp\/v2\/product_cat?post=370"},{"taxonomy":"product_tag","embeddable":true,"href":"https:\/\/www.glm.de\/en\/wp-json\/wp\/v2\/product_tag?post=370"}],"curies":[{"name":"wp","href":"https:\/\/api.w.org\/{rel}","templated":true}]}}