{"id":371,"date":"2013-12-12T13:12:07","date_gmt":"2013-12-12T11:12:07","guid":{"rendered":"http:\/\/www.r5.glm.de\/?post_type=product&#038;p=371"},"modified":"2019-11-12T16:36:36","modified_gmt":"2019-11-12T14:36:36","slug":"martina-eisenreich-nimmermeer-milan-o-s-t","status":"publish","type":"product","link":"https:\/\/www.glm.de\/en\/product\/martina-eisenreich-nimmermeer-milan-o-s-t\/","title":{"rendered":"Martina Eisenreich &#8211; Nimmermeer &#038; Milan (O.S.T.)"},"content":{"rendered":"<p><strong>Deutsches Filmorchester Babelsberg<\/strong> conducted by G\u00fcnter Joseck<br \/>\n<strong>Filmorchestra Zilina (Slovakia)<\/strong> conducted by Martina Eisenreich<\/p>\n<p><strong>Lauschgold<\/strong> performed Tracks 8, 10 &amp; 12<br \/>\n<strong>Bazar Dilo<\/strong> performed Tracks 18 &amp; 22<\/p>\n<p><strong>Irena Madzoski<\/strong> Vocals Tracks 21 &#8211; 24<br \/>\n<strong>Michaela Kezele<\/strong> Vocals Tracks 19, 20 &amp; 24<br \/>\n<strong>Claudia R\u00f6sch<\/strong> Vocals Track 9<\/p>\n<p><strong>Christos Papachristos<\/strong> caval<br \/>\n<strong>Knud Mensing<\/strong> gt, b<br \/>\n<strong>Wolfgang Lohmeier<\/strong> dr &amp; perc<br \/>\n<strong>Martina Eisenreich<\/strong> p, org, acc, vl<br \/>\n<strong>G\u00fcnther Lohmeier<\/strong> add. acoustic guitar on tracks 19, 20 &amp; 24<br \/>\n<strong>Joe Warrlich<\/strong> b on tracks 19, 20 &amp; 24<br \/>\n<strong>Yvo Fischer <\/strong>double bass<br \/>\n<strong>Johann Bengen<\/strong> add. acc, add. dr &amp; perc on tracks 18, 21-23<br \/>\n<strong>Andreas Hinterseher<\/strong> add. acc on track 21<\/p>\n<p>01.<b> Prologue <\/b>\u00a0(<i>Martina Eisenreich) <\/i>3:38<br \/>\n02.<b> On The Shore <\/b>(<i>Martina Eisenreich) <\/i>0:36<br \/>\n03.<b> Intermezzo For Organ <\/b>(<i>Martina Eisenreich) <\/i>0:28<br \/>\n04.<b> On The Market \u00a0 <\/b>\u00a0(<i>Martina Eisenreich) <\/i>0:31<br \/>\n05.<b> The Trap Of The Children <\/b>(<i>Martina Eisenreich) <\/i>2:50<br \/>\n06.<b> In The Cabin <\/b>(<i>Martina Eisenreich) <\/i>3:25<br \/>\n07.<b> Father&#8217;s Death <\/b>(<i>Martina Eisenreich) <\/i>3:35<br \/>\n08.<b> Mondblaupuppentanz <\/b>(<i>Martina Eisenreich) <\/i>6:23<br \/>\n09.<b> In The Vicarage <\/b>(<i>Martina Eisenreich) <\/i>4:45<br \/>\n10.<b> Flight To The Storytellers <\/b>(<i>Martina Eisenreich) <\/i>3:08<br \/>\n11.<b> From The Vicarage To The Storyteller <\/b>(<i>Martina Eisenreich) <\/i>4:16<br \/>\n12.<b> Vision <\/b>(<i>Martina Eisenreich)\u00a0 <\/i>2:00<br \/>\n13.<b> Moonlight <\/b>(<i>Martina Eisenreich)\u00a0 <\/i>0:33<br \/>\n14.<b> Punishment And Dream <\/b>(<i>Martina Eisenreich)\u00a0 <\/i>2:05<br \/>\n15.<b> Storytelling <\/b>(<i>Martina Eisenreich)\u00a0 <\/i>0:36<br \/>\n16.<b> Jonas By The Sea <\/b>(<i>Martina Eisenreich)\u00a0 <\/i>0:49<br \/>\n17.<b> The End Of The Story <\/b>(<i>Martina Eisenreich)\u00a0 <\/i>6:28<\/p>\n<p>18.<b> Stani (Instrumental) <\/b>(<i>Martina Eisenreich)\u00a0 <\/i>3:14<br \/>\n19.<b> Pjesma <\/b>(<i>Martina Eisenreich)\u00a0 <\/i>2:57<br \/>\n20.<b> Milan &#8211; Final Credits <\/b>(<i>Martina Eisenreich)\u00a0 <\/i>5:10<br \/>\n21.<b> Dobar Dan <\/b>(<i>Martina Eisenreich)\u00a0 <\/i>3:47<br \/>\n22.<b> Stani <\/b>(<i>Martina Eisenreich)\u00a0 <\/i>3:24<br \/>\n23.<b> Dobar Dan (Remix) <\/b>(<i>Martina Eisenreich)\u00a0 <\/i>4:03<br \/>\n24.<b> Lamentation <\/b>(<i>Martina Eisenreich)<\/i>4:47<\/p>\n<p><strong>Nimmermeer<\/strong> Deutschland 2006, 60 Min. (deutsch, englische Untertitel)<br \/>\nEin Film von <em>Toke C. Hebbeln<\/em><\/p>\n<p>Nimmermeer spielt in einem Fischerdorf des 18. Jahrhunderts. Dies ist die Geschichte des zehnj\u00e4hrigen Jonas Block. Das Leben des kleinen Jungen wird durch den pl\u00f6tzlichen Tod seines Vaters auf hoher See \u00fcberschattet. Dadurch ist er gezwungen, fortan im \u00f6rtlichen Pfarrhaus zu leben. Sein Martyrium nimmt kein Ende, bis er schlie\u00dflich Grido, einen geheimnisvollen Zirkus-Gnom, trifft und er sich in einer n\u00e4chtlichen Zauberauff\u00fchrung wiederfindet.<\/p>\n<p><strong>Milan<\/strong> Deutschland \/ Serbien &amp; Montenegro 2007, 23 Min. (serbisch, englische Untertitel)<br \/>\nEin Film von <em>Michaela Kezele<\/em><\/p>\n<p>Jugoslawien, w\u00e4hrend der NATO-Luftangriffe im Jahr 1999: Der kleine Milan (6) verabredet sich f\u00fcr sp\u00e4ter mit seinem gro\u00dfen Bruder, um im Wald verstecken zu spielen. Sie werden sich nicht wiedersehen&#8230; Ein realistisches Bild von den Auswirkungen des Krieges auf unbeteiligte Zivilisten.<\/p>\n","protected":false},"excerpt":{"rendered":"<p><a class=\"button smart_link_button\" href=\"https:\/\/smarturl.it\/menimmermeer\" target=\"_blank\" rel=\"noopener\">Choose your store!<\/a><\/p>\n","protected":false},"featured_media":391,"comment_status":"open","ping_status":"closed","template":"","meta":[],"product_brand":[],"product_cat":[604,619],"product_tag":[628,108,97,109,62,111,641],"class_list":{"0":"post-371","1":"product","2":"type-product","3":"status-publish","4":"has-post-thumbnail","6":"product_cat-fine-music","7":"product_cat-martina-eisenreich","8":"product_tag-andreas-hinterseher","9":"product_tag-deutsches-filmorchester-babelsberg","10":"product_tag-filmmusik","11":"product_tag-knud-mensing","12":"product_tag-tina-eisenreich","13":"product_tag-soundtrack","14":"product_tag-wolfgang-lohmeier","16":"first","17":"instock","18":"taxable","19":"shipping-taxable","20":"product-type-external"},"_links":{"self":[{"href":"https:\/\/www.glm.de\/en\/wp-json\/wp\/v2\/product\/371"}],"collection":[{"href":"https:\/\/www.glm.de\/en\/wp-json\/wp\/v2\/product"}],"about":[{"href":"https:\/\/www.glm.de\/en\/wp-json\/wp\/v2\/types\/product"}],"replies":[{"embeddable":true,"href":"https:\/\/www.glm.de\/en\/wp-json\/wp\/v2\/comments?post=371"}],"wp:featuredmedia":[{"embeddable":true,"href":"https:\/\/www.glm.de\/en\/wp-json\/wp\/v2\/media\/391"}],"wp:attachment":[{"href":"https:\/\/www.glm.de\/en\/wp-json\/wp\/v2\/media?parent=371"}],"wp:term":[{"taxonomy":"product_brand","embeddable":true,"href":"https:\/\/www.glm.de\/en\/wp-json\/wp\/v2\/product_brand?post=371"},{"taxonomy":"product_cat","embeddable":true,"href":"https:\/\/www.glm.de\/en\/wp-json\/wp\/v2\/product_cat?post=371"},{"taxonomy":"product_tag","embeddable":true,"href":"https:\/\/www.glm.de\/en\/wp-json\/wp\/v2\/product_tag?post=371"}],"curies":[{"name":"wp","href":"https:\/\/api.w.org\/{rel}","templated":true}]}}